{"id":2120,"date":"2023-03-08T09:53:19","date_gmt":"2023-03-08T09:53:19","guid":{"rendered":"https:\/\/dev.delta-fil.com\/?page_id=2120"},"modified":"2025-08-25T12:46:09","modified_gmt":"2025-08-25T12:46:09","slug":"kontakt","status":"publish","type":"page","link":"https:\/\/delta-fil.com\/de\/kontakt","title":{"rendered":"Kontakt"},"content":{"rendered":"<div data-elementor-type=\"wp-page\" data-elementor-id=\"2120\" class=\"elementor elementor-2120\" data-elementor-post-type=\"page\">\n\t\t\t\t<div class=\"elementor-element elementor-element-f263b18 e-con-full e-flex e-con e-parent\" data-id=\"f263b18\" data-element_type=\"container\" data-settings=\"{&quot;background_background&quot;:&quot;classic&quot;}\">\n\t\t<div class=\"elementor-element elementor-element-ab89b82 e-con-full e-flex e-con e-child\" data-id=\"ab89b82\" data-element_type=\"container\">\n\t\t\t\t<div class=\"elementor-element elementor-element-f1d2c35 animated-fast elementor-widget-divider--view-line elementor-invisible elementor-widget elementor-widget-divider\" data-id=\"f1d2c35\" data-element_type=\"widget\" data-settings=\"{&quot;_animation&quot;:&quot;fadeInUp&quot;}\" data-widget_type=\"divider.default\">\n\t\t\t\t\t\t\t<div class=\"elementor-divider\">\n\t\t\t<span class=\"elementor-divider-separator\">\n\t\t\t\t\t\t<\/span>\n\t\t<\/div>\n\t\t\t\t\t\t<\/div>\n\t\t\t\t<div class=\"elementor-element elementor-element-21a5ddd elementor-hidden-desktop elementor-hidden-tablet elementor-hidden-mobile elementor-widget elementor-widget-heading\" data-id=\"21a5ddd\" data-element_type=\"widget\" data-widget_type=\"heading.default\">\n\t\t\t\t\t<h1 class=\"elementor-heading-title elementor-size-default\">Kontakt<\/h1>\t\t\t\t<\/div>\n\t\t\t\t<div class=\"elementor-element elementor-element-64395e9 elementor-hidden-desktop elementor-hidden-tablet elementor-hidden-mobile elementor-widget elementor-widget-text-editor\" data-id=\"64395e9\" data-element_type=\"widget\" data-widget_type=\"text-editor.default\">\n\t\t\t\t\t\t\t\t\t<p>Die Kontaktaufnahme mit Deltafil ist einfach. Finden Sie heraus, wie weit wir in unserem pers\u00f6nlichen Service gehen. Wir freuen uns auf <a href=\"https:\/\/rightsrepublic.nl\">Wort.<\/a><\/p>\t\t\t\t\t\t\t\t<\/div>\n\t\t\t\t<div class=\"elementor-element elementor-element-44fd863 elementor-widget__width-initial elementor-widget elementor-widget-heading\" data-id=\"44fd863\" data-element_type=\"widget\" data-widget_type=\"heading.default\">\n\t\t\t\t\t<div class=\"elementor-heading-title elementor-size-default\">K\u00f6nnen wir Ihnen helfen?<\/div>\t\t\t\t<\/div>\n\t\t\t\t<div class=\"elementor-element elementor-element-36a8c4a elementor-widget elementor-widget-text-editor\" data-id=\"36a8c4a\" data-element_type=\"widget\" data-widget_type=\"text-editor.default\">\n\t\t\t\t\t\t\t\t\t<p>SENDEN SIE EINE E-MAIL AN<\/p>\t\t\t\t\t\t\t\t<\/div>\n\t\t\t\t<div class=\"elementor-element elementor-element-3495ab7 elementor-widget elementor-widget-heading\" data-id=\"3495ab7\" data-element_type=\"widget\" data-widget_type=\"heading.default\">\n\t\t\t\t\t<h4 class=\"elementor-heading-title elementor-size-default\"><a href=\"mailto:info@deltafil.nl\">info@deltafil.nl<\/a><\/h4>\t\t\t\t<\/div>\n\t\t\t\t<div class=\"elementor-element elementor-element-e0a0cc2 elementor-widget elementor-widget-text-editor\" data-id=\"e0a0cc2\" data-element_type=\"widget\" data-widget_type=\"text-editor.default\">\n\t\t\t\t\t\t\t\t\t<p>ODER RUFEN SIE UNS AN UNTER<\/p>\t\t\t\t\t\t\t\t<\/div>\n\t\t\t\t<div class=\"elementor-element elementor-element-75781aa elementor-widget elementor-widget-heading\" data-id=\"75781aa\" data-element_type=\"widget\" data-widget_type=\"heading.default\">\n\t\t\t\t\t<h4 class=\"elementor-heading-title elementor-size-default\"><a href=\"Tel:+31135432624\">+ 31 (0) 13 543 26 24<\/a><\/h4>\t\t\t\t<\/div>\n\t\t\t\t<\/div>\n\t\t<div class=\"elementor-element elementor-element-788d0aa e-con-full animated-fast e-flex elementor-invisible e-con e-child\" data-id=\"788d0aa\" data-element_type=\"container\" data-settings=\"{&quot;animation&quot;:&quot;fadeInDown&quot;}\">\n\t\t\t\t<div class=\"elementor-element elementor-element-132fc3f animated-fast elementor-invisible elementor-widget elementor-widget-image\" data-id=\"132fc3f\" data-element_type=\"widget\" data-settings=\"{&quot;_animation&quot;:&quot;fadeInDown&quot;}\" data-widget_type=\"image.default\">\n\t\t\t\t\t\t\t\t\t\t\t\t\t\t\t<img loading=\"lazy\" decoding=\"async\" width=\"1759\" height=\"2069\" src=\"https:\/\/delta-fil.com\/wp-content\/uploads\/2023\/03\/deltafil_teamNL.webp\" class=\"attachment-full size-full wp-image-431\" alt=\"Kontakt Deltafil\" srcset=\"https:\/\/delta-fil.com\/wp-content\/uploads\/2023\/03\/deltafil_teamNL.webp 1759w, https:\/\/delta-fil.com\/wp-content\/uploads\/2023\/03\/deltafil_teamNL-255x300.webp 255w, https:\/\/delta-fil.com\/wp-content\/uploads\/2023\/03\/deltafil_teamNL-871x1024.webp 871w, https:\/\/delta-fil.com\/wp-content\/uploads\/2023\/03\/deltafil_teamNL-768x903.webp 768w, https:\/\/delta-fil.com\/wp-content\/uploads\/2023\/03\/deltafil_teamNL-1306x1536.webp 1306w, https:\/\/delta-fil.com\/wp-content\/uploads\/2023\/03\/deltafil_teamNL-1741x2048.webp 1741w, https:\/\/delta-fil.com\/wp-content\/uploads\/2023\/03\/deltafil_teamNL-10x12.webp 10w\" sizes=\"auto, (max-width: 1759px) 100vw, 1759px\" \/>\t\t\t\t\t\t\t\t\t\t\t\t\t\t\t<\/div>\n\t\t\t\t<\/div>\n\t\t\t\t<\/div>\n\t\t<div class=\"elementor-element elementor-element-42c9037 e-con-full e-flex e-con e-parent\" data-id=\"42c9037\" data-element_type=\"container\">\n\t\t<div class=\"elementor-element elementor-element-0cd5955 e-con-full e-flex e-con e-child\" data-id=\"0cd5955\" data-element_type=\"container\">\n\t\t\t\t<div class=\"elementor-element elementor-element-91fb450 elementor-widget elementor-widget-heading\" data-id=\"91fb450\" data-element_type=\"widget\" data-widget_type=\"heading.default\">\n\t\t\t\t\t<h3 class=\"elementor-heading-title elementor-size-default\">VERKAUFSB\u00dcRO<\/h3>\t\t\t\t<\/div>\n\t\t\t\t<div class=\"elementor-element elementor-element-f04fb36 elementor-widget elementor-widget-heading\" data-id=\"f04fb36\" data-element_type=\"widget\" data-widget_type=\"heading.default\">\n\t\t\t\t\t<h6 class=\"elementor-heading-title elementor-size-default\">ADRESSE<\/h6>\t\t\t\t<\/div>\n\t\t\t\t<div class=\"elementor-element elementor-element-7d84e85 elementor-widget elementor-widget-text-editor\" data-id=\"7d84e85\" data-element_type=\"widget\" data-widget_type=\"text-editor.default\">\n\t\t\t\t\t\t\t\t\t<p>Goirkestraat 84<br \/>5046 GN Tilburg<br \/>Niederlande<\/p>\t\t\t\t\t\t\t\t<\/div>\n\t\t\t\t<\/div>\n\t\t<div class=\"elementor-element elementor-element-1912fca e-con-full e-flex e-con e-child\" data-id=\"1912fca\" data-element_type=\"container\">\n\t\t\t\t<div class=\"elementor-element elementor-element-9304962 elementor-widget elementor-widget-heading\" data-id=\"9304962\" data-element_type=\"widget\" data-widget_type=\"heading.default\">\n\t\t\t\t\t<h3 class=\"elementor-heading-title elementor-size-default\">PRODUKTION<\/h3>\t\t\t\t<\/div>\n\t\t\t\t<div class=\"elementor-element elementor-element-77359d7 elementor-widget elementor-widget-heading\" data-id=\"77359d7\" data-element_type=\"widget\" data-widget_type=\"heading.default\">\n\t\t\t\t\t<h6 class=\"elementor-heading-title elementor-size-default\">ADRESSE<\/h6>\t\t\t\t<\/div>\n\t\t\t\t<div class=\"elementor-element elementor-element-58c3881 elementor-widget elementor-widget-text-editor\" data-id=\"58c3881\" data-element_type=\"widget\" data-widget_type=\"text-editor.default\">\n\t\t\t\t\t\t\t\t\t<p>Jl. Lingkar AMD<br \/>Pasuruan, Jawa Timur 67163<br \/>Indonesien<\/p>\t\t\t\t\t\t\t\t<\/div>\n\t\t\t\t<\/div>\n\t\t\t\t<\/div>\n\t\t<div class=\"elementor-element elementor-element-7f752a3 e-con-full elementor-hidden-tablet elementor-hidden-mobile e-flex e-con e-parent\" data-id=\"7f752a3\" data-element_type=\"container\" data-settings=\"{&quot;motion_fx_motion_fx_scrolling&quot;:&quot;yes&quot;,&quot;motion_fx_translateY_effect&quot;:&quot;yes&quot;,&quot;motion_fx_translateY_direction&quot;:&quot;negative&quot;,&quot;motion_fx_translateY_speed&quot;:{&quot;unit&quot;:&quot;px&quot;,&quot;size&quot;:10,&quot;sizes&quot;:[]},&quot;motion_fx_translateY_affectedRange&quot;:{&quot;unit&quot;:&quot;%&quot;,&quot;size&quot;:&quot;&quot;,&quot;sizes&quot;:{&quot;start&quot;:0,&quot;end&quot;:100}},&quot;motion_fx_devices&quot;:[&quot;desktop&quot;,&quot;tablet&quot;,&quot;mobile&quot;]}\">\n\t\t\t\t<div class=\"elementor-element elementor-element-69e95a1 elementor-widget__width-inherit e-transform elementor-widget elementor-widget-heading\" data-id=\"69e95a1\" data-element_type=\"widget\" data-settings=\"{&quot;_transform_rotateZ_effect&quot;:{&quot;unit&quot;:&quot;px&quot;,&quot;size&quot;:-90,&quot;sizes&quot;:[]},&quot;_transform_rotateZ_effect_tablet&quot;:{&quot;unit&quot;:&quot;deg&quot;,&quot;size&quot;:&quot;&quot;,&quot;sizes&quot;:[]},&quot;_transform_rotateZ_effect_mobile&quot;:{&quot;unit&quot;:&quot;deg&quot;,&quot;size&quot;:&quot;&quot;,&quot;sizes&quot;:[]}}\" data-widget_type=\"heading.default\">\n\t\t\t\t\t<div class=\"elementor-heading-title elementor-size-default\">Kontakt<\/div>\t\t\t\t<\/div>\n\t\t\t\t<\/div>\n\t\t<div class=\"elementor-element elementor-element-cade664 e-con-full e-flex e-con e-parent\" data-id=\"cade664\" data-element_type=\"container\">\n\t\t<div class=\"elementor-element elementor-element-962cacf e-con-full e-flex e-con e-child\" data-id=\"962cacf\" data-element_type=\"container\" data-settings=\"{&quot;background_background&quot;:&quot;classic&quot;}\">\n\t\t\t\t<div class=\"elementor-element elementor-element-a487d60 elementor-widget-divider--view-line elementor-widget elementor-widget-divider\" data-id=\"a487d60\" data-element_type=\"widget\" data-widget_type=\"divider.default\">\n\t\t\t\t\t\t\t<div class=\"elementor-divider\">\n\t\t\t<span class=\"elementor-divider-separator\">\n\t\t\t\t\t\t<\/span>\n\t\t<\/div>\n\t\t\t\t\t\t<\/div>\n\t\t\t\t<div class=\"elementor-element elementor-element-dc8236a elementor-widget elementor-widget-heading\" data-id=\"dc8236a\" data-element_type=\"widget\" data-widget_type=\"heading.default\">\n\t\t\t\t\t<h2 class=\"elementor-heading-title elementor-size-default\">Fordern Sie uns heraus!<\/h2>\t\t\t\t<\/div>\n\t\t\t\t<div class=\"elementor-element elementor-element-0af702b elementor-widget elementor-widget-text-editor\" data-id=\"0af702b\" data-element_type=\"widget\" data-widget_type=\"text-editor.default\">\n\t\t\t\t\t\t\t\t\t<p>Bei unserem pers\u00f6nlichen Service gehen wir einen weiten Weg. M\u00f6chten Sie mehr dar\u00fcber erfahren? Haben Sie eine Frage oder eine Herausforderung f\u00fcr uns? Teilen Sie uns diese mit dem untenstehenden Formular mit und Sie erhalten innerhalb von 24 Stunden eine Antwort.<\/p>\t\t\t\t\t\t\t\t<\/div>\n\t\t\t\t<div class=\"elementor-element elementor-element-32c5c52 elementor-widget elementor-widget-html\" data-id=\"32c5c52\" data-element_type=\"widget\" data-widget_type=\"html.default\">\n\t\t\t\t\t<script>\ndocument.addEventListener(\"DOMContentLoaded\", function () {\n    \/\/ Wait for the telephone input field to load\n    let phoneInput = document.querySelector(\"#form-field-field_af8c45d\");\n\n    if (phoneInput) {\n        \/\/ Function to update the placeholder\n        function updatePlaceholder() {\n            phoneInput.setAttribute(\"placeholder\", \"telefoonnummer ...\");\n        }\n\n        \/\/ Apply the placeholder on page load\n        updatePlaceholder();\n\n        \/\/ Detect changes in the phone input field (country selection)\n        let observer = new MutationObserver(updatePlaceholder);\n        let flagContainer = document.querySelector(\".iti__selected-flag\");\n\n        if (flagContainer) {\n            observer.observe(flagContainer, { childList: true, subtree: true });\n        }\n\n        \/\/ Also update on input field focus (to override plugin behavior)\n        phoneInput.addEventListener(\"focus\", updatePlaceholder);\n    }\n});\n<\/script>\n\n\t\t\t\t<\/div>\n\t\t\t\t<div class=\"elementor-element elementor-element-00ffb1b elementor-button-align-end elementor-mobile-button-align-center elementor-widget elementor-widget-form\" data-id=\"00ffb1b\" data-element_type=\"widget\" data-settings=\"{&quot;step_next_label&quot;:&quot;Next&quot;,&quot;step_previous_label&quot;:&quot;Previous&quot;,&quot;button_width&quot;:&quot;100&quot;,&quot;step_type&quot;:&quot;number_text&quot;,&quot;step_icon_shape&quot;:&quot;circle&quot;}\" data-widget_type=\"form.default\">\n\t\t\t\t\t\t\t<form class=\"elementor-form\" method=\"post\" id=\"contact1\" name=\"Contactpagina\" action=\"\">\n\t\t\t<input type=\"hidden\" name=\"post_id\" value=\"2120\"\/>\n\t\t\t<input type=\"hidden\" name=\"form_id\" value=\"00ffb1b\"\/>\n\t\t\t<input type=\"hidden\" name=\"referer_title\" value=\"Contact\" \/>\n\n\t\t\t\t\t\t\t<input type=\"hidden\" name=\"queried_id\" value=\"2120\"\/>\n\t\t\t\n\t\t\t<div class=\"elementor-form-fields-wrapper elementor-labels-\">\n\t\t\t\t\t\t\t\t<div class=\"elementor-field-type-text elementor-field-group elementor-column elementor-field-group-field_d516a04 elementor-col-100 elementor-field-required\">\n\t\t\t\t\t\t\t\t\t\t\t\t<label for=\"form-field-field_d516a04\" class=\"elementor-field-label elementor-screen-only\">\n\t\t\t\t\t\t\t\tUnternehmen \t\t\t\t\t\t\t<\/label>\n\t\t\t\t\t\t\t\t\t\t\t\t\t\t<input size=\"1\" type=\"text\" name=\"form_fields[field_d516a04]\" id=\"form-field-field_d516a04\" class=\"elementor-field elementor-size-sm  elementor-field-textual\" placeholder=\"Firma ...\" required=\"required\">\n\t\t\t\t\t\t\t\t\t\t\t<\/div>\n\t\t\t\t\t\t\t\t<div class=\"elementor-field-type-text elementor-field-group elementor-column elementor-field-group-name elementor-col-100 elementor-field-required\">\n\t\t\t\t\t\t\t\t\t\t\t\t<label for=\"form-field-name\" class=\"elementor-field-label elementor-screen-only\">\n\t\t\t\t\t\t\t\tKontakt\t\t\t\t\t\t\t<\/label>\n\t\t\t\t\t\t\t\t\t\t\t\t\t\t<input size=\"1\" type=\"text\" name=\"form_fields[name]\" id=\"form-field-name\" class=\"elementor-field elementor-size-sm  elementor-field-textual\" placeholder=\"Ansprechpartner ...\" required=\"required\">\n\t\t\t\t\t\t\t\t\t\t\t<\/div>\n\t\t\t\t\t\t\t\t<div class=\"elementor-field-type-email elementor-field-group elementor-column elementor-field-group-email elementor-col-100 elementor-field-required\">\n\t\t\t\t\t\t\t\t\t\t\t\t<label for=\"form-field-email\" class=\"elementor-field-label elementor-screen-only\">\n\t\t\t\t\t\t\t\tE-Mail\t\t\t\t\t\t\t<\/label>\n\t\t\t\t\t\t\t\t\t\t\t\t\t\t<input size=\"1\" type=\"email\" name=\"form_fields[email]\" id=\"form-field-email\" class=\"elementor-field elementor-size-sm  elementor-field-textual\" placeholder=\"E-Mail Adresse ...\" required=\"required\">\n\t\t\t\t\t\t\t\t\t\t\t<\/div>\n\t\t\t\t\t\t\t\t<div class=\"elementor-field-type-telephone elementor-field-group elementor-column elementor-field-group-field_af8c45d elementor-col-100 elementor-field-required\">\n\t\t\t\t\t\t\t\t\t\t\t\t<label for=\"form-field-field_af8c45d\" class=\"elementor-field-label elementor-screen-only\">\n\t\t\t\t\t\t\t\tTelefon\t\t\t\t\t\t\t<\/label>\n\t\t\t\t\t\t\t\t<input dir=\"ltr\" type=\"text\" name=\"change_name_field_af8c45d\" id=\"form-field-field_af8c45d\" class=\"elementor-field elementor-size-sm  elementor-field-telephone elementor-field-textual yee-ltr\" required=\"required\" data-pre=\"us|gb\" data-excludecountries=\"\" data-onlyct=\"\" data-defcountry=\"nl\" data-hide_flag=\"\" data-hide_code=\"\" data-validation=\"\" data-name=\"field_af8c45d\" data-telephone_search=\"\" >\n\t\t<input onkeydown=\"return \/[0-9]|\\(|\\)|\\+|-|BACKSPACE\/i.test(event.key)\" type=\"hidden\" class=\"phone_check\" name=\"form_fields[field_af8c45d_check]\" value=\"\" >\n\t\t\t\t\t\t<\/div>\n\t\t\t\t\t\t\t\t<div class=\"elementor-field-type-textarea elementor-field-group elementor-column elementor-field-group-field_28c1058 elementor-col-100\">\n\t\t\t\t\t\t\t\t\t\t\t\t<label for=\"form-field-field_28c1058\" class=\"elementor-field-label elementor-screen-only\">\n\t\t\t\t\t\t\t\tNachricht\t\t\t\t\t\t\t<\/label>\n\t\t\t\t\t\t<textarea class=\"elementor-field-textual elementor-field  elementor-size-sm\" name=\"form_fields[field_28c1058]\" id=\"form-field-field_28c1058\" rows=\"4\" placeholder=\"Ihre Frage \/ Nachricht ...\"><\/textarea>\t\t\t\t<\/div>\n\t\t\t\t\t\t\t\t<div class=\"elementor-field-type-recaptcha_v3 elementor-field-group elementor-column elementor-field-group-field_193e722 elementor-col-100 recaptcha_v3-bottomright\">\n\t\t\t\t\t<div class=\"elementor-field\" id=\"form-field-field_193e722\"><div class=\"elementor-g-recaptcha\" data-sitekey=\"6Lc2OmopAAAAAFiCrOWMOJypF5rDD8KPbRAA9fRz\" data-type=\"v3\" data-action=\"Form\" data-badge=\"bottomright\" data-size=\"invisible\"><\/div><\/div>\t\t\t\t<\/div>\n\t\t\t\t\t\t\t\t<div class=\"elementor-field-group elementor-column elementor-field-type-submit elementor-col-100 e-form__buttons\">\n\t\t\t\t\t<button class=\"elementor-button elementor-size-sm\" type=\"submit\" id=\"knop\">\n\t\t\t\t\t\t<span class=\"elementor-button-content-wrapper\">\n\t\t\t\t\t\t\t\t\t\t\t\t\t\t\t\t\t\t\t\t\t\t<span class=\"elementor-button-text\">Nachricht senden<\/span>\n\t\t\t\t\t\t\t\t\t\t\t\t\t<\/span>\n\t\t\t\t\t<\/button>\n\t\t\t\t<\/div>\n\t\t\t<\/div>\n\t\t<input type=\"hidden\" name=\"trp-form-language\" value=\"de\"\/><\/form>\n\t\t\t\t\t\t<\/div>\n\t\t\t\t<div class=\"elementor-element elementor-element-24ba252 elementor-position-left elementor-tablet-position-left elementor-view-default elementor-mobile-position-top elementor-widget elementor-widget-icon-box\" data-id=\"24ba252\" data-element_type=\"widget\" data-widget_type=\"icon-box.default\">\n\t\t\t\t\t\t\t<div class=\"elementor-icon-box-wrapper\">\n\n\t\t\t\t\t\t<div class=\"elementor-icon-box-icon\">\n\t\t\t\t<a href=\"https:\/\/delta-fil.com\/de\/datenschutz\" class=\"elementor-icon elementor-animation-grow\" tabindex=\"-1\">\n\t\t\t\t<svg xmlns=\"http:\/\/www.w3.org\/2000\/svg\" viewbox=\"0 0 50 50\" width=\"50px\" height=\"50px\"><path d=\"M 25 3 C 18.363281 3 13 8.363281 13 15 L 13 20 L 9 20 C 7.355469 20 6 21.355469 6 23 L 6 47 C 6 48.644531 7.355469 50 9 50 L 41 50 C 42.644531 50 44 48.644531 44 47 L 44 23 C 44 21.355469 42.644531 20 41 20 L 37 20 L 37 15 C 37 8.363281 31.636719 3 25 3 Z M 25 5 C 30.566406 5 35 9.433594 35 15 L 35 20 L 15 20 L 15 15 C 15 9.433594 19.433594 5 25 5 Z M 9 22 L 41 22 C 41.554688 22 42 22.445313 42 23 L 42 47 C 42 47.554688 41.554688 48 41 48 L 9 48 C 8.445313 48 8 47.554688 8 47 L 8 23 C 8 22.445313 8.445313 22 9 22 Z M 25 30 C 23.300781 30 22 31.300781 22 33 C 22 33.898438 22.398438 34.6875 23 35.1875 L 23 38 C 23 39.101563 23.898438 40 25 40 C 26.101563 40 27 39.101563 27 38 L 27 35.1875 C 27.601563 34.6875 28 33.898438 28 33 C 28 31.300781 26.699219 30 25 30 Z\"><\/path><\/svg>\t\t\t\t<\/a>\n\t\t\t<\/div>\n\t\t\t\n\t\t\t\t\t\t<div class=\"elementor-icon-box-content\">\n\n\t\t\t\t\n\t\t\t\t\t\t\t\t\t<p class=\"elementor-icon-box-description\">\n\t\t\t\t\t\tIch bin damit einverstanden, dass diese Daten bis zu 3 Monate lang gespeichert werden. Wir gehen mit Ihren Daten sorgf\u00e4ltig um und verwenden sie ausschlie\u00dflich zu Ihrem Nutzen. Hierf\u00fcr ben\u00f6tigen wir Ihre Zustimmung. Bitte lesen Sie auch unsere Datenschutzerkl\u00e4rung.\t\t\t\t\t<\/p>\n\t\t\t\t\n\t\t\t<\/div>\n\t\t\t\n\t\t<\/div>\n\t\t\t\t\t\t<\/div>\n\t\t\t\t<\/div>\n\t\t<div class=\"elementor-element elementor-element-519d741 e-con-full elementor-hidden-tablet elementor-hidden-mobile e-flex e-con e-child\" data-id=\"519d741\" data-element_type=\"container\">\n\t\t\t\t<div class=\"elementor-element elementor-element-49fba9d elementor-widget elementor-widget-html\" data-id=\"49fba9d\" data-element_type=\"widget\" data-widget_type=\"html.default\">\n\t\t\t\t\t<div style=\"width: 100%; height: 10px;\"><\/div>\n<svg width=\"100%\" height=\"100\">\n  <defs>\n    <pattern id=\"dotPattern\" patternunits=\"userSpaceOnUse\" width=\"15\" height=\"15\">\n      <circle cx=\"5\" cy=\"5\" r=\"3\" fill=\"#5D87C5\"\/>\n    <\/pattern>\n  <\/defs>\n  <rect width=\"100%\" height=\"10\" fill=\"url(#dotPattern)\" y=\"45\"\/>\n<\/svg>\n\n\n\t\t\t\t<\/div>\n\t\t\t\t<\/div>\n\t\t\t\t<\/div>\n\t\t<div class=\"elementor-element elementor-element-2670f41 elementor-hidden-desktop elementor-hidden-tablet elementor-hidden-mobile e-flex e-con-boxed e-con e-parent\" data-id=\"2670f41\" data-element_type=\"container\">\n\t\t\t\t\t<div class=\"e-con-inner\">\n\t\t\t\t<div class=\"elementor-element elementor-element-fc5db98 elementor-widget elementor-widget-heading\" data-id=\"fc5db98\" data-element_type=\"widget\" data-widget_type=\"heading.default\">\n\t\t\t\t\t<h3 class=\"elementor-heading-title elementor-size-default\">Kontaktinformationen Deltafil<\/h3>\t\t\t\t<\/div>\n\t\t\t\t<div class=\"elementor-element elementor-element-5e2f52f elementor-widget elementor-widget-button\" data-id=\"5e2f52f\" data-element_type=\"widget\" data-widget_type=\"button.default\">\n\t\t\t\t\t\t\t\t\t\t<a class=\"elementor-button elementor-button-link elementor-size-sm\" href=\"https:\/\/delta-fil.com\/de\/uber-deltafil\">\n\t\t\t\t\t\t<span class=\"elementor-button-content-wrapper\">\n\t\t\t\t\t\t\t\t\t<span class=\"elementor-button-text\">Klicken Sie hier<\/span>\n\t\t\t\t\t<\/span>\n\t\t\t\t\t<\/a>\n\t\t\t\t\t\t\t\t<\/div>\n\t\t\t\t\t<\/div>\n\t\t\t\t<\/div>\n\t\t\t\t<\/div>","protected":false},"excerpt":{"rendered":"<p>Kontakt Die Kontaktaufnahme mit Deltafil ist einfach. Finden Sie heraus, wie weit wir in unserem pers\u00f6nlichen Service gehen. Wir freuen uns auf ein Gespr\u00e4ch mit Ihnen. K\u00f6nnen wir Ihnen helfen? Senden Sie eine E-Mail an info@deltafil.nl oder rufen Sie uns an unter + 31 (0) 13 543 26 24 Adresse des Vertriebsb\u00fcros Goirkestraat 845046 GN TilburgNederland Adresse der Produktion Jl. Lingkar AMDPasuruan, Jawa Timur 67163Indonesia Kontakt [...]<\/p>","protected":false},"author":4,"featured_media":431,"parent":0,"menu_order":0,"comment_status":"closed","ping_status":"closed","template":"elementor_header_footer","meta":{"_acf_changed":false,"footnotes":""},"class_list":["post-2120","page","type-page","status-publish","has-post-thumbnail","hentry"],"acf":[],"_links":{"self":[{"href":"https:\/\/delta-fil.com\/de\/wp-json\/wp\/v2\/pages\/2120","targetHints":{"allow":["GET"]}}],"collection":[{"href":"https:\/\/delta-fil.com\/de\/wp-json\/wp\/v2\/pages"}],"about":[{"href":"https:\/\/delta-fil.com\/de\/wp-json\/wp\/v2\/types\/page"}],"author":[{"embeddable":true,"href":"https:\/\/delta-fil.com\/de\/wp-json\/wp\/v2\/users\/4"}],"replies":[{"embeddable":true,"href":"https:\/\/delta-fil.com\/de\/wp-json\/wp\/v2\/comments?post=2120"}],"version-history":[{"count":123,"href":"https:\/\/delta-fil.com\/de\/wp-json\/wp\/v2\/pages\/2120\/revisions"}],"predecessor-version":[{"id":11213,"href":"https:\/\/delta-fil.com\/de\/wp-json\/wp\/v2\/pages\/2120\/revisions\/11213"}],"wp:featuredmedia":[{"embeddable":true,"href":"https:\/\/delta-fil.com\/de\/wp-json\/wp\/v2\/media\/431"}],"wp:attachment":[{"href":"https:\/\/delta-fil.com\/de\/wp-json\/wp\/v2\/media?parent=2120"}],"curies":[{"name":"wp","href":"https:\/\/api.w.org\/{rel}","templated":true}]}}