{"id":9066,"date":"2025-02-19T10:41:40","date_gmt":"2025-02-19T10:41:40","guid":{"rendered":"https:\/\/delta-fil.com\/?page_id=9066"},"modified":"2025-03-20T07:42:41","modified_gmt":"2025-03-20T07:42:41","slug":"crepe-tape","status":"publish","type":"page","link":"https:\/\/delta-fil.com\/en\/crepeband","title":{"rendered":"Crepe tape"},"content":{"rendered":"<div data-elementor-type=\"wp-page\" data-elementor-id=\"9066\" class=\"elementor elementor-9066\" data-elementor-post-type=\"page\">\n\t\t\t\t<div class=\"elementor-element elementor-element-93cae3b e-con-full e-flex e-con e-parent\" data-id=\"93cae3b\" data-element_type=\"container\">\n\t\t<div class=\"elementor-element elementor-element-c92601c e-con-full e-flex e-con e-child\" data-id=\"c92601c\" data-element_type=\"container\">\n\t\t\t\t<div class=\"elementor-element elementor-element-2659bd5 animated-fast elementor-invisible elementor-widget elementor-widget-image\" data-id=\"2659bd5\" data-element_type=\"widget\" data-settings=\"{&quot;_animation&quot;:&quot;fadeInDown&quot;}\" data-widget_type=\"image.default\">\n\t\t\t\t\t\t\t\t\t\t\t\t\t\t\t<img loading=\"lazy\" decoding=\"async\" width=\"1025\" height=\"1152\" src=\"https:\/\/delta-fil.com\/wp-content\/uploads\/2023\/03\/DSC04524-2.webp\" class=\"attachment-full size-full wp-image-2548\" alt=\"Crepe tape from Deltafil\" srcset=\"https:\/\/delta-fil.com\/wp-content\/uploads\/2023\/03\/DSC04524-2.webp 1025w, https:\/\/delta-fil.com\/wp-content\/uploads\/2023\/03\/DSC04524-2-267x300.webp 267w, https:\/\/delta-fil.com\/wp-content\/uploads\/2023\/03\/DSC04524-2-911x1024.webp 911w, https:\/\/delta-fil.com\/wp-content\/uploads\/2023\/03\/DSC04524-2-768x863.webp 768w, https:\/\/delta-fil.com\/wp-content\/uploads\/2023\/03\/DSC04524-2-11x12.webp 11w\" sizes=\"auto, (max-width: 1025px) 100vw, 1025px\" \/>\t\t\t\t\t\t\t\t\t\t\t\t\t\t\t<\/div>\n\t\t\t\t<div class=\"elementor-element elementor-element-ddb7357 elementor-widget elementor-widget-button\" data-id=\"ddb7357\" data-element_type=\"widget\" id=\"knop\" data-widget_type=\"button.default\">\n\t\t\t\t\t\t\t\t\t\t<a class=\"elementor-button elementor-button-link elementor-size-sm\" href=\"#elementor-action%3Aaction%3Dpopup%3Aopen%26settings%3DeyJpZCI6IjkzNzMiLCJ0b2dnbGUiOmZhbHNlfQ%3D%3D\">\n\t\t\t\t\t\t<span class=\"elementor-button-content-wrapper\">\n\t\t\t\t\t\t\t\t\t<span class=\"elementor-button-text\">request information<\/span>\n\t\t\t\t\t<\/span>\n\t\t\t\t\t<\/a>\n\t\t\t\t\t\t\t\t<\/div>\n\t\t\t\t<div class=\"elementor-element elementor-element-1f0aa43 elementor-widget elementor-widget-button\" data-id=\"1f0aa43\" data-element_type=\"widget\" id=\"knop\" data-widget_type=\"button.default\">\n\t\t\t\t\t\t\t\t\t\t<a class=\"elementor-button elementor-button-link elementor-size-sm\" href=\"tel:+31135432624\">\n\t\t\t\t\t\t<span class=\"elementor-button-content-wrapper\">\n\t\t\t\t\t\t\t\t\t<span class=\"elementor-button-text\">or call +31 (0)13 543 26 24<\/span>\n\t\t\t\t\t<\/span>\n\t\t\t\t\t<\/a>\n\t\t\t\t\t\t\t\t<\/div>\n\t\t\t\t<\/div>\n\t\t<div class=\"elementor-element elementor-element-d4803b1 e-con-full e-flex e-con e-child\" data-id=\"d4803b1\" data-element_type=\"container\">\n\t\t<div class=\"elementor-element elementor-element-734b240 e-con-full e-flex e-con e-child\" data-id=\"734b240\" data-element_type=\"container\" data-settings=\"{&quot;background_background&quot;:&quot;classic&quot;}\">\n\t\t\t\t<div class=\"elementor-element elementor-element-0d8f067 elementor-widget elementor-widget-heading\" data-id=\"0d8f067\" data-element_type=\"widget\" data-widget_type=\"heading.default\">\n\t\t\t\t\t<h1 class=\"elementor-heading-title elementor-size-default\">Crepe tape<\/h1>\t\t\t\t<\/div>\n\t\t\t\t<div class=\"elementor-element elementor-element-71274fd elementor-widget-mobile__width-inherit elementor-widget elementor-widget-heading\" data-id=\"71274fd\" data-element_type=\"widget\" data-widget_type=\"heading.default\">\n\t\t\t\t\t<h3 class=\"elementor-heading-title elementor-size-default\">paper crepe tape - 130 g\/m\u00b2<\/h3>\t\t\t\t<\/div>\n\t\t\t\t<div class=\"elementor-element elementor-element-851a3bd elementor-widget elementor-widget-text-editor\" data-id=\"851a3bd\" data-element_type=\"widget\" data-widget_type=\"text-editor.default\">\n\t\t\t\t\t\t\t\t\t<p>Premium crepe tape in various colours and formats for air &amp; dust-tight sealing of bags.<\/p>\t\t\t\t\t\t\t\t<\/div>\n\t\t\t\t<\/div>\n\t\t<div class=\"elementor-element elementor-element-0327257 e-con-full e-flex e-con e-child\" data-id=\"0327257\" data-element_type=\"container\" data-settings=\"{&quot;background_background&quot;:&quot;classic&quot;}\">\n\t\t\t\t<div class=\"elementor-element elementor-element-21ad993 elementor-widget elementor-widget-heading\" data-id=\"21ad993\" data-element_type=\"widget\" data-widget_type=\"heading.default\">\n\t\t\t\t\t<h3 class=\"elementor-heading-title elementor-size-default\">Specifications crepe tape<\/h3>\t\t\t\t<\/div>\n\t\t\t\t<div class=\"elementor-element elementor-element-6233ec3 elementor-widget-divider--view-line elementor-widget elementor-widget-divider\" data-id=\"6233ec3\" data-element_type=\"widget\" data-widget_type=\"divider.default\">\n\t\t\t\t\t\t\t<div class=\"elementor-divider\">\n\t\t\t<span class=\"elementor-divider-separator\">\n\t\t\t\t\t\t<\/span>\n\t\t<\/div>\n\t\t\t\t\t\t<\/div>\n\t\t\t\t<div class=\"elementor-element elementor-element-f22d219 elementor-widget elementor-widget-text-editor\" data-id=\"f22d219\" data-element_type=\"widget\" data-widget_type=\"text-editor.default\">\n\t\t\t\t\t\t\t\t\t<p>Deltafil supplies high-quality paper crepe tape with a weight of 130 g\/m\u00b2. We have different colors available: white, ecru, yellow, red, blue, green, etc. in various widths: 50 mm, 60 mm. The roll diameters vary from 20 cm to 90 cm. Couldn't find the crepe tape you are looking for? Please let us know. We are happy to look it up for you.<\/p>\t\t\t\t\t\t\t\t<\/div>\n\t\t\t\t<\/div>\n\t\t\t\t<\/div>\n\t\t\t\t<\/div>\n\t\t<div class=\"elementor-element elementor-element-9c9883f e-con-full e-flex e-con e-parent\" data-id=\"9c9883f\" data-element_type=\"container\">\n\t\t\t\t<div class=\"elementor-element elementor-element-0ad996d elementor-widget elementor-widget-heading\" data-id=\"0ad996d\" data-element_type=\"widget\" data-widget_type=\"heading.default\">\n\t\t\t\t\t<h2 class=\"elementor-heading-title elementor-size-default\">High-quality crepe tape and crepe paper from Deltafil<\/h2>\t\t\t\t<\/div>\n\t\t\t\t<\/div>\n\t\t<div class=\"elementor-element elementor-element-7c35971 e-con-full e-flex e-con e-parent\" data-id=\"7c35971\" data-element_type=\"container\">\n\t\t<div class=\"elementor-element elementor-element-a09f7da e-con-full e-flex e-con e-child\" data-id=\"a09f7da\" data-element_type=\"container\">\n\t\t\t\t<div class=\"elementor-element elementor-element-bcd60b0 elementor-widget elementor-widget-text-editor\" data-id=\"bcd60b0\" data-element_type=\"widget\" data-widget_type=\"text-editor.default\">\n\t\t\t\t\t\t\t\t\t<p>Deltafil offers a wide range of high-quality crepe tape and crepe paper, perfectly suited for airtight and dust-tight sealing of bags. Available in various colours and different widths. This versatility allows you to select the crepe tape that perfectly suits your packaging needs. Deltafil's crepe paper meets the highest standards in the industry.<\/p>\t\t\t\t\t\t\t\t<\/div>\n\t\t\t\t<\/div>\n\t\t<div class=\"elementor-element elementor-element-79086f4 e-con-full e-flex e-con e-child\" data-id=\"79086f4\" data-element_type=\"container\">\n\t\t\t\t<div class=\"elementor-element elementor-element-efe74f6 elementor-widget elementor-widget-text-editor\" data-id=\"efe74f6\" data-element_type=\"widget\" data-widget_type=\"text-editor.default\">\n\t\t\t\t\t\t\t\t\t<p>Our dedicated team ensures that crepe tape and crepe paper products are manufactured and packaged with utmost care. We understand the importance of reliability for your applications and strive to deliver high-quality products that meet your expectations. If your desired quality is not available as standard, we are ready to find customised solutions to meet your unique specifications.<\/p>\t\t\t\t\t\t\t\t<\/div>\n\t\t\t\t<\/div>\n\t\t\t\t<\/div>\n\t\t<div class=\"elementor-element elementor-element-194d6e4 e-con-full e-flex e-con e-parent\" data-id=\"194d6e4\" data-element_type=\"container\">\n\t\t<div class=\"elementor-element elementor-element-55a84c5 e-con-full e-flex e-con e-child\" data-id=\"55a84c5\" data-element_type=\"container\" data-settings=\"{&quot;background_background&quot;:&quot;classic&quot;}\">\n\t\t\t\t<div class=\"elementor-element elementor-element-205c58d animated-fast elementor-invisible elementor-widget elementor-widget-image\" data-id=\"205c58d\" data-element_type=\"widget\" data-settings=\"{&quot;_animation&quot;:&quot;fadeInDown&quot;}\" data-widget_type=\"image.default\">\n\t\t\t\t\t\t\t\t\t\t\t\t\t\t\t<img loading=\"lazy\" decoding=\"async\" width=\"600\" height=\"800\" src=\"https:\/\/delta-fil.com\/wp-content\/uploads\/2023\/03\/Ook-interessant.002.png\" class=\"attachment-full size-full wp-image-2408\" alt=\"crepe\" srcset=\"https:\/\/delta-fil.com\/wp-content\/uploads\/2023\/03\/Ook-interessant.002.png 600w, https:\/\/delta-fil.com\/wp-content\/uploads\/2023\/03\/Ook-interessant.002-225x300.png 225w, https:\/\/delta-fil.com\/wp-content\/uploads\/2023\/03\/Ook-interessant.002-9x12.png 9w\" sizes=\"auto, (max-width: 600px) 100vw, 600px\" \/>\t\t\t\t\t\t\t\t\t\t\t\t\t\t\t<\/div>\n\t\t\t\t<\/div>\n\t\t<div class=\"elementor-element elementor-element-911ef5c e-con-full e-flex e-con e-child\" data-id=\"911ef5c\" data-element_type=\"container\" data-settings=\"{&quot;background_background&quot;:&quot;classic&quot;}\">\n\t\t\t\t<div class=\"elementor-element elementor-element-1f7dc95 elementor-widget-divider--view-line elementor-widget elementor-widget-divider\" data-id=\"1f7dc95\" data-element_type=\"widget\" data-widget_type=\"divider.default\">\n\t\t\t\t\t\t\t<div class=\"elementor-divider\">\n\t\t\t<span class=\"elementor-divider-separator\">\n\t\t\t\t\t\t<\/span>\n\t\t<\/div>\n\t\t\t\t\t\t<\/div>\n\t\t\t\t<div class=\"elementor-element elementor-element-0f39cd0 elementor-widget elementor-widget-heading\" data-id=\"0f39cd0\" data-element_type=\"widget\" data-widget_type=\"heading.default\">\n\t\t\t\t\t<h2 class=\"elementor-heading-title elementor-size-default\">durability and reliability<\/h2>\t\t\t\t<\/div>\n\t\t\t\t<div class=\"elementor-element elementor-element-2bc9e07 elementor-widget elementor-widget-text-editor\" data-id=\"2bc9e07\" data-element_type=\"widget\" data-widget_type=\"text-editor.default\">\n\t\t\t\t\t\t\t\t\t<p>Our crepe paper offers not only excellent functionality, but also durability and reliability. With a consistent weight of 130 g\/m\u00b2, our material is suitable for various applications in different industries. Deltafil is committed to providing top-quality products that meet your expectations.<\/p>\t\t\t\t\t\t\t\t<\/div>\n\t\t\t\t<\/div>\n\t\t\t\t<\/div>\n\t\t<div class=\"elementor-element elementor-element-b688896 e-con-full animated-fast e-flex elementor-invisible e-con e-parent\" data-id=\"b688896\" data-element_type=\"container\" data-settings=\"{&quot;animation&quot;:&quot;fadeInUp&quot;}\">\n\t\t<div class=\"elementor-element elementor-element-0a906cc e-con-full e-flex e-con e-child\" data-id=\"0a906cc\" data-element_type=\"container\">\n\t\t\t\t<div class=\"elementor-element elementor-element-bbf97a0 elementor-widget-divider--view-line elementor-widget elementor-widget-divider\" data-id=\"bbf97a0\" data-element_type=\"widget\" data-widget_type=\"divider.default\">\n\t\t\t\t\t\t\t<div class=\"elementor-divider\">\n\t\t\t<span class=\"elementor-divider-separator\">\n\t\t\t\t\t\t<\/span>\n\t\t<\/div>\n\t\t\t\t\t\t<\/div>\n\t\t\t\t<\/div>\n\t\t<div class=\"elementor-element elementor-element-f55e0a8 e-con-full e-flex e-con e-child\" data-id=\"f55e0a8\" data-element_type=\"container\">\n\t\t\t\t<div class=\"elementor-element elementor-element-82ad699 elementor-widget elementor-widget-text-editor\" data-id=\"82ad699\" data-element_type=\"widget\" data-widget_type=\"text-editor.default\">\n\t\t\t\t\t\t\t\t\t<p>also interesting<\/p>\t\t\t\t\t\t\t\t<\/div>\n\t\t\t\t<\/div>\n\t\t<div class=\"elementor-element elementor-element-f1d13d0 e-con-full e-flex e-con e-child\" data-id=\"f1d13d0\" data-element_type=\"container\">\n\t\t\t\t<div class=\"elementor-element elementor-element-30c1548 elementor-widget-divider--view-line elementor-widget elementor-widget-divider\" data-id=\"30c1548\" data-element_type=\"widget\" data-widget_type=\"divider.default\">\n\t\t\t\t\t\t\t<div class=\"elementor-divider\">\n\t\t\t<span class=\"elementor-divider-separator\">\n\t\t\t\t\t\t<\/span>\n\t\t<\/div>\n\t\t\t\t\t\t<\/div>\n\t\t\t\t<\/div>\n\t\t\t\t<\/div>\n\t\t<div class=\"elementor-element elementor-element-f3f5f60 e-con-full e-flex e-con e-parent\" data-id=\"f3f5f60\" data-element_type=\"container\" data-settings=\"{&quot;background_background&quot;:&quot;classic&quot;}\">\n\t\t<div class=\"elementor-element elementor-element-627efea e-con-full e-flex e-con e-child\" data-id=\"627efea\" data-element_type=\"container\">\n\t\t\t\t<div class=\"elementor-element elementor-element-2f4f16b elementor-invisible elementor-widget elementor-widget-image\" data-id=\"2f4f16b\" data-element_type=\"widget\" data-settings=\"{&quot;_animation&quot;:&quot;fadeInDown&quot;}\" data-widget_type=\"image.default\">\n\t\t\t\t\t\t\t\t\t\t\t\t\t\t\t<img loading=\"lazy\" decoding=\"async\" width=\"600\" height=\"800\" src=\"https:\/\/delta-fil.com\/wp-content\/uploads\/2023\/03\/colors.001.png\" class=\"attachment-full size-full wp-image-2565\" alt=\"Industrial pocket sewing yarns from Deltafil\" srcset=\"https:\/\/delta-fil.com\/wp-content\/uploads\/2023\/03\/colors.001.png 600w, https:\/\/delta-fil.com\/wp-content\/uploads\/2023\/03\/colors.001-225x300.png 225w, https:\/\/delta-fil.com\/wp-content\/uploads\/2023\/03\/colors.001-9x12.png 9w\" sizes=\"auto, (max-width: 600px) 100vw, 600px\" \/>\t\t\t\t\t\t\t\t\t\t\t\t\t\t\t<\/div>\n\t\t\t\t<div class=\"elementor-element elementor-element-606e5b4 elementor-widget elementor-widget-heading\" data-id=\"606e5b4\" data-element_type=\"widget\" data-widget_type=\"heading.default\">\n\t\t\t\t\t<h3 class=\"elementor-heading-title elementor-size-default\">sewing threads<\/h3>\t\t\t\t<\/div>\n\t\t\t\t<div class=\"elementor-element elementor-element-458fd61 elementor-widget elementor-widget-text-editor\" data-id=\"458fd61\" data-element_type=\"widget\" data-widget_type=\"text-editor.default\">\n\t\t\t\t\t\t\t\t\t<p>Premium bag closing sewing thread made of polyester, biodegradable materials or polypropylene.<\/p>\t\t\t\t\t\t\t\t<\/div>\n\t\t\t\t<div class=\"elementor-element elementor-element-53c918e elementor-align-center elementor-widget elementor-widget-button\" data-id=\"53c918e\" data-element_type=\"widget\" id=\"knop\" data-widget_type=\"button.default\">\n\t\t\t\t\t\t\t\t\t\t<a class=\"elementor-button elementor-button-link elementor-size-sm\" href=\"https:\/\/delta-fil.com\/en\/producten\">\n\t\t\t\t\t\t<span class=\"elementor-button-content-wrapper\">\n\t\t\t\t\t\t\t\t\t<span class=\"elementor-button-text\">sewing threads<\/span>\n\t\t\t\t\t<\/span>\n\t\t\t\t\t<\/a>\n\t\t\t\t\t\t\t\t<\/div>\n\t\t\t\t<\/div>\n\t\t<div class=\"elementor-element elementor-element-3029ae4 e-con-full e-flex e-con e-child\" data-id=\"3029ae4\" data-element_type=\"container\">\n\t\t\t\t<div class=\"elementor-element elementor-element-dde8897 elementor-invisible elementor-widget elementor-widget-image\" data-id=\"dde8897\" data-element_type=\"widget\" data-settings=\"{&quot;_animation&quot;:&quot;fadeInDown&quot;,&quot;_animation_delay&quot;:125}\" data-widget_type=\"image.default\">\n\t\t\t\t\t\t\t\t\t\t\t\t\t\t\t<img loading=\"lazy\" decoding=\"async\" width=\"600\" height=\"800\" src=\"https:\/\/delta-fil.com\/wp-content\/uploads\/2023\/03\/vulkoordint.001.png\" class=\"attachment-full size-full wp-image-2533\" alt=\"filler cord\" srcset=\"https:\/\/delta-fil.com\/wp-content\/uploads\/2023\/03\/vulkoordint.001.png 600w, https:\/\/delta-fil.com\/wp-content\/uploads\/2023\/03\/vulkoordint.001-225x300.png 225w, https:\/\/delta-fil.com\/wp-content\/uploads\/2023\/03\/vulkoordint.001-9x12.png 9w\" sizes=\"auto, (max-width: 600px) 100vw, 600px\" \/>\t\t\t\t\t\t\t\t\t\t\t\t\t\t\t<\/div>\n\t\t\t\t<div class=\"elementor-element elementor-element-bb471ca elementor-widget elementor-widget-heading\" data-id=\"bb471ca\" data-element_type=\"widget\" data-widget_type=\"heading.default\">\n\t\t\t\t\t<h3 class=\"elementor-heading-title elementor-size-default\">filler cord<\/h3>\t\t\t\t<\/div>\n\t\t\t\t<div class=\"elementor-element elementor-element-4ed1ac5 elementor-widget elementor-widget-text-editor\" data-id=\"4ed1ac5\" data-element_type=\"widget\" data-widget_type=\"text-editor.default\">\n\t\t\t\t\t\t\t\t\t<p>High-quality filler cord to seal bags dust-proof.<\/p>\t\t\t\t\t\t\t\t<\/div>\n\t\t\t\t<div class=\"elementor-element elementor-element-5f4e715 elementor-align-center elementor-widget elementor-widget-button\" data-id=\"5f4e715\" data-element_type=\"widget\" id=\"knop\" data-widget_type=\"button.default\">\n\t\t\t\t\t\t\t\t\t\t<a class=\"elementor-button elementor-button-link elementor-size-sm\" href=\"https:\/\/delta-fil.com\/en\/vulkoord\/20-8-katoen-4-5kg-vulkoord-2\">\n\t\t\t\t\t\t<span class=\"elementor-button-content-wrapper\">\n\t\t\t\t\t\t\t\t\t<span class=\"elementor-button-text\">filler cord<\/span>\n\t\t\t\t\t<\/span>\n\t\t\t\t\t<\/a>\n\t\t\t\t\t\t\t\t<\/div>\n\t\t\t\t<\/div>\n\t\t<div class=\"elementor-element elementor-element-80c59d2 e-con-full e-flex e-con e-child\" data-id=\"80c59d2\" data-element_type=\"container\">\n\t\t\t\t<div class=\"elementor-element elementor-element-5ddb670 elementor-invisible elementor-widget elementor-widget-image\" data-id=\"5ddb670\" data-element_type=\"widget\" data-settings=\"{&quot;_animation&quot;:&quot;fadeInDown&quot;,&quot;_animation_delay&quot;:250}\" data-widget_type=\"image.default\">\n\t\t\t\t\t\t\t\t\t\t\t\t\t\t\t<img loading=\"lazy\" decoding=\"async\" width=\"600\" height=\"800\" src=\"https:\/\/delta-fil.com\/wp-content\/uploads\/2023\/03\/Ook-interessant.003.png\" class=\"attachment-full size-full wp-image-2409\" alt=\"Bag closing sewing machines\" srcset=\"https:\/\/delta-fil.com\/wp-content\/uploads\/2023\/03\/Ook-interessant.003.png 600w, https:\/\/delta-fil.com\/wp-content\/uploads\/2023\/03\/Ook-interessant.003-225x300.png 225w, https:\/\/delta-fil.com\/wp-content\/uploads\/2023\/03\/Ook-interessant.003-9x12.png 9w\" sizes=\"auto, (max-width: 600px) 100vw, 600px\" \/>\t\t\t\t\t\t\t\t\t\t\t\t\t\t\t<\/div>\n\t\t\t\t<div class=\"elementor-element elementor-element-03b1bbb elementor-widget elementor-widget-heading\" data-id=\"03b1bbb\" data-element_type=\"widget\" data-widget_type=\"heading.default\">\n\t\t\t\t\t<h3 class=\"elementor-heading-title elementor-size-default\">sewing machines<\/h3>\t\t\t\t<\/div>\n\t\t\t\t<div class=\"elementor-element elementor-element-645c6c7 elementor-widget elementor-widget-text-editor\" data-id=\"645c6c7\" data-element_type=\"widget\" data-widget_type=\"text-editor.default\">\n\t\t\t\t\t\t\t\t\t<p>Valuable and independent advice on the purchase and maintenance of bag closing sewing machines.<\/p>\t\t\t\t\t\t\t\t<\/div>\n\t\t\t\t<div class=\"elementor-element elementor-element-14b550e elementor-align-center elementor-widget elementor-widget-button\" data-id=\"14b550e\" data-element_type=\"widget\" id=\"knop\" data-widget_type=\"button.default\">\n\t\t\t\t\t\t\t\t\t\t<a class=\"elementor-button elementor-button-link elementor-size-sm\" href=\"https:\/\/delta-fil.com\/en\/zakkennaaimachines\">\n\t\t\t\t\t\t<span class=\"elementor-button-content-wrapper\">\n\t\t\t\t\t\t\t\t\t<span class=\"elementor-button-text\">sewing machines<\/span>\n\t\t\t\t\t<\/span>\n\t\t\t\t\t<\/a>\n\t\t\t\t\t\t\t\t<\/div>\n\t\t\t\t<\/div>\n\t\t\t\t<\/div>\n\t\t<div class=\"elementor-element elementor-element-6287211 e-con-full e-flex e-con e-parent\" data-id=\"6287211\" data-element_type=\"container\" data-settings=\"{&quot;background_background&quot;:&quot;classic&quot;}\">\n\t\t<div class=\"elementor-element elementor-element-154c4f1 e-con-full e-flex e-con e-child\" data-id=\"154c4f1\" data-element_type=\"container\">\n\t\t\t\t<div class=\"elementor-element elementor-element-70f6800 animated-fast elementor-invisible elementor-widget elementor-widget-image\" data-id=\"70f6800\" data-element_type=\"widget\" data-settings=\"{&quot;_animation&quot;:&quot;fadeInDown&quot;}\" data-widget_type=\"image.default\">\n\t\t\t\t\t\t\t\t\t\t\t\t\t\t\t<img loading=\"lazy\" decoding=\"async\" width=\"1500\" height=\"1500\" src=\"https:\/\/delta-fil.com\/wp-content\/uploads\/2023\/03\/Teamleden.005-min.png\" class=\"attachment-full size-full wp-image-2154\" alt=\"\" srcset=\"https:\/\/delta-fil.com\/wp-content\/uploads\/2023\/03\/Teamleden.005-min.png 1500w, https:\/\/delta-fil.com\/wp-content\/uploads\/2023\/03\/Teamleden.005-min-300x300.png 300w, https:\/\/delta-fil.com\/wp-content\/uploads\/2023\/03\/Teamleden.005-min-1024x1024.png 1024w, https:\/\/delta-fil.com\/wp-content\/uploads\/2023\/03\/Teamleden.005-min-150x150.png 150w, https:\/\/delta-fil.com\/wp-content\/uploads\/2023\/03\/Teamleden.005-min-768x768.png 768w, https:\/\/delta-fil.com\/wp-content\/uploads\/2023\/03\/Teamleden.005-min-12x12.png 12w\" sizes=\"auto, (max-width: 1500px) 100vw, 1500px\" \/>\t\t\t\t\t\t\t\t\t\t\t\t\t\t\t<\/div>\n\t\t\t\t<\/div>\n\t\t<div class=\"elementor-element elementor-element-4afdd25 e-con-full e-flex e-con e-child\" data-id=\"4afdd25\" data-element_type=\"container\">\n\t\t\t\t<div class=\"elementor-element elementor-element-757cde9 elementor-widget-divider--view-line elementor-widget elementor-widget-divider\" data-id=\"757cde9\" data-element_type=\"widget\" data-widget_type=\"divider.default\">\n\t\t\t\t\t\t\t<div class=\"elementor-divider\">\n\t\t\t<span class=\"elementor-divider-separator\">\n\t\t\t\t\t\t<\/span>\n\t\t<\/div>\n\t\t\t\t\t\t<\/div>\n\t\t\t\t<div class=\"elementor-element elementor-element-c0b831f elementor-widget elementor-widget-heading\" data-id=\"c0b831f\" data-element_type=\"widget\" data-widget_type=\"heading.default\">\n\t\t\t\t\t<h2 class=\"elementor-heading-title elementor-size-default\">How can we help you?<\/h2>\t\t\t\t<\/div>\n\t\t\t\t<div class=\"elementor-element elementor-element-b302ec0 elementor-widget elementor-widget-text-editor\" data-id=\"b302ec0\" data-element_type=\"widget\" data-widget_type=\"text-editor.default\">\n\t\t\t\t\t\t\t\t\t<p>Do you have any questions about our bag closing threads? Are they suitable for your sewing machines? Curious about the delivery time? We will gladly talk to you and answer any questions you may have.<\/p>\t\t\t\t\t\t\t\t<\/div>\n\t\t\t\t<div class=\"elementor-element elementor-element-559dc24 elementor-tablet-align-center elementor-align-left elementor-widget elementor-widget-button\" data-id=\"559dc24\" data-element_type=\"widget\" id=\"knop\" data-widget_type=\"button.default\">\n\t\t\t\t\t\t\t\t\t\t<a class=\"elementor-button elementor-button-link elementor-size-sm\" href=\"https:\/\/delta-fil.com\/en\/contact\">\n\t\t\t\t\t\t<span class=\"elementor-button-content-wrapper\">\n\t\t\t\t\t\t\t\t\t<span class=\"elementor-button-text\">contact us<\/span>\n\t\t\t\t\t<\/span>\n\t\t\t\t\t<\/a>\n\t\t\t\t\t\t\t\t<\/div>\n\t\t\t\t<\/div>\n\t\t\t\t<\/div>\n\t\t\t\t<\/div>","protected":false},"excerpt":{"rendered":"<p>informatie aanvragen of bel +31 (0)13 543 26 24 Cr\u00eapeband papieren cr\u00eapeband &#8211; 130 g\/m\u00b2 Premium cr\u00eapeband in diverse kleuren en opmaken voor het lucht- &amp; stofdicht afsluiten van zakken. Specificaties cr\u00eapeband Deltafil levert hoogwaardig cr\u00eapepapier met een gewicht van 130 g\/m\u00b2. We leveren verschillende kleuren: wit, ecru, geel, rood, blauw, groen, etc. in diverse [&hellip;]<\/p>\n","protected":false},"author":1,"featured_media":2548,"parent":0,"menu_order":0,"comment_status":"closed","ping_status":"closed","template":"elementor_header_footer","meta":{"_acf_changed":false,"footnotes":""},"class_list":["post-9066","page","type-page","status-publish","has-post-thumbnail","hentry"],"mb":[],"acf":[],"mfb_rest_fields":["title","gutenberg_elementor_mode"],"_links":{"self":[{"href":"https:\/\/delta-fil.com\/en\/wp-json\/wp\/v2\/pages\/9066","targetHints":{"allow":["GET"]}}],"collection":[{"href":"https:\/\/delta-fil.com\/en\/wp-json\/wp\/v2\/pages"}],"about":[{"href":"https:\/\/delta-fil.com\/en\/wp-json\/wp\/v2\/types\/page"}],"author":[{"embeddable":true,"href":"https:\/\/delta-fil.com\/en\/wp-json\/wp\/v2\/users\/1"}],"replies":[{"embeddable":true,"href":"https:\/\/delta-fil.com\/en\/wp-json\/wp\/v2\/comments?post=9066"}],"version-history":[{"count":16,"href":"https:\/\/delta-fil.com\/en\/wp-json\/wp\/v2\/pages\/9066\/revisions"}],"predecessor-version":[{"id":11125,"href":"https:\/\/delta-fil.com\/en\/wp-json\/wp\/v2\/pages\/9066\/revisions\/11125"}],"wp:featuredmedia":[{"embeddable":true,"href":"https:\/\/delta-fil.com\/en\/wp-json\/wp\/v2\/media\/2548"}],"wp:attachment":[{"href":"https:\/\/delta-fil.com\/en\/wp-json\/wp\/v2\/media?parent=9066"}],"curies":[{"name":"wp","href":"https:\/\/api.w.org\/{rel}","templated":true}]}}