{"id":2079,"date":"2023-03-08T07:29:26","date_gmt":"2023-03-08T07:29:26","guid":{"rendered":"https:\/\/dev.delta-fil.com\/?page_id=2079"},"modified":"2025-07-02T14:15:56","modified_gmt":"2025-07-02T14:15:56","slug":"maquinas-de-coser-de-bolsillo-fischbein","status":"publish","type":"page","link":"https:\/\/delta-fil.com\/es\/zakkennaaimachines-fischbein","title":{"rendered":"m\u00e1quinas de coser bolsas Fischbein"},"content":{"rendered":"<div data-elementor-type=\"wp-page\" data-elementor-id=\"2079\" class=\"elementor elementor-2079\" data-elementor-post-type=\"page\">\n\t\t\t\t<div class=\"elementor-element elementor-element-1d018cf e-con-full e-flex e-con e-parent\" data-id=\"1d018cf\" data-element_type=\"container\" data-settings=\"{&quot;background_background&quot;:&quot;classic&quot;}\">\n\t\t<div class=\"elementor-element elementor-element-30c9112 e-con-full e-flex e-con e-child\" data-id=\"30c9112\" data-element_type=\"container\">\n\t\t\t\t<div class=\"elementor-element elementor-element-ab74990 animated-fast elementor-widget-divider--view-line elementor-invisible elementor-widget elementor-widget-divider\" data-id=\"ab74990\" data-element_type=\"widget\" data-settings=\"{&quot;_animation&quot;:&quot;fadeInUp&quot;}\" data-widget_type=\"divider.default\">\n\t\t\t\t\t\t\t<div class=\"elementor-divider\">\n\t\t\t<span class=\"elementor-divider-separator\">\n\t\t\t\t\t\t<\/span>\n\t\t<\/div>\n\t\t\t\t\t\t<\/div>\n\t\t\t\t<div class=\"elementor-element elementor-element-4a6b2fa elementor-widget elementor-widget-heading\" data-id=\"4a6b2fa\" data-element_type=\"widget\" data-widget_type=\"heading.default\">\n\t\t\t\t\t<h1 class=\"elementor-heading-title elementor-size-default\">Fischbein<\/h1>\t\t\t\t<\/div>\n\t\t\t\t<div class=\"elementor-element elementor-element-715f514 elementor-widget elementor-widget-heading\" data-id=\"715f514\" data-element_type=\"widget\" data-widget_type=\"heading.default\">\n\t\t\t\t\t<h2 class=\"elementor-heading-title elementor-size-default\">m\u00e1quinas de cerrar bolsas<\/h2>\t\t\t\t<\/div>\n\t\t\t\t<div class=\"elementor-element elementor-element-548b576 elementor-widget elementor-widget-text-editor\" data-id=\"548b576\" data-element_type=\"widget\" data-widget_type=\"text-editor.default\">\n\t\t\t\t\t\t\t\t\t<p>\u00bfNecesita asesoramiento sobre la compra o el mantenimiento de m\u00e1quinas de cerrar bolsas Fischbein? Gracias a nuestros conocimientos, numerosos contactos en todo el mundo y muchos a\u00f1os de experiencia, tambi\u00e9n podemos asesorarle al respecto.\u00a0<\/p>\t\t\t\t\t\t\t\t<\/div>\n\t\t\t\t<div class=\"elementor-element elementor-element-9d947cb elementor-hidden-desktop elementor-hidden-tablet elementor-hidden-mobile elementor-widget elementor-widget-button\" data-id=\"9d947cb\" data-element_type=\"widget\" data-widget_type=\"button.default\">\n\t\t\t\t\t\t\t\t\t\t<a class=\"elementor-button elementor-button-link elementor-size-sm\" href=\"https:\/\/www.fischbein.com\/\">\n\t\t\t\t\t\t<span class=\"elementor-button-content-wrapper\">\n\t\t\t\t\t\t\t\t\t<span class=\"elementor-button-text\">Pulse aqu\u00ed<\/span>\n\t\t\t\t\t<\/span>\n\t\t\t\t\t<\/a>\n\t\t\t\t\t\t\t\t<\/div>\n\t\t\t\t<\/div>\n\t\t<div class=\"elementor-element elementor-element-9a60cd0 e-con-full e-flex elementor-invisible e-con e-child\" data-id=\"9a60cd0\" data-element_type=\"container\" data-settings=\"{&quot;background_background&quot;:&quot;classic&quot;,&quot;animation&quot;:&quot;fadeInDown&quot;}\">\n\t\t\t\t<\/div>\n\t\t\t\t<\/div>\n\t\t<div class=\"elementor-element elementor-element-d709ddf e-con-full e-flex e-con e-parent\" data-id=\"d709ddf\" data-element_type=\"container\">\n\t\t\t\t<div class=\"elementor-element elementor-element-39f9a70 elementor-widget__width-inherit elementor-widget elementor-widget-heading\" data-id=\"39f9a70\" data-element_type=\"widget\" data-widget_type=\"heading.default\">\n\t\t\t\t\t<h2 class=\"elementor-heading-title elementor-size-default\">hilo de coser de primera calidad de Deltafil para Fischbein<\/h2>\t\t\t\t<\/div>\n\t\t<div class=\"elementor-element elementor-element-11b74ff e-con-full e-flex e-con e-child\" data-id=\"11b74ff\" data-element_type=\"container\">\n\t\t\t\t<div class=\"elementor-element elementor-element-923dab7 elementor-widget__width-initial elementor-widget-tablet__width-inherit elementor-widget elementor-widget-text-editor\" data-id=\"923dab7\" data-element_type=\"widget\" data-widget_type=\"text-editor.default\">\n\t\t\t\t\t\t\t\t\t<p>Deltafil lleva en la industria textil desde 1895 y ha crecido hasta convertirse en un actor internacional l\u00edder con su propia planta de producci\u00f3n en Indonesia. Desde 1993, nos hemos especializado en hilos de coser para m\u00e1quina de cerrar bolsas Fischbein.\u00a0<\/p>\t\t\t\t\t\t\t\t<\/div>\n\t\t\t\t<div class=\"elementor-element elementor-element-1e741f3 elementor-widget__width-initial elementor-widget-tablet__width-inherit elementor-widget elementor-widget-text-editor\" data-id=\"1e741f3\" data-element_type=\"widget\" data-widget_type=\"text-editor.default\">\n\t\t\t\t\t\t\t\t\t<p>Suministramos nuestro hilo de coser de primera calidad en m\u00e1s de 33 pa\u00edses de todo el mundo. Nuestros clientes, en su mayor\u00eda distribuidores, los suministran en muchos m\u00e1s pa\u00edses. Por lo tanto, es probable que ya pueda encontrar hilo de coser de Deltafil en un lugar cercano.\u00a0<\/p>\t\t\t\t\t\t\t\t<\/div>\n\t\t\t\t<div class=\"elementor-element elementor-element-3939476 elementor-align-left elementor-tablet-align-center elementor-widget__width-inherit elementor-widget elementor-widget-button\" data-id=\"3939476\" data-element_type=\"widget\" id=\"knop\" data-widget_type=\"button.default\">\n\t\t\t\t\t\t\t\t\t\t<a class=\"elementor-button elementor-button-link elementor-size-sm\" href=\"https:\/\/delta-fil.com\/es\/producten\">\n\t\t\t\t\t\t<span class=\"elementor-button-content-wrapper\">\n\t\t\t\t\t\t\t\t\t<span class=\"elementor-button-text\">nuestros hilos de coser<\/span>\n\t\t\t\t\t<\/span>\n\t\t\t\t\t<\/a>\n\t\t\t\t\t\t\t\t<\/div>\n\t\t\t\t<\/div>\n\t\t\t\t<\/div>\n\t\t<div class=\"elementor-element elementor-element-9cf3921 e-con-full e-flex e-con e-parent\" data-id=\"9cf3921\" data-element_type=\"container\">\n\t\t<div class=\"elementor-element elementor-element-d771aac e-con-full image-box animated-fast e-flex elementor-invisible e-con e-child\" data-id=\"d771aac\" data-element_type=\"container\" data-settings=\"{&quot;background_background&quot;:&quot;classic&quot;,&quot;animation&quot;:&quot;fadeInDown&quot;}\">\n\t\t\t\t<\/div>\n\t\t<div class=\"elementor-element elementor-element-77163ba e-con-full e-flex e-con e-child\" data-id=\"77163ba\" data-element_type=\"container\">\n\t\t\t\t<div class=\"elementor-element elementor-element-b01f996 elementor-widget-divider--view-line elementor-widget elementor-widget-divider\" data-id=\"b01f996\" data-element_type=\"widget\" data-widget_type=\"divider.default\">\n\t\t\t\t\t\t\t<div class=\"elementor-divider\">\n\t\t\t<span class=\"elementor-divider-separator\">\n\t\t\t\t\t\t<\/span>\n\t\t<\/div>\n\t\t\t\t\t\t<\/div>\n\t\t\t\t<div class=\"elementor-element elementor-element-44f4ac3 elementor-widget elementor-widget-text-editor\" data-id=\"44f4ac3\" data-element_type=\"widget\" data-widget_type=\"text-editor.default\">\n\t\t\t\t\t\t\t\t\t<p>Gracias a nuestros conocimientos, numerosos contactos en todo el mundo y a\u00f1os de experiencia, tambi\u00e9n podemos asesorarle sobre el mantenimiento o la compra de m\u00e1quinas de cerrar bolsas y sistemas de cerrar completos de Fischbein.<\/p>\t\t\t\t\t\t\t\t<\/div>\n\t\t\t\t<div class=\"elementor-element elementor-element-9742604 elementor-widget elementor-widget-text-editor\" data-id=\"9742604\" data-element_type=\"widget\" data-widget_type=\"text-editor.default\">\n\t\t\t\t\t\t\t\t\t<p>Estaremos encantados de ponerle en contacto con un proveedor fiable y experto, en cualquier parte del mundo.<\/p>\t\t\t\t\t\t\t\t<\/div>\n\t\t<div class=\"elementor-element elementor-element-57a261f e-flex e-con-boxed e-con e-child\" data-id=\"57a261f\" data-element_type=\"container\">\n\t\t\t\t\t<div class=\"e-con-inner\">\n\t\t\t\t<div class=\"elementor-element elementor-element-69a716f elementor-tablet-align-center elementor-widget elementor-widget-button\" data-id=\"69a716f\" data-element_type=\"widget\" id=\"knop\" data-widget_type=\"button.default\">\n\t\t\t\t\t\t\t\t\t\t<a class=\"elementor-button elementor-button-link elementor-size-sm\" href=\"https:\/\/delta-fil.com\/es\/zakkennaaimachines\">\n\t\t\t\t\t\t<span class=\"elementor-button-content-wrapper\">\n\t\t\t\t\t\t\t\t\t<span class=\"elementor-button-text\">m\u00e1s informaci\u00f3n<\/span>\n\t\t\t\t\t<\/span>\n\t\t\t\t\t<\/a>\n\t\t\t\t\t\t\t\t<\/div>\n\t\t\t\t\t<\/div>\n\t\t\t\t<\/div>\n\t\t\t\t<\/div>\n\t\t\t\t<\/div>\n\t\t<div class=\"elementor-element elementor-element-fc175da e-con-full e-flex e-con e-parent\" data-id=\"fc175da\" data-element_type=\"container\">\n\t\t<div class=\"elementor-element elementor-element-fb44748 e-con-full e-flex e-con e-child\" data-id=\"fb44748\" data-element_type=\"container\">\n\t\t\t\t<div class=\"elementor-element elementor-element-694f8b8 elementor-widget-divider--view-line elementor-widget elementor-widget-divider\" data-id=\"694f8b8\" data-element_type=\"widget\" data-widget_type=\"divider.default\">\n\t\t\t\t\t\t\t<div class=\"elementor-divider\">\n\t\t\t<span class=\"elementor-divider-separator\">\n\t\t\t\t\t\t<\/span>\n\t\t<\/div>\n\t\t\t\t\t\t<\/div>\n\t\t\t\t<div class=\"elementor-element elementor-element-7924909 elementor-widget elementor-widget-heading\" data-id=\"7924909\" data-element_type=\"widget\" data-widget_type=\"heading.default\">\n\t\t\t\t\t<h2 class=\"elementor-heading-title elementor-size-default\">hilo de coser para m\u00e1quina de cerrar bolsas para Fischbein\n<\/h2>\t\t\t\t<\/div>\n\t\t\t\t<div class=\"elementor-element elementor-element-3ef2412 elementor-widget elementor-widget-text-editor\" data-id=\"3ef2412\" data-element_type=\"widget\" data-widget_type=\"text-editor.default\">\n\t\t\t\t\t\t\t\t\t<p>El hilo de coser de Deltafil es adecuado para m\u00e1quinas de cerrar bolsas de todos los fabricantes de renombre, incluyendo Fischbein. Por ejemplo, nuestro hilo de coser es de amplia utilizaci\u00f3n en m\u00e1quinas de coser de los siguientes tipos:<\/p>\t\t\t\t\t\t\t\t<\/div>\n\t\t\t\t<div class=\"elementor-element elementor-element-5cc6cf6 elementor-icon-list--layout-traditional elementor-list-item-link-full_width elementor-widget elementor-widget-icon-list\" data-id=\"5cc6cf6\" data-element_type=\"widget\" data-widget_type=\"icon-list.default\">\n\t\t\t\t\t\t\t<ul class=\"elementor-icon-list-items\">\n\t\t\t\t\t\t\t<li class=\"elementor-icon-list-item\">\n\t\t\t\t\t\t\t\t\t\t\t<span class=\"elementor-icon-list-icon\">\n\t\t\t\t\t\t\t<i aria-hidden=\"true\" class=\"fas fa-check\"><\/i>\t\t\t\t\t\t<\/span>\n\t\t\t\t\t\t\t\t\t\t<span class=\"elementor-icon-list-text\">Cierrabolsas Port\u00e1til Modelo F<\/span>\n\t\t\t\t\t\t\t\t\t<\/li>\n\t\t\t\t\t\t\t\t<li class=\"elementor-icon-list-item\">\n\t\t\t\t\t\t\t\t\t\t\t<span class=\"elementor-icon-list-icon\">\n\t\t\t\t\t\t\t<i aria-hidden=\"true\" class=\"fas fa-check\"><\/i>\t\t\t\t\t\t<\/span>\n\t\t\t\t\t\t\t\t\t\t<span class=\"elementor-icon-list-text\">Minisistemas FTS<\/span>\n\t\t\t\t\t\t\t\t\t<\/li>\n\t\t\t\t\t\t\t\t<li class=\"elementor-icon-list-item\">\n\t\t\t\t\t\t\t\t\t\t\t<span class=\"elementor-icon-list-icon\">\n\t\t\t\t\t\t\t<i aria-hidden=\"true\" class=\"fas fa-check\"><\/i>\t\t\t\t\t\t<\/span>\n\t\t\t\t\t\t\t\t\t\t<span class=\"elementor-icon-list-text\">Fischbein Empress Series Modelo 100<\/span>\n\t\t\t\t\t\t\t\t\t<\/li>\n\t\t\t\t\t\t\t\t<li class=\"elementor-icon-list-item\">\n\t\t\t\t\t\t\t\t\t\t\t<span class=\"elementor-icon-list-icon\">\n\t\t\t\t\t\t\t<i aria-hidden=\"true\" class=\"fas fa-check\"><\/i>\t\t\t\t\t\t<\/span>\n\t\t\t\t\t\t\t\t\t\t<span class=\"elementor-icon-list-text\">Fischbein Serie Emperatriz Modelo 101<\/span>\n\t\t\t\t\t\t\t\t\t<\/li>\n\t\t\t\t\t\t\t\t<li class=\"elementor-icon-list-item\">\n\t\t\t\t\t\t\t\t\t\t\t<span class=\"elementor-icon-list-icon\">\n\t\t\t\t\t\t\t<i aria-hidden=\"true\" class=\"fas fa-check\"><\/i>\t\t\t\t\t\t<\/span>\n\t\t\t\t\t\t\t\t\t\t<span class=\"elementor-icon-list-text\">Fischbein Serie Empress Modelo 200<\/span>\n\t\t\t\t\t\t\t\t\t<\/li>\n\t\t\t\t\t\t\t\t<li class=\"elementor-icon-list-item\">\n\t\t\t\t\t\t\t\t\t\t\t<span class=\"elementor-icon-list-icon\">\n\t\t\t\t\t\t\t<i aria-hidden=\"true\" class=\"fas fa-check\"><\/i>\t\t\t\t\t\t<\/span>\n\t\t\t\t\t\t\t\t\t\t<span class=\"elementor-icon-list-text\">Fischbein Empress Series Modelo 201<\/span>\n\t\t\t\t\t\t\t\t\t<\/li>\n\t\t\t\t\t\t\t\t<li class=\"elementor-icon-list-item\">\n\t\t\t\t\t\t\t\t\t\t\t<span class=\"elementor-icon-list-icon\">\n\t\t\t\t\t\t\t<i aria-hidden=\"true\" class=\"fas fa-check\"><\/i>\t\t\t\t\t\t<\/span>\n\t\t\t\t\t\t\t\t\t\t<span class=\"elementor-icon-list-text\">Sistemas de costura industrial<\/span>\n\t\t\t\t\t\t\t\t\t<\/li>\n\t\t\t\t\t\t\t\t<li class=\"elementor-icon-list-item\">\n\t\t\t\t\t\t\t\t\t\t\t<span class=\"elementor-icon-list-icon\">\n\t\t\t\t\t\t\t<i aria-hidden=\"true\" class=\"fas fa-check\"><\/i>\t\t\t\t\t\t<\/span>\n\t\t\t\t\t\t\t\t\t\t<span class=\"elementor-icon-list-text\">Sistemas de costura de alta velocidad<\/span>\n\t\t\t\t\t\t\t\t\t<\/li>\n\t\t\t\t\t\t\t\t<li class=\"elementor-icon-list-item\">\n\t\t\t\t\t\t\t\t\t\t\t<span class=\"elementor-icon-list-icon\">\n\t\t\t\t\t\t\t<i aria-hidden=\"true\" class=\"fas fa-check\"><\/i>\t\t\t\t\t\t<\/span>\n\t\t\t\t\t\t\t\t\t\t<span class=\"elementor-icon-list-text\">Sistemas de doble cabezal<\/span>\n\t\t\t\t\t\t\t\t\t<\/li>\n\t\t\t\t\t\t\t\t<li class=\"elementor-icon-list-item\">\n\t\t\t\t\t\t\t\t\t\t\t<span class=\"elementor-icon-list-icon\">\n\t\t\t\t\t\t\t<i aria-hidden=\"true\" class=\"fas fa-check\"><\/i>\t\t\t\t\t\t<\/span>\n\t\t\t\t\t\t\t\t\t\t<span class=\"elementor-icon-list-text\"> Cabezales y sistemas de doble aguja<\/span>\n\t\t\t\t\t\t\t\t\t<\/li>\n\t\t\t\t\t\t<\/ul>\n\t\t\t\t\t\t<\/div>\n\t\t\t\t<\/div>\n\t\t<div class=\"elementor-element elementor-element-0aa1bc1 e-con-full e-flex e-con e-child\" data-id=\"0aa1bc1\" data-element_type=\"container\">\n\t\t\t\t<div class=\"elementor-element elementor-element-4e88fcf animated-fast elementor-invisible elementor-widget elementor-widget-image\" data-id=\"4e88fcf\" data-element_type=\"widget\" data-settings=\"{&quot;_animation&quot;:&quot;fadeInDown&quot;}\" data-widget_type=\"image.default\">\n\t\t\t\t\t\t\t\t\t\t\t\t\t\t\t<img loading=\"lazy\" decoding=\"async\" width=\"554\" height=\"830\" src=\"https:\/\/delta-fil.com\/wp-content\/uploads\/2023\/03\/DSC01519-1.webp\" class=\"attachment-full size-full wp-image-2109\" alt=\"fischbein bolsa m\u00e1s cerca\" srcset=\"https:\/\/delta-fil.com\/wp-content\/uploads\/2023\/03\/DSC01519-1.webp 554w, https:\/\/delta-fil.com\/wp-content\/uploads\/2023\/03\/DSC01519-1-200x300.webp 200w, https:\/\/delta-fil.com\/wp-content\/uploads\/2023\/03\/DSC01519-1-8x12.webp 8w\" sizes=\"auto, (max-width: 554px) 100vw, 554px\" \/>\t\t\t\t\t\t\t\t\t\t\t\t\t\t\t<\/div>\n\t\t\t\t<\/div>\n\t\t\t\t<\/div>\n\t\t<div class=\"elementor-element elementor-element-e453c58 e-con-full e-flex e-con e-parent\" data-id=\"e453c58\" data-element_type=\"container\" data-settings=\"{&quot;background_background&quot;:&quot;classic&quot;}\">\n\t\t<div class=\"elementor-element elementor-element-f440d11 e-con-full e-flex e-con e-child\" data-id=\"f440d11\" data-element_type=\"container\">\n\t\t\t\t<div class=\"elementor-element elementor-element-24782e6 animated-fast elementor-invisible elementor-widget elementor-widget-image\" data-id=\"24782e6\" data-element_type=\"widget\" data-settings=\"{&quot;_animation&quot;:&quot;fadeInDown&quot;}\" data-widget_type=\"image.default\">\n\t\t\t\t\t\t\t\t\t\t\t\t\t\t\t<img loading=\"lazy\" decoding=\"async\" width=\"1500\" height=\"1500\" src=\"https:\/\/delta-fil.com\/wp-content\/uploads\/2023\/03\/Teamleden.001-min.png\" class=\"attachment-full size-full wp-image-2150\" alt=\"\" srcset=\"https:\/\/delta-fil.com\/wp-content\/uploads\/2023\/03\/Teamleden.001-min.png 1500w, https:\/\/delta-fil.com\/wp-content\/uploads\/2023\/03\/Teamleden.001-min-300x300.png 300w, https:\/\/delta-fil.com\/wp-content\/uploads\/2023\/03\/Teamleden.001-min-1024x1024.png 1024w, https:\/\/delta-fil.com\/wp-content\/uploads\/2023\/03\/Teamleden.001-min-150x150.png 150w, https:\/\/delta-fil.com\/wp-content\/uploads\/2023\/03\/Teamleden.001-min-768x768.png 768w, https:\/\/delta-fil.com\/wp-content\/uploads\/2023\/03\/Teamleden.001-min-12x12.png 12w\" sizes=\"auto, (max-width: 1500px) 100vw, 1500px\" \/>\t\t\t\t\t\t\t\t\t\t\t\t\t\t\t<\/div>\n\t\t\t\t<\/div>\n\t\t<div class=\"elementor-element elementor-element-fa3a625 e-con-full e-flex e-con e-child\" data-id=\"fa3a625\" data-element_type=\"container\">\n\t\t\t\t<div class=\"elementor-element elementor-element-fc2aa04 elementor-widget-divider--view-line elementor-widget elementor-widget-divider\" data-id=\"fc2aa04\" data-element_type=\"widget\" data-widget_type=\"divider.default\">\n\t\t\t\t\t\t\t<div class=\"elementor-divider\">\n\t\t\t<span class=\"elementor-divider-separator\">\n\t\t\t\t\t\t<\/span>\n\t\t<\/div>\n\t\t\t\t\t\t<\/div>\n\t\t\t\t<div class=\"elementor-element elementor-element-4a3a2a9 elementor-widget elementor-widget-heading\" data-id=\"4a3a2a9\" data-element_type=\"widget\" data-widget_type=\"heading.default\">\n\t\t\t\t\t<h2 class=\"elementor-heading-title elementor-size-default\">\u00bfEn qu\u00e9 podemos ayudarle?<\/h2>\t\t\t\t<\/div>\n\t\t\t\t<div class=\"elementor-element elementor-element-5cc88dd elementor-widget elementor-widget-text-editor\" data-id=\"5cc88dd\" data-element_type=\"widget\" data-widget_type=\"text-editor.default\">\n\t\t\t\t\t\t\t\t\t<p>\u00bfTiene alguna pregunta sobre nuestros hilos de coser ? \u00bfSon adecuados para sus m\u00e1quinas de cerrar bolsas? \u00bfTiene curiosidad por los plazos de entrega? Estaremos encantados de hablar con usted y responder a cualquier inquietud que pueda tener.<\/p>\t\t\t\t\t\t\t\t<\/div>\n\t\t\t\t<div class=\"elementor-element elementor-element-7c5e02d elementor-tablet-align-center elementor-align-left elementor-widget elementor-widget-button\" data-id=\"7c5e02d\" data-element_type=\"widget\" id=\"knop\" data-widget_type=\"button.default\">\n\t\t\t\t\t\t\t\t\t\t<a class=\"elementor-button elementor-button-link elementor-size-sm\" href=\"https:\/\/delta-fil.com\/es\/contact\">\n\t\t\t\t\t\t<span class=\"elementor-button-content-wrapper\">\n\t\t\t\t\t\t\t\t\t<span class=\"elementor-button-text\">cont\u00e1ctenos<\/span>\n\t\t\t\t\t<\/span>\n\t\t\t\t\t<\/a>\n\t\t\t\t\t\t\t\t<\/div>\n\t\t\t\t<\/div>\n\t\t\t\t<\/div>\n\t\t\t\t<\/div>","protected":false},"excerpt":{"rendered":"<p>Fischbein zakkennaaimachines Advies nodig bij de aanschaf of het onderhoud van Fischbein zakkennaaimachines? Door onze kennis, vele contacten wereldwijd en jarenlange ervaring kunnen wij u ook hierbij adviseren.\u00a0 Klik hier Deltafil premium zaknaaigarens voor Fischbein Deltafil is sinds 1895 actief in de textielindustrie en groeide uit tot een toonaangevende internationale speler met een eigen productiefaciliteit [&hellip;]<\/p>\n","protected":false},"author":4,"featured_media":0,"parent":0,"menu_order":0,"comment_status":"closed","ping_status":"closed","template":"elementor_header_footer","meta":{"_acf_changed":false,"footnotes":""},"class_list":["post-2079","page","type-page","status-publish","hentry"],"mb":[],"acf":[],"mfb_rest_fields":["title","gutenberg_elementor_mode"],"_links":{"self":[{"href":"https:\/\/delta-fil.com\/es\/wp-json\/wp\/v2\/pages\/2079","targetHints":{"allow":["GET"]}}],"collection":[{"href":"https:\/\/delta-fil.com\/es\/wp-json\/wp\/v2\/pages"}],"about":[{"href":"https:\/\/delta-fil.com\/es\/wp-json\/wp\/v2\/types\/page"}],"author":[{"embeddable":true,"href":"https:\/\/delta-fil.com\/es\/wp-json\/wp\/v2\/users\/4"}],"replies":[{"embeddable":true,"href":"https:\/\/delta-fil.com\/es\/wp-json\/wp\/v2\/comments?post=2079"}],"version-history":[{"count":57,"href":"https:\/\/delta-fil.com\/es\/wp-json\/wp\/v2\/pages\/2079\/revisions"}],"predecessor-version":[{"id":11159,"href":"https:\/\/delta-fil.com\/es\/wp-json\/wp\/v2\/pages\/2079\/revisions\/11159"}],"wp:attachment":[{"href":"https:\/\/delta-fil.com\/es\/wp-json\/wp\/v2\/media?parent=2079"}],"curies":[{"name":"wp","href":"https:\/\/api.w.org\/{rel}","templated":true}]}}