{"id":2249,"date":"2023-03-08T11:58:02","date_gmt":"2023-03-08T11:58:02","guid":{"rendered":"https:\/\/dev.delta-fil.com\/?page_id=2249"},"modified":"2025-03-13T10:54:35","modified_gmt":"2025-03-13T10:54:35","slug":"hilos-de-coser-para-la-industria-agricola","status":"publish","type":"page","link":"https:\/\/delta-fil.com\/es\/zaknaaigarens-voor-de-landbouwindustrie","title":{"rendered":"Hilos de coser para la industria agr\u00edcola"},"content":{"rendered":"<div data-elementor-type=\"wp-page\" data-elementor-id=\"2249\" class=\"elementor elementor-2249\" data-elementor-post-type=\"page\">\n\t\t\t\t<div class=\"elementor-element elementor-element-60382b31 e-con-full e-flex e-con e-parent\" data-id=\"60382b31\" data-element_type=\"container\" data-settings=\"{&quot;background_background&quot;:&quot;classic&quot;}\">\n\t\t<div class=\"elementor-element elementor-element-14dca22a e-con-full e-flex e-con e-child\" data-id=\"14dca22a\" data-element_type=\"container\">\n\t\t\t\t<div class=\"elementor-element elementor-element-70d02538 animated-fast elementor-widget-divider--view-line elementor-invisible elementor-widget elementor-widget-divider\" data-id=\"70d02538\" data-element_type=\"widget\" data-settings=\"{&quot;_animation&quot;:&quot;fadeInUp&quot;}\" data-widget_type=\"divider.default\">\n\t\t\t\t\t\t\t<div class=\"elementor-divider\">\n\t\t\t<span class=\"elementor-divider-separator\">\n\t\t\t\t\t\t<\/span>\n\t\t<\/div>\n\t\t\t\t\t\t<\/div>\n\t\t\t\t<div class=\"elementor-element elementor-element-baf7221 elementor-widget elementor-widget-heading\" data-id=\"baf7221\" data-element_type=\"widget\" data-widget_type=\"heading.default\">\n\t\t\t\t\t<h1 class=\"elementor-heading-title elementor-size-default\">industria agraria<\/h1>\t\t\t\t<\/div>\n\t\t\t\t<div class=\"elementor-element elementor-element-25e3c0ab elementor-widget elementor-widget-text-editor\" data-id=\"25e3c0ab\" data-element_type=\"widget\" data-widget_type=\"text-editor.default\">\n\t\t\t\t\t\t\t\t\t<p>Deltafil suministra hilos de coser totalmente adecuados para m\u00e1quina de cerrar bolsas para empresas de la industria agr\u00edcola. Nuestros hilos de coser industriales de primera calidad funcionan sin problemas en m\u00e1quinas de cerrar bolsas profesionales de todos los fabricantes de renombre. Aptos para uso alimentario y resistentes a los rayos UV.<\/p>\t\t\t\t\t\t\t\t<\/div>\n\t\t\t\t<div class=\"elementor-element elementor-element-1e6e145 elementor-hidden-desktop elementor-hidden-tablet elementor-hidden-mobile elementor-widget elementor-widget-button\" data-id=\"1e6e145\" data-element_type=\"widget\" data-widget_type=\"button.default\">\n\t\t\t\t\t\t\t\t\t\t<a class=\"elementor-button elementor-button-link elementor-size-sm\" href=\"https:\/\/nl.wikipedia.org\/wiki\/Landbouw#\">\n\t\t\t\t\t\t<span class=\"elementor-button-content-wrapper\">\n\t\t\t\t\t\t\t\t\t<span class=\"elementor-button-text\">Pulse aqu\u00ed<\/span>\n\t\t\t\t\t<\/span>\n\t\t\t\t\t<\/a>\n\t\t\t\t\t\t\t\t<\/div>\n\t\t\t\t<\/div>\n\t\t<div class=\"elementor-element elementor-element-45dfccce e-con-full animated-fast e-flex elementor-invisible e-con e-child\" data-id=\"45dfccce\" data-element_type=\"container\" data-settings=\"{&quot;background_background&quot;:&quot;classic&quot;,&quot;animation&quot;:&quot;fadeInDown&quot;}\">\n\t\t\t\t<\/div>\n\t\t\t\t<\/div>\n\t\t<div class=\"elementor-element elementor-element-6d82ce5c e-con-full e-flex e-con e-parent\" data-id=\"6d82ce5c\" data-element_type=\"container\">\n\t\t\t\t<div class=\"elementor-element elementor-element-5e06f4a1 elementor-widget__width-inherit elementor-widget elementor-widget-heading\" data-id=\"5e06f4a1\" data-element_type=\"widget\" data-widget_type=\"heading.default\">\n\t\t\t\t\t<h2 class=\"elementor-heading-title elementor-size-default\">Hilos de coser para m\u00e1quina de cerrar bolsas Deltafil para la industria agr\u00edcola<\/h2>\t\t\t\t<\/div>\n\t\t<div class=\"elementor-element elementor-element-e1ce9be e-con-full e-flex e-con e-child\" data-id=\"e1ce9be\" data-element_type=\"container\">\n\t\t\t\t<div class=\"elementor-element elementor-element-72892cac elementor-widget__width-initial elementor-widget-tablet__width-inherit elementor-widget elementor-widget-text-editor\" data-id=\"72892cac\" data-element_type=\"widget\" data-widget_type=\"text-editor.default\">\n\t\t\t\t\t\t\t\t\t<p>Deltafil ha estado activo en la industria textil desde 1895 y se ha convertido en el l\u00edder del mercado mundial en hilos de coser con su propia planta de producci\u00f3n en Indonesia. Nuestros hilos de coser para m\u00e1quina de cerrar bolsas son adecuados para sus m\u00e1quinas de cerrar bolsas.\u00a0\u00a0<\/p>\t\t\t\t\t\t\t\t<\/div>\n\t\t\t\t<div class=\"elementor-element elementor-element-620d467a elementor-widget__width-initial elementor-widget-tablet__width-inherit elementor-widget elementor-widget-text-editor\" data-id=\"620d467a\" data-element_type=\"widget\" data-widget_type=\"text-editor.default\">\n\t\t\t\t\t\t\t\t\t<p>Nuestros hilos de coser son ampliamente utilizados en la industria agr\u00edcola, la industria alimenticia, la industria de la construcci\u00f3n y la industria qu\u00edmica, entre otras. Nuestra calidad premium garantiza un proceso de producci\u00f3n impecable, sin nudos y sin pelusas.<\/p>\t\t\t\t\t\t\t\t<\/div>\n\t\t\t\t<div class=\"elementor-element elementor-element-5f16a2b elementor-align-left elementor-tablet-align-left elementor-widget__width-inherit elementor-widget elementor-widget-button\" data-id=\"5f16a2b\" data-element_type=\"widget\" id=\"knop\" data-widget_type=\"button.default\">\n\t\t\t\t\t\t\t\t\t\t<a class=\"elementor-button elementor-button-link elementor-size-sm\" href=\"https:\/\/delta-fil.com\/es\/producten\">\n\t\t\t\t\t\t<span class=\"elementor-button-content-wrapper\">\n\t\t\t\t\t\t\t\t\t<span class=\"elementor-button-text\">nuestros hilos de coser<\/span>\n\t\t\t\t\t<\/span>\n\t\t\t\t\t<\/a>\n\t\t\t\t\t\t\t\t<\/div>\n\t\t\t\t<\/div>\n\t\t\t\t<\/div>\n\t\t<div class=\"elementor-element elementor-element-a1d18da e-con-full e-flex e-con e-parent\" data-id=\"a1d18da\" data-element_type=\"container\">\n\t\t<div class=\"elementor-element elementor-element-bf8c127 e-con-full e-flex e-con e-child\" data-id=\"bf8c127\" data-element_type=\"container\" data-settings=\"{&quot;background_background&quot;:&quot;classic&quot;}\">\n\t\t\t\t<div class=\"elementor-element elementor-element-f32135d animated-fast elementor-invisible elementor-widget elementor-widget-image\" data-id=\"f32135d\" data-element_type=\"widget\" data-settings=\"{&quot;_animation&quot;:&quot;fadeInDown&quot;}\" data-widget_type=\"image.default\">\n\t\t\t\t\t\t\t\t\t\t\t\t\t\t\t<img loading=\"lazy\" decoding=\"async\" width=\"700\" height=\"1000\" src=\"https:\/\/delta-fil.com\/wp-content\/uploads\/2025\/02\/Deltafil-landbouwindustrie.001.png\" class=\"attachment-full size-full wp-image-10602\" alt=\"\" srcset=\"https:\/\/delta-fil.com\/wp-content\/uploads\/2025\/02\/Deltafil-landbouwindustrie.001.png 700w, https:\/\/delta-fil.com\/wp-content\/uploads\/2025\/02\/Deltafil-landbouwindustrie.001-210x300.png 210w, https:\/\/delta-fil.com\/wp-content\/uploads\/2025\/02\/Deltafil-landbouwindustrie.001-8x12.png 8w\" sizes=\"auto, (max-width: 700px) 100vw, 700px\" \/>\t\t\t\t\t\t\t\t\t\t\t\t\t\t\t<\/div>\n\t\t\t\t<\/div>\n\t\t<div class=\"elementor-element elementor-element-1ae6d0a e-con-full e-flex e-con e-child\" data-id=\"1ae6d0a\" data-element_type=\"container\" data-settings=\"{&quot;background_background&quot;:&quot;classic&quot;}\">\n\t\t\t\t<div class=\"elementor-element elementor-element-78721b2 elementor-widget-divider--view-line elementor-widget elementor-widget-divider\" data-id=\"78721b2\" data-element_type=\"widget\" data-widget_type=\"divider.default\">\n\t\t\t\t\t\t\t<div class=\"elementor-divider\">\n\t\t\t<span class=\"elementor-divider-separator\">\n\t\t\t\t\t\t<\/span>\n\t\t<\/div>\n\t\t\t\t\t\t<\/div>\n\t\t\t\t<div class=\"elementor-element elementor-element-27b3948 elementor-widget elementor-widget-heading\" data-id=\"27b3948\" data-element_type=\"widget\" data-widget_type=\"heading.default\">\n\t\t\t\t\t<h2 class=\"elementor-heading-title elementor-size-default\">Aplicaciones en la industria agr\u00edcola<\/h2>\t\t\t\t<\/div>\n\t\t\t\t<div class=\"elementor-element elementor-element-449be63 elementor-widget elementor-widget-text-editor\" data-id=\"449be63\" data-element_type=\"widget\" data-widget_type=\"text-editor.default\">\n\t\t\t\t\t\t\t\t\t<p>Los hilos de coser para m\u00e1quina de cerrar bolsas Deltafil son adecuados para las m\u00e1quinas de cerrar bolsas de todos los fabricantes de renombre. Nuestros hilos de coser se utilizan en todo el mundo y sin problemas para cerrar bolsas con productos agr\u00edcolas a granel, entre ellos:<\/p>\t\t\t\t\t\t\t\t<\/div>\n\t\t\t\t<div class=\"elementor-element elementor-element-b0a419a elementor-widget elementor-widget-text-editor\" data-id=\"b0a419a\" data-element_type=\"widget\" data-widget_type=\"text-editor.default\">\n\t\t\t\t\t\t\t\t\t<p>- patatas<br \/>- arroz <br \/>- zanahorias <br \/>- cebollas <br \/>- ajos, <br \/>- az\u00facar, <br \/>- harina, <br \/>- trigo, <br \/>- semillas, <br \/>- ma\u00edz, etc.<\/p>\t\t\t\t\t\t\t\t<\/div>\n\t\t\t\t<\/div>\n\t\t\t\t<\/div>\n\t\t<div class=\"elementor-element elementor-element-5917374f e-con-full e-flex e-con e-parent\" data-id=\"5917374f\" data-element_type=\"container\">\n\t\t<div class=\"elementor-element elementor-element-1ad40efe e-con-full image-box e-flex e-con e-child\" data-id=\"1ad40efe\" data-element_type=\"container\">\n\t\t\t\t<div class=\"elementor-element elementor-element-14095a68 animated-fast elementor-invisible elementor-widget elementor-widget-image\" data-id=\"14095a68\" data-element_type=\"widget\" data-settings=\"{&quot;_animation&quot;:&quot;fadeInDown&quot;}\" data-widget_type=\"image.default\">\n\t\t\t\t\t\t\t\t\t\t\t\t\t\t\t<img loading=\"lazy\" decoding=\"async\" width=\"1024\" height=\"576\" src=\"https:\/\/delta-fil.com\/wp-content\/uploads\/2023\/03\/DSC06416-1024x576-1.webp\" class=\"attachment-full size-full wp-image-2220\" alt=\"m\u00e1quina de coser dohle para hilos de bolsas\" srcset=\"https:\/\/delta-fil.com\/wp-content\/uploads\/2023\/03\/DSC06416-1024x576-1.webp 1024w, https:\/\/delta-fil.com\/wp-content\/uploads\/2023\/03\/DSC06416-1024x576-1-300x169.webp 300w, https:\/\/delta-fil.com\/wp-content\/uploads\/2023\/03\/DSC06416-1024x576-1-768x432.webp 768w, https:\/\/delta-fil.com\/wp-content\/uploads\/2023\/03\/DSC06416-1024x576-1-18x10.webp 18w\" sizes=\"auto, (max-width: 1024px) 100vw, 1024px\" \/>\t\t\t\t\t\t\t\t\t\t\t\t\t\t\t<\/div>\n\t\t\t\t<\/div>\n\t\t<div class=\"elementor-element elementor-element-1f919a55 e-con-full e-flex e-con e-child\" data-id=\"1f919a55\" data-element_type=\"container\">\n\t\t\t\t<div class=\"elementor-element elementor-element-3b75955b elementor-widget-divider--view-line elementor-widget elementor-widget-divider\" data-id=\"3b75955b\" data-element_type=\"widget\" data-widget_type=\"divider.default\">\n\t\t\t\t\t\t\t<div class=\"elementor-divider\">\n\t\t\t<span class=\"elementor-divider-separator\">\n\t\t\t\t\t\t<\/span>\n\t\t<\/div>\n\t\t\t\t\t\t<\/div>\n\t\t\t\t<div class=\"elementor-element elementor-element-3484064a elementor-widget elementor-widget-heading\" data-id=\"3484064a\" data-element_type=\"widget\" data-widget_type=\"heading.default\">\n\t\t\t\t\t<h2 class=\"elementor-heading-title elementor-size-default\">asesoramiento sobre el mantenimiento y la compra de m\u00e1quinas de cerrar bolsas para la industria agr\u00edcola\n<\/h2>\t\t\t\t<\/div>\n\t\t\t\t<div class=\"elementor-element elementor-element-4e683fc0 elementor-widget elementor-widget-text-editor\" data-id=\"4e683fc0\" data-element_type=\"widget\" data-widget_type=\"text-editor.default\">\n\t\t\t\t\t\t\t\t\t<p>Gracias a nuestros conocimientos y experiencia, nuestra amplia red de contactos en todo el mundo y a nuestros a\u00f1os de experiencia, tambi\u00e9n podemos asesorarle en el mantenimiento o la compra de m\u00e1quinas de coser y sistemas de costura completos. Nos gustar\u00eda ponerle en contacto con un proveedor fiable y experto, en cualquier parte del mundo.<\/p>\t\t\t\t\t\t\t\t<\/div>\n\t\t<div class=\"elementor-element elementor-element-2c7e55d1 e-flex e-con-boxed e-con e-child\" data-id=\"2c7e55d1\" data-element_type=\"container\">\n\t\t\t\t\t<div class=\"e-con-inner\">\n\t\t\t\t<div class=\"elementor-element elementor-element-ff1f375 elementor-widget elementor-widget-button\" data-id=\"ff1f375\" data-element_type=\"widget\" id=\"knop\" data-widget_type=\"button.default\">\n\t\t\t\t\t\t\t\t\t\t<a class=\"elementor-button elementor-button-link elementor-size-sm\" href=\"https:\/\/delta-fil.com\/es\/zakkennaaimachines\">\n\t\t\t\t\t\t<span class=\"elementor-button-content-wrapper\">\n\t\t\t\t\t\t\t\t\t<span class=\"elementor-button-text\">m\u00e1s informaci\u00f3n<\/span>\n\t\t\t\t\t<\/span>\n\t\t\t\t\t<\/a>\n\t\t\t\t\t\t\t\t<\/div>\n\t\t\t\t\t<\/div>\n\t\t\t\t<\/div>\n\t\t\t\t<\/div>\n\t\t\t\t<\/div>\n\t\t<div class=\"elementor-element elementor-element-86f183d e-con-full e-flex e-con e-parent\" data-id=\"86f183d\" data-element_type=\"container\" data-settings=\"{&quot;background_background&quot;:&quot;classic&quot;}\">\n\t\t<div class=\"elementor-element elementor-element-2ee931a e-con-full e-flex e-con e-child\" data-id=\"2ee931a\" data-element_type=\"container\">\n\t\t\t\t<div class=\"elementor-element elementor-element-9cf1e06 animated-fast elementor-invisible elementor-widget elementor-widget-image\" data-id=\"9cf1e06\" data-element_type=\"widget\" data-settings=\"{&quot;_animation&quot;:&quot;fadeInDown&quot;}\" data-widget_type=\"image.default\">\n\t\t\t\t\t\t\t\t\t\t\t\t\t\t\t<img loading=\"lazy\" decoding=\"async\" width=\"1500\" height=\"1500\" src=\"https:\/\/delta-fil.com\/wp-content\/uploads\/2023\/03\/Teamleden.002-min.png\" class=\"attachment-full size-full wp-image-2151\" alt=\"\" srcset=\"https:\/\/delta-fil.com\/wp-content\/uploads\/2023\/03\/Teamleden.002-min.png 1500w, https:\/\/delta-fil.com\/wp-content\/uploads\/2023\/03\/Teamleden.002-min-300x300.png 300w, https:\/\/delta-fil.com\/wp-content\/uploads\/2023\/03\/Teamleden.002-min-1024x1024.png 1024w, https:\/\/delta-fil.com\/wp-content\/uploads\/2023\/03\/Teamleden.002-min-150x150.png 150w, https:\/\/delta-fil.com\/wp-content\/uploads\/2023\/03\/Teamleden.002-min-768x768.png 768w, https:\/\/delta-fil.com\/wp-content\/uploads\/2023\/03\/Teamleden.002-min-12x12.png 12w\" sizes=\"auto, (max-width: 1500px) 100vw, 1500px\" \/>\t\t\t\t\t\t\t\t\t\t\t\t\t\t\t<\/div>\n\t\t\t\t<\/div>\n\t\t<div class=\"elementor-element elementor-element-0709ad6 e-con-full e-flex e-con e-child\" data-id=\"0709ad6\" data-element_type=\"container\">\n\t\t\t\t<div class=\"elementor-element elementor-element-3930a94 elementor-widget-divider--view-line elementor-widget elementor-widget-divider\" data-id=\"3930a94\" data-element_type=\"widget\" data-widget_type=\"divider.default\">\n\t\t\t\t\t\t\t<div class=\"elementor-divider\">\n\t\t\t<span class=\"elementor-divider-separator\">\n\t\t\t\t\t\t<\/span>\n\t\t<\/div>\n\t\t\t\t\t\t<\/div>\n\t\t\t\t<div class=\"elementor-element elementor-element-87494d7 elementor-widget elementor-widget-heading\" data-id=\"87494d7\" data-element_type=\"widget\" data-widget_type=\"heading.default\">\n\t\t\t\t\t<h2 class=\"elementor-heading-title elementor-size-default\">\u00bfEn qu\u00e9 podemos ayudarle?<\/h2>\t\t\t\t<\/div>\n\t\t\t\t<div class=\"elementor-element elementor-element-49b727e elementor-widget elementor-widget-text-editor\" data-id=\"49b727e\" data-element_type=\"widget\" data-widget_type=\"text-editor.default\">\n\t\t\t\t\t\t\t\t\t<p>\u00bfTiene alguna pregunta sobre nuestros hilos de coser ? \u00bfSon adecuados para sus m\u00e1quinas de cerrar bolsas? \u00bfTiene curiosidad por los plazos de entrega? Estaremos encantados de hablar con usted y responder a cualquier inquietud que pueda tener.<\/p>\t\t\t\t\t\t\t\t<\/div>\n\t\t\t\t<div class=\"elementor-element elementor-element-0fe09f8 elementor-tablet-align-center elementor-align-left elementor-widget elementor-widget-button\" data-id=\"0fe09f8\" data-element_type=\"widget\" id=\"knop\" data-widget_type=\"button.default\">\n\t\t\t\t\t\t\t\t\t\t<a class=\"elementor-button elementor-button-link elementor-size-sm\" href=\"https:\/\/delta-fil.com\/es\/contact\">\n\t\t\t\t\t\t<span class=\"elementor-button-content-wrapper\">\n\t\t\t\t\t\t\t\t\t<span class=\"elementor-button-text\">cont\u00e1ctenos<\/span>\n\t\t\t\t\t<\/span>\n\t\t\t\t\t<\/a>\n\t\t\t\t\t\t\t\t<\/div>\n\t\t\t\t<\/div>\n\t\t\t\t<\/div>\n\t\t<div class=\"elementor-element elementor-element-de20fe0 elementor-hidden-desktop elementor-hidden-tablet elementor-hidden-mobile e-flex e-con-boxed e-con e-parent\" data-id=\"de20fe0\" data-element_type=\"container\">\n\t\t\t\t\t<div class=\"e-con-inner\">\n\t\t\t\t<div class=\"elementor-element elementor-element-8ff9386 elementor-widget elementor-widget-heading\" data-id=\"8ff9386\" data-element_type=\"widget\" data-widget_type=\"heading.default\">\n\t\t\t\t\t<h2 class=\"elementor-heading-title elementor-size-default\">L\u00edder en hilos de coser de bolsillo certificados para la industria agr\u00edcola<\/h2>\t\t\t\t<\/div>\n\t\t\t\t<div class=\"elementor-element elementor-element-9219dce elementor-widget elementor-widget-text-editor\" data-id=\"9219dce\" data-element_type=\"widget\" data-widget_type=\"text-editor.default\">\n\t\t\t\t\t\t\t\t\t<p>Cuando se trata de seguridad alimentaria, usted no corre riesgos. Nosotros tampoco. Lo mismo ocurre con la continuidad de su proceso de producci\u00f3n. Por eso producimos nuestros hilos de coser de bolsillo con maquinaria europea de alta gama y empleados bien formados. Tambi\u00e9n comprobamos continuamente cada paso del proceso de producci\u00f3n y garantizamos la trazabilidad de nuestros hilos. Como resultado, cumplen los estrictos requisitos europeos y estadounidenses de calidad y seguridad alimentaria. Ideal para aplicaciones en la industria agr\u00edcola.<\/p>\t\t\t\t\t\t\t\t<\/div>\n\t\t\t\t\t<\/div>\n\t\t\t\t<\/div>\n\t\t\t\t<\/div>","protected":false},"excerpt":{"rendered":"<p>landbouw industrie Deltafil levert naaigarens die volledig geschikt zijn voor het dichtnaaien van zakken voor bedrijven in de landbouwindustrie. Onze premium industri\u00eble zaknaaigarens werken probleemloos op professionele zakkennaaimachines van alle gerenommeerde fabrikanten. Voedselveilig en UV-resistent! Klik hier Deltafil zaknaaigarens voor de landbouwindustrie Deltafil is sinds 1895 actief in de textielindustrie en groeide uit tot de [&hellip;]<\/p>\n","protected":false},"author":4,"featured_media":9643,"parent":0,"menu_order":0,"comment_status":"closed","ping_status":"closed","template":"elementor_header_footer","meta":{"_acf_changed":false,"footnotes":""},"class_list":["post-2249","page","type-page","status-publish","has-post-thumbnail","hentry"],"mb":[],"acf":[],"mfb_rest_fields":["title","gutenberg_elementor_mode"],"_links":{"self":[{"href":"https:\/\/delta-fil.com\/es\/wp-json\/wp\/v2\/pages\/2249","targetHints":{"allow":["GET"]}}],"collection":[{"href":"https:\/\/delta-fil.com\/es\/wp-json\/wp\/v2\/pages"}],"about":[{"href":"https:\/\/delta-fil.com\/es\/wp-json\/wp\/v2\/types\/page"}],"author":[{"embeddable":true,"href":"https:\/\/delta-fil.com\/es\/wp-json\/wp\/v2\/users\/4"}],"replies":[{"embeddable":true,"href":"https:\/\/delta-fil.com\/es\/wp-json\/wp\/v2\/comments?post=2249"}],"version-history":[{"count":118,"href":"https:\/\/delta-fil.com\/es\/wp-json\/wp\/v2\/pages\/2249\/revisions"}],"predecessor-version":[{"id":11237,"href":"https:\/\/delta-fil.com\/es\/wp-json\/wp\/v2\/pages\/2249\/revisions\/11237"}],"wp:featuredmedia":[{"embeddable":true,"href":"https:\/\/delta-fil.com\/es\/wp-json\/wp\/v2\/media\/9643"}],"wp:attachment":[{"href":"https:\/\/delta-fil.com\/es\/wp-json\/wp\/v2\/media?parent=2249"}],"curies":[{"name":"wp","href":"https:\/\/api.w.org\/{rel}","templated":true}]}}