{"id":2261,"date":"2023-03-08T12:12:11","date_gmt":"2023-03-08T12:12:11","guid":{"rendered":"https:\/\/dev.delta-fil.com\/?page_id=2261"},"modified":"2025-03-13T10:55:29","modified_gmt":"2025-03-13T10:55:29","slug":"hilos-de-coser-para-la-industria-alimentaria","status":"publish","type":"page","link":"https:\/\/delta-fil.com\/es\/zaknaaigarens-voor-de-voedingsindustrie","title":{"rendered":"Hilos de coser para la industria alimentaria"},"content":{"rendered":"<div data-elementor-type=\"wp-page\" data-elementor-id=\"2261\" class=\"elementor elementor-2261\" data-elementor-post-type=\"page\">\n\t\t\t\t<div class=\"elementor-element elementor-element-24e6cfab e-con-full e-flex e-con e-parent\" data-id=\"24e6cfab\" data-element_type=\"container\" data-settings=\"{&quot;background_background&quot;:&quot;classic&quot;}\">\n\t\t<div class=\"elementor-element elementor-element-74b4a9e2 e-con-full e-flex e-con e-child\" data-id=\"74b4a9e2\" data-element_type=\"container\">\n\t\t\t\t<div class=\"elementor-element elementor-element-26368d9c animated-fast elementor-widget-divider--view-line elementor-invisible elementor-widget elementor-widget-divider\" data-id=\"26368d9c\" data-element_type=\"widget\" data-settings=\"{&quot;_animation&quot;:&quot;fadeInUp&quot;}\" data-widget_type=\"divider.default\">\n\t\t\t\t\t\t\t<div class=\"elementor-divider\">\n\t\t\t<span class=\"elementor-divider-separator\">\n\t\t\t\t\t\t<\/span>\n\t\t<\/div>\n\t\t\t\t\t\t<\/div>\n\t\t\t\t<div class=\"elementor-element elementor-element-612e7d4c elementor-widget elementor-widget-heading\" data-id=\"612e7d4c\" data-element_type=\"widget\" data-widget_type=\"heading.default\">\n\t\t\t\t\t<h1 class=\"elementor-heading-title elementor-size-default\">industria alimentaria<\/h1>\t\t\t\t<\/div>\n\t\t\t\t<div class=\"elementor-element elementor-element-5751775f elementor-widget elementor-widget-text-editor\" data-id=\"5751775f\" data-element_type=\"widget\" data-widget_type=\"text-editor.default\">\n\t\t\t\t\t\t\t\t\t<p>Deltafil suministra hilos de coser totalmente adecuados para coser bolsas para empresas de la industria alimentaria. Nuestros hilos de coser industriales certificados funcionan sin problemas en m\u00e1quinas de cerrar bolsas profesionales de todos los fabricantes de renombre. Aptos para uso alimentario y resistentes a los rayos UV.<\/p>\t\t\t\t\t\t\t\t<\/div>\n\t\t\t\t<div class=\"elementor-element elementor-element-07ca9d7 elementor-hidden-desktop elementor-hidden-tablet elementor-hidden-mobile elementor-widget elementor-widget-button\" data-id=\"07ca9d7\" data-element_type=\"widget\" data-widget_type=\"button.default\">\n\t\t\t\t\t\t\t\t\t\t<a class=\"elementor-button elementor-button-link elementor-size-sm\" href=\"https:\/\/nl.wikipedia.org\/wiki\/Categorie:Voedingsmiddelenindustrie\">\n\t\t\t\t\t\t<span class=\"elementor-button-content-wrapper\">\n\t\t\t\t\t\t\t\t\t<span class=\"elementor-button-text\">Pulse aqu\u00ed<\/span>\n\t\t\t\t\t<\/span>\n\t\t\t\t\t<\/a>\n\t\t\t\t\t\t\t\t<\/div>\n\t\t\t\t<\/div>\n\t\t<div class=\"elementor-element elementor-element-20283aae e-con-full animated-fast e-flex elementor-invisible e-con e-child\" data-id=\"20283aae\" data-element_type=\"container\" data-settings=\"{&quot;background_background&quot;:&quot;classic&quot;,&quot;animation&quot;:&quot;fadeInDown&quot;}\">\n\t\t\t\t<\/div>\n\t\t\t\t<\/div>\n\t\t<div class=\"elementor-element elementor-element-e70e7c8 e-con-full e-flex e-con e-parent\" data-id=\"e70e7c8\" data-element_type=\"container\">\n\t\t\t\t<div class=\"elementor-element elementor-element-54ac30a elementor-widget__width-inherit elementor-widget elementor-widget-heading\" data-id=\"54ac30a\" data-element_type=\"widget\" data-widget_type=\"heading.default\">\n\t\t\t\t\t<h2 class=\"elementor-heading-title elementor-size-default\">Deltafil hilos de coser para m\u00e1quina de cerrar bolsas para la industria alimentaria<\/h2>\t\t\t\t<\/div>\n\t\t<div class=\"elementor-element elementor-element-0e93657 e-con-full e-flex e-con e-child\" data-id=\"0e93657\" data-element_type=\"container\">\n\t\t\t\t<div class=\"elementor-element elementor-element-d2d99b1 elementor-widget__width-initial elementor-widget-tablet__width-inherit elementor-widget elementor-widget-text-editor\" data-id=\"d2d99b1\" data-element_type=\"widget\" data-widget_type=\"text-editor.default\">\n\t\t\t\t\t\t\t\t\t<p>Activo en la industria textil desde 1895, Deltafil creci\u00f3 hasta convertirse en el l\u00edder mundial en hilos de coser para m\u00e1quina de cerrar bolsas con su propia planta de producci\u00f3n en Indonesia. Adem\u00e1s, nuestros hilos de coser premium son excelentes para sus m\u00e1quinas de cerrar bolsas.<\/p>\t\t\t\t\t\t\t\t<\/div>\n\t\t\t\t<div class=\"elementor-element elementor-element-b8e5eec elementor-widget__width-initial elementor-widget-tablet__width-inherit elementor-widget elementor-widget-text-editor\" data-id=\"b8e5eec\" data-element_type=\"widget\" data-widget_type=\"text-editor.default\">\n\t\t\t\t\t\t\t\t\t<p>Conocidos por su calidad impecable, sin nudos ni pelusas, nuestros hilos de coser de primera calidad se utilizan ampliamente en diversos sectores, como la agricultura, la alimentaci\u00f3n, la construcci\u00f3n y la industria qu\u00edmica.<\/p>\t\t\t\t\t\t\t\t<\/div>\n\t\t\t\t<div class=\"elementor-element elementor-element-53851a7 elementor-align-left elementor-tablet-align-left elementor-widget__width-inherit elementor-widget elementor-widget-button\" data-id=\"53851a7\" data-element_type=\"widget\" id=\"knop\" data-widget_type=\"button.default\">\n\t\t\t\t\t\t\t\t\t\t<a class=\"elementor-button elementor-button-link elementor-size-sm\" href=\"https:\/\/delta-fil.com\/es\/producten\">\n\t\t\t\t\t\t<span class=\"elementor-button-content-wrapper\">\n\t\t\t\t\t\t\t\t\t<span class=\"elementor-button-text\">nuestros hilos de coser<\/span>\n\t\t\t\t\t<\/span>\n\t\t\t\t\t<\/a>\n\t\t\t\t\t\t\t\t<\/div>\n\t\t\t\t<\/div>\n\t\t\t\t<\/div>\n\t\t<div class=\"elementor-element elementor-element-b5a73a6 e-con-full e-flex e-con e-parent\" data-id=\"b5a73a6\" data-element_type=\"container\">\n\t\t<div class=\"elementor-element elementor-element-e8b0e48 e-con-full e-flex e-con e-child\" data-id=\"e8b0e48\" data-element_type=\"container\" data-settings=\"{&quot;background_background&quot;:&quot;classic&quot;}\">\n\t\t\t\t<div class=\"elementor-element elementor-element-1e00608 animated-fast elementor-invisible elementor-widget elementor-widget-image\" data-id=\"1e00608\" data-element_type=\"widget\" data-settings=\"{&quot;_animation&quot;:&quot;fadeInDown&quot;}\" data-widget_type=\"image.default\">\n\t\t\t\t\t\t\t\t\t\t\t\t\t\t\t<img loading=\"lazy\" decoding=\"async\" width=\"700\" height=\"1000\" src=\"https:\/\/delta-fil.com\/wp-content\/uploads\/2025\/02\/Deltafil-voedingsindustrie.001.png\" class=\"attachment-full size-full wp-image-10610\" alt=\"\" srcset=\"https:\/\/delta-fil.com\/wp-content\/uploads\/2025\/02\/Deltafil-voedingsindustrie.001.png 700w, https:\/\/delta-fil.com\/wp-content\/uploads\/2025\/02\/Deltafil-voedingsindustrie.001-210x300.png 210w, https:\/\/delta-fil.com\/wp-content\/uploads\/2025\/02\/Deltafil-voedingsindustrie.001-8x12.png 8w\" sizes=\"auto, (max-width: 700px) 100vw, 700px\" \/>\t\t\t\t\t\t\t\t\t\t\t\t\t\t\t<\/div>\n\t\t\t\t<\/div>\n\t\t<div class=\"elementor-element elementor-element-4526eb6 e-con-full e-flex e-con e-child\" data-id=\"4526eb6\" data-element_type=\"container\" data-settings=\"{&quot;background_background&quot;:&quot;classic&quot;}\">\n\t\t\t\t<div class=\"elementor-element elementor-element-cba2e72 elementor-widget-divider--view-line elementor-widget elementor-widget-divider\" data-id=\"cba2e72\" data-element_type=\"widget\" data-widget_type=\"divider.default\">\n\t\t\t\t\t\t\t<div class=\"elementor-divider\">\n\t\t\t<span class=\"elementor-divider-separator\">\n\t\t\t\t\t\t<\/span>\n\t\t<\/div>\n\t\t\t\t\t\t<\/div>\n\t\t\t\t<div class=\"elementor-element elementor-element-06724f1 elementor-widget elementor-widget-heading\" data-id=\"06724f1\" data-element_type=\"widget\" data-widget_type=\"heading.default\">\n\t\t\t\t\t<h2 class=\"elementor-heading-title elementor-size-default\">Aplicaciones en la industria alimentaria<\/h2>\t\t\t\t<\/div>\n\t\t\t\t<div class=\"elementor-element elementor-element-c125741 elementor-widget elementor-widget-text-editor\" data-id=\"c125741\" data-element_type=\"widget\" data-widget_type=\"text-editor.default\">\n\t\t\t\t\t\t\t\t\t<p>Los hilos de coser para m\u00e1quina de cerrar bolsas Deltafil son adecuados para las m\u00e1quinas de cerrar bolsas de todos los fabricantes de renombre. Nuestros hilos de coser se utilizan en todo el mundo sin ning\u00fan problema para cerrar sacos de productos a granel destinados al consumo, entre ellos:<\/p>\t\t\t\t\t\t\t\t<\/div>\n\t\t\t\t<div class=\"elementor-element elementor-element-c08d2c0 elementor-widget elementor-widget-text-editor\" data-id=\"c08d2c0\" data-element_type=\"widget\" data-widget_type=\"text-editor.default\">\n\t\t\t\t\t\t\t\t\t<p>- embalaje de comida, <br \/>- forraje, <br \/>- comida para perros y gatos, <br \/>- leche en polvo, <br \/>- hierbas\/especias, <br \/>- cacao, <br \/>- caf\u00e9, <br \/>- t\u00e9, etc.<\/p>\t\t\t\t\t\t\t\t<\/div>\n\t\t\t\t<\/div>\n\t\t\t\t<\/div>\n\t\t<div class=\"elementor-element elementor-element-2db67740 e-con-full e-flex e-con e-parent\" data-id=\"2db67740\" data-element_type=\"container\">\n\t\t<div class=\"elementor-element elementor-element-5f041633 e-con-full image-box e-flex e-con e-child\" data-id=\"5f041633\" data-element_type=\"container\">\n\t\t\t\t<div class=\"elementor-element elementor-element-455e55b4 elementor-invisible elementor-widget elementor-widget-image\" data-id=\"455e55b4\" data-element_type=\"widget\" data-settings=\"{&quot;_animation&quot;:&quot;fadeInDown&quot;}\" data-widget_type=\"image.default\">\n\t\t\t\t\t\t\t\t\t\t\t\t\t\t\t<img loading=\"lazy\" decoding=\"async\" width=\"969\" height=\"647\" src=\"https:\/\/delta-fil.com\/wp-content\/uploads\/2023\/03\/DSC01413-1.webp\" class=\"attachment-full size-full wp-image-2210\" alt=\"m\u00e1quina de coser bolsas especiales union\" srcset=\"https:\/\/delta-fil.com\/wp-content\/uploads\/2023\/03\/DSC01413-1.webp 969w, https:\/\/delta-fil.com\/wp-content\/uploads\/2023\/03\/DSC01413-1-300x200.webp 300w, https:\/\/delta-fil.com\/wp-content\/uploads\/2023\/03\/DSC01413-1-768x513.webp 768w, https:\/\/delta-fil.com\/wp-content\/uploads\/2023\/03\/DSC01413-1-18x12.webp 18w\" sizes=\"auto, (max-width: 969px) 100vw, 969px\" \/>\t\t\t\t\t\t\t\t\t\t\t\t\t\t\t<\/div>\n\t\t\t\t<\/div>\n\t\t<div class=\"elementor-element elementor-element-1d434de2 e-con-full e-flex e-con e-child\" data-id=\"1d434de2\" data-element_type=\"container\">\n\t\t\t\t<div class=\"elementor-element elementor-element-6ae6904c elementor-widget-divider--view-line elementor-widget elementor-widget-divider\" data-id=\"6ae6904c\" data-element_type=\"widget\" data-widget_type=\"divider.default\">\n\t\t\t\t\t\t\t<div class=\"elementor-divider\">\n\t\t\t<span class=\"elementor-divider-separator\">\n\t\t\t\t\t\t<\/span>\n\t\t<\/div>\n\t\t\t\t\t\t<\/div>\n\t\t\t\t<div class=\"elementor-element elementor-element-31093c59 elementor-widget elementor-widget-heading\" data-id=\"31093c59\" data-element_type=\"widget\" data-widget_type=\"heading.default\">\n\t\t\t\t\t<h2 class=\"elementor-heading-title elementor-size-default\">asesoramiento sobre el mantenimiento y la compra de m\u00e1quinas de cerrar bolsas para la industria alimentaria\n<\/h2>\t\t\t\t<\/div>\n\t\t\t\t<div class=\"elementor-element elementor-element-547e2414 elementor-widget elementor-widget-text-editor\" data-id=\"547e2414\" data-element_type=\"widget\" data-widget_type=\"text-editor.default\">\n\t\t\t\t\t\t\t\t\t<p>Gracias a nuestros conocimientos y experiencia, nuestra amplia red de contactos en todo el mundo y a nuestros a\u00f1os de experiencia, tambi\u00e9n podemos asesorarle en el mantenimiento o la compra de m\u00e1quinas de coser y sistemas de costura completos. Nos gustar\u00eda ponerle en contacto con un proveedor fiable y experto, en cualquier parte del mundo.<\/p>\t\t\t\t\t\t\t\t<\/div>\n\t\t<div class=\"elementor-element elementor-element-4d5517fe e-flex e-con-boxed e-con e-child\" data-id=\"4d5517fe\" data-element_type=\"container\">\n\t\t\t\t\t<div class=\"e-con-inner\">\n\t\t\t\t<div class=\"elementor-element elementor-element-0f5737e elementor-widget elementor-widget-button\" data-id=\"0f5737e\" data-element_type=\"widget\" id=\"knop\" data-widget_type=\"button.default\">\n\t\t\t\t\t\t\t\t\t\t<a class=\"elementor-button elementor-button-link elementor-size-sm\" href=\"https:\/\/delta-fil.com\/es\/zakkennaaimachines\">\n\t\t\t\t\t\t<span class=\"elementor-button-content-wrapper\">\n\t\t\t\t\t\t\t\t\t<span class=\"elementor-button-text\">m\u00e1s informaci\u00f3n<\/span>\n\t\t\t\t\t<\/span>\n\t\t\t\t\t<\/a>\n\t\t\t\t\t\t\t\t<\/div>\n\t\t\t\t\t<\/div>\n\t\t\t\t<\/div>\n\t\t\t\t<\/div>\n\t\t\t\t<\/div>\n\t\t<div class=\"elementor-element elementor-element-7770482 e-con-full e-flex e-con e-parent\" data-id=\"7770482\" data-element_type=\"container\" data-settings=\"{&quot;background_background&quot;:&quot;classic&quot;}\">\n\t\t<div class=\"elementor-element elementor-element-83c1c62 e-con-full e-flex e-con e-child\" data-id=\"83c1c62\" data-element_type=\"container\">\n\t\t\t\t<div class=\"elementor-element elementor-element-79c57b1 animated-fast elementor-invisible elementor-widget elementor-widget-image\" data-id=\"79c57b1\" data-element_type=\"widget\" data-settings=\"{&quot;_animation&quot;:&quot;fadeInDown&quot;}\" data-widget_type=\"image.default\">\n\t\t\t\t\t\t\t\t\t\t\t\t\t\t\t<img loading=\"lazy\" decoding=\"async\" width=\"1500\" height=\"1500\" src=\"https:\/\/delta-fil.com\/wp-content\/uploads\/2023\/03\/Teamleden.004-min.png\" class=\"attachment-full size-full wp-image-2153\" alt=\"\" srcset=\"https:\/\/delta-fil.com\/wp-content\/uploads\/2023\/03\/Teamleden.004-min.png 1500w, https:\/\/delta-fil.com\/wp-content\/uploads\/2023\/03\/Teamleden.004-min-300x300.png 300w, https:\/\/delta-fil.com\/wp-content\/uploads\/2023\/03\/Teamleden.004-min-1024x1024.png 1024w, https:\/\/delta-fil.com\/wp-content\/uploads\/2023\/03\/Teamleden.004-min-150x150.png 150w, https:\/\/delta-fil.com\/wp-content\/uploads\/2023\/03\/Teamleden.004-min-768x768.png 768w, https:\/\/delta-fil.com\/wp-content\/uploads\/2023\/03\/Teamleden.004-min-12x12.png 12w\" sizes=\"auto, (max-width: 1500px) 100vw, 1500px\" \/>\t\t\t\t\t\t\t\t\t\t\t\t\t\t\t<\/div>\n\t\t\t\t<\/div>\n\t\t<div class=\"elementor-element elementor-element-2db367a e-con-full e-flex e-con e-child\" data-id=\"2db367a\" data-element_type=\"container\">\n\t\t\t\t<div class=\"elementor-element elementor-element-a5c053e elementor-widget-divider--view-line elementor-widget elementor-widget-divider\" data-id=\"a5c053e\" data-element_type=\"widget\" data-widget_type=\"divider.default\">\n\t\t\t\t\t\t\t<div class=\"elementor-divider\">\n\t\t\t<span class=\"elementor-divider-separator\">\n\t\t\t\t\t\t<\/span>\n\t\t<\/div>\n\t\t\t\t\t\t<\/div>\n\t\t\t\t<div class=\"elementor-element elementor-element-71d26ff elementor-widget elementor-widget-heading\" data-id=\"71d26ff\" data-element_type=\"widget\" data-widget_type=\"heading.default\">\n\t\t\t\t\t<h2 class=\"elementor-heading-title elementor-size-default\">\u00bfEn qu\u00e9 podemos ayudarle?<\/h2>\t\t\t\t<\/div>\n\t\t\t\t<div class=\"elementor-element elementor-element-e339206 elementor-widget elementor-widget-text-editor\" data-id=\"e339206\" data-element_type=\"widget\" data-widget_type=\"text-editor.default\">\n\t\t\t\t\t\t\t\t\t<p>\u00bfTiene alguna pregunta sobre nuestros hilos de coser ? \u00bfSon adecuados para sus m\u00e1quinas de cerrar bolsas? \u00bfTiene curiosidad por los plazos de entrega? Estaremos encantados de hablar con usted y responder a cualquier inquietud que pueda tener.<\/p>\t\t\t\t\t\t\t\t<\/div>\n\t\t\t\t<div class=\"elementor-element elementor-element-154bff0 elementor-tablet-align-center elementor-align-left elementor-widget elementor-widget-button\" data-id=\"154bff0\" data-element_type=\"widget\" id=\"knop\" data-widget_type=\"button.default\">\n\t\t\t\t\t\t\t\t\t\t<a class=\"elementor-button elementor-button-link elementor-size-sm\" href=\"https:\/\/delta-fil.com\/es\/contact\">\n\t\t\t\t\t\t<span class=\"elementor-button-content-wrapper\">\n\t\t\t\t\t\t\t\t\t<span class=\"elementor-button-text\">cont\u00e1ctenos<\/span>\n\t\t\t\t\t<\/span>\n\t\t\t\t\t<\/a>\n\t\t\t\t\t\t\t\t<\/div>\n\t\t\t\t<\/div>\n\t\t\t\t<\/div>\n\t\t\t\t<\/div>","protected":false},"excerpt":{"rendered":"<p>voedings industrie Deltafil levert naaigarens die volledig geschikt zijn voor het dichtnaaien van zakken voor bedrijven in de voedingsindustrie. Onze gecertificeerde industri\u00eble zaknaaigarens werken probleemloos op professionele zakkennaaimachines van alle gerenommeerde fabrikanten. Voedselveilig en UV-resistent! Klik hier Deltafil zaknaaigarens voor de voedingsindustrie Deltafil, sinds 1895 actief in de textielindustrie, groeide uit tot de wereldwijde marktleider [&hellip;]<\/p>\n","protected":false},"author":4,"featured_media":9644,"parent":0,"menu_order":0,"comment_status":"closed","ping_status":"closed","template":"elementor_header_footer","meta":{"_acf_changed":false,"footnotes":""},"class_list":["post-2261","page","type-page","status-publish","has-post-thumbnail","hentry"],"mb":[],"acf":[],"mfb_rest_fields":["title","gutenberg_elementor_mode"],"_links":{"self":[{"href":"https:\/\/delta-fil.com\/es\/wp-json\/wp\/v2\/pages\/2261","targetHints":{"allow":["GET"]}}],"collection":[{"href":"https:\/\/delta-fil.com\/es\/wp-json\/wp\/v2\/pages"}],"about":[{"href":"https:\/\/delta-fil.com\/es\/wp-json\/wp\/v2\/types\/page"}],"author":[{"embeddable":true,"href":"https:\/\/delta-fil.com\/es\/wp-json\/wp\/v2\/users\/4"}],"replies":[{"embeddable":true,"href":"https:\/\/delta-fil.com\/es\/wp-json\/wp\/v2\/comments?post=2261"}],"version-history":[{"count":73,"href":"https:\/\/delta-fil.com\/es\/wp-json\/wp\/v2\/pages\/2261\/revisions"}],"predecessor-version":[{"id":11076,"href":"https:\/\/delta-fil.com\/es\/wp-json\/wp\/v2\/pages\/2261\/revisions\/11076"}],"wp:featuredmedia":[{"embeddable":true,"href":"https:\/\/delta-fil.com\/es\/wp-json\/wp\/v2\/media\/9644"}],"wp:attachment":[{"href":"https:\/\/delta-fil.com\/es\/wp-json\/wp\/v2\/media?parent=2261"}],"curies":[{"name":"wp","href":"https:\/\/api.w.org\/{rel}","templated":true}]}}