{"id":2267,"date":"2023-03-08T12:28:34","date_gmt":"2023-03-08T12:28:34","guid":{"rendered":"https:\/\/dev.delta-fil.com\/?page_id=2267"},"modified":"2025-03-13T10:56:58","modified_gmt":"2025-03-13T10:56:58","slug":"hilos-de-coser-para-la-industria-quimica","status":"publish","type":"page","link":"https:\/\/delta-fil.com\/es\/zaknaaigarens-voor-de-chemische-industrie","title":{"rendered":"Hilos para coser bolsas para la industria qu\u00edmica"},"content":{"rendered":"<div data-elementor-type=\"wp-page\" data-elementor-id=\"2267\" class=\"elementor elementor-2267\" data-elementor-post-type=\"page\">\n\t\t\t\t<div class=\"elementor-element elementor-element-714cfada e-con-full e-flex e-con e-parent\" data-id=\"714cfada\" data-element_type=\"container\" data-settings=\"{&quot;background_background&quot;:&quot;classic&quot;}\">\n\t\t<div class=\"elementor-element elementor-element-2bba1040 e-con-full e-flex e-con e-child\" data-id=\"2bba1040\" data-element_type=\"container\">\n\t\t\t\t<div class=\"elementor-element elementor-element-73483bd7 animated-fast elementor-widget-divider--view-line elementor-invisible elementor-widget elementor-widget-divider\" data-id=\"73483bd7\" data-element_type=\"widget\" data-settings=\"{&quot;_animation&quot;:&quot;fadeInUp&quot;}\" data-widget_type=\"divider.default\">\n\t\t\t\t\t\t\t<div class=\"elementor-divider\">\n\t\t\t<span class=\"elementor-divider-separator\">\n\t\t\t\t\t\t<\/span>\n\t\t<\/div>\n\t\t\t\t\t\t<\/div>\n\t\t\t\t<div class=\"elementor-element elementor-element-6f2f02c3 elementor-widget elementor-widget-heading\" data-id=\"6f2f02c3\" data-element_type=\"widget\" data-widget_type=\"heading.default\">\n\t\t\t\t\t<h1 class=\"elementor-heading-title elementor-size-default\">industria qu\u00edmica<\/h1>\t\t\t\t<\/div>\n\t\t\t\t<div class=\"elementor-element elementor-element-171d7578 elementor-widget elementor-widget-text-editor\" data-id=\"171d7578\" data-element_type=\"widget\" data-widget_type=\"text-editor.default\">\n\t\t\t\t\t\t\t\t\t<p>Deltafil suministra hilos de coser totalmente adecuados para cerrar bolsas para empresas de la industria qu\u00edmica. Nuestros hilos de coser industriales de alta calidad funcionan sin problemas en m\u00e1quinas de cerrar bolsas profesionales de todos los fabricantes de renombre. \u00a1Env\u00edo a todo el mundo!<\/p>\t\t\t\t\t\t\t\t<\/div>\n\t\t\t\t<div class=\"elementor-element elementor-element-49321df elementor-hidden-desktop elementor-hidden-tablet elementor-hidden-mobile elementor-widget elementor-widget-button\" data-id=\"49321df\" data-element_type=\"widget\" data-widget_type=\"button.default\">\n\t\t\t\t\t\t\t\t\t\t<a class=\"elementor-button elementor-button-link elementor-size-sm\" href=\"https:\/\/nl.wikipedia.org\/wiki\/Categorie:Chemische_industrie\">\n\t\t\t\t\t\t<span class=\"elementor-button-content-wrapper\">\n\t\t\t\t\t\t\t\t\t<span class=\"elementor-button-text\">Pulse aqu\u00ed<\/span>\n\t\t\t\t\t<\/span>\n\t\t\t\t\t<\/a>\n\t\t\t\t\t\t\t\t<\/div>\n\t\t\t\t<\/div>\n\t\t<div class=\"elementor-element elementor-element-33ff8f7d e-con-full animated-fast e-flex elementor-invisible e-con e-child\" data-id=\"33ff8f7d\" data-element_type=\"container\" data-settings=\"{&quot;background_background&quot;:&quot;classic&quot;,&quot;animation&quot;:&quot;fadeInDown&quot;}\">\n\t\t\t\t<\/div>\n\t\t\t\t<\/div>\n\t\t<div class=\"elementor-element elementor-element-92b6ff0 e-con-full e-flex e-con e-parent\" data-id=\"92b6ff0\" data-element_type=\"container\">\n\t\t\t\t<div class=\"elementor-element elementor-element-2575163 elementor-widget__width-inherit elementor-widget elementor-widget-heading\" data-id=\"2575163\" data-element_type=\"widget\" data-widget_type=\"heading.default\">\n\t\t\t\t\t<h2 class=\"elementor-heading-title elementor-size-default\">Hilos de coser para m\u00e1quina de cerrar bolsas Deltafil para la industria qu\u00edmica<\/h2>\t\t\t\t<\/div>\n\t\t<div class=\"elementor-element elementor-element-8de07e7 e-con-full e-flex e-con e-child\" data-id=\"8de07e7\" data-element_type=\"container\">\n\t\t\t\t<div class=\"elementor-element elementor-element-d5e5c6f elementor-widget__width-initial elementor-widget-tablet__width-inherit elementor-widget elementor-widget-text-editor\" data-id=\"d5e5c6f\" data-element_type=\"widget\" data-widget_type=\"text-editor.default\">\n\t\t\t\t\t\t\t\t\t<p>Activo en la industria textil desde 1895, Deltafil se ha convertido en el l\u00edder mundial en hilos de coser para m\u00e1quina de cerrar bolsas, con su propia planta de producci\u00f3n en Indonesia. Adem\u00e1s, nuestros hilos premium son perfectos para sus m\u00e1quinas de coser.<\/p>\t\t\t\t\t\t\t\t<\/div>\n\t\t\t\t<div class=\"elementor-element elementor-element-7736b45 elementor-widget__width-initial elementor-widget-tablet__width-inherit elementor-widget elementor-widget-text-editor\" data-id=\"7736b45\" data-element_type=\"widget\" data-widget_type=\"text-editor.default\">\n\t\t\t\t\t\t\t\t\t<p>Apreciados por su calidad impecable, sin nudos ni pelusas, nuestros hilos de coser de primera calidad encuentran una amplia aplicaci\u00f3n en sectores como la agricultura, la alimentaci\u00f3n, la construcci\u00f3n y la industria qu\u00edmica.<\/p>\t\t\t\t\t\t\t\t<\/div>\n\t\t\t\t<div class=\"elementor-element elementor-element-0c939b5 elementor-align-left elementor-tablet-align-left elementor-widget__width-inherit elementor-widget elementor-widget-button\" data-id=\"0c939b5\" data-element_type=\"widget\" id=\"knop\" data-widget_type=\"button.default\">\n\t\t\t\t\t\t\t\t\t\t<a class=\"elementor-button elementor-button-link elementor-size-sm\" href=\"https:\/\/delta-fil.com\/es\/producten\">\n\t\t\t\t\t\t<span class=\"elementor-button-content-wrapper\">\n\t\t\t\t\t\t\t\t\t<span class=\"elementor-button-text\">nuestros hilos de coser<\/span>\n\t\t\t\t\t<\/span>\n\t\t\t\t\t<\/a>\n\t\t\t\t\t\t\t\t<\/div>\n\t\t\t\t<\/div>\n\t\t\t\t<\/div>\n\t\t<div class=\"elementor-element elementor-element-b16298f e-con-full e-flex e-con e-parent\" data-id=\"b16298f\" data-element_type=\"container\">\n\t\t<div class=\"elementor-element elementor-element-b63c3bb e-con-full e-flex e-con e-child\" data-id=\"b63c3bb\" data-element_type=\"container\" data-settings=\"{&quot;background_background&quot;:&quot;classic&quot;}\">\n\t\t\t\t<div class=\"elementor-element elementor-element-afb0c55 animated-fast elementor-invisible elementor-widget elementor-widget-image\" data-id=\"afb0c55\" data-element_type=\"widget\" data-settings=\"{&quot;_animation&quot;:&quot;fadeInDown&quot;}\" data-widget_type=\"image.default\">\n\t\t\t\t\t\t\t\t\t\t\t\t\t\t\t<img loading=\"lazy\" decoding=\"async\" width=\"700\" height=\"1000\" src=\"https:\/\/delta-fil.com\/wp-content\/uploads\/2025\/02\/Deltafil-Chemische-industrie.001.png\" class=\"attachment-full size-full wp-image-10618\" alt=\"\" srcset=\"https:\/\/delta-fil.com\/wp-content\/uploads\/2025\/02\/Deltafil-Chemische-industrie.001.png 700w, https:\/\/delta-fil.com\/wp-content\/uploads\/2025\/02\/Deltafil-Chemische-industrie.001-210x300.png 210w, https:\/\/delta-fil.com\/wp-content\/uploads\/2025\/02\/Deltafil-Chemische-industrie.001-8x12.png 8w\" sizes=\"auto, (max-width: 700px) 100vw, 700px\" \/>\t\t\t\t\t\t\t\t\t\t\t\t\t\t\t<\/div>\n\t\t\t\t<\/div>\n\t\t<div class=\"elementor-element elementor-element-261e367 e-con-full e-flex e-con e-child\" data-id=\"261e367\" data-element_type=\"container\" data-settings=\"{&quot;background_background&quot;:&quot;classic&quot;}\">\n\t\t\t\t<div class=\"elementor-element elementor-element-e443ecd elementor-widget-divider--view-line elementor-widget elementor-widget-divider\" data-id=\"e443ecd\" data-element_type=\"widget\" data-widget_type=\"divider.default\">\n\t\t\t\t\t\t\t<div class=\"elementor-divider\">\n\t\t\t<span class=\"elementor-divider-separator\">\n\t\t\t\t\t\t<\/span>\n\t\t<\/div>\n\t\t\t\t\t\t<\/div>\n\t\t\t\t<div class=\"elementor-element elementor-element-1d61b5b elementor-widget elementor-widget-heading\" data-id=\"1d61b5b\" data-element_type=\"widget\" data-widget_type=\"heading.default\">\n\t\t\t\t\t<h2 class=\"elementor-heading-title elementor-size-default\">Aplicaciones en la industria qu\u00edmica<\/h2>\t\t\t\t<\/div>\n\t\t\t\t<div class=\"elementor-element elementor-element-b56cba9 elementor-widget elementor-widget-text-editor\" data-id=\"b56cba9\" data-element_type=\"widget\" data-widget_type=\"text-editor.default\">\n\t\t\t\t\t\t\t\t\t<p>Los hilos de coser para m\u00e1quina de cerrar bolsas de Deltafil son adecuados para m\u00e1quinas de coser bolsas de todos los fabricantes de renombre. Nuestros hilos de coser se utilizan en todo el mundo y sin problemas para el sellado de bolsas de productos qu\u00edmicos a granel, incluyendo:<\/p>\t\t\t\t\t\t\t\t<\/div>\n\t\t\t\t<div class=\"elementor-element elementor-element-71381994 elementor-widget elementor-widget-text-editor\" data-id=\"71381994\" data-element_type=\"widget\" data-widget_type=\"text-editor.default\">\n\t\t\t\t\t\t\t\t\t<p>- pesticidas,<br \/>- fertilizante,<br \/>- detergentes,<br \/>- granulados, etc.<\/p>\t\t\t\t\t\t\t\t<\/div>\n\t\t\t\t<\/div>\n\t\t\t\t<\/div>\n\t\t<div class=\"elementor-element elementor-element-2ae65246 e-con-full e-flex e-con e-parent\" data-id=\"2ae65246\" data-element_type=\"container\">\n\t\t<div class=\"elementor-element elementor-element-5c6d9a89 e-con-full image-box e-flex e-con e-child\" data-id=\"5c6d9a89\" data-element_type=\"container\">\n\t\t\t\t<div class=\"elementor-element elementor-element-5ee49e20 animated-fast elementor-invisible elementor-widget elementor-widget-image\" data-id=\"5ee49e20\" data-element_type=\"widget\" data-settings=\"{&quot;_animation&quot;:&quot;fadeInDown&quot;}\" data-widget_type=\"image.default\">\n\t\t\t\t\t\t\t\t\t\t\t\t\t\t\t<img loading=\"lazy\" decoding=\"async\" width=\"986\" height=\"669\" src=\"https:\/\/delta-fil.com\/wp-content\/uploads\/2023\/03\/DSC07118-2-1.webp\" class=\"attachment-full size-full wp-image-2234\" alt=\"M\u00e1quina de coser bolsas Newlong\" srcset=\"https:\/\/delta-fil.com\/wp-content\/uploads\/2023\/03\/DSC07118-2-1.webp 986w, https:\/\/delta-fil.com\/wp-content\/uploads\/2023\/03\/DSC07118-2-1-300x204.webp 300w, https:\/\/delta-fil.com\/wp-content\/uploads\/2023\/03\/DSC07118-2-1-768x521.webp 768w, https:\/\/delta-fil.com\/wp-content\/uploads\/2023\/03\/DSC07118-2-1-18x12.webp 18w\" sizes=\"auto, (max-width: 986px) 100vw, 986px\" \/>\t\t\t\t\t\t\t\t\t\t\t\t\t\t\t<\/div>\n\t\t\t\t<\/div>\n\t\t<div class=\"elementor-element elementor-element-5816f658 e-con-full e-flex e-con e-child\" data-id=\"5816f658\" data-element_type=\"container\">\n\t\t\t\t<div class=\"elementor-element elementor-element-35f21b8a elementor-widget-divider--view-line elementor-widget elementor-widget-divider\" data-id=\"35f21b8a\" data-element_type=\"widget\" data-widget_type=\"divider.default\">\n\t\t\t\t\t\t\t<div class=\"elementor-divider\">\n\t\t\t<span class=\"elementor-divider-separator\">\n\t\t\t\t\t\t<\/span>\n\t\t<\/div>\n\t\t\t\t\t\t<\/div>\n\t\t\t\t<div class=\"elementor-element elementor-element-4227425e elementor-widget elementor-widget-heading\" data-id=\"4227425e\" data-element_type=\"widget\" data-widget_type=\"heading.default\">\n\t\t\t\t\t<h2 class=\"elementor-heading-title elementor-size-default\">asesoramiento sobre el mantenimiento y la compra de m\u00e1quinas de cerrar bolsas para la industria qu\u00edmica<\/h2>\t\t\t\t<\/div>\n\t\t\t\t<div class=\"elementor-element elementor-element-30303882 elementor-widget elementor-widget-text-editor\" data-id=\"30303882\" data-element_type=\"widget\" data-widget_type=\"text-editor.default\">\n\t\t\t\t\t\t\t\t\t<p>Gracias a nuestros conocimientos y experiencia, nuestra amplia red de contactos en todo el mundo y a nuestros a\u00f1os de experiencia, tambi\u00e9n podemos asesorarle en el mantenimiento o la compra de m\u00e1quinas de coser y sistemas de costura completos. Nos gustar\u00eda ponerle en contacto con un proveedor fiable y experto, en cualquier parte del mundo.<\/p>\t\t\t\t\t\t\t\t<\/div>\n\t\t<div class=\"elementor-element elementor-element-1e9f87ff e-flex e-con-boxed e-con e-child\" data-id=\"1e9f87ff\" data-element_type=\"container\">\n\t\t\t\t\t<div class=\"e-con-inner\">\n\t\t\t\t<div class=\"elementor-element elementor-element-cbd4d48 elementor-tablet-align-center elementor-mobile-align-center elementor-widget elementor-widget-button\" data-id=\"cbd4d48\" data-element_type=\"widget\" id=\"knop\" data-widget_type=\"button.default\">\n\t\t\t\t\t\t\t\t\t\t<a class=\"elementor-button elementor-button-link elementor-size-sm\" href=\"https:\/\/delta-fil.com\/es\/zakkennaaimachines\">\n\t\t\t\t\t\t<span class=\"elementor-button-content-wrapper\">\n\t\t\t\t\t\t\t\t\t<span class=\"elementor-button-text\">m\u00e1s informaci\u00f3n<\/span>\n\t\t\t\t\t<\/span>\n\t\t\t\t\t<\/a>\n\t\t\t\t\t\t\t\t<\/div>\n\t\t\t\t\t<\/div>\n\t\t\t\t<\/div>\n\t\t\t\t<\/div>\n\t\t\t\t<\/div>\n\t\t<div class=\"elementor-element elementor-element-4d0f279 e-con-full e-flex e-con e-parent\" data-id=\"4d0f279\" data-element_type=\"container\" data-settings=\"{&quot;background_background&quot;:&quot;classic&quot;}\">\n\t\t<div class=\"elementor-element elementor-element-6ba0235 e-con-full e-flex e-con e-child\" data-id=\"6ba0235\" data-element_type=\"container\">\n\t\t\t\t<div class=\"elementor-element elementor-element-bcded73 animated-fast elementor-invisible elementor-widget elementor-widget-image\" data-id=\"bcded73\" data-element_type=\"widget\" data-settings=\"{&quot;_animation&quot;:&quot;fadeInDown&quot;}\" data-widget_type=\"image.default\">\n\t\t\t\t\t\t\t\t\t\t\t\t\t\t\t<img loading=\"lazy\" decoding=\"async\" width=\"1500\" height=\"1500\" src=\"https:\/\/delta-fil.com\/wp-content\/uploads\/2023\/03\/Teamleden.005-min.png\" class=\"attachment-full size-full wp-image-2154\" alt=\"\" srcset=\"https:\/\/delta-fil.com\/wp-content\/uploads\/2023\/03\/Teamleden.005-min.png 1500w, https:\/\/delta-fil.com\/wp-content\/uploads\/2023\/03\/Teamleden.005-min-300x300.png 300w, https:\/\/delta-fil.com\/wp-content\/uploads\/2023\/03\/Teamleden.005-min-1024x1024.png 1024w, https:\/\/delta-fil.com\/wp-content\/uploads\/2023\/03\/Teamleden.005-min-150x150.png 150w, https:\/\/delta-fil.com\/wp-content\/uploads\/2023\/03\/Teamleden.005-min-768x768.png 768w, https:\/\/delta-fil.com\/wp-content\/uploads\/2023\/03\/Teamleden.005-min-12x12.png 12w\" sizes=\"auto, (max-width: 1500px) 100vw, 1500px\" \/>\t\t\t\t\t\t\t\t\t\t\t\t\t\t\t<\/div>\n\t\t\t\t<\/div>\n\t\t<div class=\"elementor-element elementor-element-cfc3e23 e-con-full e-flex e-con e-child\" data-id=\"cfc3e23\" data-element_type=\"container\">\n\t\t\t\t<div class=\"elementor-element elementor-element-ac93a3b elementor-widget-divider--view-line elementor-widget elementor-widget-divider\" data-id=\"ac93a3b\" data-element_type=\"widget\" data-widget_type=\"divider.default\">\n\t\t\t\t\t\t\t<div class=\"elementor-divider\">\n\t\t\t<span class=\"elementor-divider-separator\">\n\t\t\t\t\t\t<\/span>\n\t\t<\/div>\n\t\t\t\t\t\t<\/div>\n\t\t\t\t<div class=\"elementor-element elementor-element-912295e elementor-widget elementor-widget-heading\" data-id=\"912295e\" data-element_type=\"widget\" data-widget_type=\"heading.default\">\n\t\t\t\t\t<h2 class=\"elementor-heading-title elementor-size-default\">\u00bfEn qu\u00e9 podemos ayudarle?<\/h2>\t\t\t\t<\/div>\n\t\t\t\t<div class=\"elementor-element elementor-element-a3d7193 elementor-widget elementor-widget-text-editor\" data-id=\"a3d7193\" data-element_type=\"widget\" data-widget_type=\"text-editor.default\">\n\t\t\t\t\t\t\t\t\t<p>\u00bfTiene alguna pregunta sobre nuestros hilos de coser ? \u00bfSon adecuados para sus m\u00e1quinas de cerrar bolsas? \u00bfTiene curiosidad por los plazos de entrega? Estaremos encantados de hablar con usted y responder a cualquier inquietud que pueda tener.<\/p>\t\t\t\t\t\t\t\t<\/div>\n\t\t\t\t<div class=\"elementor-element elementor-element-1fdc005 elementor-tablet-align-center elementor-align-left elementor-widget elementor-widget-button\" data-id=\"1fdc005\" data-element_type=\"widget\" id=\"knop\" data-widget_type=\"button.default\">\n\t\t\t\t\t\t\t\t\t\t<a class=\"elementor-button elementor-button-link elementor-size-sm\" href=\"https:\/\/delta-fil.com\/es\/contact\">\n\t\t\t\t\t\t<span class=\"elementor-button-content-wrapper\">\n\t\t\t\t\t\t\t\t\t<span class=\"elementor-button-text\">cont\u00e1ctenos<\/span>\n\t\t\t\t\t<\/span>\n\t\t\t\t\t<\/a>\n\t\t\t\t\t\t\t\t<\/div>\n\t\t\t\t<\/div>\n\t\t\t\t<\/div>\n\t\t\t\t<\/div>","protected":false},"excerpt":{"rendered":"<p>chemische industrie Deltafil levert naaigarens die volledig geschikt zijn voor het dichtnaaien van zakken voor bedrijven in de chemische industrie. Onze topkwaliteit industri\u00eble zaknaaigarens werken probleemloos op professionele zakkennaaimachines van alle gerenommeerde fabrikanten. Wereldwijde verzending! Klik hier Deltafil zaknaaigarens voor de chemische industrie Sinds 1895 is Deltafil actief in de textielindustrie en uitgegroeid tot de [&hellip;]<\/p>\n","protected":false},"author":4,"featured_media":9645,"parent":0,"menu_order":0,"comment_status":"closed","ping_status":"closed","template":"elementor_header_footer","meta":{"_acf_changed":false,"footnotes":""},"class_list":["post-2267","page","type-page","status-publish","has-post-thumbnail","hentry"],"mb":[],"acf":[],"mfb_rest_fields":["title","gutenberg_elementor_mode"],"_links":{"self":[{"href":"https:\/\/delta-fil.com\/es\/wp-json\/wp\/v2\/pages\/2267","targetHints":{"allow":["GET"]}}],"collection":[{"href":"https:\/\/delta-fil.com\/es\/wp-json\/wp\/v2\/pages"}],"about":[{"href":"https:\/\/delta-fil.com\/es\/wp-json\/wp\/v2\/types\/page"}],"author":[{"embeddable":true,"href":"https:\/\/delta-fil.com\/es\/wp-json\/wp\/v2\/users\/4"}],"replies":[{"embeddable":true,"href":"https:\/\/delta-fil.com\/es\/wp-json\/wp\/v2\/comments?post=2267"}],"version-history":[{"count":73,"href":"https:\/\/delta-fil.com\/es\/wp-json\/wp\/v2\/pages\/2267\/revisions"}],"predecessor-version":[{"id":11079,"href":"https:\/\/delta-fil.com\/es\/wp-json\/wp\/v2\/pages\/2267\/revisions\/11079"}],"wp:featuredmedia":[{"embeddable":true,"href":"https:\/\/delta-fil.com\/es\/wp-json\/wp\/v2\/media\/9645"}],"wp:attachment":[{"href":"https:\/\/delta-fil.com\/es\/wp-json\/wp\/v2\/media?parent=2267"}],"curies":[{"name":"wp","href":"https:\/\/api.w.org\/{rel}","templated":true}]}}