{"id":2276,"date":"2023-03-08T12:32:55","date_gmt":"2023-03-08T12:32:55","guid":{"rendered":"https:\/\/dev.delta-fil.com\/?page_id=2276"},"modified":"2025-03-13T10:57:53","modified_gmt":"2025-03-13T10:57:53","slug":"hilos-de-coser-para-el-sector-de-la-construccion","status":"publish","type":"page","link":"https:\/\/delta-fil.com\/es\/zaknaaigarens-voor-de-bouwindustrie","title":{"rendered":"Hilos de coser de bolsillo para el sector de la construcci\u00f3n"},"content":{"rendered":"<div data-elementor-type=\"wp-page\" data-elementor-id=\"2276\" class=\"elementor elementor-2276\" data-elementor-post-type=\"page\">\n\t\t\t\t<div class=\"elementor-element elementor-element-7ca974a8 e-con-full e-flex e-con e-parent\" data-id=\"7ca974a8\" data-element_type=\"container\" data-settings=\"{&quot;background_background&quot;:&quot;classic&quot;}\">\n\t\t<div class=\"elementor-element elementor-element-26304a64 e-con-full e-flex e-con e-child\" data-id=\"26304a64\" data-element_type=\"container\">\n\t\t\t\t<div class=\"elementor-element elementor-element-427637bf animated-fast elementor-widget-divider--view-line elementor-invisible elementor-widget elementor-widget-divider\" data-id=\"427637bf\" data-element_type=\"widget\" data-settings=\"{&quot;_animation&quot;:&quot;fadeInUp&quot;}\" data-widget_type=\"divider.default\">\n\t\t\t\t\t\t\t<div class=\"elementor-divider\">\n\t\t\t<span class=\"elementor-divider-separator\">\n\t\t\t\t\t\t<\/span>\n\t\t<\/div>\n\t\t\t\t\t\t<\/div>\n\t\t\t\t<div class=\"elementor-element elementor-element-2fe1afb4 elementor-widget elementor-widget-heading\" data-id=\"2fe1afb4\" data-element_type=\"widget\" data-widget_type=\"heading.default\">\n\t\t\t\t\t<h1 class=\"elementor-heading-title elementor-size-default\">industria de la construcci\u00f3n<\/h1>\t\t\t\t<\/div>\n\t\t\t\t<div class=\"elementor-element elementor-element-198a5284 elementor-widget elementor-widget-text-editor\" data-id=\"198a5284\" data-element_type=\"widget\" data-widget_type=\"text-editor.default\">\n\t\t\t\t\t\t\t\t\t<p>Deltafil suministra hilos de coser para m\u00e1quina de cerrar bolsas para empresas de la industria qu\u00edmica. Nuestros hilos de coser industriales sin pelusa funcionan sin problemas en m\u00e1quinas de cerrar bolsas profesionales de todos los fabricantes de renombre. \u00a1Disponible en stock!<\/p>\t\t\t\t\t\t\t\t<\/div>\n\t\t\t\t<div class=\"elementor-element elementor-element-19bde34 elementor-hidden-desktop elementor-hidden-tablet elementor-hidden-mobile elementor-widget elementor-widget-button\" data-id=\"19bde34\" data-element_type=\"widget\" data-widget_type=\"button.default\">\n\t\t\t\t\t\t\t\t\t\t<a class=\"elementor-button elementor-button-link elementor-size-sm\" href=\"https:\/\/nl.wikipedia.org\/wiki\/Bouw_(bedrijfstak)\">\n\t\t\t\t\t\t<span class=\"elementor-button-content-wrapper\">\n\t\t\t\t\t\t\t\t\t<span class=\"elementor-button-text\">Pulse aqu\u00ed<\/span>\n\t\t\t\t\t<\/span>\n\t\t\t\t\t<\/a>\n\t\t\t\t\t\t\t\t<\/div>\n\t\t\t\t<\/div>\n\t\t<div class=\"elementor-element elementor-element-649b0664 e-con-full animated-fast e-flex elementor-invisible e-con e-child\" data-id=\"649b0664\" data-element_type=\"container\" data-settings=\"{&quot;background_background&quot;:&quot;classic&quot;,&quot;animation&quot;:&quot;fadeInDown&quot;}\">\n\t\t\t\t<\/div>\n\t\t\t\t<\/div>\n\t\t<div class=\"elementor-element elementor-element-4610232 e-con-full e-flex e-con e-parent\" data-id=\"4610232\" data-element_type=\"container\">\n\t\t\t\t<div class=\"elementor-element elementor-element-82b4438 elementor-widget__width-inherit elementor-widget elementor-widget-heading\" data-id=\"82b4438\" data-element_type=\"widget\" data-widget_type=\"heading.default\">\n\t\t\t\t\t<h2 class=\"elementor-heading-title elementor-size-default\">Deltafil hilos de coser para m\u00e1quina de cerrar bolsas para la construcci\u00f3n<\/h2>\t\t\t\t<\/div>\n\t\t<div class=\"elementor-element elementor-element-729fa36 e-con-full e-flex e-con e-child\" data-id=\"729fa36\" data-element_type=\"container\">\n\t\t\t\t<div class=\"elementor-element elementor-element-0a519bf elementor-widget__width-initial elementor-widget-tablet__width-inherit elementor-widget elementor-widget-text-editor\" data-id=\"0a519bf\" data-element_type=\"widget\" data-widget_type=\"text-editor.default\">\n\t\t\t\t\t\t\t\t\t<p>Un nombre establecido en la industria textil desde 1895, Deltafil ha crecido hasta convertirse en el l\u00edder mundial en hilos de coser para m\u00e1quina de cerrar bolsas, con su propia planta de producci\u00f3n en Indonesia. Nuestros hilos premium son perfectos para sus m\u00e1quinas de cerrar bolsas.<\/p>\t\t\t\t\t\t\t\t<\/div>\n\t\t\t\t<div class=\"elementor-element elementor-element-4ffa2a6 elementor-widget__width-initial elementor-widget-tablet__width-inherit elementor-widget elementor-widget-text-editor\" data-id=\"4ffa2a6\" data-element_type=\"widget\" data-widget_type=\"text-editor.default\">\n\t\t\t\t\t\t\t\t\t<p>Conocidos por su calidad impecable, sin nudos ni pelusas, nuestros hilos de coser de primera calidad se utilizan ampliamente en industrias como la agricultura, la alimentaci\u00f3n, la construcci\u00f3n y la qu\u00edmica.<\/p>\t\t\t\t\t\t\t\t<\/div>\n\t\t\t\t<div class=\"elementor-element elementor-element-1aa6acb elementor-align-left elementor-tablet-align-left elementor-widget__width-inherit elementor-widget elementor-widget-button\" data-id=\"1aa6acb\" data-element_type=\"widget\" id=\"knop\" data-widget_type=\"button.default\">\n\t\t\t\t\t\t\t\t\t\t<a class=\"elementor-button elementor-button-link elementor-size-sm\" href=\"https:\/\/delta-fil.com\/es\/producten\">\n\t\t\t\t\t\t<span class=\"elementor-button-content-wrapper\">\n\t\t\t\t\t\t\t\t\t<span class=\"elementor-button-text\">nuestros hilos de coser<\/span>\n\t\t\t\t\t<\/span>\n\t\t\t\t\t<\/a>\n\t\t\t\t\t\t\t\t<\/div>\n\t\t\t\t<\/div>\n\t\t\t\t<\/div>\n\t\t<div class=\"elementor-element elementor-element-3e31955 e-con-full e-flex e-con e-parent\" data-id=\"3e31955\" data-element_type=\"container\">\n\t\t<div class=\"elementor-element elementor-element-f1d6244 e-con-full e-flex e-con e-child\" data-id=\"f1d6244\" data-element_type=\"container\" data-settings=\"{&quot;background_background&quot;:&quot;classic&quot;}\">\n\t\t\t\t<div class=\"elementor-element elementor-element-9c7adca animated-fast elementor-invisible elementor-widget elementor-widget-image\" data-id=\"9c7adca\" data-element_type=\"widget\" data-settings=\"{&quot;_animation&quot;:&quot;fadeInDown&quot;}\" data-widget_type=\"image.default\">\n\t\t\t\t\t\t\t\t\t\t\t\t\t\t\t<img loading=\"lazy\" decoding=\"async\" width=\"700\" height=\"1000\" src=\"https:\/\/delta-fil.com\/wp-content\/uploads\/2025\/02\/Deltafil-bouwindustrie.001.png\" class=\"attachment-full size-full wp-image-10629\" alt=\"\" srcset=\"https:\/\/delta-fil.com\/wp-content\/uploads\/2025\/02\/Deltafil-bouwindustrie.001.png 700w, https:\/\/delta-fil.com\/wp-content\/uploads\/2025\/02\/Deltafil-bouwindustrie.001-210x300.png 210w, https:\/\/delta-fil.com\/wp-content\/uploads\/2025\/02\/Deltafil-bouwindustrie.001-8x12.png 8w\" sizes=\"auto, (max-width: 700px) 100vw, 700px\" \/>\t\t\t\t\t\t\t\t\t\t\t\t\t\t\t<\/div>\n\t\t\t\t<\/div>\n\t\t<div class=\"elementor-element elementor-element-f5618d3 e-con-full e-flex e-con e-child\" data-id=\"f5618d3\" data-element_type=\"container\" data-settings=\"{&quot;background_background&quot;:&quot;classic&quot;}\">\n\t\t\t\t<div class=\"elementor-element elementor-element-4f50944 elementor-widget-divider--view-line elementor-widget elementor-widget-divider\" data-id=\"4f50944\" data-element_type=\"widget\" data-widget_type=\"divider.default\">\n\t\t\t\t\t\t\t<div class=\"elementor-divider\">\n\t\t\t<span class=\"elementor-divider-separator\">\n\t\t\t\t\t\t<\/span>\n\t\t<\/div>\n\t\t\t\t\t\t<\/div>\n\t\t\t\t<div class=\"elementor-element elementor-element-2eefe774 elementor-widget elementor-widget-heading\" data-id=\"2eefe774\" data-element_type=\"widget\" data-widget_type=\"heading.default\">\n\t\t\t\t\t<h2 class=\"elementor-heading-title elementor-size-default\">aplicaciones en el sector de la construcci\u00f3n\n\n<\/h2>\t\t\t\t<\/div>\n\t\t\t\t<div class=\"elementor-element elementor-element-7526676d elementor-widget elementor-widget-text-editor\" data-id=\"7526676d\" data-element_type=\"widget\" data-widget_type=\"text-editor.default\">\n\t\t\t\t\t\t\t\t\t<p>Los hilos de coser para m\u00e1quina de cerrar bolsas de Deltafil son adecuados para las m\u00e1quinas de sellado de bolsas de todos los fabricantes de renombre. Nuestros hilos de coser se utilizan en todo el mundo y sin problemas para el sellado de sacos de productos a granel para la industria de la construcci\u00f3n, incluyendo:<\/p>\t\t\t\t\t\t\t\t<\/div>\n\t\t\t\t<div class=\"elementor-element elementor-element-423c362e elementor-widget elementor-widget-text-editor\" data-id=\"423c362e\" data-element_type=\"widget\" data-widget_type=\"text-editor.default\">\n\t\t\t\t\t\t\t\t\t<p>- cemento, <br \/>- minerales, <br \/>- grava, <br \/>- adhesivo de azulejos, <br \/>- yeso, <br \/>- arcilla, <br \/>- arena, <br \/>- mortero de cal,<br \/>- yeso a m\u00e1quina,<br \/>- pellets, etc.<\/p>\t\t\t\t\t\t\t\t<\/div>\n\t\t\t\t<\/div>\n\t\t\t\t<\/div>\n\t\t<div class=\"elementor-element elementor-element-7baa4476 e-con-full e-flex e-con e-parent\" data-id=\"7baa4476\" data-element_type=\"container\">\n\t\t<div class=\"elementor-element elementor-element-1ae678d8 e-con-full image-box e-flex e-con e-child\" data-id=\"1ae678d8\" data-element_type=\"container\">\n\t\t\t\t<div class=\"elementor-element elementor-element-574427bd animated-fast elementor-invisible elementor-widget elementor-widget-image\" data-id=\"574427bd\" data-element_type=\"widget\" data-settings=\"{&quot;_animation&quot;:&quot;fadeInDown&quot;}\" data-widget_type=\"image.default\">\n\t\t\t\t\t\t\t\t\t\t\t\t\t\t\t<img loading=\"lazy\" decoding=\"async\" width=\"1927\" height=\"1184\" src=\"https:\/\/delta-fil.com\/wp-content\/uploads\/2023\/03\/Deltafil-thread-quality-1.webp\" class=\"attachment-full size-full wp-image-1298\" alt=\"\" srcset=\"https:\/\/delta-fil.com\/wp-content\/uploads\/2023\/03\/Deltafil-thread-quality-1.webp 1927w, https:\/\/delta-fil.com\/wp-content\/uploads\/2023\/03\/Deltafil-thread-quality-1-300x184.webp 300w, https:\/\/delta-fil.com\/wp-content\/uploads\/2023\/03\/Deltafil-thread-quality-1-1024x629.webp 1024w, https:\/\/delta-fil.com\/wp-content\/uploads\/2023\/03\/Deltafil-thread-quality-1-768x472.webp 768w, https:\/\/delta-fil.com\/wp-content\/uploads\/2023\/03\/Deltafil-thread-quality-1-1536x944.webp 1536w, https:\/\/delta-fil.com\/wp-content\/uploads\/2023\/03\/Deltafil-thread-quality-1-18x12.webp 18w\" sizes=\"auto, (max-width: 1927px) 100vw, 1927px\" \/>\t\t\t\t\t\t\t\t\t\t\t\t\t\t\t<\/div>\n\t\t\t\t<\/div>\n\t\t<div class=\"elementor-element elementor-element-2025d79 e-con-full e-flex e-con e-child\" data-id=\"2025d79\" data-element_type=\"container\">\n\t\t\t\t<div class=\"elementor-element elementor-element-1f47390d elementor-widget-divider--view-line elementor-widget elementor-widget-divider\" data-id=\"1f47390d\" data-element_type=\"widget\" data-widget_type=\"divider.default\">\n\t\t\t\t\t\t\t<div class=\"elementor-divider\">\n\t\t\t<span class=\"elementor-divider-separator\">\n\t\t\t\t\t\t<\/span>\n\t\t<\/div>\n\t\t\t\t\t\t<\/div>\n\t\t\t\t<div class=\"elementor-element elementor-element-152d7ed6 elementor-widget elementor-widget-heading\" data-id=\"152d7ed6\" data-element_type=\"widget\" data-widget_type=\"heading.default\">\n\t\t\t\t\t<h2 class=\"elementor-heading-title elementor-size-default\">asesoramiento sobre el mantenimiento y la compra de m\u00e1quinas de coser sacos para el sector de la construcci\u00f3n\n<\/h2>\t\t\t\t<\/div>\n\t\t\t\t<div class=\"elementor-element elementor-element-5cd25451 elementor-widget elementor-widget-text-editor\" data-id=\"5cd25451\" data-element_type=\"widget\" data-widget_type=\"text-editor.default\">\n\t\t\t\t\t\t\t\t\t<p>Gracias a nuestros conocimientos y experiencia, nuestra amplia red de contactos en todo el mundo y a nuestros a\u00f1os de experiencia, tambi\u00e9n podemos asesorarle en el mantenimiento o la compra de m\u00e1quinas de coser y sistemas de costura completos. Nos gustar\u00eda ponerle en contacto con un proveedor fiable y experto, en cualquier parte del mundo.<\/p>\t\t\t\t\t\t\t\t<\/div>\n\t\t<div class=\"elementor-element elementor-element-256a3421 e-flex e-con-boxed e-con e-child\" data-id=\"256a3421\" data-element_type=\"container\">\n\t\t\t\t\t<div class=\"e-con-inner\">\n\t\t\t\t<div class=\"elementor-element elementor-element-f877f1e elementor-widget elementor-widget-button\" data-id=\"f877f1e\" data-element_type=\"widget\" id=\"knop\" data-widget_type=\"button.default\">\n\t\t\t\t\t\t\t\t\t\t<a class=\"elementor-button elementor-button-link elementor-size-sm\" href=\"https:\/\/delta-fil.com\/es\/zakkennaaimachines\">\n\t\t\t\t\t\t<span class=\"elementor-button-content-wrapper\">\n\t\t\t\t\t\t\t\t\t<span class=\"elementor-button-text\">m\u00e1s informaci\u00f3n<\/span>\n\t\t\t\t\t<\/span>\n\t\t\t\t\t<\/a>\n\t\t\t\t\t\t\t\t<\/div>\n\t\t\t\t\t<\/div>\n\t\t\t\t<\/div>\n\t\t\t\t<\/div>\n\t\t\t\t<\/div>\n\t\t<div class=\"elementor-element elementor-element-b202344 e-con-full e-flex e-con e-parent\" data-id=\"b202344\" data-element_type=\"container\" data-settings=\"{&quot;background_background&quot;:&quot;classic&quot;}\">\n\t\t<div class=\"elementor-element elementor-element-e80b4da e-con-full e-flex e-con e-child\" data-id=\"e80b4da\" data-element_type=\"container\">\n\t\t\t\t<div class=\"elementor-element elementor-element-3f79d2c animated-fast elementor-invisible elementor-widget elementor-widget-image\" data-id=\"3f79d2c\" data-element_type=\"widget\" data-settings=\"{&quot;_animation&quot;:&quot;fadeInDown&quot;}\" data-widget_type=\"image.default\">\n\t\t\t\t\t\t\t\t\t\t\t\t\t\t\t<img loading=\"lazy\" decoding=\"async\" width=\"1500\" height=\"1500\" src=\"https:\/\/delta-fil.com\/wp-content\/uploads\/2023\/03\/Teamleden.003-min.png\" class=\"attachment-full size-full wp-image-2152\" alt=\"\" srcset=\"https:\/\/delta-fil.com\/wp-content\/uploads\/2023\/03\/Teamleden.003-min.png 1500w, https:\/\/delta-fil.com\/wp-content\/uploads\/2023\/03\/Teamleden.003-min-300x300.png 300w, https:\/\/delta-fil.com\/wp-content\/uploads\/2023\/03\/Teamleden.003-min-1024x1024.png 1024w, https:\/\/delta-fil.com\/wp-content\/uploads\/2023\/03\/Teamleden.003-min-150x150.png 150w, https:\/\/delta-fil.com\/wp-content\/uploads\/2023\/03\/Teamleden.003-min-768x768.png 768w, https:\/\/delta-fil.com\/wp-content\/uploads\/2023\/03\/Teamleden.003-min-12x12.png 12w\" sizes=\"auto, (max-width: 1500px) 100vw, 1500px\" \/>\t\t\t\t\t\t\t\t\t\t\t\t\t\t\t<\/div>\n\t\t\t\t<\/div>\n\t\t<div class=\"elementor-element elementor-element-f98a225 e-con-full e-flex e-con e-child\" data-id=\"f98a225\" data-element_type=\"container\">\n\t\t\t\t<div class=\"elementor-element elementor-element-52b9f32 elementor-widget-divider--view-line elementor-widget elementor-widget-divider\" data-id=\"52b9f32\" data-element_type=\"widget\" data-widget_type=\"divider.default\">\n\t\t\t\t\t\t\t<div class=\"elementor-divider\">\n\t\t\t<span class=\"elementor-divider-separator\">\n\t\t\t\t\t\t<\/span>\n\t\t<\/div>\n\t\t\t\t\t\t<\/div>\n\t\t\t\t<div class=\"elementor-element elementor-element-dc1972e elementor-widget elementor-widget-heading\" data-id=\"dc1972e\" data-element_type=\"widget\" data-widget_type=\"heading.default\">\n\t\t\t\t\t<h2 class=\"elementor-heading-title elementor-size-default\">\u00bfEn qu\u00e9 podemos ayudarle?<\/h2>\t\t\t\t<\/div>\n\t\t\t\t<div class=\"elementor-element elementor-element-b32a567 elementor-widget elementor-widget-text-editor\" data-id=\"b32a567\" data-element_type=\"widget\" data-widget_type=\"text-editor.default\">\n\t\t\t\t\t\t\t\t\t<p>\u00bfTiene alguna pregunta sobre nuestros hilos de coser ? \u00bfSon adecuados para sus m\u00e1quinas de cerrar bolsas? \u00bfTiene curiosidad por los plazos de entrega? Estaremos encantados de hablar con usted y responder a cualquier inquietud que pueda tener.<\/p>\t\t\t\t\t\t\t\t<\/div>\n\t\t\t\t<div class=\"elementor-element elementor-element-fe8c772 elementor-tablet-align-center elementor-align-left elementor-widget elementor-widget-button\" data-id=\"fe8c772\" data-element_type=\"widget\" id=\"knop\" data-widget_type=\"button.default\">\n\t\t\t\t\t\t\t\t\t\t<a class=\"elementor-button elementor-button-link elementor-size-sm\" href=\"https:\/\/delta-fil.com\/es\/contact\">\n\t\t\t\t\t\t<span class=\"elementor-button-content-wrapper\">\n\t\t\t\t\t\t\t\t\t<span class=\"elementor-button-text\">cont\u00e1ctenos<\/span>\n\t\t\t\t\t<\/span>\n\t\t\t\t\t<\/a>\n\t\t\t\t\t\t\t\t<\/div>\n\t\t\t\t<\/div>\n\t\t\t\t<\/div>\n\t\t\t\t<\/div>","protected":false},"excerpt":{"rendered":"<p>bouw industrie Deltafil levert naaigarens die volledig geschikt zijn voor het dichtnaaien van zakken voor bedrijven in de chemische industrie. Onze pluisvrije industri\u00eble zaknaaigarens werken probleemloos op professionele zakkennaaimachines van alle gerenommeerde fabrikanten. Uit voorraad leverbaar! Klik hier Deltafil zaknaaigarens voor de bouwindustrie Deltafil is sinds 1895 een gevestigde naam in de textielindustrie en groeide [&hellip;]<\/p>\n","protected":false},"author":4,"featured_media":9642,"parent":0,"menu_order":0,"comment_status":"closed","ping_status":"closed","template":"elementor_header_footer","meta":{"_acf_changed":false,"footnotes":""},"class_list":["post-2276","page","type-page","status-publish","has-post-thumbnail","hentry"],"mb":[],"acf":[],"mfb_rest_fields":["title","gutenberg_elementor_mode"],"_links":{"self":[{"href":"https:\/\/delta-fil.com\/es\/wp-json\/wp\/v2\/pages\/2276","targetHints":{"allow":["GET"]}}],"collection":[{"href":"https:\/\/delta-fil.com\/es\/wp-json\/wp\/v2\/pages"}],"about":[{"href":"https:\/\/delta-fil.com\/es\/wp-json\/wp\/v2\/types\/page"}],"author":[{"embeddable":true,"href":"https:\/\/delta-fil.com\/es\/wp-json\/wp\/v2\/users\/4"}],"replies":[{"embeddable":true,"href":"https:\/\/delta-fil.com\/es\/wp-json\/wp\/v2\/comments?post=2276"}],"version-history":[{"count":75,"href":"https:\/\/delta-fil.com\/es\/wp-json\/wp\/v2\/pages\/2276\/revisions"}],"predecessor-version":[{"id":11082,"href":"https:\/\/delta-fil.com\/es\/wp-json\/wp\/v2\/pages\/2276\/revisions\/11082"}],"wp:featuredmedia":[{"embeddable":true,"href":"https:\/\/delta-fil.com\/es\/wp-json\/wp\/v2\/media\/9642"}],"wp:attachment":[{"href":"https:\/\/delta-fil.com\/es\/wp-json\/wp\/v2\/media?parent=2276"}],"curies":[{"name":"wp","href":"https:\/\/api.w.org\/{rel}","templated":true}]}}