{"id":9066,"date":"2025-02-19T10:41:40","date_gmt":"2025-02-19T10:41:40","guid":{"rendered":"https:\/\/delta-fil.com\/?page_id=9066"},"modified":"2025-03-20T07:42:41","modified_gmt":"2025-03-20T07:42:41","slug":"papel-crepe","status":"publish","type":"page","link":"https:\/\/delta-fil.com\/es\/papel-crepe","title":{"rendered":"Cinta de crep\u00e9"},"content":{"rendered":"<div data-elementor-type=\"wp-page\" data-elementor-id=\"9066\" class=\"elementor elementor-9066\" data-elementor-post-type=\"page\">\n\t\t\t\t<div class=\"elementor-element elementor-element-93cae3b e-con-full e-flex e-con e-parent\" data-id=\"93cae3b\" data-element_type=\"container\">\n\t\t<div class=\"elementor-element elementor-element-c92601c e-con-full e-flex e-con e-child\" data-id=\"c92601c\" data-element_type=\"container\">\n\t\t\t\t<div class=\"elementor-element elementor-element-2659bd5 animated-fast elementor-invisible elementor-widget elementor-widget-image\" data-id=\"2659bd5\" data-element_type=\"widget\" data-settings=\"{&quot;_animation&quot;:&quot;fadeInDown&quot;}\" data-widget_type=\"image.default\">\n\t\t\t\t\t\t\t\t\t\t\t\t\t\t\t<img loading=\"lazy\" decoding=\"async\" width=\"1025\" height=\"1152\" src=\"https:\/\/delta-fil.com\/wp-content\/uploads\/2023\/03\/DSC04524-2.webp\" class=\"attachment-full size-full wp-image-2548\" alt=\"Cinta de crep\u00e9 de Deltafil\" srcset=\"https:\/\/delta-fil.com\/wp-content\/uploads\/2023\/03\/DSC04524-2.webp 1025w, https:\/\/delta-fil.com\/wp-content\/uploads\/2023\/03\/DSC04524-2-267x300.webp 267w, https:\/\/delta-fil.com\/wp-content\/uploads\/2023\/03\/DSC04524-2-911x1024.webp 911w, https:\/\/delta-fil.com\/wp-content\/uploads\/2023\/03\/DSC04524-2-768x863.webp 768w, https:\/\/delta-fil.com\/wp-content\/uploads\/2023\/03\/DSC04524-2-11x12.webp 11w\" sizes=\"auto, (max-width: 1025px) 100vw, 1025px\" \/>\t\t\t\t\t\t\t\t\t\t\t\t\t\t\t<\/div>\n\t\t\t\t<div class=\"elementor-element elementor-element-ddb7357 elementor-widget elementor-widget-button\" data-id=\"ddb7357\" data-element_type=\"widget\" id=\"knop\" data-widget_type=\"button.default\">\n\t\t\t\t\t\t\t\t\t\t<a class=\"elementor-button elementor-button-link elementor-size-sm\" href=\"#elementor-action%3Aaction%3Dpopup%3Aopen%26settings%3DeyJpZCI6IjkzNzMiLCJ0b2dnbGUiOmZhbHNlfQ%3D%3D\">\n\t\t\t\t\t\t<span class=\"elementor-button-content-wrapper\">\n\t\t\t\t\t\t\t\t\t<span class=\"elementor-button-text\">solicitar informaci\u00f3n<\/span>\n\t\t\t\t\t<\/span>\n\t\t\t\t\t<\/a>\n\t\t\t\t\t\t\t\t<\/div>\n\t\t\t\t<div class=\"elementor-element elementor-element-1f0aa43 elementor-widget elementor-widget-button\" data-id=\"1f0aa43\" data-element_type=\"widget\" id=\"knop\" data-widget_type=\"button.default\">\n\t\t\t\t\t\t\t\t\t\t<a class=\"elementor-button elementor-button-link elementor-size-sm\" href=\"tel:+31135432624\">\n\t\t\t\t\t\t<span class=\"elementor-button-content-wrapper\">\n\t\t\t\t\t\t\t\t\t<span class=\"elementor-button-text\">o llamar +31 (0)13 543 26 24<\/span>\n\t\t\t\t\t<\/span>\n\t\t\t\t\t<\/a>\n\t\t\t\t\t\t\t\t<\/div>\n\t\t\t\t<\/div>\n\t\t<div class=\"elementor-element elementor-element-d4803b1 e-con-full e-flex e-con e-child\" data-id=\"d4803b1\" data-element_type=\"container\">\n\t\t<div class=\"elementor-element elementor-element-734b240 e-con-full e-flex e-con e-child\" data-id=\"734b240\" data-element_type=\"container\" data-settings=\"{&quot;background_background&quot;:&quot;classic&quot;}\">\n\t\t\t\t<div class=\"elementor-element elementor-element-0d8f067 elementor-widget elementor-widget-heading\" data-id=\"0d8f067\" data-element_type=\"widget\" data-widget_type=\"heading.default\">\n\t\t\t\t\t<h1 class=\"elementor-heading-title elementor-size-default\">Cinta de crep\u00e9<\/h1>\t\t\t\t<\/div>\n\t\t\t\t<div class=\"elementor-element elementor-element-71274fd elementor-widget-mobile__width-inherit elementor-widget elementor-widget-heading\" data-id=\"71274fd\" data-element_type=\"widget\" data-widget_type=\"heading.default\">\n\t\t\t\t\t<h3 class=\"elementor-heading-title elementor-size-default\">cinta de papel crep\u00e9 \u2013 130 g\/m2<\/h3>\t\t\t\t<\/div>\n\t\t\t\t<div class=\"elementor-element elementor-element-851a3bd elementor-widget elementor-widget-text-editor\" data-id=\"851a3bd\" data-element_type=\"widget\" data-widget_type=\"text-editor.default\">\n\t\t\t\t\t\t\t\t\t<p>Cinta crep\u00e9 de primera calidad en varios colores y formatos para el cierre herm\u00e9tico al aire y al polvo de bolsas.<\/p>\t\t\t\t\t\t\t\t<\/div>\n\t\t\t\t<\/div>\n\t\t<div class=\"elementor-element elementor-element-0327257 e-con-full e-flex e-con e-child\" data-id=\"0327257\" data-element_type=\"container\" data-settings=\"{&quot;background_background&quot;:&quot;classic&quot;}\">\n\t\t\t\t<div class=\"elementor-element elementor-element-21ad993 elementor-widget elementor-widget-heading\" data-id=\"21ad993\" data-element_type=\"widget\" data-widget_type=\"heading.default\">\n\t\t\t\t\t<h3 class=\"elementor-heading-title elementor-size-default\">Especificaciones cinta crep\u00e9<\/h3>\t\t\t\t<\/div>\n\t\t\t\t<div class=\"elementor-element elementor-element-6233ec3 elementor-widget-divider--view-line elementor-widget elementor-widget-divider\" data-id=\"6233ec3\" data-element_type=\"widget\" data-widget_type=\"divider.default\">\n\t\t\t\t\t\t\t<div class=\"elementor-divider\">\n\t\t\t<span class=\"elementor-divider-separator\">\n\t\t\t\t\t\t<\/span>\n\t\t<\/div>\n\t\t\t\t\t\t<\/div>\n\t\t\t\t<div class=\"elementor-element elementor-element-f22d219 elementor-widget elementor-widget-text-editor\" data-id=\"f22d219\" data-element_type=\"widget\" data-widget_type=\"text-editor.default\">\n\t\t\t\t\t\t\t\t\t<p>Deltafil suministra papel crep\u00e9 de alta calidad con un peso de 130 g\/m\u00b2. Suministramos diferentes colores: blanco, crudo, amarillo, rojo, azul, verde, etc.; en varios anchos: 50 mm, 60 mm. Los di\u00e1metros del rollo oscilan entre 20 cm y 90 cm. Si no encuentra su calidad entre ellos, h\u00e1ganoslo saber. Estaremos encantados de encontrarla por usted.<\/p>\t\t\t\t\t\t\t\t<\/div>\n\t\t\t\t<\/div>\n\t\t\t\t<\/div>\n\t\t\t\t<\/div>\n\t\t<div class=\"elementor-element elementor-element-9c9883f e-con-full e-flex e-con e-parent\" data-id=\"9c9883f\" data-element_type=\"container\">\n\t\t\t\t<div class=\"elementor-element elementor-element-0ad996d elementor-widget elementor-widget-heading\" data-id=\"0ad996d\" data-element_type=\"widget\" data-widget_type=\"heading.default\">\n\t\t\t\t\t<h2 class=\"elementor-heading-title elementor-size-default\">Cinta crep\u00e9 y papel crep\u00e9 de alta calidad de Deltafil<\/h2>\t\t\t\t<\/div>\n\t\t\t\t<\/div>\n\t\t<div class=\"elementor-element elementor-element-7c35971 e-con-full e-flex e-con e-parent\" data-id=\"7c35971\" data-element_type=\"container\">\n\t\t<div class=\"elementor-element elementor-element-a09f7da e-con-full e-flex e-con e-child\" data-id=\"a09f7da\" data-element_type=\"container\">\n\t\t\t\t<div class=\"elementor-element elementor-element-bcd60b0 elementor-widget elementor-widget-text-editor\" data-id=\"bcd60b0\" data-element_type=\"widget\" data-widget_type=\"text-editor.default\">\n\t\t\t\t\t\t\t\t\t<p>Deltafil ofrece una amplia gama de cinta crep\u00e9 y papel crep\u00e9 de alta calidad, perfectos para el sellado herm\u00e9tico y antipolvo de bolsas. Disponibles en varios colores y diferentes anchos. Esta versatilidad le permite seleccionar la cinta crep\u00e9 que mejor se adapte a sus necesidades de embalaje. El papel crep\u00e9 de Deltafil cumple las normas m\u00e1s estrictas del sector.<\/p>\t\t\t\t\t\t\t\t<\/div>\n\t\t\t\t<\/div>\n\t\t<div class=\"elementor-element elementor-element-79086f4 e-con-full e-flex e-con e-child\" data-id=\"79086f4\" data-element_type=\"container\">\n\t\t\t\t<div class=\"elementor-element elementor-element-efe74f6 elementor-widget elementor-widget-text-editor\" data-id=\"efe74f6\" data-element_type=\"widget\" data-widget_type=\"text-editor.default\">\n\t\t\t\t\t\t\t\t\t<p>Nuestro equipo especializado garantiza que los productos de cinta crep\u00e9 y papel crep\u00e9 se fabriquen y envasen con el m\u00e1ximo cuidado. Entendemos la importancia de la fiabilidad para sus aplicaciones y nos esforzamos por ofrecer productos de alta calidad que cumplan sus expectativas. Si la calidad que desea no est\u00e1 disponible de serie, estamos dispuestos a encontrar soluciones personalizadas para satisfacer sus especificaciones exclusivas.<\/p>\t\t\t\t\t\t\t\t<\/div>\n\t\t\t\t<\/div>\n\t\t\t\t<\/div>\n\t\t<div class=\"elementor-element elementor-element-194d6e4 e-con-full e-flex e-con e-parent\" data-id=\"194d6e4\" data-element_type=\"container\">\n\t\t<div class=\"elementor-element elementor-element-55a84c5 e-con-full e-flex e-con e-child\" data-id=\"55a84c5\" data-element_type=\"container\" data-settings=\"{&quot;background_background&quot;:&quot;classic&quot;}\">\n\t\t\t\t<div class=\"elementor-element elementor-element-205c58d animated-fast elementor-invisible elementor-widget elementor-widget-image\" data-id=\"205c58d\" data-element_type=\"widget\" data-settings=\"{&quot;_animation&quot;:&quot;fadeInDown&quot;}\" data-widget_type=\"image.default\">\n\t\t\t\t\t\t\t\t\t\t\t\t\t\t\t<img loading=\"lazy\" decoding=\"async\" width=\"600\" height=\"800\" src=\"https:\/\/delta-fil.com\/wp-content\/uploads\/2023\/03\/Ook-interessant.002.png\" class=\"attachment-full size-full wp-image-2408\" alt=\"crep\u00e9\" srcset=\"https:\/\/delta-fil.com\/wp-content\/uploads\/2023\/03\/Ook-interessant.002.png 600w, https:\/\/delta-fil.com\/wp-content\/uploads\/2023\/03\/Ook-interessant.002-225x300.png 225w, https:\/\/delta-fil.com\/wp-content\/uploads\/2023\/03\/Ook-interessant.002-9x12.png 9w\" sizes=\"auto, (max-width: 600px) 100vw, 600px\" \/>\t\t\t\t\t\t\t\t\t\t\t\t\t\t\t<\/div>\n\t\t\t\t<\/div>\n\t\t<div class=\"elementor-element elementor-element-911ef5c e-con-full e-flex e-con e-child\" data-id=\"911ef5c\" data-element_type=\"container\" data-settings=\"{&quot;background_background&quot;:&quot;classic&quot;}\">\n\t\t\t\t<div class=\"elementor-element elementor-element-1f7dc95 elementor-widget-divider--view-line elementor-widget elementor-widget-divider\" data-id=\"1f7dc95\" data-element_type=\"widget\" data-widget_type=\"divider.default\">\n\t\t\t\t\t\t\t<div class=\"elementor-divider\">\n\t\t\t<span class=\"elementor-divider-separator\">\n\t\t\t\t\t\t<\/span>\n\t\t<\/div>\n\t\t\t\t\t\t<\/div>\n\t\t\t\t<div class=\"elementor-element elementor-element-0f39cd0 elementor-widget elementor-widget-heading\" data-id=\"0f39cd0\" data-element_type=\"widget\" data-widget_type=\"heading.default\">\n\t\t\t\t\t<h2 class=\"elementor-heading-title elementor-size-default\">durabilidad y fiabilidad<\/h2>\t\t\t\t<\/div>\n\t\t\t\t<div class=\"elementor-element elementor-element-2bc9e07 elementor-widget elementor-widget-text-editor\" data-id=\"2bc9e07\" data-element_type=\"widget\" data-widget_type=\"text-editor.default\">\n\t\t\t\t\t\t\t\t\t<p>Nuestro papel crep\u00e9 no s\u00f3lo ofrece una excelente funcionalidad, sino tambi\u00e9n durabilidad y fiabilidad. Con un peso constante de 130 g\/m\u00b2, nuestro material es adecuado para diversas aplicaciones en diferentes industrias. Deltafil se compromete a ofrecer productos de m\u00e1xima calidad que satisfagan sus expectativas.<\/p>\t\t\t\t\t\t\t\t<\/div>\n\t\t\t\t<\/div>\n\t\t\t\t<\/div>\n\t\t<div class=\"elementor-element elementor-element-b688896 e-con-full animated-fast e-flex elementor-invisible e-con e-parent\" data-id=\"b688896\" data-element_type=\"container\" data-settings=\"{&quot;animation&quot;:&quot;fadeInUp&quot;}\">\n\t\t<div class=\"elementor-element elementor-element-0a906cc e-con-full e-flex e-con e-child\" data-id=\"0a906cc\" data-element_type=\"container\">\n\t\t\t\t<div class=\"elementor-element elementor-element-bbf97a0 elementor-widget-divider--view-line elementor-widget elementor-widget-divider\" data-id=\"bbf97a0\" data-element_type=\"widget\" data-widget_type=\"divider.default\">\n\t\t\t\t\t\t\t<div class=\"elementor-divider\">\n\t\t\t<span class=\"elementor-divider-separator\">\n\t\t\t\t\t\t<\/span>\n\t\t<\/div>\n\t\t\t\t\t\t<\/div>\n\t\t\t\t<\/div>\n\t\t<div class=\"elementor-element elementor-element-f55e0a8 e-con-full e-flex e-con e-child\" data-id=\"f55e0a8\" data-element_type=\"container\">\n\t\t\t\t<div class=\"elementor-element elementor-element-82ad699 elementor-widget elementor-widget-text-editor\" data-id=\"82ad699\" data-element_type=\"widget\" data-widget_type=\"text-editor.default\">\n\t\t\t\t\t\t\t\t\t<p>le puede interesar<\/p>\t\t\t\t\t\t\t\t<\/div>\n\t\t\t\t<\/div>\n\t\t<div class=\"elementor-element elementor-element-f1d13d0 e-con-full e-flex e-con e-child\" data-id=\"f1d13d0\" data-element_type=\"container\">\n\t\t\t\t<div class=\"elementor-element elementor-element-30c1548 elementor-widget-divider--view-line elementor-widget elementor-widget-divider\" data-id=\"30c1548\" data-element_type=\"widget\" data-widget_type=\"divider.default\">\n\t\t\t\t\t\t\t<div class=\"elementor-divider\">\n\t\t\t<span class=\"elementor-divider-separator\">\n\t\t\t\t\t\t<\/span>\n\t\t<\/div>\n\t\t\t\t\t\t<\/div>\n\t\t\t\t<\/div>\n\t\t\t\t<\/div>\n\t\t<div class=\"elementor-element elementor-element-f3f5f60 e-con-full e-flex e-con e-parent\" data-id=\"f3f5f60\" data-element_type=\"container\" data-settings=\"{&quot;background_background&quot;:&quot;classic&quot;}\">\n\t\t<div class=\"elementor-element elementor-element-627efea e-con-full e-flex e-con e-child\" data-id=\"627efea\" data-element_type=\"container\">\n\t\t\t\t<div class=\"elementor-element elementor-element-2f4f16b elementor-invisible elementor-widget elementor-widget-image\" data-id=\"2f4f16b\" data-element_type=\"widget\" data-settings=\"{&quot;_animation&quot;:&quot;fadeInDown&quot;}\" data-widget_type=\"image.default\">\n\t\t\t\t\t\t\t\t\t\t\t\t\t\t\t<img loading=\"lazy\" decoding=\"async\" width=\"600\" height=\"800\" src=\"https:\/\/delta-fil.com\/wp-content\/uploads\/2023\/03\/colors.001.png\" class=\"attachment-full size-full wp-image-2565\" alt=\"Hilos de coser industriales de bolsillo de Deltafil\" srcset=\"https:\/\/delta-fil.com\/wp-content\/uploads\/2023\/03\/colors.001.png 600w, https:\/\/delta-fil.com\/wp-content\/uploads\/2023\/03\/colors.001-225x300.png 225w, https:\/\/delta-fil.com\/wp-content\/uploads\/2023\/03\/colors.001-9x12.png 9w\" sizes=\"auto, (max-width: 600px) 100vw, 600px\" \/>\t\t\t\t\t\t\t\t\t\t\t\t\t\t\t<\/div>\n\t\t\t\t<div class=\"elementor-element elementor-element-606e5b4 elementor-widget elementor-widget-heading\" data-id=\"606e5b4\" data-element_type=\"widget\" data-widget_type=\"heading.default\">\n\t\t\t\t\t<h3 class=\"elementor-heading-title elementor-size-default\">hilos de coser<\/h3>\t\t\t\t<\/div>\n\t\t\t\t<div class=\"elementor-element elementor-element-458fd61 elementor-widget elementor-widget-text-editor\" data-id=\"458fd61\" data-element_type=\"widget\" data-widget_type=\"text-editor.default\">\n\t\t\t\t\t\t\t\t\t<p>Hilos para m\u00e1quina de cerrar bolsas de alta calidad fabricados con poli\u00e9ster, materiales biodegradables y polipropileno.<\/p>\t\t\t\t\t\t\t\t<\/div>\n\t\t\t\t<div class=\"elementor-element elementor-element-53c918e elementor-align-center elementor-widget elementor-widget-button\" data-id=\"53c918e\" data-element_type=\"widget\" id=\"knop\" data-widget_type=\"button.default\">\n\t\t\t\t\t\t\t\t\t\t<a class=\"elementor-button elementor-button-link elementor-size-sm\" href=\"https:\/\/delta-fil.com\/es\/productos\">\n\t\t\t\t\t\t<span class=\"elementor-button-content-wrapper\">\n\t\t\t\t\t\t\t\t\t<span class=\"elementor-button-text\">hilos de coser<\/span>\n\t\t\t\t\t<\/span>\n\t\t\t\t\t<\/a>\n\t\t\t\t\t\t\t\t<\/div>\n\t\t\t\t<\/div>\n\t\t<div class=\"elementor-element elementor-element-3029ae4 e-con-full e-flex e-con e-child\" data-id=\"3029ae4\" data-element_type=\"container\">\n\t\t\t\t<div class=\"elementor-element elementor-element-dde8897 elementor-invisible elementor-widget elementor-widget-image\" data-id=\"dde8897\" data-element_type=\"widget\" data-settings=\"{&quot;_animation&quot;:&quot;fadeInDown&quot;,&quot;_animation_delay&quot;:125}\" data-widget_type=\"image.default\">\n\t\t\t\t\t\t\t\t\t\t\t\t\t\t\t<img loading=\"lazy\" decoding=\"async\" width=\"600\" height=\"800\" src=\"https:\/\/delta-fil.com\/wp-content\/uploads\/2023\/03\/vulkoordint.001.png\" class=\"attachment-full size-full wp-image-2533\" alt=\"cord\u00f3n de relleno\" srcset=\"https:\/\/delta-fil.com\/wp-content\/uploads\/2023\/03\/vulkoordint.001.png 600w, https:\/\/delta-fil.com\/wp-content\/uploads\/2023\/03\/vulkoordint.001-225x300.png 225w, https:\/\/delta-fil.com\/wp-content\/uploads\/2023\/03\/vulkoordint.001-9x12.png 9w\" sizes=\"auto, (max-width: 600px) 100vw, 600px\" \/>\t\t\t\t\t\t\t\t\t\t\t\t\t\t\t<\/div>\n\t\t\t\t<div class=\"elementor-element elementor-element-bb471ca elementor-widget elementor-widget-heading\" data-id=\"bb471ca\" data-element_type=\"widget\" data-widget_type=\"heading.default\">\n\t\t\t\t\t<h3 class=\"elementor-heading-title elementor-size-default\">cord\u00f3n de relleno<\/h3>\t\t\t\t<\/div>\n\t\t\t\t<div class=\"elementor-element elementor-element-4ed1ac5 elementor-widget elementor-widget-text-editor\" data-id=\"4ed1ac5\" data-element_type=\"widget\" data-widget_type=\"text-editor.default\">\n\t\t\t\t\t\t\t\t\t<p>Cord\u00f3n de relleno de alta calidad para sellar sacos a prueba de polvo.<\/p>\t\t\t\t\t\t\t\t<\/div>\n\t\t\t\t<div class=\"elementor-element elementor-element-5f4e715 elementor-align-center elementor-widget elementor-widget-button\" data-id=\"5f4e715\" data-element_type=\"widget\" id=\"knop\" data-widget_type=\"button.default\">\n\t\t\t\t\t\t\t\t\t\t<a class=\"elementor-button elementor-button-link elementor-size-sm\" href=\"https:\/\/delta-fil.com\/es\/cordon-de-relleno\/20-8-algodon-4-5kg-cordon-de-relleno-3\">\n\t\t\t\t\t\t<span class=\"elementor-button-content-wrapper\">\n\t\t\t\t\t\t\t\t\t<span class=\"elementor-button-text\">cord\u00f3n de relleno<\/span>\n\t\t\t\t\t<\/span>\n\t\t\t\t\t<\/a>\n\t\t\t\t\t\t\t\t<\/div>\n\t\t\t\t<\/div>\n\t\t<div class=\"elementor-element elementor-element-80c59d2 e-con-full e-flex e-con e-child\" data-id=\"80c59d2\" data-element_type=\"container\">\n\t\t\t\t<div class=\"elementor-element elementor-element-5ddb670 elementor-invisible elementor-widget elementor-widget-image\" data-id=\"5ddb670\" data-element_type=\"widget\" data-settings=\"{&quot;_animation&quot;:&quot;fadeInDown&quot;,&quot;_animation_delay&quot;:250}\" data-widget_type=\"image.default\">\n\t\t\t\t\t\t\t\t\t\t\t\t\t\t\t<img loading=\"lazy\" decoding=\"async\" width=\"600\" height=\"800\" src=\"https:\/\/delta-fil.com\/wp-content\/uploads\/2023\/03\/Ook-interessant.003.png\" class=\"attachment-full size-full wp-image-2409\" alt=\"M\u00e1quinas de cerrar bolsas\" srcset=\"https:\/\/delta-fil.com\/wp-content\/uploads\/2023\/03\/Ook-interessant.003.png 600w, https:\/\/delta-fil.com\/wp-content\/uploads\/2023\/03\/Ook-interessant.003-225x300.png 225w, https:\/\/delta-fil.com\/wp-content\/uploads\/2023\/03\/Ook-interessant.003-9x12.png 9w\" sizes=\"auto, (max-width: 600px) 100vw, 600px\" \/>\t\t\t\t\t\t\t\t\t\t\t\t\t\t\t<\/div>\n\t\t\t\t<div class=\"elementor-element elementor-element-03b1bbb elementor-widget elementor-widget-heading\" data-id=\"03b1bbb\" data-element_type=\"widget\" data-widget_type=\"heading.default\">\n\t\t\t\t\t<h3 class=\"elementor-heading-title elementor-size-default\">m\u00e1quinas de cerrar bolsas<\/h3>\t\t\t\t<\/div>\n\t\t\t\t<div class=\"elementor-element elementor-element-645c6c7 elementor-widget elementor-widget-text-editor\" data-id=\"645c6c7\" data-element_type=\"widget\" data-widget_type=\"text-editor.default\">\n\t\t\t\t\t\t\t\t\t<p>Valiosos consejos para la compra y el mantenimiento de m\u00e1quinas de coser.<\/p>\t\t\t\t\t\t\t\t<\/div>\n\t\t\t\t<div class=\"elementor-element elementor-element-14b550e elementor-align-center elementor-widget elementor-widget-button\" data-id=\"14b550e\" data-element_type=\"widget\" id=\"knop\" data-widget_type=\"button.default\">\n\t\t\t\t\t\t\t\t\t\t<a class=\"elementor-button elementor-button-link elementor-size-sm\" href=\"https:\/\/delta-fil.com\/es\/maquinas-de-cerrar-bolsas\">\n\t\t\t\t\t\t<span class=\"elementor-button-content-wrapper\">\n\t\t\t\t\t\t\t\t\t<span class=\"elementor-button-text\">m\u00e1quinas de cerrar bolsas<\/span>\n\t\t\t\t\t<\/span>\n\t\t\t\t\t<\/a>\n\t\t\t\t\t\t\t\t<\/div>\n\t\t\t\t<\/div>\n\t\t\t\t<\/div>\n\t\t<div class=\"elementor-element elementor-element-6287211 e-con-full e-flex e-con e-parent\" data-id=\"6287211\" data-element_type=\"container\" data-settings=\"{&quot;background_background&quot;:&quot;classic&quot;}\">\n\t\t<div class=\"elementor-element elementor-element-154c4f1 e-con-full e-flex e-con e-child\" data-id=\"154c4f1\" data-element_type=\"container\">\n\t\t\t\t<div class=\"elementor-element elementor-element-70f6800 animated-fast elementor-invisible elementor-widget elementor-widget-image\" data-id=\"70f6800\" data-element_type=\"widget\" data-settings=\"{&quot;_animation&quot;:&quot;fadeInDown&quot;}\" data-widget_type=\"image.default\">\n\t\t\t\t\t\t\t\t\t\t\t\t\t\t\t<img loading=\"lazy\" decoding=\"async\" width=\"1500\" height=\"1500\" src=\"https:\/\/delta-fil.com\/wp-content\/uploads\/2023\/03\/Teamleden.005-min.png\" class=\"attachment-full size-full wp-image-2154\" alt=\"\" srcset=\"https:\/\/delta-fil.com\/wp-content\/uploads\/2023\/03\/Teamleden.005-min.png 1500w, https:\/\/delta-fil.com\/wp-content\/uploads\/2023\/03\/Teamleden.005-min-300x300.png 300w, https:\/\/delta-fil.com\/wp-content\/uploads\/2023\/03\/Teamleden.005-min-1024x1024.png 1024w, https:\/\/delta-fil.com\/wp-content\/uploads\/2023\/03\/Teamleden.005-min-150x150.png 150w, https:\/\/delta-fil.com\/wp-content\/uploads\/2023\/03\/Teamleden.005-min-768x768.png 768w, https:\/\/delta-fil.com\/wp-content\/uploads\/2023\/03\/Teamleden.005-min-12x12.png 12w\" sizes=\"auto, (max-width: 1500px) 100vw, 1500px\" \/>\t\t\t\t\t\t\t\t\t\t\t\t\t\t\t<\/div>\n\t\t\t\t<\/div>\n\t\t<div class=\"elementor-element elementor-element-4afdd25 e-con-full e-flex e-con e-child\" data-id=\"4afdd25\" data-element_type=\"container\">\n\t\t\t\t<div class=\"elementor-element elementor-element-757cde9 elementor-widget-divider--view-line elementor-widget elementor-widget-divider\" data-id=\"757cde9\" data-element_type=\"widget\" data-widget_type=\"divider.default\">\n\t\t\t\t\t\t\t<div class=\"elementor-divider\">\n\t\t\t<span class=\"elementor-divider-separator\">\n\t\t\t\t\t\t<\/span>\n\t\t<\/div>\n\t\t\t\t\t\t<\/div>\n\t\t\t\t<div class=\"elementor-element elementor-element-c0b831f elementor-widget elementor-widget-heading\" data-id=\"c0b831f\" data-element_type=\"widget\" data-widget_type=\"heading.default\">\n\t\t\t\t\t<h2 class=\"elementor-heading-title elementor-size-default\">\u00bfEn qu\u00e9 podemos ayudarle?<\/h2>\t\t\t\t<\/div>\n\t\t\t\t<div class=\"elementor-element elementor-element-b302ec0 elementor-widget elementor-widget-text-editor\" data-id=\"b302ec0\" data-element_type=\"widget\" data-widget_type=\"text-editor.default\">\n\t\t\t\t\t\t\t\t\t<p>\u00bfTiene alguna pregunta sobre nuestros hilos de coser ? \u00bfSon adecuados para sus m\u00e1quinas de cerrar bolsas? \u00bfTiene curiosidad por los plazos de entrega? Estaremos encantados de hablar con usted y responder a cualquier inquietud que pueda tener.<\/p>\t\t\t\t\t\t\t\t<\/div>\n\t\t\t\t<div class=\"elementor-element elementor-element-559dc24 elementor-tablet-align-center elementor-align-left elementor-widget elementor-widget-button\" data-id=\"559dc24\" data-element_type=\"widget\" id=\"knop\" data-widget_type=\"button.default\">\n\t\t\t\t\t\t\t\t\t\t<a class=\"elementor-button elementor-button-link elementor-size-sm\" href=\"https:\/\/delta-fil.com\/es\/contacto\">\n\t\t\t\t\t\t<span class=\"elementor-button-content-wrapper\">\n\t\t\t\t\t\t\t\t\t<span class=\"elementor-button-text\">cont\u00e1ctenos<\/span>\n\t\t\t\t\t<\/span>\n\t\t\t\t\t<\/a>\n\t\t\t\t\t\t\t\t<\/div>\n\t\t\t\t<\/div>\n\t\t\t\t<\/div>\n\t\t\t\t<\/div>","protected":false},"excerpt":{"rendered":"<p>solicite informaci\u00f3n o llame al +31 (0)13 543 26 24 Cinta crep\u00e9 papel cinta crep\u00e9 - 130 g\/m\u00b2 Cinta crep\u00e9 de primera calidad en varios colores y formatos para el cierre herm\u00e9tico al aire y al polvo de bolsas. Especificaciones de la cinta crep\u00e9 Deltafil suministra papel crep\u00e9 de alta calidad de 130 g\/m\u00b2. Suministramos varios colores: blanco, crudo, amarillo, rojo, azul, verde, etc. en [...].<\/p>","protected":false},"author":1,"featured_media":2548,"parent":0,"menu_order":0,"comment_status":"closed","ping_status":"closed","template":"elementor_header_footer","meta":{"_acf_changed":false,"footnotes":""},"class_list":["post-9066","page","type-page","status-publish","has-post-thumbnail","hentry"],"acf":[],"_links":{"self":[{"href":"https:\/\/delta-fil.com\/es\/wp-json\/wp\/v2\/pages\/9066","targetHints":{"allow":["GET"]}}],"collection":[{"href":"https:\/\/delta-fil.com\/es\/wp-json\/wp\/v2\/pages"}],"about":[{"href":"https:\/\/delta-fil.com\/es\/wp-json\/wp\/v2\/types\/page"}],"author":[{"embeddable":true,"href":"https:\/\/delta-fil.com\/es\/wp-json\/wp\/v2\/users\/1"}],"replies":[{"embeddable":true,"href":"https:\/\/delta-fil.com\/es\/wp-json\/wp\/v2\/comments?post=9066"}],"version-history":[{"count":16,"href":"https:\/\/delta-fil.com\/es\/wp-json\/wp\/v2\/pages\/9066\/revisions"}],"predecessor-version":[{"id":11125,"href":"https:\/\/delta-fil.com\/es\/wp-json\/wp\/v2\/pages\/9066\/revisions\/11125"}],"wp:featuredmedia":[{"embeddable":true,"href":"https:\/\/delta-fil.com\/es\/wp-json\/wp\/v2\/media\/2548"}],"wp:attachment":[{"href":"https:\/\/delta-fil.com\/es\/wp-json\/wp\/v2\/media?parent=9066"}],"curies":[{"name":"wp","href":"https:\/\/api.w.org\/{rel}","templated":true}]}}