{"id":2207,"date":"2023-03-08T11:32:31","date_gmt":"2023-03-08T11:32:31","guid":{"rendered":"https:\/\/dev.delta-fil.com\/?page_id=2207"},"modified":"2025-07-02T14:34:12","modified_gmt":"2025-07-02T14:34:12","slug":"union-special-pocket-sewing-machine-reliable-american-quality","status":"publish","type":"page","link":"https:\/\/delta-fil.com\/fr\/union-special-zakkennaaimachine-betrouwbare-amerikaanse-kwaliteit","title":{"rendered":"machines \u00e0 coudre les sacs Union Special"},"content":{"rendered":"<div data-elementor-type=\"wp-page\" data-elementor-id=\"2207\" class=\"elementor elementor-2207\" data-elementor-post-type=\"page\">\n\t\t\t\t<div class=\"elementor-element elementor-element-4faada8a e-con-full e-flex e-con e-parent\" data-id=\"4faada8a\" data-element_type=\"container\" data-settings=\"{&quot;background_background&quot;:&quot;classic&quot;}\">\n\t\t<div class=\"elementor-element elementor-element-714aa4a5 e-con-full e-flex e-con e-child\" data-id=\"714aa4a5\" data-element_type=\"container\">\n\t\t\t\t<div class=\"elementor-element elementor-element-6c7db2a9 animated-fast elementor-widget-divider--view-line elementor-invisible elementor-widget elementor-widget-divider\" data-id=\"6c7db2a9\" data-element_type=\"widget\" data-settings=\"{&quot;_animation&quot;:&quot;fadeInUp&quot;}\" data-widget_type=\"divider.default\">\n\t\t\t\t\t\t\t<div class=\"elementor-divider\">\n\t\t\t<span class=\"elementor-divider-separator\">\n\t\t\t\t\t\t<\/span>\n\t\t<\/div>\n\t\t\t\t\t\t<\/div>\n\t\t\t\t<div class=\"elementor-element elementor-element-3ca25786 elementor-widget elementor-widget-heading\" data-id=\"3ca25786\" data-element_type=\"widget\" data-widget_type=\"heading.default\">\n\t\t\t\t\t<h1 class=\"elementor-heading-title elementor-size-default\">Sp\u00e9cial Union<\/h1>\t\t\t\t<\/div>\n\t\t\t\t<div class=\"elementor-element elementor-element-0d7b285 elementor-widget elementor-widget-heading\" data-id=\"0d7b285\" data-element_type=\"widget\" data-widget_type=\"heading.default\">\n\t\t\t\t\t<h2 class=\"elementor-heading-title elementor-size-default\">machines \u00e0 coudre<\/h2>\t\t\t\t<\/div>\n\t\t\t\t<div class=\"elementor-element elementor-element-5a441d6a elementor-widget elementor-widget-text-editor\" data-id=\"5a441d6a\" data-element_type=\"widget\" data-widget_type=\"text-editor.default\">\n\t\t\t\t\t\t\t\t\t<p>Gr\u00e2ce \u00e0 nos connaissances, \u00e0 nos nombreux contacts dans le monde entier et \u00e0 nos ann\u00e9es d'exp\u00e9rience, nous pouvons vous conseiller sur l'entretien ou l'achat de machines \u00e0 coudre les sacs de Union Special et de leurs syst\u00e8mes de couture complets.<\/p>\t\t\t\t\t\t\t\t<\/div>\n\t\t\t\t<div class=\"elementor-element elementor-element-ffecf9a elementor-hidden-desktop elementor-hidden-tablet elementor-hidden-mobile elementor-widget elementor-widget-button\" data-id=\"ffecf9a\" data-element_type=\"widget\" data-widget_type=\"button.default\">\n\t\t\t\t\t\t\t\t\t\t<a class=\"elementor-button elementor-button-link elementor-size-sm\" href=\"https:\/\/unionspecial.com\/\">\n\t\t\t\t\t\t<span class=\"elementor-button-content-wrapper\">\n\t\t\t\t\t\t\t\t\t<span class=\"elementor-button-text\">Cliquez ici<\/span>\n\t\t\t\t\t<\/span>\n\t\t\t\t\t<\/a>\n\t\t\t\t\t\t\t\t<\/div>\n\t\t\t\t<\/div>\n\t\t<div class=\"elementor-element elementor-element-7d7b4565 e-con-full animated-fast e-flex elementor-invisible e-con e-child\" data-id=\"7d7b4565\" data-element_type=\"container\" data-settings=\"{&quot;background_background&quot;:&quot;classic&quot;,&quot;animation&quot;:&quot;fadeInDown&quot;}\">\n\t\t\t\t<\/div>\n\t\t\t\t<\/div>\n\t\t<div class=\"elementor-element elementor-element-055e92a e-con-full e-flex e-con e-parent\" data-id=\"055e92a\" data-element_type=\"container\">\n\t\t\t\t<div class=\"elementor-element elementor-element-e3ded21 elementor-widget__width-inherit elementor-widget elementor-widget-heading\" data-id=\"e3ded21\" data-element_type=\"widget\" data-widget_type=\"heading.default\">\n\t\t\t\t\t<h2 class=\"elementor-heading-title elementor-size-default\">Fil \u00e0 coudre pour les sacs premium Deltafil pour Union Special<\/h2>\t\t\t\t<\/div>\n\t\t<div class=\"elementor-element elementor-element-f4b7a62 e-con-full e-flex e-con e-child\" data-id=\"f4b7a62\" data-element_type=\"container\">\n\t\t\t\t<div class=\"elementor-element elementor-element-f39be7c elementor-widget__width-initial elementor-widget-tablet__width-inherit elementor-widget elementor-widget-text-editor\" data-id=\"f39be7c\" data-element_type=\"widget\" data-widget_type=\"text-editor.default\">\n\t\t\t\t\t\t\t\t\t<p>Deltafil est pr\u00e9sent dans l'industrie textile depuis 1895 et est devenu un acteur international de premier plan avec son propre site de production en Indon\u00e9sie. Depuis 1993, nous nous sommes sp\u00e9cialis\u00e9s dans les fils \u00e0 coudre pour les machines \u00e0 coudre les sacs Union Special.\u00a0<\/p>\t\t\t\t\t\t\t\t<\/div>\n\t\t\t\t<div class=\"elementor-element elementor-element-7f3162f elementor-widget__width-initial elementor-widget-tablet__width-inherit elementor-widget elementor-widget-text-editor\" data-id=\"7f3162f\" data-element_type=\"widget\" data-widget_type=\"text-editor.default\">\n\t\t\t\t\t\t\t\t\t<p>Nous livrons notre fil \u00e0 coudre premiums dans plus de 33 pays dans le monde. Nos clients, dont de nombreux distributeurs, les livrent dans bien d\u2019autres pays encore. Vous trouverez tr\u00e8s probablement de fil \u00e0 coudre pour les sacs Deltafil dans votre entourage proche.\u00a0<\/p>\t\t\t\t\t\t\t\t<\/div>\n\t\t\t\t<div class=\"elementor-element elementor-element-13b6cb3 elementor-align-left elementor-tablet-align-left elementor-widget__width-inherit elementor-widget elementor-widget-button\" data-id=\"13b6cb3\" data-element_type=\"widget\" id=\"knop\" data-widget_type=\"button.default\">\n\t\t\t\t\t\t\t\t\t\t<a class=\"elementor-button elementor-button-link elementor-size-sm\" href=\"https:\/\/delta-fil.com\/fr\/producten\">\n\t\t\t\t\t\t<span class=\"elementor-button-content-wrapper\">\n\t\t\t\t\t\t\t\t\t<span class=\"elementor-button-text\">fil \u00e0 coudre pour sacs<\/span>\n\t\t\t\t\t<\/span>\n\t\t\t\t\t<\/a>\n\t\t\t\t\t\t\t\t<\/div>\n\t\t\t\t<\/div>\n\t\t\t\t<\/div>\n\t\t<div class=\"elementor-element elementor-element-52b349e e-con-full e-flex e-con e-parent\" data-id=\"52b349e\" data-element_type=\"container\">\n\t\t<div class=\"elementor-element elementor-element-fa1e909 e-con-full image-box animated-fast e-flex elementor-invisible e-con e-child\" data-id=\"fa1e909\" data-element_type=\"container\" data-settings=\"{&quot;background_background&quot;:&quot;classic&quot;,&quot;animation&quot;:&quot;fadeInDown&quot;}\">\n\t\t\t\t<\/div>\n\t\t<div class=\"elementor-element elementor-element-b1916e3 e-con-full e-flex e-con e-child\" data-id=\"b1916e3\" data-element_type=\"container\">\n\t\t\t\t<div class=\"elementor-element elementor-element-8e7b4b8 elementor-widget-divider--view-line elementor-widget elementor-widget-divider\" data-id=\"8e7b4b8\" data-element_type=\"widget\" data-widget_type=\"divider.default\">\n\t\t\t\t\t\t\t<div class=\"elementor-divider\">\n\t\t\t<span class=\"elementor-divider-separator\">\n\t\t\t\t\t\t<\/span>\n\t\t<\/div>\n\t\t\t\t\t\t<\/div>\n\t\t\t\t<div class=\"elementor-element elementor-element-b944632 elementor-widget elementor-widget-text-editor\" data-id=\"b944632\" data-element_type=\"widget\" data-widget_type=\"text-editor.default\">\n\t\t\t\t\t\t\t\t\t<p>Gr\u00e2ce \u00e0 nos connaissances, \u00e0 nos nombreux contacts dans le monde entier et \u00e0 nos ann\u00e9es d'exp\u00e9rience, nous pouvons \u00e9galement vous conseiller sur l'entretien ou l'achat de machines \u00e0 coudre les sacs et de syst\u00e8mes de couture complets de Union Special.<\/p>\t\t\t\t\t\t\t\t<\/div>\n\t\t\t\t<div class=\"elementor-element elementor-element-10d5401 elementor-widget elementor-widget-text-editor\" data-id=\"10d5401\" data-element_type=\"widget\" data-widget_type=\"text-editor.default\">\n\t\t\t\t\t\t\t\t\t<p>Nous nous ferons un plaisir de vous mettre en contact avec un fournisseur fiable et comp\u00e9tent, partout dans le monde.<\/p>\t\t\t\t\t\t\t\t<\/div>\n\t\t<div class=\"elementor-element elementor-element-6f48f38 e-flex e-con-boxed e-con e-child\" data-id=\"6f48f38\" data-element_type=\"container\">\n\t\t\t\t\t<div class=\"e-con-inner\">\n\t\t\t\t<div class=\"elementor-element elementor-element-6b6ad02 elementor-tablet-align-center elementor-widget elementor-widget-button\" data-id=\"6b6ad02\" data-element_type=\"widget\" id=\"knop\" data-widget_type=\"button.default\">\n\t\t\t\t\t\t\t\t\t\t<a class=\"elementor-button elementor-button-link elementor-size-sm\" href=\"https:\/\/delta-fil.com\/fr\/zakkennaaimachines\">\n\t\t\t\t\t\t<span class=\"elementor-button-content-wrapper\">\n\t\t\t\t\t\t\t\t\t<span class=\"elementor-button-text\">plus d'informations<\/span>\n\t\t\t\t\t<\/span>\n\t\t\t\t\t<\/a>\n\t\t\t\t\t\t\t\t<\/div>\n\t\t\t\t\t<\/div>\n\t\t\t\t<\/div>\n\t\t\t\t<\/div>\n\t\t\t\t<\/div>\n\t\t<div class=\"elementor-element elementor-element-3ed11629 e-con-full e-flex e-con e-parent\" data-id=\"3ed11629\" data-element_type=\"container\">\n\t\t<div class=\"elementor-element elementor-element-44de0b24 e-con-full e-flex e-con e-child\" data-id=\"44de0b24\" data-element_type=\"container\">\n\t\t\t\t<div class=\"elementor-element elementor-element-221671cb elementor-widget-divider--view-line elementor-widget elementor-widget-divider\" data-id=\"221671cb\" data-element_type=\"widget\" data-widget_type=\"divider.default\">\n\t\t\t\t\t\t\t<div class=\"elementor-divider\">\n\t\t\t<span class=\"elementor-divider-separator\">\n\t\t\t\t\t\t<\/span>\n\t\t<\/div>\n\t\t\t\t\t\t<\/div>\n\t\t\t\t<div class=\"elementor-element elementor-element-71dd0031 elementor-widget elementor-widget-heading\" data-id=\"71dd0031\" data-element_type=\"widget\" data-widget_type=\"heading.default\">\n\t\t\t\t\t<h2 class=\"elementor-heading-title elementor-size-default\">fil \u00e0 coudre pour les sacs pour Union Special\n<\/h2>\t\t\t\t<\/div>\n\t\t\t\t<div class=\"elementor-element elementor-element-56bc8552 elementor-widget elementor-widget-text-editor\" data-id=\"56bc8552\" data-element_type=\"widget\" data-widget_type=\"text-editor.default\">\n\t\t\t\t\t\t\t\t\t<p>Le fil \u00e0 coudre pour les sacs de Deltafil conviennent pour les machines \u00e0 coudre de tous les fabricants renomm\u00e9s, parmi lesquels Union Special. Ainsi, notre fil \u00e0 coudre pour les sacs sont \u00e9norm\u00e9ment utilis\u00e9s sur les machines \u00e0 coudre suivantes:<\/p>\t\t\t\t\t\t\t\t<\/div>\n\t\t\t\t<div class=\"elementor-element elementor-element-15c904d elementor-icon-list--layout-traditional elementor-list-item-link-full_width elementor-widget elementor-widget-icon-list\" data-id=\"15c904d\" data-element_type=\"widget\" data-widget_type=\"icon-list.default\">\n\t\t\t\t\t\t\t<ul class=\"elementor-icon-list-items\">\n\t\t\t\t\t\t\t<li class=\"elementor-icon-list-item\">\n\t\t\t\t\t\t\t\t\t\t\t<span class=\"elementor-icon-list-icon\">\n\t\t\t\t\t\t\t<i aria-hidden=\"true\" class=\"fas fa-check\"><\/i>\t\t\t\t\t\t<\/span>\n\t\t\t\t\t\t\t\t\t\t<span class=\"elementor-icon-list-text\">Couture simple portable - 1 fil (s\u00e9rie 4000)<\/span>\n\t\t\t\t\t\t\t\t\t<\/li>\n\t\t\t\t\t\t\t\t<li class=\"elementor-icon-list-item\">\n\t\t\t\t\t\t\t\t\t\t\t<span class=\"elementor-icon-list-icon\">\n\t\t\t\t\t\t\t<i aria-hidden=\"true\" class=\"fas fa-check\"><\/i>\t\t\t\t\t\t<\/span>\n\t\t\t\t\t\t\t\t\t\t<span class=\"elementor-icon-list-text\">Couture ordinaire portable - 2 fils (s\u00e9rie 2200)<\/span>\n\t\t\t\t\t\t\t\t\t<\/li>\n\t\t\t\t\t\t\t\t<li class=\"elementor-icon-list-item\">\n\t\t\t\t\t\t\t\t\t\t\t<span class=\"elementor-icon-list-icon\">\n\t\t\t\t\t\t\t<i aria-hidden=\"true\" class=\"fas fa-check\"><\/i>\t\t\t\t\t\t<\/span>\n\t\t\t\t\t\t\t\t\t\t<span class=\"elementor-icon-list-text\">T\u00eates de couture unies et \u00e0 ruban (s\u00e9rie BC200)<\/span>\n\t\t\t\t\t\t\t\t\t<\/li>\n\t\t\t\t\t\t\t\t<li class=\"elementor-icon-list-item\">\n\t\t\t\t\t\t\t\t\t\t\t<span class=\"elementor-icon-list-icon\">\n\t\t\t\t\t\t\t<i aria-hidden=\"true\" class=\"fas fa-check\"><\/i>\t\t\t\t\t\t<\/span>\n\t\t\t\t\t\t\t\t\t\t<span class=\"elementor-icon-list-text\">T\u00eates de couture Plain &amp; Tape Sew (S\u00e9rie 80800_N\u2122)<\/span>\n\t\t\t\t\t\t\t\t\t<\/li>\n\t\t\t\t\t\t\t\t<li class=\"elementor-icon-list-item\">\n\t\t\t\t\t\t\t\t\t\t\t<span class=\"elementor-icon-list-icon\">\n\t\t\t\t\t\t\t<i aria-hidden=\"true\" class=\"fas fa-check\"><\/i>\t\t\t\t\t\t<\/span>\n\t\t\t\t\t\t\t\t\t\t<span class=\"elementor-icon-list-text\">T\u00eates de couture pour couture simple et couture \u00e0 ruban (s\u00e9rie BCE300)<\/span>\n\t\t\t\t\t\t\t\t\t<\/li>\n\t\t\t\t\t\t\t\t<li class=\"elementor-icon-list-item\">\n\t\t\t\t\t\t\t\t\t\t\t<span class=\"elementor-icon-list-icon\">\n\t\t\t\t\t\t\t<i aria-hidden=\"true\" class=\"fas fa-check\"><\/i>\t\t\t\t\t\t<\/span>\n\t\t\t\t\t\t\t\t\t\t<span class=\"elementor-icon-list-text\">Coudre \u00e0 plat et \u00e0 l'aide d'une bande US400 + BC211<\/span>\n\t\t\t\t\t\t\t\t\t<\/li>\n\t\t\t\t\t\t\t\t<li class=\"elementor-icon-list-item\">\n\t\t\t\t\t\t\t\t\t\t\t<span class=\"elementor-icon-list-icon\">\n\t\t\t\t\t\t\t<i aria-hidden=\"true\" class=\"fas fa-check\"><\/i>\t\t\t\t\t\t<\/span>\n\t\t\t\t\t\t\t\t\t\t<span class=\"elementor-icon-list-text\">- Couture \u00e0 plat et \u00e0 ruban US400 + BC211 Style universel,<\/span>\n\t\t\t\t\t\t\t\t\t<\/li>\n\t\t\t\t\t\t\t\t<li class=\"elementor-icon-list-item\">\n\t\t\t\t\t\t\t\t\t\t\t<span class=\"elementor-icon-list-icon\">\n\t\t\t\t\t\t\t<i aria-hidden=\"true\" class=\"fas fa-check\"><\/i>\t\t\t\t\t\t<\/span>\n\t\t\t\t\t\t\t\t\t\t<span class=\"elementor-icon-list-text\">Coudre en pliant US400 + BC211<\/span>\n\t\t\t\t\t\t\t\t\t<\/li>\n\t\t\t\t\t\t\t\t<li class=\"elementor-icon-list-item\">\n\t\t\t\t\t\t\t\t\t\t\t<span class=\"elementor-icon-list-icon\">\n\t\t\t\t\t\t\t<i aria-hidden=\"true\" class=\"fas fa-check\"><\/i>\t\t\t\t\t\t<\/span>\n\t\t\t\t\t\t\t\t\t\t<span class=\"elementor-icon-list-text\">Couture \u00e0 plat US400 + 80800RL Couture \u00e0 plat<\/span>\n\t\t\t\t\t\t\t\t\t<\/li>\n\t\t\t\t\t\t\t\t<li class=\"elementor-icon-list-item\">\n\t\t\t\t\t\t\t\t\t\t\t<span class=\"elementor-icon-list-icon\">\n\t\t\t\t\t\t\t<i aria-hidden=\"true\" class=\"fas fa-check\"><\/i>\t\t\t\t\t\t<\/span>\n\t\t\t\t\t\t\t\t\t\t<span class=\"elementor-icon-list-text\"> Couture ordinaire US100 + BC211<\/span>\n\t\t\t\t\t\t\t\t\t<\/li>\n\t\t\t\t\t\t\t\t<li class=\"elementor-icon-list-item\">\n\t\t\t\t\t\t\t\t\t\t\t<span class=\"elementor-icon-list-icon\">\n\t\t\t\t\t\t\t<i aria-hidden=\"true\" class=\"fas fa-check\"><\/i>\t\t\t\t\t\t<\/span>\n\t\t\t\t\t\t\t\t\t\t<span class=\"elementor-icon-list-text\">Syst\u00e8me manuel Plain Sew US100 + 80800C<\/span>\n\t\t\t\t\t\t\t\t\t<\/li>\n\t\t\t\t\t\t\t\t<li class=\"elementor-icon-list-item\">\n\t\t\t\t\t\t\t\t\t\t\t<span class=\"elementor-icon-list-icon\">\n\t\t\t\t\t\t\t<i aria-hidden=\"true\" class=\"fas fa-check\"><\/i>\t\t\t\t\t\t<\/span>\n\t\t\t\t\t\t\t\t\t\t<span class=\"elementor-icon-list-text\">Bande Easy-open Sw System US400 + BC211UA23-1 avec Easy Open Tape<\/span>\n\t\t\t\t\t\t\t\t\t<\/li>\n\t\t\t\t\t\t<\/ul>\n\t\t\t\t\t\t<\/div>\n\t\t\t\t<\/div>\n\t\t<div class=\"elementor-element elementor-element-424a78e2 e-con-full e-flex e-con e-child\" data-id=\"424a78e2\" data-element_type=\"container\">\n\t\t\t\t<div class=\"elementor-element elementor-element-2e286ac2 animated-fast elementor-invisible elementor-widget elementor-widget-image\" data-id=\"2e286ac2\" data-element_type=\"widget\" data-settings=\"{&quot;_animation&quot;:&quot;fadeInDown&quot;}\" data-widget_type=\"image.default\">\n\t\t\t\t\t\t\t\t\t\t\t\t\t\t\t<img loading=\"lazy\" decoding=\"async\" width=\"647\" height=\"969\" src=\"https:\/\/delta-fil.com\/wp-content\/uploads\/2023\/03\/DSC01552-1.webp\" class=\"attachment-full size-full wp-image-2211\" alt=\"machine \u00e0 coudre industrielle sp\u00e9ciale union\" srcset=\"https:\/\/delta-fil.com\/wp-content\/uploads\/2023\/03\/DSC01552-1.webp 647w, https:\/\/delta-fil.com\/wp-content\/uploads\/2023\/03\/DSC01552-1-200x300.webp 200w, https:\/\/delta-fil.com\/wp-content\/uploads\/2023\/03\/DSC01552-1-8x12.webp 8w\" sizes=\"auto, (max-width: 647px) 100vw, 647px\" \/>\t\t\t\t\t\t\t\t\t\t\t\t\t\t\t<\/div>\n\t\t\t\t<\/div>\n\t\t\t\t<\/div>\n\t\t<div class=\"elementor-element elementor-element-34e6f89 e-con-full e-flex e-con e-parent\" data-id=\"34e6f89\" data-element_type=\"container\" data-settings=\"{&quot;background_background&quot;:&quot;classic&quot;}\">\n\t\t<div class=\"elementor-element elementor-element-8773d10 e-con-full e-flex e-con e-child\" data-id=\"8773d10\" data-element_type=\"container\">\n\t\t\t\t<div class=\"elementor-element elementor-element-42fc4de animated-fast elementor-invisible elementor-widget elementor-widget-image\" data-id=\"42fc4de\" data-element_type=\"widget\" data-settings=\"{&quot;_animation&quot;:&quot;fadeInDown&quot;}\" data-widget_type=\"image.default\">\n\t\t\t\t\t\t\t\t\t\t\t\t\t\t\t<img loading=\"lazy\" decoding=\"async\" width=\"1500\" height=\"1500\" src=\"https:\/\/delta-fil.com\/wp-content\/uploads\/2023\/03\/Teamleden.010-min.png\" class=\"attachment-full size-full wp-image-2159\" alt=\"\" srcset=\"https:\/\/delta-fil.com\/wp-content\/uploads\/2023\/03\/Teamleden.010-min.png 1500w, https:\/\/delta-fil.com\/wp-content\/uploads\/2023\/03\/Teamleden.010-min-300x300.png 300w, https:\/\/delta-fil.com\/wp-content\/uploads\/2023\/03\/Teamleden.010-min-1024x1024.png 1024w, https:\/\/delta-fil.com\/wp-content\/uploads\/2023\/03\/Teamleden.010-min-150x150.png 150w, https:\/\/delta-fil.com\/wp-content\/uploads\/2023\/03\/Teamleden.010-min-768x768.png 768w, https:\/\/delta-fil.com\/wp-content\/uploads\/2023\/03\/Teamleden.010-min-12x12.png 12w\" sizes=\"auto, (max-width: 1500px) 100vw, 1500px\" \/>\t\t\t\t\t\t\t\t\t\t\t\t\t\t\t<\/div>\n\t\t\t\t<\/div>\n\t\t<div class=\"elementor-element elementor-element-cf47da1 e-con-full e-flex e-con e-child\" data-id=\"cf47da1\" data-element_type=\"container\">\n\t\t\t\t<div class=\"elementor-element elementor-element-568c75b elementor-widget-divider--view-line elementor-widget elementor-widget-divider\" data-id=\"568c75b\" data-element_type=\"widget\" data-widget_type=\"divider.default\">\n\t\t\t\t\t\t\t<div class=\"elementor-divider\">\n\t\t\t<span class=\"elementor-divider-separator\">\n\t\t\t\t\t\t<\/span>\n\t\t<\/div>\n\t\t\t\t\t\t<\/div>\n\t\t\t\t<div class=\"elementor-element elementor-element-5ad8b98 elementor-widget elementor-widget-heading\" data-id=\"5ad8b98\" data-element_type=\"widget\" data-widget_type=\"heading.default\">\n\t\t\t\t\t<h2 class=\"elementor-heading-title elementor-size-default\">Comment pouvons-nous vous aider?<\/h2>\t\t\t\t<\/div>\n\t\t\t\t<div class=\"elementor-element elementor-element-3c6ee06 elementor-widget elementor-widget-text-editor\" data-id=\"3c6ee06\" data-element_type=\"widget\" data-widget_type=\"text-editor.default\">\n\t\t\t\t\t\t\t\t\t<p>Si vous avez des questions sur nos fils pour machine \u00e0 fermer le sac pour voir s\u2019ils sont adapt\u00e9s \u00e0 vos machines \u00e0 coudre, ou si vous voulez connaitre le d\u00e9lai de livraison, nous nous ferons un plaisir de vous r\u00e9pondre personnellement.<\/p>\t\t\t\t\t\t\t\t<\/div>\n\t\t\t\t<div class=\"elementor-element elementor-element-2abdea9 elementor-tablet-align-center elementor-align-left elementor-widget elementor-widget-button\" data-id=\"2abdea9\" data-element_type=\"widget\" id=\"knop\" data-widget_type=\"button.default\">\n\t\t\t\t\t\t\t\t\t\t<a class=\"elementor-button elementor-button-link elementor-size-sm\" href=\"https:\/\/delta-fil.com\/fr\/contact\">\n\t\t\t\t\t\t<span class=\"elementor-button-content-wrapper\">\n\t\t\t\t\t\t\t\t\t<span class=\"elementor-button-text\">contactez-nous<\/span>\n\t\t\t\t\t<\/span>\n\t\t\t\t\t<\/a>\n\t\t\t\t\t\t\t\t<\/div>\n\t\t\t\t<\/div>\n\t\t\t\t<\/div>\n\t\t\t\t<\/div>","protected":false},"excerpt":{"rendered":"<p>Union Special zakkennaaimachines Door onze kennis, vele contacten wereldwijd en jarenlange ervaring kunnen wij u adviseren bij het onderhoud of de aanschaf van zakkennaaimachines van Union Special en hun complete naaisystemen. Klik hier Deltafil premium zaknaaigarens voor Union Special Deltafil is sinds 1895 actief in de textielindustrie en groeide uit tot een toonaangevende internationale speler [&hellip;]<\/p>\n","protected":false},"author":4,"featured_media":0,"parent":0,"menu_order":0,"comment_status":"closed","ping_status":"closed","template":"elementor_header_footer","meta":{"_acf_changed":false,"footnotes":""},"class_list":["post-2207","page","type-page","status-publish","hentry"],"mb":[],"acf":[],"mfb_rest_fields":["title","gutenberg_elementor_mode"],"_links":{"self":[{"href":"https:\/\/delta-fil.com\/fr\/wp-json\/wp\/v2\/pages\/2207","targetHints":{"allow":["GET"]}}],"collection":[{"href":"https:\/\/delta-fil.com\/fr\/wp-json\/wp\/v2\/pages"}],"about":[{"href":"https:\/\/delta-fil.com\/fr\/wp-json\/wp\/v2\/types\/page"}],"author":[{"embeddable":true,"href":"https:\/\/delta-fil.com\/fr\/wp-json\/wp\/v2\/users\/4"}],"replies":[{"embeddable":true,"href":"https:\/\/delta-fil.com\/fr\/wp-json\/wp\/v2\/comments?post=2207"}],"version-history":[{"count":35,"href":"https:\/\/delta-fil.com\/fr\/wp-json\/wp\/v2\/pages\/2207\/revisions"}],"predecessor-version":[{"id":11161,"href":"https:\/\/delta-fil.com\/fr\/wp-json\/wp\/v2\/pages\/2207\/revisions\/11161"}],"wp:attachment":[{"href":"https:\/\/delta-fil.com\/fr\/wp-json\/wp\/v2\/media?parent=2207"}],"curies":[{"name":"wp","href":"https:\/\/api.w.org\/{rel}","templated":true}]}}