{"id":2216,"date":"2023-03-08T11:39:23","date_gmt":"2023-03-08T11:39:23","guid":{"rendered":"https:\/\/dev.delta-fil.com\/?page_id=2216"},"modified":"2025-07-02T14:07:21","modified_gmt":"2025-07-02T14:07:21","slug":"machines-a-coudre-pour-sacs-dohle","status":"publish","type":"page","link":"https:\/\/delta-fil.com\/fr\/zakkennaaimachines-dohle","title":{"rendered":"Machines \u00e0 coudre les sacs Dohle"},"content":{"rendered":"<div data-elementor-type=\"wp-page\" data-elementor-id=\"2216\" class=\"elementor elementor-2216\" data-elementor-post-type=\"page\">\n\t\t\t\t<div class=\"elementor-element elementor-element-6271fccd e-con-full e-flex e-con e-parent\" data-id=\"6271fccd\" data-element_type=\"container\" data-settings=\"{&quot;background_background&quot;:&quot;classic&quot;}\">\n\t\t<div class=\"elementor-element elementor-element-51b4b30e e-con-full e-flex e-con e-child\" data-id=\"51b4b30e\" data-element_type=\"container\">\n\t\t\t\t<div class=\"elementor-element elementor-element-3a7e70cf animated-fast elementor-widget-divider--view-line elementor-invisible elementor-widget elementor-widget-divider\" data-id=\"3a7e70cf\" data-element_type=\"widget\" data-settings=\"{&quot;_animation&quot;:&quot;fadeInUp&quot;}\" data-widget_type=\"divider.default\">\n\t\t\t\t\t\t\t<div class=\"elementor-divider\">\n\t\t\t<span class=\"elementor-divider-separator\">\n\t\t\t\t\t\t<\/span>\n\t\t<\/div>\n\t\t\t\t\t\t<\/div>\n\t\t\t\t<div class=\"elementor-element elementor-element-7bf927a elementor-widget elementor-widget-heading\" data-id=\"7bf927a\" data-element_type=\"widget\" data-widget_type=\"heading.default\">\n\t\t\t\t\t<h1 class=\"elementor-heading-title elementor-size-default\">Dohle<\/h1>\t\t\t\t<\/div>\n\t\t\t\t<div class=\"elementor-element elementor-element-c764408 elementor-widget elementor-widget-heading\" data-id=\"c764408\" data-element_type=\"widget\" data-widget_type=\"heading.default\">\n\t\t\t\t\t<h2 class=\"elementor-heading-title elementor-size-default\">machines \u00e0 coudre<\/h2>\t\t\t\t<\/div>\n\t\t\t\t<div class=\"elementor-element elementor-element-35470d74 elementor-widget elementor-widget-text-editor\" data-id=\"35470d74\" data-element_type=\"widget\" data-widget_type=\"text-editor.default\">\n\t\t\t\t\t\t\t\t\t<p>Les fils \u00e0 coudre de couple Deltafil conviennent \u00e9galement aux machines \u00e0 coudre les sacs Dohle. Gr\u00e2ce \u00e0 nos connaissances, \u00e0 nos nombreux contacts dans le monde entier et \u00e0 notre longue exp\u00e9rience, nous pouvons \u00e9galement vous conseiller sur l'entretien ou l'achat de machines \u00e0 coudre dynamom\u00e9triques Dohle.<\/p>\t\t\t\t\t\t\t\t<\/div>\n\t\t\t\t<div class=\"elementor-element elementor-element-b870ecc elementor-hidden-desktop elementor-hidden-tablet elementor-hidden-mobile elementor-widget elementor-widget-button\" data-id=\"b870ecc\" data-element_type=\"widget\" data-widget_type=\"button.default\">\n\t\t\t\t\t\t\t\t\t\t<a class=\"elementor-button elementor-button-link elementor-size-sm\" href=\"https:\/\/www.dohle.de\/en\">\n\t\t\t\t\t\t<span class=\"elementor-button-content-wrapper\">\n\t\t\t\t\t\t\t\t\t<span class=\"elementor-button-text\">Cliquez ici<\/span>\n\t\t\t\t\t<\/span>\n\t\t\t\t\t<\/a>\n\t\t\t\t\t\t\t\t<\/div>\n\t\t\t\t<\/div>\n\t\t<div class=\"elementor-element elementor-element-21071af5 e-con-full animated-fast e-flex elementor-invisible e-con e-child\" data-id=\"21071af5\" data-element_type=\"container\" data-settings=\"{&quot;background_background&quot;:&quot;classic&quot;,&quot;animation&quot;:&quot;fadeInDown&quot;}\">\n\t\t\t\t<\/div>\n\t\t\t\t<\/div>\n\t\t<div class=\"elementor-element elementor-element-d328f6b e-con-full e-flex e-con e-parent\" data-id=\"d328f6b\" data-element_type=\"container\">\n\t\t\t\t<div class=\"elementor-element elementor-element-b08aa77 elementor-widget__width-inherit elementor-widget elementor-widget-heading\" data-id=\"b08aa77\" data-element_type=\"widget\" data-widget_type=\"heading.default\">\n\t\t\t\t\t<h2 class=\"elementor-heading-title elementor-size-default\">fil \u00e0 coudre premiums pour les sacs Deltafil pour Dohle<\/h2>\t\t\t\t<\/div>\n\t\t<div class=\"elementor-element elementor-element-997fadf e-con-full e-flex e-con e-child\" data-id=\"997fadf\" data-element_type=\"container\">\n\t\t\t\t<div class=\"elementor-element elementor-element-49f1a2c elementor-widget__width-initial elementor-widget-tablet__width-inherit elementor-widget elementor-widget-text-editor\" data-id=\"49f1a2c\" data-element_type=\"widget\" data-widget_type=\"text-editor.default\">\n\t\t\t\t\t\t\t\t\t<p>Deltafil est pr\u00e9sent dans l'industrie textile depuis 1895 et est devenu un acteur international de premier plan avec son propre site de production en Indon\u00e9sie. Depuis 1993, nous nous sommes sp\u00e9cialis\u00e9s dans les fils \u00e0 coudre pour les machines \u00e0 coudre les sacs Dohle.\u00a0<\/p>\t\t\t\t\t\t\t\t<\/div>\n\t\t\t\t<div class=\"elementor-element elementor-element-f83efa5 elementor-widget__width-initial elementor-widget-tablet__width-inherit elementor-widget elementor-widget-text-editor\" data-id=\"f83efa5\" data-element_type=\"widget\" data-widget_type=\"text-editor.default\">\n\t\t\t\t\t\t\t\t\t<p>Nous livrons notre fil \u00e0 coudre premiums dans plus de 33 pays dans le monde. Nos clients, dont de nombreux distributeurs, les livrent dans bien d\u2019autres pays encore. Vous trouverez tr\u00e8s probablement de fil \u00e0 coudre pour les sacs Deltafil dans votre entourage proche.\u00a0<\/p>\t\t\t\t\t\t\t\t<\/div>\n\t\t\t\t<div class=\"elementor-element elementor-element-fe2e6c9 elementor-align-left elementor-tablet-align-left elementor-widget__width-inherit elementor-widget elementor-widget-button\" data-id=\"fe2e6c9\" data-element_type=\"widget\" id=\"knop\" data-widget_type=\"button.default\">\n\t\t\t\t\t\t\t\t\t\t<a class=\"elementor-button elementor-button-link elementor-size-sm\" href=\"https:\/\/delta-fil.com\/fr\/producten\">\n\t\t\t\t\t\t<span class=\"elementor-button-content-wrapper\">\n\t\t\t\t\t\t\t\t\t<span class=\"elementor-button-text\">fil \u00e0 coudre pour sacs<\/span>\n\t\t\t\t\t<\/span>\n\t\t\t\t\t<\/a>\n\t\t\t\t\t\t\t\t<\/div>\n\t\t\t\t<\/div>\n\t\t\t\t<\/div>\n\t\t<div class=\"elementor-element elementor-element-750abed e-con-full e-flex e-con e-parent\" data-id=\"750abed\" data-element_type=\"container\">\n\t\t<div class=\"elementor-element elementor-element-53f50cd e-con-full image-box animated-fast e-flex elementor-invisible e-con e-child\" data-id=\"53f50cd\" data-element_type=\"container\" data-settings=\"{&quot;background_background&quot;:&quot;classic&quot;,&quot;animation&quot;:&quot;fadeInDown&quot;}\">\n\t\t\t\t<\/div>\n\t\t<div class=\"elementor-element elementor-element-c81089d e-con-full e-flex e-con e-child\" data-id=\"c81089d\" data-element_type=\"container\">\n\t\t\t\t<div class=\"elementor-element elementor-element-7dffd5c elementor-widget-divider--view-line elementor-widget elementor-widget-divider\" data-id=\"7dffd5c\" data-element_type=\"widget\" data-widget_type=\"divider.default\">\n\t\t\t\t\t\t\t<div class=\"elementor-divider\">\n\t\t\t<span class=\"elementor-divider-separator\">\n\t\t\t\t\t\t<\/span>\n\t\t<\/div>\n\t\t\t\t\t\t<\/div>\n\t\t\t\t<div class=\"elementor-element elementor-element-03ce4a2 elementor-widget elementor-widget-text-editor\" data-id=\"03ce4a2\" data-element_type=\"widget\" data-widget_type=\"text-editor.default\">\n\t\t\t\t\t\t\t\t\t<p>Gr\u00e2ce \u00e0 nos connaissances, aux nombreux contacts dans le monde entier et \u00e0 notre longue exp\u00e9rience, nous pouvons \u00e9galement vous conseiller pour l\u2019entretien ou l\u2019achat de machines \u00e0 coudre de sacs et de syst\u00e8mes de couture complets. Nous vous mettons volontiers en contact avec un fournisseur fiable et sp\u00e9cialis\u00e9, partout dans le monde.<\/p>\t\t\t\t\t\t\t\t<\/div>\n\t\t\t\t<div class=\"elementor-element elementor-element-6e1bfa0 elementor-widget elementor-widget-text-editor\" data-id=\"6e1bfa0\" data-element_type=\"widget\" data-widget_type=\"text-editor.default\">\n\t\t\t\t\t\t\t\t\t<p>Nous nous ferons un plaisir de vous mettre en contact avec un fournisseur fiable et comp\u00e9tent, partout dans le monde.<\/p>\t\t\t\t\t\t\t\t<\/div>\n\t\t<div class=\"elementor-element elementor-element-10e7dcf e-flex e-con-boxed e-con e-child\" data-id=\"10e7dcf\" data-element_type=\"container\">\n\t\t\t\t\t<div class=\"e-con-inner\">\n\t\t\t\t<div class=\"elementor-element elementor-element-206fa8b elementor-tablet-align-center elementor-widget elementor-widget-button\" data-id=\"206fa8b\" data-element_type=\"widget\" id=\"knop\" data-widget_type=\"button.default\">\n\t\t\t\t\t\t\t\t\t\t<a class=\"elementor-button elementor-button-link elementor-size-sm\" href=\"https:\/\/delta-fil.com\/fr\/zakkennaaimachines\">\n\t\t\t\t\t\t<span class=\"elementor-button-content-wrapper\">\n\t\t\t\t\t\t\t\t\t<span class=\"elementor-button-text\">plus d'informations<\/span>\n\t\t\t\t\t<\/span>\n\t\t\t\t\t<\/a>\n\t\t\t\t\t\t\t\t<\/div>\n\t\t\t\t\t<\/div>\n\t\t\t\t<\/div>\n\t\t\t\t<\/div>\n\t\t\t\t<\/div>\n\t\t<div class=\"elementor-element elementor-element-4875ef10 e-con-full e-flex e-con e-parent\" data-id=\"4875ef10\" data-element_type=\"container\">\n\t\t<div class=\"elementor-element elementor-element-47342259 e-con-full e-flex e-con e-child\" data-id=\"47342259\" data-element_type=\"container\">\n\t\t\t\t<div class=\"elementor-element elementor-element-4c62398 elementor-widget-divider--view-line elementor-widget elementor-widget-divider\" data-id=\"4c62398\" data-element_type=\"widget\" data-widget_type=\"divider.default\">\n\t\t\t\t\t\t\t<div class=\"elementor-divider\">\n\t\t\t<span class=\"elementor-divider-separator\">\n\t\t\t\t\t\t<\/span>\n\t\t<\/div>\n\t\t\t\t\t\t<\/div>\n\t\t\t\t<div class=\"elementor-element elementor-element-8c6d173 elementor-widget elementor-widget-heading\" data-id=\"8c6d173\" data-element_type=\"widget\" data-widget_type=\"heading.default\">\n\t\t\t\t\t<h2 class=\"elementor-heading-title elementor-size-default\">couplage du fil \u00e0 coudre pour Dohle\n\n<\/h2>\t\t\t\t<\/div>\n\t\t\t\t<div class=\"elementor-element elementor-element-54199792 elementor-widget elementor-widget-text-editor\" data-id=\"54199792\" data-element_type=\"widget\" data-widget_type=\"text-editor.default\">\n\t\t\t\t\t\t\t\t\t<p>Les fils \u00e0 coudre de Deltafil conviennent aux machines \u00e0 coudre industrielles de tous les fabricants renomm\u00e9s, y compris Dohle. Nos produits sont con\u00e7us dans un souci de durabilit\u00e9 et de pr\u00e9cision, ce qui leur permet non seulement de r\u00e9pondre aux normes industrielles les plus \u00e9lev\u00e9es, mais aussi de les d\u00e9passer. Par exemple, nos fils \u00e0 coudre de couple sont largement utilis\u00e9s dans les machines Dohle des types suivants :<\/p>\t\t\t\t\t\t\t\t<\/div>\n\t\t\t\t<div class=\"elementor-element elementor-element-6d5227f elementor-icon-list--layout-traditional elementor-list-item-link-full_width elementor-widget elementor-widget-icon-list\" data-id=\"6d5227f\" data-element_type=\"widget\" data-widget_type=\"icon-list.default\">\n\t\t\t\t\t\t\t<ul class=\"elementor-icon-list-items\">\n\t\t\t\t\t\t\t<li class=\"elementor-icon-list-item\">\n\t\t\t\t\t\t\t\t\t\t\t<span class=\"elementor-icon-list-icon\">\n\t\t\t\t\t\t\t<i aria-hidden=\"true\" class=\"fas fa-check\"><\/i>\t\t\t\t\t\t<\/span>\n\t\t\t\t\t\t\t\t\t\t<span class=\"elementor-icon-list-text\">852 \/ 952<\/span>\n\t\t\t\t\t\t\t\t\t<\/li>\n\t\t\t\t\t\t\t\t<li class=\"elementor-icon-list-item\">\n\t\t\t\t\t\t\t\t\t\t\t<span class=\"elementor-icon-list-icon\">\n\t\t\t\t\t\t\t<i aria-hidden=\"true\" class=\"fas fa-check\"><\/i>\t\t\t\t\t\t<\/span>\n\t\t\t\t\t\t\t\t\t\t<span class=\"elementor-icon-list-text\">Ultra-Super<\/span>\n\t\t\t\t\t\t\t\t\t<\/li>\n\t\t\t\t\t\t\t\t<li class=\"elementor-icon-list-item\">\n\t\t\t\t\t\t\t\t\t\t\t<span class=\"elementor-icon-list-icon\">\n\t\t\t\t\t\t\t<i aria-hidden=\"true\" class=\"fas fa-check\"><\/i>\t\t\t\t\t\t<\/span>\n\t\t\t\t\t\t\t\t\t\t<span class=\"elementor-icon-list-text\">Variant-L<\/span>\n\t\t\t\t\t\t\t\t\t<\/li>\n\t\t\t\t\t\t\t\t<li class=\"elementor-icon-list-item\">\n\t\t\t\t\t\t\t\t\t\t\t<span class=\"elementor-icon-list-icon\">\n\t\t\t\t\t\t\t<i aria-hidden=\"true\" class=\"fas fa-check\"><\/i>\t\t\t\t\t\t<\/span>\n\t\t\t\t\t\t\t\t\t\t<span class=\"elementor-icon-list-text\">L28 \/ L40<\/span>\n\t\t\t\t\t\t\t\t\t<\/li>\n\t\t\t\t\t\t\t\t<li class=\"elementor-icon-list-item\">\n\t\t\t\t\t\t\t\t\t\t\t<span class=\"elementor-icon-list-icon\">\n\t\t\t\t\t\t\t<i aria-hidden=\"true\" class=\"fas fa-check\"><\/i>\t\t\t\t\t\t<\/span>\n\t\t\t\t\t\t\t\t\t\t<span class=\"elementor-icon-list-text\">L452<\/span>\n\t\t\t\t\t\t\t\t\t<\/li>\n\t\t\t\t\t\t\t\t<li class=\"elementor-icon-list-item\">\n\t\t\t\t\t\t\t\t\t\t\t<span class=\"elementor-icon-list-icon\">\n\t\t\t\t\t\t\t<i aria-hidden=\"true\" class=\"fas fa-check\"><\/i>\t\t\t\t\t\t<\/span>\n\t\t\t\t\t\t\t\t\t\t<span class=\"elementor-icon-list-text\">Rapid-L<\/span>\n\t\t\t\t\t\t\t\t\t<\/li>\n\t\t\t\t\t\t\t\t<li class=\"elementor-icon-list-item\">\n\t\t\t\t\t\t\t\t\t\t\t<span class=\"elementor-icon-list-icon\">\n\t\t\t\t\t\t\t<i aria-hidden=\"true\" class=\"fas fa-check\"><\/i>\t\t\t\t\t\t<\/span>\n\t\t\t\t\t\t\t\t\t\t<span class=\"elementor-icon-list-text\">Variant-S<\/span>\n\t\t\t\t\t\t\t\t\t<\/li>\n\t\t\t\t\t\t\t\t<li class=\"elementor-icon-list-item\">\n\t\t\t\t\t\t\t\t\t\t\t<span class=\"elementor-icon-list-icon\">\n\t\t\t\t\t\t\t<i aria-hidden=\"true\" class=\"fas fa-check\"><\/i>\t\t\t\t\t\t<\/span>\n\t\t\t\t\t\t\t\t\t\t<span class=\"elementor-icon-list-text\">Rapid-S<\/span>\n\t\t\t\t\t\t\t\t\t<\/li>\n\t\t\t\t\t\t\t\t<li class=\"elementor-icon-list-item\">\n\t\t\t\t\t\t\t\t\t\t\t<span class=\"elementor-icon-list-icon\">\n\t\t\t\t\t\t\t<i aria-hidden=\"true\" class=\"fas fa-check\"><\/i>\t\t\t\t\t\t<\/span>\n\t\t\t\t\t\t\t\t\t\t<span class=\"elementor-icon-list-text\">T451<\/span>\n\t\t\t\t\t\t\t\t\t<\/li>\n\t\t\t\t\t\t<\/ul>\n\t\t\t\t\t\t<\/div>\n\t\t\t\t<\/div>\n\t\t<div class=\"elementor-element elementor-element-3a1f6558 e-con-full e-flex e-con e-child\" data-id=\"3a1f6558\" data-element_type=\"container\">\n\t\t\t\t<div class=\"elementor-element elementor-element-7a0dd931 animated-fast elementor-invisible elementor-widget elementor-widget-image\" data-id=\"7a0dd931\" data-element_type=\"widget\" data-settings=\"{&quot;_animation&quot;:&quot;fadeInDown&quot;}\" data-widget_type=\"image.default\">\n\t\t\t\t\t\t\t\t\t\t\t\t\t\t\t<img loading=\"lazy\" decoding=\"async\" width=\"576\" height=\"1024\" src=\"https:\/\/delta-fil.com\/wp-content\/uploads\/2023\/03\/DSC06360-576x1024-1.webp\" class=\"attachment-full size-full wp-image-2221\" alt=\"machine \u00e0 coudre dohle\" srcset=\"https:\/\/delta-fil.com\/wp-content\/uploads\/2023\/03\/DSC06360-576x1024-1.webp 576w, https:\/\/delta-fil.com\/wp-content\/uploads\/2023\/03\/DSC06360-576x1024-1-169x300.webp 169w, https:\/\/delta-fil.com\/wp-content\/uploads\/2023\/03\/DSC06360-576x1024-1-7x12.webp 7w\" sizes=\"auto, (max-width: 576px) 100vw, 576px\" \/>\t\t\t\t\t\t\t\t\t\t\t\t\t\t\t<\/div>\n\t\t\t\t<\/div>\n\t\t\t\t<\/div>\n\t\t<div class=\"elementor-element elementor-element-eef010a e-con-full e-flex e-con e-parent\" data-id=\"eef010a\" data-element_type=\"container\" data-settings=\"{&quot;background_background&quot;:&quot;classic&quot;}\">\n\t\t<div class=\"elementor-element elementor-element-7353916 e-con-full e-flex e-con e-child\" data-id=\"7353916\" data-element_type=\"container\">\n\t\t\t\t<div class=\"elementor-element elementor-element-a67f7e7 animated-fast elementor-invisible elementor-widget elementor-widget-image\" data-id=\"a67f7e7\" data-element_type=\"widget\" data-settings=\"{&quot;_animation&quot;:&quot;fadeInDown&quot;}\" data-widget_type=\"image.default\">\n\t\t\t\t\t\t\t\t\t\t\t\t\t\t\t<img loading=\"lazy\" decoding=\"async\" width=\"1500\" height=\"1500\" src=\"https:\/\/delta-fil.com\/wp-content\/uploads\/2023\/03\/Teamleden.007-min.png\" class=\"attachment-full size-full wp-image-2156\" alt=\"\" srcset=\"https:\/\/delta-fil.com\/wp-content\/uploads\/2023\/03\/Teamleden.007-min.png 1500w, https:\/\/delta-fil.com\/wp-content\/uploads\/2023\/03\/Teamleden.007-min-300x300.png 300w, https:\/\/delta-fil.com\/wp-content\/uploads\/2023\/03\/Teamleden.007-min-1024x1024.png 1024w, https:\/\/delta-fil.com\/wp-content\/uploads\/2023\/03\/Teamleden.007-min-150x150.png 150w, https:\/\/delta-fil.com\/wp-content\/uploads\/2023\/03\/Teamleden.007-min-768x768.png 768w, https:\/\/delta-fil.com\/wp-content\/uploads\/2023\/03\/Teamleden.007-min-12x12.png 12w\" sizes=\"auto, (max-width: 1500px) 100vw, 1500px\" \/>\t\t\t\t\t\t\t\t\t\t\t\t\t\t\t<\/div>\n\t\t\t\t<\/div>\n\t\t<div class=\"elementor-element elementor-element-eb4b807 e-con-full e-flex e-con e-child\" data-id=\"eb4b807\" data-element_type=\"container\">\n\t\t\t\t<div class=\"elementor-element elementor-element-327b76f elementor-widget-divider--view-line elementor-widget elementor-widget-divider\" data-id=\"327b76f\" data-element_type=\"widget\" data-widget_type=\"divider.default\">\n\t\t\t\t\t\t\t<div class=\"elementor-divider\">\n\t\t\t<span class=\"elementor-divider-separator\">\n\t\t\t\t\t\t<\/span>\n\t\t<\/div>\n\t\t\t\t\t\t<\/div>\n\t\t\t\t<div class=\"elementor-element elementor-element-ab06dae elementor-widget elementor-widget-heading\" data-id=\"ab06dae\" data-element_type=\"widget\" data-widget_type=\"heading.default\">\n\t\t\t\t\t<h2 class=\"elementor-heading-title elementor-size-default\">Comment pouvons-nous vous aider?<\/h2>\t\t\t\t<\/div>\n\t\t\t\t<div class=\"elementor-element elementor-element-fbc3f6c elementor-widget elementor-widget-text-editor\" data-id=\"fbc3f6c\" data-element_type=\"widget\" data-widget_type=\"text-editor.default\">\n\t\t\t\t\t\t\t\t\t<p>Si vous avez des questions sur nos fils pour machine \u00e0 fermer le sac pour voir s\u2019ils sont adapt\u00e9s \u00e0 vos machines \u00e0 coudre, ou si vous voulez connaitre le d\u00e9lai de livraison, nous nous ferons un plaisir de vous r\u00e9pondre personnellement.<\/p>\t\t\t\t\t\t\t\t<\/div>\n\t\t\t\t<div class=\"elementor-element elementor-element-f2c6334 elementor-tablet-align-center elementor-align-left elementor-widget elementor-widget-button\" data-id=\"f2c6334\" data-element_type=\"widget\" id=\"knop\" data-widget_type=\"button.default\">\n\t\t\t\t\t\t\t\t\t\t<a class=\"elementor-button elementor-button-link elementor-size-sm\" href=\"https:\/\/delta-fil.com\/fr\/contact\">\n\t\t\t\t\t\t<span class=\"elementor-button-content-wrapper\">\n\t\t\t\t\t\t\t\t\t<span class=\"elementor-button-text\">contactez-nous<\/span>\n\t\t\t\t\t<\/span>\n\t\t\t\t\t<\/a>\n\t\t\t\t\t\t\t\t<\/div>\n\t\t\t\t<\/div>\n\t\t\t\t<\/div>\n\t\t\t\t<\/div>","protected":false},"excerpt":{"rendered":"<p>Dohle zakkennaaimachines De koppelnaaigaren van Deltafil zijn ook geschikt voor Dohle zakkennaaimachines. Door onze kennis, vele contacten wereldwijd en jarenlange ervaring kunnen wij u ook adviseren bij het onderhoud of de aanschaf van koppelnaaimachines van Dohle. Klik hier Deltafil premium zaknaaigarens voor Dohle Deltafil is sinds 1895 actief in de textielindustrie en groeide uit tot [&hellip;]<\/p>\n","protected":false},"author":4,"featured_media":0,"parent":0,"menu_order":0,"comment_status":"closed","ping_status":"closed","template":"elementor_header_footer","meta":{"_acf_changed":false,"footnotes":""},"class_list":["post-2216","page","type-page","status-publish","hentry"],"mb":[],"acf":[],"mfb_rest_fields":["title","gutenberg_elementor_mode"],"_links":{"self":[{"href":"https:\/\/delta-fil.com\/fr\/wp-json\/wp\/v2\/pages\/2216","targetHints":{"allow":["GET"]}}],"collection":[{"href":"https:\/\/delta-fil.com\/fr\/wp-json\/wp\/v2\/pages"}],"about":[{"href":"https:\/\/delta-fil.com\/fr\/wp-json\/wp\/v2\/types\/page"}],"author":[{"embeddable":true,"href":"https:\/\/delta-fil.com\/fr\/wp-json\/wp\/v2\/users\/4"}],"replies":[{"embeddable":true,"href":"https:\/\/delta-fil.com\/fr\/wp-json\/wp\/v2\/comments?post=2216"}],"version-history":[{"count":28,"href":"https:\/\/delta-fil.com\/fr\/wp-json\/wp\/v2\/pages\/2216\/revisions"}],"predecessor-version":[{"id":11115,"href":"https:\/\/delta-fil.com\/fr\/wp-json\/wp\/v2\/pages\/2216\/revisions\/11115"}],"wp:attachment":[{"href":"https:\/\/delta-fil.com\/fr\/wp-json\/wp\/v2\/media?parent=2216"}],"curies":[{"name":"wp","href":"https:\/\/api.w.org\/{rel}","templated":true}]}}