{"id":2231,"date":"2023-03-08T11:46:35","date_gmt":"2023-03-08T11:46:35","guid":{"rendered":"https:\/\/dev.delta-fil.com\/?page_id=2231"},"modified":"2025-07-02T14:28:09","modified_gmt":"2025-07-02T14:28:09","slug":"machines-a-coudre-pour-sacs-newlong","status":"publish","type":"page","link":"https:\/\/delta-fil.com\/fr\/zakkennaaimachines-newlong","title":{"rendered":"Machines \u00e0 coudre les sacs Newlong"},"content":{"rendered":"<div data-elementor-type=\"wp-page\" data-elementor-id=\"2231\" class=\"elementor elementor-2231\" data-elementor-post-type=\"page\">\n\t\t\t\t<div class=\"elementor-element elementor-element-6e5d80ed e-con-full e-flex e-con e-parent\" data-id=\"6e5d80ed\" data-element_type=\"container\" data-settings=\"{&quot;background_background&quot;:&quot;classic&quot;}\">\n\t\t<div class=\"elementor-element elementor-element-79382829 e-con-full e-flex e-con e-child\" data-id=\"79382829\" data-element_type=\"container\">\n\t\t\t\t<div class=\"elementor-element elementor-element-5c6a9b84 animated-fast elementor-widget-divider--view-line elementor-invisible elementor-widget elementor-widget-divider\" data-id=\"5c6a9b84\" data-element_type=\"widget\" data-settings=\"{&quot;_animation&quot;:&quot;fadeInUp&quot;}\" data-widget_type=\"divider.default\">\n\t\t\t\t\t\t\t<div class=\"elementor-divider\">\n\t\t\t<span class=\"elementor-divider-separator\">\n\t\t\t\t\t\t<\/span>\n\t\t<\/div>\n\t\t\t\t\t\t<\/div>\n\t\t\t\t<div class=\"elementor-element elementor-element-84df0cb elementor-widget elementor-widget-heading\" data-id=\"84df0cb\" data-element_type=\"widget\" data-widget_type=\"heading.default\">\n\t\t\t\t\t<h1 class=\"elementor-heading-title elementor-size-default\">Newlong<\/h1>\t\t\t\t<\/div>\n\t\t\t\t<div class=\"elementor-element elementor-element-4c3ea20 elementor-widget elementor-widget-heading\" data-id=\"4c3ea20\" data-element_type=\"widget\" data-widget_type=\"heading.default\">\n\t\t\t\t\t<h2 class=\"elementor-heading-title elementor-size-default\">machines \u00e0 coudre<\/h2>\t\t\t\t<\/div>\n\t\t\t\t<div class=\"elementor-element elementor-element-5846a080 elementor-widget elementor-widget-text-editor\" data-id=\"5846a080\" data-element_type=\"widget\" data-widget_type=\"text-editor.default\">\n\t\t\t\t\t\t\t\t\t<p>Les fils de couture des sacs Deltafil conviennent aux machines \u00e0 coudre des sacs Newlong. Gr\u00e2ce \u00e0 nos connaissances, \u00e0 nos nombreux contacts dans le monde entier et \u00e0 notre longue exp\u00e9rience, nous pouvons \u00e9galement vous conseiller sur l'entretien ou l'achat de machines \u00e0 coudre \u00e0 poche Newlong et de syst\u00e8mes de couture complets.<\/p>\t\t\t\t\t\t\t\t<\/div>\n\t\t\t\t<div class=\"elementor-element elementor-element-08a6e0f elementor-hidden-desktop elementor-hidden-tablet elementor-hidden-mobile elementor-widget elementor-widget-button\" data-id=\"08a6e0f\" data-element_type=\"widget\" data-widget_type=\"button.default\">\n\t\t\t\t\t\t\t\t\t\t<a class=\"elementor-button elementor-button-link elementor-size-sm\" href=\"https:\/\/www.newlong.com\/en\/\">\n\t\t\t\t\t\t<span class=\"elementor-button-content-wrapper\">\n\t\t\t\t\t\t\t\t\t<span class=\"elementor-button-text\">Cliquez ici<\/span>\n\t\t\t\t\t<\/span>\n\t\t\t\t\t<\/a>\n\t\t\t\t\t\t\t\t<\/div>\n\t\t\t\t<\/div>\n\t\t<div class=\"elementor-element elementor-element-7cba3b4c e-con-full e-flex elementor-invisible e-con e-child\" data-id=\"7cba3b4c\" data-element_type=\"container\" data-settings=\"{&quot;background_background&quot;:&quot;classic&quot;,&quot;animation&quot;:&quot;fadeInDown&quot;}\">\n\t\t\t\t<\/div>\n\t\t\t\t<\/div>\n\t\t<div class=\"elementor-element elementor-element-a385ca3 e-con-full e-flex e-con e-parent\" data-id=\"a385ca3\" data-element_type=\"container\">\n\t\t\t\t<div class=\"elementor-element elementor-element-14a49bc elementor-widget__width-inherit elementor-widget elementor-widget-heading\" data-id=\"14a49bc\" data-element_type=\"widget\" data-widget_type=\"heading.default\">\n\t\t\t\t\t<h2 class=\"elementor-heading-title elementor-size-default\">fil \u00e0 coudre premiums pour les sacs Deltafil pour Newlong<\/h2>\t\t\t\t<\/div>\n\t\t<div class=\"elementor-element elementor-element-2107072 e-con-full e-flex e-con e-child\" data-id=\"2107072\" data-element_type=\"container\">\n\t\t\t\t<div class=\"elementor-element elementor-element-a7c5af2 elementor-widget__width-initial elementor-widget-tablet__width-inherit elementor-widget elementor-widget-text-editor\" data-id=\"a7c5af2\" data-element_type=\"widget\" data-widget_type=\"text-editor.default\">\n\t\t\t\t\t\t\t\t\t<p>Deltafil est pr\u00e9sent dans l'industrie textile depuis 1895 et est devenu un acteur international de premier plan avec son propre site de production en Indon\u00e9sie. Depuis 1993, nous nous sommes sp\u00e9cialis\u00e9s dans les fils \u00e0 coudre les sacs pour les machines \u00e0 coudre les sacs Newlong.\u00a0<\/p>\t\t\t\t\t\t\t\t<\/div>\n\t\t\t\t<div class=\"elementor-element elementor-element-fb4eeaf elementor-widget__width-initial elementor-widget-tablet__width-inherit elementor-widget elementor-widget-text-editor\" data-id=\"fb4eeaf\" data-element_type=\"widget\" data-widget_type=\"text-editor.default\">\n\t\t\t\t\t\t\t\t\t<p>Nous livrons notre fil \u00e0 coudre premiums dans plus de 33 pays dans le monde. Nos clients, dont de nombreux distributeurs, les livrent dans bien d\u2019autres pays encore. Vous trouverez tr\u00e8s probablement de fil \u00e0 coudre pour les sacs Deltafil dans votre entourage proche.\u00a0<\/p>\t\t\t\t\t\t\t\t<\/div>\n\t\t\t\t<div class=\"elementor-element elementor-element-e77d777 elementor-align-left elementor-tablet-align-left elementor-widget__width-inherit elementor-widget elementor-widget-button\" data-id=\"e77d777\" data-element_type=\"widget\" id=\"knop\" data-widget_type=\"button.default\">\n\t\t\t\t\t\t\t\t\t\t<a class=\"elementor-button elementor-button-link elementor-size-sm\" href=\"https:\/\/delta-fil.com\/fr\/producten\">\n\t\t\t\t\t\t<span class=\"elementor-button-content-wrapper\">\n\t\t\t\t\t\t\t\t\t<span class=\"elementor-button-text\">fil \u00e0 coudre pour sacs<\/span>\n\t\t\t\t\t<\/span>\n\t\t\t\t\t<\/a>\n\t\t\t\t\t\t\t\t<\/div>\n\t\t\t\t<\/div>\n\t\t\t\t<\/div>\n\t\t<div class=\"elementor-element elementor-element-1616957 e-con-full e-flex e-con e-parent\" data-id=\"1616957\" data-element_type=\"container\" data-settings=\"{&quot;background_background&quot;:&quot;classic&quot;}\">\n\t\t<div class=\"elementor-element elementor-element-b04a7dc e-con-full e-flex e-con e-child\" data-id=\"b04a7dc\" data-element_type=\"container\">\n\t\t\t\t<div class=\"elementor-element elementor-element-df4ab40 elementor-widget elementor-widget-heading\" data-id=\"df4ab40\" data-element_type=\"widget\" data-widget_type=\"heading.default\">\n\t\t\t\t\t<h2 class=\"elementor-heading-title elementor-size-default\">D\u00e9couvrez la qualit\u00e9 des machines \u00e0 coudre de sacs Newlong<\/h2>\t\t\t\t<\/div>\n\t\t\t\t<\/div>\n\t\t<div class=\"elementor-element elementor-element-9d987c5 e-con-full e-flex e-con e-child\" data-id=\"9d987c5\" data-element_type=\"container\">\n\t\t\t\t<div class=\"elementor-element elementor-element-2f2d3cc elementor-widget-divider--view-line elementor-widget elementor-widget-divider\" data-id=\"2f2d3cc\" data-element_type=\"widget\" data-widget_type=\"divider.default\">\n\t\t\t\t\t\t\t<div class=\"elementor-divider\">\n\t\t\t<span class=\"elementor-divider-separator\">\n\t\t\t\t\t\t<\/span>\n\t\t<\/div>\n\t\t\t\t\t\t<\/div>\n\t\t\t\t<div class=\"elementor-element elementor-element-a76c15c elementor-widget elementor-widget-text-editor\" data-id=\"a76c15c\" data-element_type=\"widget\" data-widget_type=\"text-editor.default\">\n\t\t\t\t\t\t\t\t\t<p>une qualit\u00e9 in\u00e9gal\u00e9e<\/p>\t\t\t\t\t\t\t\t<\/div>\n\t\t\t\t<div class=\"elementor-element elementor-element-db4abee elementor-widget elementor-widget-text-editor\" data-id=\"db4abee\" data-element_type=\"widget\" data-widget_type=\"text-editor.default\">\n\t\t\t\t\t\t\t\t\t<p>Newlong est connu pour l'importance qu'il accorde \u00e0 la qualit\u00e9. Nos machines \u00e0 coudre sont fabriqu\u00e9es \u00e0 l'aide d'une technologie avanc\u00e9e et de mat\u00e9riaux de haute qualit\u00e9, ce qui se traduit par des performances durables et fiables.<\/p>\t\t\t\t\t\t\t\t<\/div>\n\t\t\t\t<\/div>\n\t\t<div class=\"elementor-element elementor-element-dbd36cb e-con-full e-flex e-con e-child\" data-id=\"dbd36cb\" data-element_type=\"container\">\n\t\t\t\t<div class=\"elementor-element elementor-element-d141a65 elementor-widget-divider--view-line elementor-widget elementor-widget-divider\" data-id=\"d141a65\" data-element_type=\"widget\" data-widget_type=\"divider.default\">\n\t\t\t\t\t\t\t<div class=\"elementor-divider\">\n\t\t\t<span class=\"elementor-divider-separator\">\n\t\t\t\t\t\t<\/span>\n\t\t<\/div>\n\t\t\t\t\t\t<\/div>\n\t\t\t\t<div class=\"elementor-element elementor-element-7da52f3 elementor-widget__width-inherit elementor-widget elementor-widget-text-editor\" data-id=\"7da52f3\" data-element_type=\"widget\" data-widget_type=\"text-editor.default\">\n\t\t\t\t\t\t\t\t\t<p>technologie innovante<\/p>\t\t\t\t\t\t\t\t<\/div>\n\t\t\t\t<div class=\"elementor-element elementor-element-134f2fc elementor-widget elementor-widget-text-editor\" data-id=\"134f2fc\" data-element_type=\"widget\" data-widget_type=\"text-editor.default\">\n\t\t\t\t\t\t\t\t\tRestez \u00e0 la pointe de l'industrie gr\u00e2ce \u00e0 une technologie d'avant-garde. Des options de point avanc\u00e9es aux commandes intuitives, les machines \u00e0 coudre Newlong vous permettent de passer \u00e0 la vitesse sup\u00e9rieure.\t\t\t\t\t\t\t\t<\/div>\n\t\t\t\t<\/div>\n\t\t<div class=\"elementor-element elementor-element-19b5ea4 e-con-full e-flex e-con e-child\" data-id=\"19b5ea4\" data-element_type=\"container\">\n\t\t\t\t<div class=\"elementor-element elementor-element-8273a17 elementor-widget-divider--view-line elementor-widget elementor-widget-divider\" data-id=\"8273a17\" data-element_type=\"widget\" data-widget_type=\"divider.default\">\n\t\t\t\t\t\t\t<div class=\"elementor-divider\">\n\t\t\t<span class=\"elementor-divider-separator\">\n\t\t\t\t\t\t<\/span>\n\t\t<\/div>\n\t\t\t\t\t\t<\/div>\n\t\t\t\t<div class=\"elementor-element elementor-element-ae95862 elementor-widget elementor-widget-text-editor\" data-id=\"ae95862\" data-element_type=\"widget\" data-widget_type=\"text-editor.default\">\n\t\t\t\t\t\t\t\t\t<p>entretien simple<\/p>\t\t\t\t\t\t\t\t<\/div>\n\t\t\t\t<div class=\"elementor-element elementor-element-0d636b1 elementor-widget elementor-widget-text-editor\" data-id=\"0d636b1\" data-element_type=\"widget\" data-widget_type=\"text-editor.default\">\n\t\t\t\t\t\t\t\t\tMaintenez votre productivit\u00e9 \u00e0 un niveau \u00e9lev\u00e9 gr\u00e2ce \u00e0 un entretien facile. Les machines Newlong sont con\u00e7ues pour \u00eatre faciles \u00e0 utiliser, ce qui vous permet de passer plus de temps \u00e0 cr\u00e9er et moins de temps \u00e0 r\u00e9parer.\t\t\t\t\t\t\t\t<\/div>\n\t\t\t\t<\/div>\n\t\t\t\t<\/div>\n\t\t<div class=\"elementor-element elementor-element-f46440b e-con-full e-flex e-con e-parent\" data-id=\"f46440b\" data-element_type=\"container\">\n\t\t<div class=\"elementor-element elementor-element-eb773c6 e-con-full image-box animated-fast e-flex elementor-invisible e-con e-child\" data-id=\"eb773c6\" data-element_type=\"container\" data-settings=\"{&quot;background_background&quot;:&quot;classic&quot;,&quot;animation&quot;:&quot;fadeInDown&quot;}\">\n\t\t\t\t<\/div>\n\t\t<div class=\"elementor-element elementor-element-b1fa295 e-con-full e-flex e-con e-child\" data-id=\"b1fa295\" data-element_type=\"container\">\n\t\t\t\t<div class=\"elementor-element elementor-element-333b5ed elementor-widget-divider--view-line elementor-widget elementor-widget-divider\" data-id=\"333b5ed\" data-element_type=\"widget\" data-widget_type=\"divider.default\">\n\t\t\t\t\t\t\t<div class=\"elementor-divider\">\n\t\t\t<span class=\"elementor-divider-separator\">\n\t\t\t\t\t\t<\/span>\n\t\t<\/div>\n\t\t\t\t\t\t<\/div>\n\t\t\t\t<div class=\"elementor-element elementor-element-15fc9c7 elementor-widget elementor-widget-text-editor\" data-id=\"15fc9c7\" data-element_type=\"widget\" data-widget_type=\"text-editor.default\">\n\t\t\t\t\t\t\t\t\t<p>Gr\u00e2ce \u00e0 nos connaissances, \u00e0 nos nombreux contacts dans le monde entier et \u00e0 nos ann\u00e9es d'exp\u00e9rience, nous pouvons \u00e9galement vous conseiller sur l'entretien ou l'achat de machines \u00e0 coudre de sacs et de syst\u00e8mes de couture complets de Newlong.<\/p>\t\t\t\t\t\t\t\t<\/div>\n\t\t\t\t<div class=\"elementor-element elementor-element-2620f65 elementor-widget elementor-widget-text-editor\" data-id=\"2620f65\" data-element_type=\"widget\" data-widget_type=\"text-editor.default\">\n\t\t\t\t\t\t\t\t\t<p>Nous nous ferons un plaisir de vous mettre en contact avec un fournisseur fiable et comp\u00e9tent, partout dans le monde.<\/p>\t\t\t\t\t\t\t\t<\/div>\n\t\t<div class=\"elementor-element elementor-element-f7cb658 e-flex e-con-boxed e-con e-child\" data-id=\"f7cb658\" data-element_type=\"container\">\n\t\t\t\t\t<div class=\"e-con-inner\">\n\t\t\t\t<div class=\"elementor-element elementor-element-210671e elementor-tablet-align-center elementor-widget elementor-widget-button\" data-id=\"210671e\" data-element_type=\"widget\" id=\"knop\" data-widget_type=\"button.default\">\n\t\t\t\t\t\t\t\t\t\t<a class=\"elementor-button elementor-button-link elementor-size-sm\" href=\"https:\/\/delta-fil.com\/fr\/zakkennaaimachines\">\n\t\t\t\t\t\t<span class=\"elementor-button-content-wrapper\">\n\t\t\t\t\t\t\t\t\t<span class=\"elementor-button-text\">plus d'informations<\/span>\n\t\t\t\t\t<\/span>\n\t\t\t\t\t<\/a>\n\t\t\t\t\t\t\t\t<\/div>\n\t\t\t\t\t<\/div>\n\t\t\t\t<\/div>\n\t\t\t\t<\/div>\n\t\t\t\t<\/div>\n\t\t<div class=\"elementor-element elementor-element-32a8a653 e-con-full e-flex e-con e-parent\" data-id=\"32a8a653\" data-element_type=\"container\">\n\t\t<div class=\"elementor-element elementor-element-361a2487 e-con-full e-flex e-con e-child\" data-id=\"361a2487\" data-element_type=\"container\">\n\t\t\t\t<div class=\"elementor-element elementor-element-333f1d42 elementor-widget-divider--view-line elementor-widget elementor-widget-divider\" data-id=\"333f1d42\" data-element_type=\"widget\" data-widget_type=\"divider.default\">\n\t\t\t\t\t\t\t<div class=\"elementor-divider\">\n\t\t\t<span class=\"elementor-divider-separator\">\n\t\t\t\t\t\t<\/span>\n\t\t<\/div>\n\t\t\t\t\t\t<\/div>\n\t\t\t\t<div class=\"elementor-element elementor-element-f0eb142 elementor-widget elementor-widget-heading\" data-id=\"f0eb142\" data-element_type=\"widget\" data-widget_type=\"heading.default\">\n\t\t\t\t\t<h2 class=\"elementor-heading-title elementor-size-default\">fil \u00e0 coudre pour sacs pour Newlong<\/h2>\t\t\t\t<\/div>\n\t\t\t\t<div class=\"elementor-element elementor-element-44b80400 elementor-widget elementor-widget-text-editor\" data-id=\"44b80400\" data-element_type=\"widget\" data-widget_type=\"text-editor.default\">\n\t\t\t\t\t\t\t\t\t<p>Le fil \u00e0 coudre pour les sacs de Deltafil conviennent pour les machines \u00e0 coudre de tous les fabricants renomm\u00e9s, parmi lesquels Newlong. Par exemple, notre fil \u00e0 coudre est utilis\u00e9 sans probl\u00e8me sur les machines \u00e0 coudre des types suivants:<\/p>\t\t\t\t\t\t\t\t<\/div>\n\t\t\t\t<div class=\"elementor-element elementor-element-ab3cb57 elementor-icon-list--layout-traditional elementor-list-item-link-full_width elementor-widget elementor-widget-icon-list\" data-id=\"ab3cb57\" data-element_type=\"widget\" data-widget_type=\"icon-list.default\">\n\t\t\t\t\t\t\t<ul class=\"elementor-icon-list-items\">\n\t\t\t\t\t\t\t<li class=\"elementor-icon-list-item\">\n\t\t\t\t\t\t\t\t\t\t\t<span class=\"elementor-icon-list-icon\">\n\t\t\t\t\t\t\t<i aria-hidden=\"true\" class=\"fas fa-check\"><\/i>\t\t\t\t\t\t<\/span>\n\t\t\t\t\t\t\t\t\t\t<span class=\"elementor-icon-list-text\">DS-2(II)<\/span>\n\t\t\t\t\t\t\t\t\t<\/li>\n\t\t\t\t\t\t\t\t<li class=\"elementor-icon-list-item\">\n\t\t\t\t\t\t\t\t\t\t\t<span class=\"elementor-icon-list-icon\">\n\t\t\t\t\t\t\t<i aria-hidden=\"true\" class=\"fas fa-check\"><\/i>\t\t\t\t\t\t<\/span>\n\t\t\t\t\t\t\t\t\t\t<span class=\"elementor-icon-list-text\">DS-C<\/span>\n\t\t\t\t\t\t\t\t\t<\/li>\n\t\t\t\t\t\t\t\t<li class=\"elementor-icon-list-item\">\n\t\t\t\t\t\t\t\t\t\t\t<span class=\"elementor-icon-list-icon\">\n\t\t\t\t\t\t\t<i aria-hidden=\"true\" class=\"fas fa-check\"><\/i>\t\t\t\t\t\t<\/span>\n\t\t\t\t\t\t\t\t\t\t<span class=\"elementor-icon-list-text\">DS-6AC<\/span>\n\t\t\t\t\t\t\t\t\t<\/li>\n\t\t\t\t\t\t\t\t<li class=\"elementor-icon-list-item\">\n\t\t\t\t\t\t\t\t\t\t\t<span class=\"elementor-icon-list-icon\">\n\t\t\t\t\t\t\t<i aria-hidden=\"true\" class=\"fas fa-check\"><\/i>\t\t\t\t\t\t<\/span>\n\t\t\t\t\t\t\t\t\t\t<span class=\"elementor-icon-list-text\">DS-7C<\/span>\n\t\t\t\t\t\t\t\t\t<\/li>\n\t\t\t\t\t\t\t\t<li class=\"elementor-icon-list-item\">\n\t\t\t\t\t\t\t\t\t\t\t<span class=\"elementor-icon-list-icon\">\n\t\t\t\t\t\t\t<i aria-hidden=\"true\" class=\"fas fa-check\"><\/i>\t\t\t\t\t\t<\/span>\n\t\t\t\t\t\t\t\t\t\t<span class=\"elementor-icon-list-text\">DS-7HS<\/span>\n\t\t\t\t\t\t\t\t\t<\/li>\n\t\t\t\t\t\t\t\t<li class=\"elementor-icon-list-item\">\n\t\t\t\t\t\t\t\t\t\t\t<span class=\"elementor-icon-list-icon\">\n\t\t\t\t\t\t\t<i aria-hidden=\"true\" class=\"fas fa-check\"><\/i>\t\t\t\t\t\t<\/span>\n\t\t\t\t\t\t\t\t\t\t<span class=\"elementor-icon-list-text\">DS-9C<\/span>\n\t\t\t\t\t\t\t\t\t<\/li>\n\t\t\t\t\t\t\t\t<li class=\"elementor-icon-list-item\">\n\t\t\t\t\t\t\t\t\t\t\t<span class=\"elementor-icon-list-icon\">\n\t\t\t\t\t\t\t<i aria-hidden=\"true\" class=\"fas fa-check\"><\/i>\t\t\t\t\t\t<\/span>\n\t\t\t\t\t\t\t\t\t\t<span class=\"elementor-icon-list-text\">A2-B2L\/A6-B2L (s\u00e9rie A)<\/span>\n\t\t\t\t\t\t\t\t\t<\/li>\n\t\t\t\t\t\t\t\t<li class=\"elementor-icon-list-item\">\n\t\t\t\t\t\t\t\t\t\t\t<span class=\"elementor-icon-list-icon\">\n\t\t\t\t\t\t\t<i aria-hidden=\"true\" class=\"fas fa-check\"><\/i>\t\t\t\t\t\t<\/span>\n\t\t\t\t\t\t\t\t\t\t<span class=\"elementor-icon-list-text\">A1-PB(DS-9C) + CM4900-3 (Mod\u00e8le A1-PB Series)<\/span>\n\t\t\t\t\t\t\t\t\t<\/li>\n\t\t\t\t\t\t\t\t<li class=\"elementor-icon-list-item\">\n\t\t\t\t\t\t\t\t\t\t\t<span class=\"elementor-icon-list-icon\">\n\t\t\t\t\t\t\t<i aria-hidden=\"true\" class=\"fas fa-check\"><\/i>\t\t\t\t\t\t<\/span>\n\t\t\t\t\t\t\t\t\t\t<span class=\"elementor-icon-list-text\">A1-PB(DS-9C) + CM4900-1 (Mod\u00e8le A1-PB Series)<\/span>\n\t\t\t\t\t\t\t\t\t<\/li>\n\t\t\t\t\t\t\t\t<li class=\"elementor-icon-list-item\">\n\t\t\t\t\t\t\t\t\t\t\t<span class=\"elementor-icon-list-icon\">\n\t\t\t\t\t\t\t<i aria-hidden=\"true\" class=\"fas fa-check\"><\/i>\t\t\t\t\t\t<\/span>\n\t\t\t\t\t\t\t\t\t\t<span class=\"elementor-icon-list-text\">A1-PB(DS-9C) + CP4900 (Mod\u00e8le A1-PB Series)<\/span>\n\t\t\t\t\t\t\t\t\t<\/li>\n\t\t\t\t\t\t\t\t<li class=\"elementor-icon-list-item\">\n\t\t\t\t\t\t\t\t\t\t\t<span class=\"elementor-icon-list-icon\">\n\t\t\t\t\t\t\t<i aria-hidden=\"true\" class=\"fas fa-check\"><\/i>\t\t\t\t\t\t<\/span>\n\t\t\t\t\t\t\t\t\t\t<span class=\"elementor-icon-list-text\">B2 (DS-2\u2161)<\/span>\n\t\t\t\t\t\t\t\t\t<\/li>\n\t\t\t\t\t\t\t\t<li class=\"elementor-icon-list-item\">\n\t\t\t\t\t\t\t\t\t\t\t<span class=\"elementor-icon-list-icon\">\n\t\t\t\t\t\t\t<i aria-hidden=\"true\" class=\"fas fa-check\"><\/i>\t\t\t\t\t\t<\/span>\n\t\t\t\t\t\t\t\t\t\t<span class=\"elementor-icon-list-text\">B2 (DS-C)<\/span>\n\t\t\t\t\t\t\t\t\t<\/li>\n\t\t\t\t\t\t\t\t<li class=\"elementor-icon-list-item\">\n\t\t\t\t\t\t\t\t\t\t\t<span class=\"elementor-icon-list-icon\">\n\t\t\t\t\t\t\t<i aria-hidden=\"true\" class=\"fas fa-check\"><\/i>\t\t\t\t\t\t<\/span>\n\t\t\t\t\t\t\t\t\t\t<span class=\"elementor-icon-list-text\">F5 (DS-5\u2161)<\/span>\n\t\t\t\t\t\t\t\t\t<\/li>\n\t\t\t\t\t\t\t\t<li class=\"elementor-icon-list-item\">\n\t\t\t\t\t\t\t\t\t\t\t<span class=\"elementor-icon-list-icon\">\n\t\t\t\t\t\t\t<i aria-hidden=\"true\" class=\"fas fa-check\"><\/i>\t\t\t\t\t\t<\/span>\n\t\t\t\t\t\t\t\t\t\t<span class=\"elementor-icon-list-text\">CM4900-1<\/span>\n\t\t\t\t\t\t\t\t\t<\/li>\n\t\t\t\t\t\t\t\t<li class=\"elementor-icon-list-item\">\n\t\t\t\t\t\t\t\t\t\t\t<span class=\"elementor-icon-list-icon\">\n\t\t\t\t\t\t\t<i aria-hidden=\"true\" class=\"fas fa-check\"><\/i>\t\t\t\t\t\t<\/span>\n\t\t\t\t\t\t\t\t\t\t<span class=\"elementor-icon-list-text\">NP-7 Fermeture de sac portable<\/span>\n\t\t\t\t\t\t\t\t\t<\/li>\n\t\t\t\t\t\t\t\t<li class=\"elementor-icon-list-item\">\n\t\t\t\t\t\t\t\t\t\t\t<span class=\"elementor-icon-list-icon\">\n\t\t\t\t\t\t\t<i aria-hidden=\"true\" class=\"fas fa-check\"><\/i>\t\t\t\t\t\t<\/span>\n\t\t\t\t\t\t\t\t\t\t<span class=\"elementor-icon-list-text\">Pochette portable NP-3II<\/span>\n\t\t\t\t\t\t\t\t\t<\/li>\n\t\t\t\t\t\t<\/ul>\n\t\t\t\t\t\t<\/div>\n\t\t\t\t<\/div>\n\t\t<div class=\"elementor-element elementor-element-6a84ae3b e-con-full e-flex e-con e-child\" data-id=\"6a84ae3b\" data-element_type=\"container\">\n\t\t\t\t<div class=\"elementor-element elementor-element-2d3655a8 elementor-invisible elementor-widget elementor-widget-image\" data-id=\"2d3655a8\" data-element_type=\"widget\" data-settings=\"{&quot;_animation&quot;:&quot;fadeInDown&quot;}\" data-widget_type=\"image.default\">\n\t\t\t\t\t\t\t\t\t\t\t\t\t\t\t<img loading=\"lazy\" decoding=\"async\" width=\"554\" height=\"830\" src=\"https:\/\/delta-fil.com\/wp-content\/uploads\/2023\/03\/DSC01446-1.webp\" class=\"attachment-full size-full wp-image-2235\" alt=\"machine \u00e0 coudre de poche\" srcset=\"https:\/\/delta-fil.com\/wp-content\/uploads\/2023\/03\/DSC01446-1.webp 554w, https:\/\/delta-fil.com\/wp-content\/uploads\/2023\/03\/DSC01446-1-200x300.webp 200w, https:\/\/delta-fil.com\/wp-content\/uploads\/2023\/03\/DSC01446-1-8x12.webp 8w\" sizes=\"auto, (max-width: 554px) 100vw, 554px\" \/>\t\t\t\t\t\t\t\t\t\t\t\t\t\t\t<\/div>\n\t\t\t\t<\/div>\n\t\t\t\t<\/div>\n\t\t<div class=\"elementor-element elementor-element-70298da e-con-full e-flex e-con e-parent\" data-id=\"70298da\" data-element_type=\"container\" data-settings=\"{&quot;background_background&quot;:&quot;classic&quot;}\">\n\t\t<div class=\"elementor-element elementor-element-d4211ed e-con-full e-flex e-con e-child\" data-id=\"d4211ed\" data-element_type=\"container\">\n\t\t\t\t<div class=\"elementor-element elementor-element-7d072fb animated-fast elementor-invisible elementor-widget elementor-widget-image\" data-id=\"7d072fb\" data-element_type=\"widget\" data-settings=\"{&quot;_animation&quot;:&quot;fadeInDown&quot;}\" data-widget_type=\"image.default\">\n\t\t\t\t\t\t\t\t\t\t\t\t\t\t\t<img loading=\"lazy\" decoding=\"async\" width=\"1500\" height=\"1500\" src=\"https:\/\/delta-fil.com\/wp-content\/uploads\/2023\/03\/Teamleden.006-min.png\" class=\"attachment-full size-full wp-image-2155\" alt=\"\" srcset=\"https:\/\/delta-fil.com\/wp-content\/uploads\/2023\/03\/Teamleden.006-min.png 1500w, https:\/\/delta-fil.com\/wp-content\/uploads\/2023\/03\/Teamleden.006-min-300x300.png 300w, https:\/\/delta-fil.com\/wp-content\/uploads\/2023\/03\/Teamleden.006-min-1024x1024.png 1024w, https:\/\/delta-fil.com\/wp-content\/uploads\/2023\/03\/Teamleden.006-min-150x150.png 150w, https:\/\/delta-fil.com\/wp-content\/uploads\/2023\/03\/Teamleden.006-min-768x768.png 768w, https:\/\/delta-fil.com\/wp-content\/uploads\/2023\/03\/Teamleden.006-min-12x12.png 12w\" sizes=\"auto, (max-width: 1500px) 100vw, 1500px\" \/>\t\t\t\t\t\t\t\t\t\t\t\t\t\t\t<\/div>\n\t\t\t\t<\/div>\n\t\t<div class=\"elementor-element elementor-element-4d4effc e-con-full e-flex e-con e-child\" data-id=\"4d4effc\" data-element_type=\"container\">\n\t\t\t\t<div class=\"elementor-element elementor-element-2e32703 elementor-widget-divider--view-line elementor-widget elementor-widget-divider\" data-id=\"2e32703\" data-element_type=\"widget\" data-widget_type=\"divider.default\">\n\t\t\t\t\t\t\t<div class=\"elementor-divider\">\n\t\t\t<span class=\"elementor-divider-separator\">\n\t\t\t\t\t\t<\/span>\n\t\t<\/div>\n\t\t\t\t\t\t<\/div>\n\t\t\t\t<div class=\"elementor-element elementor-element-56a9426 elementor-widget elementor-widget-heading\" data-id=\"56a9426\" data-element_type=\"widget\" data-widget_type=\"heading.default\">\n\t\t\t\t\t<h2 class=\"elementor-heading-title elementor-size-default\">Comment pouvons-nous vous aider?<\/h2>\t\t\t\t<\/div>\n\t\t\t\t<div class=\"elementor-element elementor-element-9a4aa1c elementor-widget elementor-widget-text-editor\" data-id=\"9a4aa1c\" data-element_type=\"widget\" data-widget_type=\"text-editor.default\">\n\t\t\t\t\t\t\t\t\t<p>Si vous avez des questions sur nos fils pour machine \u00e0 fermer le sac pour voir s\u2019ils sont adapt\u00e9s \u00e0 vos machines \u00e0 coudre, ou si vous voulez connaitre le d\u00e9lai de livraison, nous nous ferons un plaisir de vous r\u00e9pondre personnellement.<\/p>\t\t\t\t\t\t\t\t<\/div>\n\t\t\t\t<div class=\"elementor-element elementor-element-f74dfc7 elementor-tablet-align-center elementor-align-left elementor-widget elementor-widget-button\" data-id=\"f74dfc7\" data-element_type=\"widget\" id=\"knop\" data-widget_type=\"button.default\">\n\t\t\t\t\t\t\t\t\t\t<a class=\"elementor-button elementor-button-link elementor-size-sm\" href=\"https:\/\/delta-fil.com\/fr\/contact\">\n\t\t\t\t\t\t<span class=\"elementor-button-content-wrapper\">\n\t\t\t\t\t\t\t\t\t<span class=\"elementor-button-text\">contactez-nous<\/span>\n\t\t\t\t\t<\/span>\n\t\t\t\t\t<\/a>\n\t\t\t\t\t\t\t\t<\/div>\n\t\t\t\t<\/div>\n\t\t\t\t<\/div>\n\t\t\t\t<\/div>","protected":false},"excerpt":{"rendered":"<p>Newlong zakkennaaimachines De zaknaaigarens van Deltafil zijn geschikt voor Newlong zakkennaaimachines. Dankzij onze kennis, vele contacten wereldwijd en jarenlange ervaring kunnen wij u ook adviseren bij het onderhoud of de aanschaf van Newlong zakkennaaimachines en complete naaisystemen. Klik hier Deltafil premium zaknaaigarens voor Newlong Deltafil is sinds 1895 actief in de textielindustrie en groeide uit [&hellip;]<\/p>\n","protected":false},"author":4,"featured_media":0,"parent":0,"menu_order":0,"comment_status":"closed","ping_status":"closed","template":"elementor_header_footer","meta":{"_acf_changed":false,"footnotes":""},"class_list":["post-2231","page","type-page","status-publish","hentry"],"mb":[],"acf":[],"mfb_rest_fields":["title","gutenberg_elementor_mode"],"_links":{"self":[{"href":"https:\/\/delta-fil.com\/fr\/wp-json\/wp\/v2\/pages\/2231","targetHints":{"allow":["GET"]}}],"collection":[{"href":"https:\/\/delta-fil.com\/fr\/wp-json\/wp\/v2\/pages"}],"about":[{"href":"https:\/\/delta-fil.com\/fr\/wp-json\/wp\/v2\/types\/page"}],"author":[{"embeddable":true,"href":"https:\/\/delta-fil.com\/fr\/wp-json\/wp\/v2\/users\/4"}],"replies":[{"embeddable":true,"href":"https:\/\/delta-fil.com\/fr\/wp-json\/wp\/v2\/comments?post=2231"}],"version-history":[{"count":55,"href":"https:\/\/delta-fil.com\/fr\/wp-json\/wp\/v2\/pages\/2231\/revisions"}],"predecessor-version":[{"id":11116,"href":"https:\/\/delta-fil.com\/fr\/wp-json\/wp\/v2\/pages\/2231\/revisions\/11116"}],"wp:attachment":[{"href":"https:\/\/delta-fil.com\/fr\/wp-json\/wp\/v2\/media?parent=2231"}],"curies":[{"name":"wp","href":"https:\/\/api.w.org\/{rel}","templated":true}]}}