{"id":2261,"date":"2023-03-08T12:12:11","date_gmt":"2023-03-08T12:12:11","guid":{"rendered":"https:\/\/dev.delta-fil.com\/?page_id=2261"},"modified":"2025-03-13T10:55:29","modified_gmt":"2025-03-13T10:55:29","slug":"fils-a-coudre-pour-lindustrie-alimentaire","status":"publish","type":"page","link":"https:\/\/delta-fil.com\/fr\/zaknaaigarens-voor-de-voedingsindustrie","title":{"rendered":"Fils \u00e0 coudre pour l'industrie alimentaire"},"content":{"rendered":"<div data-elementor-type=\"wp-page\" data-elementor-id=\"2261\" class=\"elementor elementor-2261\" data-elementor-post-type=\"page\">\n\t\t\t\t<div class=\"elementor-element elementor-element-24e6cfab e-con-full e-flex e-con e-parent\" data-id=\"24e6cfab\" data-element_type=\"container\" data-settings=\"{&quot;background_background&quot;:&quot;classic&quot;}\">\n\t\t<div class=\"elementor-element elementor-element-74b4a9e2 e-con-full e-flex e-con e-child\" data-id=\"74b4a9e2\" data-element_type=\"container\">\n\t\t\t\t<div class=\"elementor-element elementor-element-26368d9c animated-fast elementor-widget-divider--view-line elementor-invisible elementor-widget elementor-widget-divider\" data-id=\"26368d9c\" data-element_type=\"widget\" data-settings=\"{&quot;_animation&quot;:&quot;fadeInUp&quot;}\" data-widget_type=\"divider.default\">\n\t\t\t\t\t\t\t<div class=\"elementor-divider\">\n\t\t\t<span class=\"elementor-divider-separator\">\n\t\t\t\t\t\t<\/span>\n\t\t<\/div>\n\t\t\t\t\t\t<\/div>\n\t\t\t\t<div class=\"elementor-element elementor-element-612e7d4c elementor-widget elementor-widget-heading\" data-id=\"612e7d4c\" data-element_type=\"widget\" data-widget_type=\"heading.default\">\n\t\t\t\t\t<h1 class=\"elementor-heading-title elementor-size-default\">industrie alimentaire<\/h1>\t\t\t\t<\/div>\n\t\t\t\t<div class=\"elementor-element elementor-element-5751775f elementor-widget elementor-widget-text-editor\" data-id=\"5751775f\" data-element_type=\"widget\" data-widget_type=\"text-editor.default\">\n\t\t\t\t\t\t\t\t\t<p>Deltafil fournit des fils \u00e0 coudre parfaitement adapt\u00e9s \u00e0 la couture de sacs pour les entreprises de l'industrie alimentaire. Nos fils \u00e0 coudre industriels certifi\u00e9s pour sacs fonctionnent sans probl\u00e8me sur les machines \u00e0 coudre professionnelles de tous les fabricants renomm\u00e9s. S\u00fbrs pour les aliments et r\u00e9sistants aux UV !<\/p>\t\t\t\t\t\t\t\t<\/div>\n\t\t\t\t<div class=\"elementor-element elementor-element-07ca9d7 elementor-hidden-desktop elementor-hidden-tablet elementor-hidden-mobile elementor-widget elementor-widget-button\" data-id=\"07ca9d7\" data-element_type=\"widget\" data-widget_type=\"button.default\">\n\t\t\t\t\t\t\t\t\t\t<a class=\"elementor-button elementor-button-link elementor-size-sm\" href=\"https:\/\/nl.wikipedia.org\/wiki\/Categorie:Voedingsmiddelenindustrie\">\n\t\t\t\t\t\t<span class=\"elementor-button-content-wrapper\">\n\t\t\t\t\t\t\t\t\t<span class=\"elementor-button-text\">Cliquez ici<\/span>\n\t\t\t\t\t<\/span>\n\t\t\t\t\t<\/a>\n\t\t\t\t\t\t\t\t<\/div>\n\t\t\t\t<\/div>\n\t\t<div class=\"elementor-element elementor-element-20283aae e-con-full animated-fast e-flex elementor-invisible e-con e-child\" data-id=\"20283aae\" data-element_type=\"container\" data-settings=\"{&quot;background_background&quot;:&quot;classic&quot;,&quot;animation&quot;:&quot;fadeInDown&quot;}\">\n\t\t\t\t<\/div>\n\t\t\t\t<\/div>\n\t\t<div class=\"elementor-element elementor-element-e70e7c8 e-con-full e-flex e-con e-parent\" data-id=\"e70e7c8\" data-element_type=\"container\">\n\t\t\t\t<div class=\"elementor-element elementor-element-54ac30a elementor-widget__width-inherit elementor-widget elementor-widget-heading\" data-id=\"54ac30a\" data-element_type=\"widget\" data-widget_type=\"heading.default\">\n\t\t\t\t\t<h2 class=\"elementor-heading-title elementor-size-default\">Deltafil fils \u00e0 coudre de poche pour l'industrie alimentaire<\/h2>\t\t\t\t<\/div>\n\t\t<div class=\"elementor-element elementor-element-0e93657 e-con-full e-flex e-con e-child\" data-id=\"0e93657\" data-element_type=\"container\">\n\t\t\t\t<div class=\"elementor-element elementor-element-d2d99b1 elementor-widget__width-initial elementor-widget-tablet__width-inherit elementor-widget elementor-widget-text-editor\" data-id=\"d2d99b1\" data-element_type=\"widget\" data-widget_type=\"text-editor.default\">\n\t\t\t\t\t\t\t\t\t<p>Actif dans l'industrie textile depuis 1895, Deltafil est devenu le leader mondial des fils \u00e0 coudre de poche avec sa propre usine de production en Indon\u00e9sie. En outre, nos fils de qualit\u00e9 sup\u00e9rieure sont \u00e9galement excellents pour vos machines \u00e0 coudre.<\/p>\t\t\t\t\t\t\t\t<\/div>\n\t\t\t\t<div class=\"elementor-element elementor-element-b8e5eec elementor-widget__width-initial elementor-widget-tablet__width-inherit elementor-widget elementor-widget-text-editor\" data-id=\"b8e5eec\" data-element_type=\"widget\" data-widget_type=\"text-editor.default\">\n\t\t\t\t\t\t\t\t\t<p>Reconnus pour leur qualit\u00e9 irr\u00e9prochable, sans n\u0153uds ni peluches, nos fils \u00e0 coudre de poche de premi\u00e8re qualit\u00e9 sont largement utilis\u00e9s dans divers secteurs, notamment l'agriculture, l'alimentation, la construction et l'industrie chimique.<\/p>\t\t\t\t\t\t\t\t<\/div>\n\t\t\t\t<div class=\"elementor-element elementor-element-53851a7 elementor-align-left elementor-tablet-align-left elementor-widget__width-inherit elementor-widget elementor-widget-button\" data-id=\"53851a7\" data-element_type=\"widget\" id=\"knop\" data-widget_type=\"button.default\">\n\t\t\t\t\t\t\t\t\t\t<a class=\"elementor-button elementor-button-link elementor-size-sm\" href=\"https:\/\/delta-fil.com\/fr\/producten\">\n\t\t\t\t\t\t<span class=\"elementor-button-content-wrapper\">\n\t\t\t\t\t\t\t\t\t<span class=\"elementor-button-text\">fil \u00e0 coudre pour sacs<\/span>\n\t\t\t\t\t<\/span>\n\t\t\t\t\t<\/a>\n\t\t\t\t\t\t\t\t<\/div>\n\t\t\t\t<\/div>\n\t\t\t\t<\/div>\n\t\t<div class=\"elementor-element elementor-element-b5a73a6 e-con-full e-flex e-con e-parent\" data-id=\"b5a73a6\" data-element_type=\"container\">\n\t\t<div class=\"elementor-element elementor-element-e8b0e48 e-con-full e-flex e-con e-child\" data-id=\"e8b0e48\" data-element_type=\"container\" data-settings=\"{&quot;background_background&quot;:&quot;classic&quot;}\">\n\t\t\t\t<div class=\"elementor-element elementor-element-1e00608 animated-fast elementor-invisible elementor-widget elementor-widget-image\" data-id=\"1e00608\" data-element_type=\"widget\" data-settings=\"{&quot;_animation&quot;:&quot;fadeInDown&quot;}\" data-widget_type=\"image.default\">\n\t\t\t\t\t\t\t\t\t\t\t\t\t\t\t<img loading=\"lazy\" decoding=\"async\" width=\"700\" height=\"1000\" src=\"https:\/\/delta-fil.com\/wp-content\/uploads\/2025\/02\/Deltafil-voedingsindustrie.001.png\" class=\"attachment-full size-full wp-image-10610\" alt=\"\" srcset=\"https:\/\/delta-fil.com\/wp-content\/uploads\/2025\/02\/Deltafil-voedingsindustrie.001.png 700w, https:\/\/delta-fil.com\/wp-content\/uploads\/2025\/02\/Deltafil-voedingsindustrie.001-210x300.png 210w, https:\/\/delta-fil.com\/wp-content\/uploads\/2025\/02\/Deltafil-voedingsindustrie.001-8x12.png 8w\" sizes=\"auto, (max-width: 700px) 100vw, 700px\" \/>\t\t\t\t\t\t\t\t\t\t\t\t\t\t\t<\/div>\n\t\t\t\t<\/div>\n\t\t<div class=\"elementor-element elementor-element-4526eb6 e-con-full e-flex e-con e-child\" data-id=\"4526eb6\" data-element_type=\"container\" data-settings=\"{&quot;background_background&quot;:&quot;classic&quot;}\">\n\t\t\t\t<div class=\"elementor-element elementor-element-cba2e72 elementor-widget-divider--view-line elementor-widget elementor-widget-divider\" data-id=\"cba2e72\" data-element_type=\"widget\" data-widget_type=\"divider.default\">\n\t\t\t\t\t\t\t<div class=\"elementor-divider\">\n\t\t\t<span class=\"elementor-divider-separator\">\n\t\t\t\t\t\t<\/span>\n\t\t<\/div>\n\t\t\t\t\t\t<\/div>\n\t\t\t\t<div class=\"elementor-element elementor-element-06724f1 elementor-widget elementor-widget-heading\" data-id=\"06724f1\" data-element_type=\"widget\" data-widget_type=\"heading.default\">\n\t\t\t\t\t<h2 class=\"elementor-heading-title elementor-size-default\">Applications dans l'industrie alimentaire<\/h2>\t\t\t\t<\/div>\n\t\t\t\t<div class=\"elementor-element elementor-element-c125741 elementor-widget elementor-widget-text-editor\" data-id=\"c125741\" data-element_type=\"widget\" data-widget_type=\"text-editor.default\">\n\t\t\t\t\t\t\t\t\t<p>Les fils \u00e0 coudre pour sacs Deltafil conviennent aux machines \u00e0 coudre pour sacs de tous les fabricants renomm\u00e9s. Nos fils \u00e0 coudre pour sacs sont utilis\u00e9s dans le monde entier sans aucun probl\u00e8me pour fermer des sacs de produits en vrac destin\u00e9s \u00e0 la consommation, notamment :<\/p>\t\t\t\t\t\t\t\t<\/div>\n\t\t\t\t<div class=\"elementor-element elementor-element-c08d2c0 elementor-widget elementor-widget-text-editor\" data-id=\"c08d2c0\" data-element_type=\"widget\" data-widget_type=\"text-editor.default\">\n\t\t\t\t\t\t\t\t\t<p>- colis-repas, <br \/>- aliments pour animaux, <br \/>- morceaux pour chiens et chats, <br \/>- lait en poudre, <br \/>- \u00e9pices, <br \/>- cacao, <br \/>- caf\u00e9, <br \/>- th\u00e9, etc.<\/p>\t\t\t\t\t\t\t\t<\/div>\n\t\t\t\t<\/div>\n\t\t\t\t<\/div>\n\t\t<div class=\"elementor-element elementor-element-2db67740 e-con-full e-flex e-con e-parent\" data-id=\"2db67740\" data-element_type=\"container\">\n\t\t<div class=\"elementor-element elementor-element-5f041633 e-con-full image-box e-flex e-con e-child\" data-id=\"5f041633\" data-element_type=\"container\">\n\t\t\t\t<div class=\"elementor-element elementor-element-455e55b4 elementor-invisible elementor-widget elementor-widget-image\" data-id=\"455e55b4\" data-element_type=\"widget\" data-settings=\"{&quot;_animation&quot;:&quot;fadeInDown&quot;}\" data-widget_type=\"image.default\">\n\t\t\t\t\t\t\t\t\t\t\t\t\t\t\t<img loading=\"lazy\" decoding=\"async\" width=\"969\" height=\"647\" src=\"https:\/\/delta-fil.com\/wp-content\/uploads\/2023\/03\/DSC01413-1.webp\" class=\"attachment-full size-full wp-image-2210\" alt=\"machine \u00e0 coudre syndicale pour sacs sp\u00e9ciaux\" srcset=\"https:\/\/delta-fil.com\/wp-content\/uploads\/2023\/03\/DSC01413-1.webp 969w, https:\/\/delta-fil.com\/wp-content\/uploads\/2023\/03\/DSC01413-1-300x200.webp 300w, https:\/\/delta-fil.com\/wp-content\/uploads\/2023\/03\/DSC01413-1-768x513.webp 768w, https:\/\/delta-fil.com\/wp-content\/uploads\/2023\/03\/DSC01413-1-18x12.webp 18w\" sizes=\"auto, (max-width: 969px) 100vw, 969px\" \/>\t\t\t\t\t\t\t\t\t\t\t\t\t\t\t<\/div>\n\t\t\t\t<\/div>\n\t\t<div class=\"elementor-element elementor-element-1d434de2 e-con-full e-flex e-con e-child\" data-id=\"1d434de2\" data-element_type=\"container\">\n\t\t\t\t<div class=\"elementor-element elementor-element-6ae6904c elementor-widget-divider--view-line elementor-widget elementor-widget-divider\" data-id=\"6ae6904c\" data-element_type=\"widget\" data-widget_type=\"divider.default\">\n\t\t\t\t\t\t\t<div class=\"elementor-divider\">\n\t\t\t<span class=\"elementor-divider-separator\">\n\t\t\t\t\t\t<\/span>\n\t\t<\/div>\n\t\t\t\t\t\t<\/div>\n\t\t\t\t<div class=\"elementor-element elementor-element-31093c59 elementor-widget elementor-widget-heading\" data-id=\"31093c59\" data-element_type=\"widget\" data-widget_type=\"heading.default\">\n\t\t\t\t\t<h2 class=\"elementor-heading-title elementor-size-default\">conseils sur l'entretien et l'achat de machines \u00e0 coudre les sacs pour l'industrie alimentaire\n<\/h2>\t\t\t\t<\/div>\n\t\t\t\t<div class=\"elementor-element elementor-element-547e2414 elementor-widget elementor-widget-text-editor\" data-id=\"547e2414\" data-element_type=\"widget\" data-widget_type=\"text-editor.default\">\n\t\t\t\t\t\t\t\t\t<p>Gr\u00e2ce \u00e0 nos connaissances, aux nombreux contacts dans le monde entier et \u00e0 notre longue exp\u00e9rience, nous pouvons \u00e9galement vous conseiller pour l\u2019entretien ou l\u2019achat de machines \u00e0 coudre de sacs et de syst\u00e8mes de couture complets. Nous vous mettons volontiers en contact avec un fournisseur fiable et sp\u00e9cialis\u00e9, partout dans le monde.<\/p>\t\t\t\t\t\t\t\t<\/div>\n\t\t<div class=\"elementor-element elementor-element-4d5517fe e-flex e-con-boxed e-con e-child\" data-id=\"4d5517fe\" data-element_type=\"container\">\n\t\t\t\t\t<div class=\"e-con-inner\">\n\t\t\t\t<div class=\"elementor-element elementor-element-0f5737e elementor-widget elementor-widget-button\" data-id=\"0f5737e\" data-element_type=\"widget\" id=\"knop\" data-widget_type=\"button.default\">\n\t\t\t\t\t\t\t\t\t\t<a class=\"elementor-button elementor-button-link elementor-size-sm\" href=\"https:\/\/delta-fil.com\/fr\/zakkennaaimachines\">\n\t\t\t\t\t\t<span class=\"elementor-button-content-wrapper\">\n\t\t\t\t\t\t\t\t\t<span class=\"elementor-button-text\">plus d'informations<\/span>\n\t\t\t\t\t<\/span>\n\t\t\t\t\t<\/a>\n\t\t\t\t\t\t\t\t<\/div>\n\t\t\t\t\t<\/div>\n\t\t\t\t<\/div>\n\t\t\t\t<\/div>\n\t\t\t\t<\/div>\n\t\t<div class=\"elementor-element elementor-element-7770482 e-con-full e-flex e-con e-parent\" data-id=\"7770482\" data-element_type=\"container\" data-settings=\"{&quot;background_background&quot;:&quot;classic&quot;}\">\n\t\t<div class=\"elementor-element elementor-element-83c1c62 e-con-full e-flex e-con e-child\" data-id=\"83c1c62\" data-element_type=\"container\">\n\t\t\t\t<div class=\"elementor-element elementor-element-79c57b1 animated-fast elementor-invisible elementor-widget elementor-widget-image\" data-id=\"79c57b1\" data-element_type=\"widget\" data-settings=\"{&quot;_animation&quot;:&quot;fadeInDown&quot;}\" data-widget_type=\"image.default\">\n\t\t\t\t\t\t\t\t\t\t\t\t\t\t\t<img loading=\"lazy\" decoding=\"async\" width=\"1500\" height=\"1500\" src=\"https:\/\/delta-fil.com\/wp-content\/uploads\/2023\/03\/Teamleden.004-min.png\" class=\"attachment-full size-full wp-image-2153\" alt=\"\" srcset=\"https:\/\/delta-fil.com\/wp-content\/uploads\/2023\/03\/Teamleden.004-min.png 1500w, https:\/\/delta-fil.com\/wp-content\/uploads\/2023\/03\/Teamleden.004-min-300x300.png 300w, https:\/\/delta-fil.com\/wp-content\/uploads\/2023\/03\/Teamleden.004-min-1024x1024.png 1024w, https:\/\/delta-fil.com\/wp-content\/uploads\/2023\/03\/Teamleden.004-min-150x150.png 150w, https:\/\/delta-fil.com\/wp-content\/uploads\/2023\/03\/Teamleden.004-min-768x768.png 768w, https:\/\/delta-fil.com\/wp-content\/uploads\/2023\/03\/Teamleden.004-min-12x12.png 12w\" sizes=\"auto, (max-width: 1500px) 100vw, 1500px\" \/>\t\t\t\t\t\t\t\t\t\t\t\t\t\t\t<\/div>\n\t\t\t\t<\/div>\n\t\t<div class=\"elementor-element elementor-element-2db367a e-con-full e-flex e-con e-child\" data-id=\"2db367a\" data-element_type=\"container\">\n\t\t\t\t<div class=\"elementor-element elementor-element-a5c053e elementor-widget-divider--view-line elementor-widget elementor-widget-divider\" data-id=\"a5c053e\" data-element_type=\"widget\" data-widget_type=\"divider.default\">\n\t\t\t\t\t\t\t<div class=\"elementor-divider\">\n\t\t\t<span class=\"elementor-divider-separator\">\n\t\t\t\t\t\t<\/span>\n\t\t<\/div>\n\t\t\t\t\t\t<\/div>\n\t\t\t\t<div class=\"elementor-element elementor-element-71d26ff elementor-widget elementor-widget-heading\" data-id=\"71d26ff\" data-element_type=\"widget\" data-widget_type=\"heading.default\">\n\t\t\t\t\t<h2 class=\"elementor-heading-title elementor-size-default\">Comment pouvons-nous vous aider?<\/h2>\t\t\t\t<\/div>\n\t\t\t\t<div class=\"elementor-element elementor-element-e339206 elementor-widget elementor-widget-text-editor\" data-id=\"e339206\" data-element_type=\"widget\" data-widget_type=\"text-editor.default\">\n\t\t\t\t\t\t\t\t\t<p>Si vous avez des questions sur nos fils pour machine \u00e0 fermer le sac pour voir s\u2019ils sont adapt\u00e9s \u00e0 vos machines \u00e0 coudre, ou si vous voulez connaitre le d\u00e9lai de livraison, nous nous ferons un plaisir de vous r\u00e9pondre personnellement.<\/p>\t\t\t\t\t\t\t\t<\/div>\n\t\t\t\t<div class=\"elementor-element elementor-element-154bff0 elementor-tablet-align-center elementor-align-left elementor-widget elementor-widget-button\" data-id=\"154bff0\" data-element_type=\"widget\" id=\"knop\" data-widget_type=\"button.default\">\n\t\t\t\t\t\t\t\t\t\t<a class=\"elementor-button elementor-button-link elementor-size-sm\" href=\"https:\/\/delta-fil.com\/fr\/contact\">\n\t\t\t\t\t\t<span class=\"elementor-button-content-wrapper\">\n\t\t\t\t\t\t\t\t\t<span class=\"elementor-button-text\">contactez-nous<\/span>\n\t\t\t\t\t<\/span>\n\t\t\t\t\t<\/a>\n\t\t\t\t\t\t\t\t<\/div>\n\t\t\t\t<\/div>\n\t\t\t\t<\/div>\n\t\t\t\t<\/div>","protected":false},"excerpt":{"rendered":"<p>voedings industrie Deltafil levert naaigarens die volledig geschikt zijn voor het dichtnaaien van zakken voor bedrijven in de voedingsindustrie. Onze gecertificeerde industri\u00eble zaknaaigarens werken probleemloos op professionele zakkennaaimachines van alle gerenommeerde fabrikanten. Voedselveilig en UV-resistent! Klik hier Deltafil zaknaaigarens voor de voedingsindustrie Deltafil, sinds 1895 actief in de textielindustrie, groeide uit tot de wereldwijde marktleider [&hellip;]<\/p>\n","protected":false},"author":4,"featured_media":9644,"parent":0,"menu_order":0,"comment_status":"closed","ping_status":"closed","template":"elementor_header_footer","meta":{"_acf_changed":false,"footnotes":""},"class_list":["post-2261","page","type-page","status-publish","has-post-thumbnail","hentry"],"mb":[],"acf":[],"mfb_rest_fields":["title","gutenberg_elementor_mode"],"_links":{"self":[{"href":"https:\/\/delta-fil.com\/fr\/wp-json\/wp\/v2\/pages\/2261","targetHints":{"allow":["GET"]}}],"collection":[{"href":"https:\/\/delta-fil.com\/fr\/wp-json\/wp\/v2\/pages"}],"about":[{"href":"https:\/\/delta-fil.com\/fr\/wp-json\/wp\/v2\/types\/page"}],"author":[{"embeddable":true,"href":"https:\/\/delta-fil.com\/fr\/wp-json\/wp\/v2\/users\/4"}],"replies":[{"embeddable":true,"href":"https:\/\/delta-fil.com\/fr\/wp-json\/wp\/v2\/comments?post=2261"}],"version-history":[{"count":73,"href":"https:\/\/delta-fil.com\/fr\/wp-json\/wp\/v2\/pages\/2261\/revisions"}],"predecessor-version":[{"id":11076,"href":"https:\/\/delta-fil.com\/fr\/wp-json\/wp\/v2\/pages\/2261\/revisions\/11076"}],"wp:featuredmedia":[{"embeddable":true,"href":"https:\/\/delta-fil.com\/fr\/wp-json\/wp\/v2\/media\/9644"}],"wp:attachment":[{"href":"https:\/\/delta-fil.com\/fr\/wp-json\/wp\/v2\/media?parent=2261"}],"curies":[{"name":"wp","href":"https:\/\/api.w.org\/{rel}","templated":true}]}}