{"id":2267,"date":"2023-03-08T12:28:34","date_gmt":"2023-03-08T12:28:34","guid":{"rendered":"https:\/\/dev.delta-fil.com\/?page_id=2267"},"modified":"2025-03-13T10:56:58","modified_gmt":"2025-03-13T10:56:58","slug":"fils-a-coudre-pour-industrie-chimique","status":"publish","type":"page","link":"https:\/\/delta-fil.com\/fr\/fils-a-coudre-pour-industrie-chimique","title":{"rendered":"Fils \u00e0 coudre pour sacs pour l'industrie chimique"},"content":{"rendered":"<div data-elementor-type=\"wp-page\" data-elementor-id=\"2267\" class=\"elementor elementor-2267\" data-elementor-post-type=\"page\">\n\t\t\t\t<div class=\"elementor-element elementor-element-714cfada e-con-full e-flex e-con e-parent\" data-id=\"714cfada\" data-element_type=\"container\" data-settings=\"{&quot;background_background&quot;:&quot;classic&quot;}\">\n\t\t<div class=\"elementor-element elementor-element-2bba1040 e-con-full e-flex e-con e-child\" data-id=\"2bba1040\" data-element_type=\"container\">\n\t\t\t\t<div class=\"elementor-element elementor-element-73483bd7 animated-fast elementor-widget-divider--view-line elementor-invisible elementor-widget elementor-widget-divider\" data-id=\"73483bd7\" data-element_type=\"widget\" data-settings=\"{&quot;_animation&quot;:&quot;fadeInUp&quot;}\" data-widget_type=\"divider.default\">\n\t\t\t\t\t\t\t<div class=\"elementor-divider\">\n\t\t\t<span class=\"elementor-divider-separator\">\n\t\t\t\t\t\t<\/span>\n\t\t<\/div>\n\t\t\t\t\t\t<\/div>\n\t\t\t\t<div class=\"elementor-element elementor-element-6f2f02c3 elementor-widget elementor-widget-heading\" data-id=\"6f2f02c3\" data-element_type=\"widget\" data-widget_type=\"heading.default\">\n\t\t\t\t\t<h1 class=\"elementor-heading-title elementor-size-default\">l'industrie chimique<\/h1>\t\t\t\t<\/div>\n\t\t\t\t<div class=\"elementor-element elementor-element-171d7578 elementor-widget elementor-widget-text-editor\" data-id=\"171d7578\" data-element_type=\"widget\" data-widget_type=\"text-editor.default\">\n\t\t\t\t\t\t\t\t\t<p>Deltafil fournit des fils \u00e0 coudre parfaitement adapt\u00e9s \u00e0 la couture de sacs pour les entreprises de l'industrie chimique. Nos fils \u00e0 coudre industriels pour sacs de qualit\u00e9 sup\u00e9rieure fonctionnent parfaitement sur les machines \u00e0 coudre professionnelles pour sacs de tous les fabricants renomm\u00e9s. Livraison dans le monde entier !<\/p>\t\t\t\t\t\t\t\t<\/div>\n\t\t\t\t<div class=\"elementor-element elementor-element-49321df elementor-hidden-desktop elementor-hidden-tablet elementor-hidden-mobile elementor-widget elementor-widget-button\" data-id=\"49321df\" data-element_type=\"widget\" data-widget_type=\"button.default\">\n\t\t\t\t\t\t\t\t\t\t<a class=\"elementor-button elementor-button-link elementor-size-sm\" href=\"https:\/\/nl.wikipedia.org\/wiki\/Categorie:Chemische_industrie\">\n\t\t\t\t\t\t<span class=\"elementor-button-content-wrapper\">\n\t\t\t\t\t\t\t\t\t<span class=\"elementor-button-text\">Cliquez ici<\/span>\n\t\t\t\t\t<\/span>\n\t\t\t\t\t<\/a>\n\t\t\t\t\t\t\t\t<\/div>\n\t\t\t\t<\/div>\n\t\t<div class=\"elementor-element elementor-element-33ff8f7d e-con-full animated-fast e-flex elementor-invisible e-con e-child\" data-id=\"33ff8f7d\" data-element_type=\"container\" data-settings=\"{&quot;background_background&quot;:&quot;classic&quot;,&quot;animation&quot;:&quot;fadeInDown&quot;}\">\n\t\t\t\t<\/div>\n\t\t\t\t<\/div>\n\t\t<div class=\"elementor-element elementor-element-92b6ff0 e-con-full e-flex e-con e-parent\" data-id=\"92b6ff0\" data-element_type=\"container\">\n\t\t\t\t<div class=\"elementor-element elementor-element-2575163 elementor-widget__width-inherit elementor-widget elementor-widget-heading\" data-id=\"2575163\" data-element_type=\"widget\" data-widget_type=\"heading.default\">\n\t\t\t\t\t<h2 class=\"elementor-heading-title elementor-size-default\">Fils \u00e0 coudre pour sacs Deltafil pour l'industrie chimique<\/h2>\t\t\t\t<\/div>\n\t\t<div class=\"elementor-element elementor-element-8de07e7 e-con-full e-flex e-con e-child\" data-id=\"8de07e7\" data-element_type=\"container\">\n\t\t\t\t<div class=\"elementor-element elementor-element-d5e5c6f elementor-widget__width-initial elementor-widget-tablet__width-inherit elementor-widget elementor-widget-text-editor\" data-id=\"d5e5c6f\" data-element_type=\"widget\" data-widget_type=\"text-editor.default\">\n\t\t\t\t\t\t\t\t\t<p>Actif dans l'industrie textile depuis 1895, Deltafil est devenu le leader mondial des fils \u00e0 coudre de poche, avec sa propre usine de production en Indon\u00e9sie. En outre, nos fils de qualit\u00e9 sup\u00e9rieure sont parfaits pour vos machines \u00e0 coudre.<\/p>\t\t\t\t\t\t\t\t<\/div>\n\t\t\t\t<div class=\"elementor-element elementor-element-7736b45 elementor-widget__width-initial elementor-widget-tablet__width-inherit elementor-widget elementor-widget-text-editor\" data-id=\"7736b45\" data-element_type=\"widget\" data-widget_type=\"text-editor.default\">\n\t\t\t\t\t\t\t\t\t<p>Appr\u00e9ci\u00e9s pour leur qualit\u00e9 irr\u00e9prochable, sans n\u0153uds ni peluches, nos fils de couture de poche de qualit\u00e9 sup\u00e9rieure trouvent de nombreuses applications dans des secteurs tels que l'agriculture, l'alimentation, la construction et l'industrie chimique.<\/p>\t\t\t\t\t\t\t\t<\/div>\n\t\t\t\t<div class=\"elementor-element elementor-element-0c939b5 elementor-align-left elementor-tablet-align-left elementor-widget__width-inherit elementor-widget elementor-widget-button\" data-id=\"0c939b5\" data-element_type=\"widget\" id=\"knop\" data-widget_type=\"button.default\">\n\t\t\t\t\t\t\t\t\t\t<a class=\"elementor-button elementor-button-link elementor-size-sm\" href=\"https:\/\/delta-fil.com\/fr\/produits\">\n\t\t\t\t\t\t<span class=\"elementor-button-content-wrapper\">\n\t\t\t\t\t\t\t\t\t<span class=\"elementor-button-text\">fil \u00e0 coudre pour sacs<\/span>\n\t\t\t\t\t<\/span>\n\t\t\t\t\t<\/a>\n\t\t\t\t\t\t\t\t<\/div>\n\t\t\t\t<\/div>\n\t\t\t\t<\/div>\n\t\t<div class=\"elementor-element elementor-element-b16298f e-con-full e-flex e-con e-parent\" data-id=\"b16298f\" data-element_type=\"container\">\n\t\t<div class=\"elementor-element elementor-element-b63c3bb e-con-full e-flex e-con e-child\" data-id=\"b63c3bb\" data-element_type=\"container\" data-settings=\"{&quot;background_background&quot;:&quot;classic&quot;}\">\n\t\t\t\t<div class=\"elementor-element elementor-element-afb0c55 animated-fast elementor-invisible elementor-widget elementor-widget-image\" data-id=\"afb0c55\" data-element_type=\"widget\" data-settings=\"{&quot;_animation&quot;:&quot;fadeInDown&quot;}\" data-widget_type=\"image.default\">\n\t\t\t\t\t\t\t\t\t\t\t\t\t\t\t<img loading=\"lazy\" decoding=\"async\" width=\"700\" height=\"1000\" src=\"https:\/\/delta-fil.com\/wp-content\/uploads\/2025\/02\/Deltafil-Chemische-industrie.001.png\" class=\"attachment-full size-full wp-image-10618\" alt=\"\" srcset=\"https:\/\/delta-fil.com\/wp-content\/uploads\/2025\/02\/Deltafil-Chemische-industrie.001.png 700w, https:\/\/delta-fil.com\/wp-content\/uploads\/2025\/02\/Deltafil-Chemische-industrie.001-210x300.png 210w, https:\/\/delta-fil.com\/wp-content\/uploads\/2025\/02\/Deltafil-Chemische-industrie.001-8x12.png 8w\" sizes=\"auto, (max-width: 700px) 100vw, 700px\" \/>\t\t\t\t\t\t\t\t\t\t\t\t\t\t\t<\/div>\n\t\t\t\t<\/div>\n\t\t<div class=\"elementor-element elementor-element-261e367 e-con-full e-flex e-con e-child\" data-id=\"261e367\" data-element_type=\"container\" data-settings=\"{&quot;background_background&quot;:&quot;classic&quot;}\">\n\t\t\t\t<div class=\"elementor-element elementor-element-e443ecd elementor-widget-divider--view-line elementor-widget elementor-widget-divider\" data-id=\"e443ecd\" data-element_type=\"widget\" data-widget_type=\"divider.default\">\n\t\t\t\t\t\t\t<div class=\"elementor-divider\">\n\t\t\t<span class=\"elementor-divider-separator\">\n\t\t\t\t\t\t<\/span>\n\t\t<\/div>\n\t\t\t\t\t\t<\/div>\n\t\t\t\t<div class=\"elementor-element elementor-element-1d61b5b elementor-widget elementor-widget-heading\" data-id=\"1d61b5b\" data-element_type=\"widget\" data-widget_type=\"heading.default\">\n\t\t\t\t\t<h2 class=\"elementor-heading-title elementor-size-default\">Applications dans l'industrie chimique<\/h2>\t\t\t\t<\/div>\n\t\t\t\t<div class=\"elementor-element elementor-element-b56cba9 elementor-widget elementor-widget-text-editor\" data-id=\"b56cba9\" data-element_type=\"widget\" data-widget_type=\"text-editor.default\">\n\t\t\t\t\t\t\t\t\t<p>Les fils \u00e0 coudre pour sacs de Deltafil conviennent aux machines \u00e0 coudre les sacs de tous les fabricants renomm\u00e9s. Nos fils \u00e0 coudre pour sacs sont utilis\u00e9s dans le monde entier et sans probl\u00e8me pour le scellage de sacs de produits chimiques en vrac, notamment :<\/p>\t\t\t\t\t\t\t\t<\/div>\n\t\t\t\t<div class=\"elementor-element elementor-element-71381994 elementor-widget elementor-widget-text-editor\" data-id=\"71381994\" data-element_type=\"widget\" data-widget_type=\"text-editor.default\">\n\t\t\t\t\t\t\t\t\t<p>- pesticides,<br \/>- engrais,<br \/>- les d\u00e9tergents,<br \/>- granul\u00e9s, etc.<\/p>\t\t\t\t\t\t\t\t<\/div>\n\t\t\t\t<\/div>\n\t\t\t\t<\/div>\n\t\t<div class=\"elementor-element elementor-element-2ae65246 e-con-full e-flex e-con e-parent\" data-id=\"2ae65246\" data-element_type=\"container\">\n\t\t<div class=\"elementor-element elementor-element-5c6d9a89 e-con-full image-box e-flex e-con e-child\" data-id=\"5c6d9a89\" data-element_type=\"container\">\n\t\t\t\t<div class=\"elementor-element elementor-element-5ee49e20 animated-fast elementor-invisible elementor-widget elementor-widget-image\" data-id=\"5ee49e20\" data-element_type=\"widget\" data-settings=\"{&quot;_animation&quot;:&quot;fadeInDown&quot;}\" data-widget_type=\"image.default\">\n\t\t\t\t\t\t\t\t\t\t\t\t\t\t\t<img loading=\"lazy\" decoding=\"async\" width=\"986\" height=\"669\" src=\"https:\/\/delta-fil.com\/wp-content\/uploads\/2023\/03\/DSC07118-2-1.webp\" class=\"attachment-full size-full wp-image-2234\" alt=\"Machine \u00e0 coudre pour sacs Newlong\" srcset=\"https:\/\/delta-fil.com\/wp-content\/uploads\/2023\/03\/DSC07118-2-1.webp 986w, https:\/\/delta-fil.com\/wp-content\/uploads\/2023\/03\/DSC07118-2-1-300x204.webp 300w, https:\/\/delta-fil.com\/wp-content\/uploads\/2023\/03\/DSC07118-2-1-768x521.webp 768w, https:\/\/delta-fil.com\/wp-content\/uploads\/2023\/03\/DSC07118-2-1-18x12.webp 18w\" sizes=\"auto, (max-width: 986px) 100vw, 986px\" \/>\t\t\t\t\t\t\t\t\t\t\t\t\t\t\t<\/div>\n\t\t\t\t<\/div>\n\t\t<div class=\"elementor-element elementor-element-5816f658 e-con-full e-flex e-con e-child\" data-id=\"5816f658\" data-element_type=\"container\">\n\t\t\t\t<div class=\"elementor-element elementor-element-35f21b8a elementor-widget-divider--view-line elementor-widget elementor-widget-divider\" data-id=\"35f21b8a\" data-element_type=\"widget\" data-widget_type=\"divider.default\">\n\t\t\t\t\t\t\t<div class=\"elementor-divider\">\n\t\t\t<span class=\"elementor-divider-separator\">\n\t\t\t\t\t\t<\/span>\n\t\t<\/div>\n\t\t\t\t\t\t<\/div>\n\t\t\t\t<div class=\"elementor-element elementor-element-4227425e elementor-widget elementor-widget-heading\" data-id=\"4227425e\" data-element_type=\"widget\" data-widget_type=\"heading.default\">\n\t\t\t\t\t<h2 class=\"elementor-heading-title elementor-size-default\">conseils sur l'entretien et l'achat de machines \u00e0 coudre \u00e0 sacs pour l'industrie chimique<\/h2>\t\t\t\t<\/div>\n\t\t\t\t<div class=\"elementor-element elementor-element-30303882 elementor-widget elementor-widget-text-editor\" data-id=\"30303882\" data-element_type=\"widget\" data-widget_type=\"text-editor.default\">\n\t\t\t\t\t\t\t\t\t<p>Gr\u00e2ce \u00e0 nos connaissances, aux nombreux contacts dans le monde entier et \u00e0 notre longue exp\u00e9rience, nous pouvons \u00e9galement vous conseiller pour l\u2019entretien ou l\u2019achat de machines \u00e0 coudre de sacs et de syst\u00e8mes de couture complets. Nous vous mettons volontiers en contact avec un fournisseur fiable et sp\u00e9cialis\u00e9, partout dans le monde.<\/p>\t\t\t\t\t\t\t\t<\/div>\n\t\t<div class=\"elementor-element elementor-element-1e9f87ff e-flex e-con-boxed e-con e-child\" data-id=\"1e9f87ff\" data-element_type=\"container\">\n\t\t\t\t\t<div class=\"e-con-inner\">\n\t\t\t\t<div class=\"elementor-element elementor-element-cbd4d48 elementor-tablet-align-center elementor-mobile-align-center elementor-widget elementor-widget-button\" data-id=\"cbd4d48\" data-element_type=\"widget\" id=\"knop\" data-widget_type=\"button.default\">\n\t\t\t\t\t\t\t\t\t\t<a class=\"elementor-button elementor-button-link elementor-size-sm\" href=\"https:\/\/delta-fil.com\/fr\/machines-a-coudre-pour-sacs\">\n\t\t\t\t\t\t<span class=\"elementor-button-content-wrapper\">\n\t\t\t\t\t\t\t\t\t<span class=\"elementor-button-text\">plus d'informations<\/span>\n\t\t\t\t\t<\/span>\n\t\t\t\t\t<\/a>\n\t\t\t\t\t\t\t\t<\/div>\n\t\t\t\t\t<\/div>\n\t\t\t\t<\/div>\n\t\t\t\t<\/div>\n\t\t\t\t<\/div>\n\t\t<div class=\"elementor-element elementor-element-4d0f279 e-con-full e-flex e-con e-parent\" data-id=\"4d0f279\" data-element_type=\"container\" data-settings=\"{&quot;background_background&quot;:&quot;classic&quot;}\">\n\t\t<div class=\"elementor-element elementor-element-6ba0235 e-con-full e-flex e-con e-child\" data-id=\"6ba0235\" data-element_type=\"container\">\n\t\t\t\t<div class=\"elementor-element elementor-element-bcded73 animated-fast elementor-invisible elementor-widget elementor-widget-image\" data-id=\"bcded73\" data-element_type=\"widget\" data-settings=\"{&quot;_animation&quot;:&quot;fadeInDown&quot;}\" data-widget_type=\"image.default\">\n\t\t\t\t\t\t\t\t\t\t\t\t\t\t\t<img loading=\"lazy\" decoding=\"async\" width=\"1500\" height=\"1500\" src=\"https:\/\/delta-fil.com\/wp-content\/uploads\/2023\/03\/Teamleden.005-min.png\" class=\"attachment-full size-full wp-image-2154\" alt=\"\" srcset=\"https:\/\/delta-fil.com\/wp-content\/uploads\/2023\/03\/Teamleden.005-min.png 1500w, https:\/\/delta-fil.com\/wp-content\/uploads\/2023\/03\/Teamleden.005-min-300x300.png 300w, https:\/\/delta-fil.com\/wp-content\/uploads\/2023\/03\/Teamleden.005-min-1024x1024.png 1024w, https:\/\/delta-fil.com\/wp-content\/uploads\/2023\/03\/Teamleden.005-min-150x150.png 150w, https:\/\/delta-fil.com\/wp-content\/uploads\/2023\/03\/Teamleden.005-min-768x768.png 768w, https:\/\/delta-fil.com\/wp-content\/uploads\/2023\/03\/Teamleden.005-min-12x12.png 12w\" sizes=\"auto, (max-width: 1500px) 100vw, 1500px\" \/>\t\t\t\t\t\t\t\t\t\t\t\t\t\t\t<\/div>\n\t\t\t\t<\/div>\n\t\t<div class=\"elementor-element elementor-element-cfc3e23 e-con-full e-flex e-con e-child\" data-id=\"cfc3e23\" data-element_type=\"container\">\n\t\t\t\t<div class=\"elementor-element elementor-element-ac93a3b elementor-widget-divider--view-line elementor-widget elementor-widget-divider\" data-id=\"ac93a3b\" data-element_type=\"widget\" data-widget_type=\"divider.default\">\n\t\t\t\t\t\t\t<div class=\"elementor-divider\">\n\t\t\t<span class=\"elementor-divider-separator\">\n\t\t\t\t\t\t<\/span>\n\t\t<\/div>\n\t\t\t\t\t\t<\/div>\n\t\t\t\t<div class=\"elementor-element elementor-element-912295e elementor-widget elementor-widget-heading\" data-id=\"912295e\" data-element_type=\"widget\" data-widget_type=\"heading.default\">\n\t\t\t\t\t<h2 class=\"elementor-heading-title elementor-size-default\">Comment pouvons-nous vous aider?<\/h2>\t\t\t\t<\/div>\n\t\t\t\t<div class=\"elementor-element elementor-element-a3d7193 elementor-widget elementor-widget-text-editor\" data-id=\"a3d7193\" data-element_type=\"widget\" data-widget_type=\"text-editor.default\">\n\t\t\t\t\t\t\t\t\t<p>Si vous avez des questions sur nos fils pour machine \u00e0 fermer le sac pour voir s\u2019ils sont adapt\u00e9s \u00e0 vos machines \u00e0 coudre, ou si vous voulez connaitre le d\u00e9lai de livraison, nous nous ferons un plaisir de vous r\u00e9pondre personnellement.<\/p>\t\t\t\t\t\t\t\t<\/div>\n\t\t\t\t<div class=\"elementor-element elementor-element-1fdc005 elementor-tablet-align-center elementor-align-left elementor-widget elementor-widget-button\" data-id=\"1fdc005\" data-element_type=\"widget\" id=\"knop\" data-widget_type=\"button.default\">\n\t\t\t\t\t\t\t\t\t\t<a class=\"elementor-button elementor-button-link elementor-size-sm\" href=\"https:\/\/delta-fil.com\/fr\/contact\">\n\t\t\t\t\t\t<span class=\"elementor-button-content-wrapper\">\n\t\t\t\t\t\t\t\t\t<span class=\"elementor-button-text\">contactez-nous<\/span>\n\t\t\t\t\t<\/span>\n\t\t\t\t\t<\/a>\n\t\t\t\t\t\t\t\t<\/div>\n\t\t\t\t<\/div>\n\t\t\t\t<\/div>\n\t\t\t\t<\/div>","protected":false},"excerpt":{"rendered":"<p>industrie chimique Deltafil fournit des fils \u00e0 coudre parfaitement adapt\u00e9s \u00e0 la couture de sacs pour les entreprises de l'industrie chimique. Nos fils \u00e0 coudre industriels pour sacs de qualit\u00e9 sup\u00e9rieure fonctionnent parfaitement sur les machines \u00e0 coudre professionnelles pour sacs de tous les fabricants renomm\u00e9s. Livraison dans le monde entier ! Cliquez ici Deltafil fils \u00e0 coudre de poche pour l'industrie chimique Depuis 1895, Deltafil est actif dans l'industrie textile et est devenu le [...]<\/p>","protected":false},"author":4,"featured_media":9645,"parent":0,"menu_order":0,"comment_status":"closed","ping_status":"closed","template":"elementor_header_footer","meta":{"_acf_changed":false,"footnotes":""},"class_list":["post-2267","page","type-page","status-publish","has-post-thumbnail","hentry"],"acf":[],"_links":{"self":[{"href":"https:\/\/delta-fil.com\/fr\/wp-json\/wp\/v2\/pages\/2267","targetHints":{"allow":["GET"]}}],"collection":[{"href":"https:\/\/delta-fil.com\/fr\/wp-json\/wp\/v2\/pages"}],"about":[{"href":"https:\/\/delta-fil.com\/fr\/wp-json\/wp\/v2\/types\/page"}],"author":[{"embeddable":true,"href":"https:\/\/delta-fil.com\/fr\/wp-json\/wp\/v2\/users\/4"}],"replies":[{"embeddable":true,"href":"https:\/\/delta-fil.com\/fr\/wp-json\/wp\/v2\/comments?post=2267"}],"version-history":[{"count":73,"href":"https:\/\/delta-fil.com\/fr\/wp-json\/wp\/v2\/pages\/2267\/revisions"}],"predecessor-version":[{"id":11079,"href":"https:\/\/delta-fil.com\/fr\/wp-json\/wp\/v2\/pages\/2267\/revisions\/11079"}],"wp:featuredmedia":[{"embeddable":true,"href":"https:\/\/delta-fil.com\/fr\/wp-json\/wp\/v2\/media\/9645"}],"wp:attachment":[{"href":"https:\/\/delta-fil.com\/fr\/wp-json\/wp\/v2\/media?parent=2267"}],"curies":[{"name":"wp","href":"https:\/\/api.w.org\/{rel}","templated":true}]}}