{"id":2276,"date":"2023-03-08T12:32:55","date_gmt":"2023-03-08T12:32:55","guid":{"rendered":"https:\/\/dev.delta-fil.com\/?page_id=2276"},"modified":"2025-03-13T10:57:53","modified_gmt":"2025-03-13T10:57:53","slug":"fils-a-coudre-pour-industrie-construction","status":"publish","type":"page","link":"https:\/\/delta-fil.com\/fr\/zaknaaigarens-voor-de-bouwindustrie","title":{"rendered":"Fils \u00e0 coudre de poche pour l'industrie de la construction"},"content":{"rendered":"<div data-elementor-type=\"wp-page\" data-elementor-id=\"2276\" class=\"elementor elementor-2276\" data-elementor-post-type=\"page\">\n\t\t\t\t<div class=\"elementor-element elementor-element-7ca974a8 e-con-full e-flex e-con e-parent\" data-id=\"7ca974a8\" data-element_type=\"container\" data-settings=\"{&quot;background_background&quot;:&quot;classic&quot;}\">\n\t\t<div class=\"elementor-element elementor-element-26304a64 e-con-full e-flex e-con e-child\" data-id=\"26304a64\" data-element_type=\"container\">\n\t\t\t\t<div class=\"elementor-element elementor-element-427637bf animated-fast elementor-widget-divider--view-line elementor-invisible elementor-widget elementor-widget-divider\" data-id=\"427637bf\" data-element_type=\"widget\" data-settings=\"{&quot;_animation&quot;:&quot;fadeInUp&quot;}\" data-widget_type=\"divider.default\">\n\t\t\t\t\t\t\t<div class=\"elementor-divider\">\n\t\t\t<span class=\"elementor-divider-separator\">\n\t\t\t\t\t\t<\/span>\n\t\t<\/div>\n\t\t\t\t\t\t<\/div>\n\t\t\t\t<div class=\"elementor-element elementor-element-2fe1afb4 elementor-widget elementor-widget-heading\" data-id=\"2fe1afb4\" data-element_type=\"widget\" data-widget_type=\"heading.default\">\n\t\t\t\t\t<h1 class=\"elementor-heading-title elementor-size-default\">l'industrie de la construction<\/h1>\t\t\t\t<\/div>\n\t\t\t\t<div class=\"elementor-element elementor-element-198a5284 elementor-widget elementor-widget-text-editor\" data-id=\"198a5284\" data-element_type=\"widget\" data-widget_type=\"text-editor.default\">\n\t\t\t\t\t\t\t\t\t<p>Deltafil fournit des fils \u00e0 coudre parfaitement adapt\u00e9s \u00e0 la couture de sacs pour les entreprises de l'industrie chimique. Nos fils \u00e0 coudre industriels non pelucheux pour sacs fonctionnent sans probl\u00e8me sur les machines \u00e0 coudre professionnelles pour sacs de tous les fabricants renomm\u00e9s. Disponible en stock !<\/p>\t\t\t\t\t\t\t\t<\/div>\n\t\t\t\t<div class=\"elementor-element elementor-element-19bde34 elementor-hidden-desktop elementor-hidden-tablet elementor-hidden-mobile elementor-widget elementor-widget-button\" data-id=\"19bde34\" data-element_type=\"widget\" data-widget_type=\"button.default\">\n\t\t\t\t\t\t\t\t\t\t<a class=\"elementor-button elementor-button-link elementor-size-sm\" href=\"https:\/\/nl.wikipedia.org\/wiki\/Bouw_(bedrijfstak)\">\n\t\t\t\t\t\t<span class=\"elementor-button-content-wrapper\">\n\t\t\t\t\t\t\t\t\t<span class=\"elementor-button-text\">Cliquez ici<\/span>\n\t\t\t\t\t<\/span>\n\t\t\t\t\t<\/a>\n\t\t\t\t\t\t\t\t<\/div>\n\t\t\t\t<\/div>\n\t\t<div class=\"elementor-element elementor-element-649b0664 e-con-full animated-fast e-flex elementor-invisible e-con e-child\" data-id=\"649b0664\" data-element_type=\"container\" data-settings=\"{&quot;background_background&quot;:&quot;classic&quot;,&quot;animation&quot;:&quot;fadeInDown&quot;}\">\n\t\t\t\t<\/div>\n\t\t\t\t<\/div>\n\t\t<div class=\"elementor-element elementor-element-4610232 e-con-full e-flex e-con e-parent\" data-id=\"4610232\" data-element_type=\"container\">\n\t\t\t\t<div class=\"elementor-element elementor-element-82b4438 elementor-widget__width-inherit elementor-widget elementor-widget-heading\" data-id=\"82b4438\" data-element_type=\"widget\" data-widget_type=\"heading.default\">\n\t\t\t\t\t<h2 class=\"elementor-heading-title elementor-size-default\">Deltafil fils \u00e0 coudre de poche pour l'industrie de la construction<\/h2>\t\t\t\t<\/div>\n\t\t<div class=\"elementor-element elementor-element-729fa36 e-con-full e-flex e-con e-child\" data-id=\"729fa36\" data-element_type=\"container\">\n\t\t\t\t<div class=\"elementor-element elementor-element-0a519bf elementor-widget__width-initial elementor-widget-tablet__width-inherit elementor-widget elementor-widget-text-editor\" data-id=\"0a519bf\" data-element_type=\"widget\" data-widget_type=\"text-editor.default\">\n\t\t\t\t\t\t\t\t\t<p>Pr\u00e9sent dans l'industrie textile depuis 1895, Deltafil est devenu le leader mondial des fils \u00e0 coudre de poche, avec son propre site de production en Indon\u00e9sie. Nos fils de qualit\u00e9 sup\u00e9rieure sont \u00e9galement parfaits pour vos machines \u00e0 coudre.<\/p>\t\t\t\t\t\t\t\t<\/div>\n\t\t\t\t<div class=\"elementor-element elementor-element-4ffa2a6 elementor-widget__width-initial elementor-widget-tablet__width-inherit elementor-widget elementor-widget-text-editor\" data-id=\"4ffa2a6\" data-element_type=\"widget\" data-widget_type=\"text-editor.default\">\n\t\t\t\t\t\t\t\t\t<p>R\u00e9put\u00e9s pour leur qualit\u00e9 irr\u00e9prochable, sans n\u0153uds ni peluches, nos fils \u00e0 coudre de poche de premi\u00e8re qualit\u00e9 sont largement utilis\u00e9s dans des secteurs tels que l'agriculture, l'alimentation, la construction et les produits chimiques.<\/p>\t\t\t\t\t\t\t\t<\/div>\n\t\t\t\t<div class=\"elementor-element elementor-element-1aa6acb elementor-align-left elementor-tablet-align-left elementor-widget__width-inherit elementor-widget elementor-widget-button\" data-id=\"1aa6acb\" data-element_type=\"widget\" id=\"knop\" data-widget_type=\"button.default\">\n\t\t\t\t\t\t\t\t\t\t<a class=\"elementor-button elementor-button-link elementor-size-sm\" href=\"https:\/\/delta-fil.com\/fr\/producten\">\n\t\t\t\t\t\t<span class=\"elementor-button-content-wrapper\">\n\t\t\t\t\t\t\t\t\t<span class=\"elementor-button-text\">fil \u00e0 coudre pour sacs<\/span>\n\t\t\t\t\t<\/span>\n\t\t\t\t\t<\/a>\n\t\t\t\t\t\t\t\t<\/div>\n\t\t\t\t<\/div>\n\t\t\t\t<\/div>\n\t\t<div class=\"elementor-element elementor-element-3e31955 e-con-full e-flex e-con e-parent\" data-id=\"3e31955\" data-element_type=\"container\">\n\t\t<div class=\"elementor-element elementor-element-f1d6244 e-con-full e-flex e-con e-child\" data-id=\"f1d6244\" data-element_type=\"container\" data-settings=\"{&quot;background_background&quot;:&quot;classic&quot;}\">\n\t\t\t\t<div class=\"elementor-element elementor-element-9c7adca animated-fast elementor-invisible elementor-widget elementor-widget-image\" data-id=\"9c7adca\" data-element_type=\"widget\" data-settings=\"{&quot;_animation&quot;:&quot;fadeInDown&quot;}\" data-widget_type=\"image.default\">\n\t\t\t\t\t\t\t\t\t\t\t\t\t\t\t<img loading=\"lazy\" decoding=\"async\" width=\"700\" height=\"1000\" src=\"https:\/\/delta-fil.com\/wp-content\/uploads\/2025\/02\/Deltafil-bouwindustrie.001.png\" class=\"attachment-full size-full wp-image-10629\" alt=\"\" srcset=\"https:\/\/delta-fil.com\/wp-content\/uploads\/2025\/02\/Deltafil-bouwindustrie.001.png 700w, https:\/\/delta-fil.com\/wp-content\/uploads\/2025\/02\/Deltafil-bouwindustrie.001-210x300.png 210w, https:\/\/delta-fil.com\/wp-content\/uploads\/2025\/02\/Deltafil-bouwindustrie.001-8x12.png 8w\" sizes=\"auto, (max-width: 700px) 100vw, 700px\" \/>\t\t\t\t\t\t\t\t\t\t\t\t\t\t\t<\/div>\n\t\t\t\t<\/div>\n\t\t<div class=\"elementor-element elementor-element-f5618d3 e-con-full e-flex e-con e-child\" data-id=\"f5618d3\" data-element_type=\"container\" data-settings=\"{&quot;background_background&quot;:&quot;classic&quot;}\">\n\t\t\t\t<div class=\"elementor-element elementor-element-4f50944 elementor-widget-divider--view-line elementor-widget elementor-widget-divider\" data-id=\"4f50944\" data-element_type=\"widget\" data-widget_type=\"divider.default\">\n\t\t\t\t\t\t\t<div class=\"elementor-divider\">\n\t\t\t<span class=\"elementor-divider-separator\">\n\t\t\t\t\t\t<\/span>\n\t\t<\/div>\n\t\t\t\t\t\t<\/div>\n\t\t\t\t<div class=\"elementor-element elementor-element-2eefe774 elementor-widget elementor-widget-heading\" data-id=\"2eefe774\" data-element_type=\"widget\" data-widget_type=\"heading.default\">\n\t\t\t\t\t<h2 class=\"elementor-heading-title elementor-size-default\">applications dans l'industrie de la construction\n\n<\/h2>\t\t\t\t<\/div>\n\t\t\t\t<div class=\"elementor-element elementor-element-7526676d elementor-widget elementor-widget-text-editor\" data-id=\"7526676d\" data-element_type=\"widget\" data-widget_type=\"text-editor.default\">\n\t\t\t\t\t\t\t\t\t<p>Les fils \u00e0 coudre pour sacs de Deltafil conviennent aux machines \u00e0 sceller les sacs de tous les fabricants renomm\u00e9s. Nos fils \u00e0 coudre pour sacs sont utilis\u00e9s dans le monde entier et sans probl\u00e8me pour sceller des sacs de produits en vrac pour l'industrie de la construction, y compris :<\/p>\t\t\t\t\t\t\t\t<\/div>\n\t\t\t\t<div class=\"elementor-element elementor-element-423c362e elementor-widget elementor-widget-text-editor\" data-id=\"423c362e\" data-element_type=\"widget\" data-widget_type=\"text-editor.default\">\n\t\t\t\t\t\t\t\t\t<p>- ciment, <br \/>- min\u00e9raux, <br \/>- gravier, <br \/>- colle pour carrelage, <br \/>- pl\u00e2tre, <br \/>- gravier, <br \/>- sable, <br \/>- mortier de chaux,<br \/>- pl\u00e2tre machine,<br \/>- granul\u00e9s, etc.<\/p>\t\t\t\t\t\t\t\t<\/div>\n\t\t\t\t<\/div>\n\t\t\t\t<\/div>\n\t\t<div class=\"elementor-element elementor-element-7baa4476 e-con-full e-flex e-con e-parent\" data-id=\"7baa4476\" data-element_type=\"container\">\n\t\t<div class=\"elementor-element elementor-element-1ae678d8 e-con-full image-box e-flex e-con e-child\" data-id=\"1ae678d8\" data-element_type=\"container\">\n\t\t\t\t<div class=\"elementor-element elementor-element-574427bd animated-fast elementor-invisible elementor-widget elementor-widget-image\" data-id=\"574427bd\" data-element_type=\"widget\" data-settings=\"{&quot;_animation&quot;:&quot;fadeInDown&quot;}\" data-widget_type=\"image.default\">\n\t\t\t\t\t\t\t\t\t\t\t\t\t\t\t<img loading=\"lazy\" decoding=\"async\" width=\"1927\" height=\"1184\" src=\"https:\/\/delta-fil.com\/wp-content\/uploads\/2023\/03\/Deltafil-thread-quality-1.webp\" class=\"attachment-full size-full wp-image-1298\" alt=\"\" srcset=\"https:\/\/delta-fil.com\/wp-content\/uploads\/2023\/03\/Deltafil-thread-quality-1.webp 1927w, https:\/\/delta-fil.com\/wp-content\/uploads\/2023\/03\/Deltafil-thread-quality-1-300x184.webp 300w, https:\/\/delta-fil.com\/wp-content\/uploads\/2023\/03\/Deltafil-thread-quality-1-1024x629.webp 1024w, https:\/\/delta-fil.com\/wp-content\/uploads\/2023\/03\/Deltafil-thread-quality-1-768x472.webp 768w, https:\/\/delta-fil.com\/wp-content\/uploads\/2023\/03\/Deltafil-thread-quality-1-1536x944.webp 1536w, https:\/\/delta-fil.com\/wp-content\/uploads\/2023\/03\/Deltafil-thread-quality-1-18x12.webp 18w\" sizes=\"auto, (max-width: 1927px) 100vw, 1927px\" \/>\t\t\t\t\t\t\t\t\t\t\t\t\t\t\t<\/div>\n\t\t\t\t<\/div>\n\t\t<div class=\"elementor-element elementor-element-2025d79 e-con-full e-flex e-con e-child\" data-id=\"2025d79\" data-element_type=\"container\">\n\t\t\t\t<div class=\"elementor-element elementor-element-1f47390d elementor-widget-divider--view-line elementor-widget elementor-widget-divider\" data-id=\"1f47390d\" data-element_type=\"widget\" data-widget_type=\"divider.default\">\n\t\t\t\t\t\t\t<div class=\"elementor-divider\">\n\t\t\t<span class=\"elementor-divider-separator\">\n\t\t\t\t\t\t<\/span>\n\t\t<\/div>\n\t\t\t\t\t\t<\/div>\n\t\t\t\t<div class=\"elementor-element elementor-element-152d7ed6 elementor-widget elementor-widget-heading\" data-id=\"152d7ed6\" data-element_type=\"widget\" data-widget_type=\"heading.default\">\n\t\t\t\t\t<h2 class=\"elementor-heading-title elementor-size-default\">conseils sur l'entretien et l'achat de machines \u00e0 coudre \u00e0 sacs pour l'industrie de la construction\n<\/h2>\t\t\t\t<\/div>\n\t\t\t\t<div class=\"elementor-element elementor-element-5cd25451 elementor-widget elementor-widget-text-editor\" data-id=\"5cd25451\" data-element_type=\"widget\" data-widget_type=\"text-editor.default\">\n\t\t\t\t\t\t\t\t\t<p>Gr\u00e2ce \u00e0 nos connaissances, aux nombreux contacts dans le monde entier et \u00e0 notre longue exp\u00e9rience, nous pouvons \u00e9galement vous conseiller pour l\u2019entretien ou l\u2019achat de machines \u00e0 coudre de sacs et de syst\u00e8mes de couture complets. Nous vous mettons volontiers en contact avec un fournisseur fiable et sp\u00e9cialis\u00e9, partout dans le monde.<\/p>\t\t\t\t\t\t\t\t<\/div>\n\t\t<div class=\"elementor-element elementor-element-256a3421 e-flex e-con-boxed e-con e-child\" data-id=\"256a3421\" data-element_type=\"container\">\n\t\t\t\t\t<div class=\"e-con-inner\">\n\t\t\t\t<div class=\"elementor-element elementor-element-f877f1e elementor-widget elementor-widget-button\" data-id=\"f877f1e\" data-element_type=\"widget\" id=\"knop\" data-widget_type=\"button.default\">\n\t\t\t\t\t\t\t\t\t\t<a class=\"elementor-button elementor-button-link elementor-size-sm\" href=\"https:\/\/delta-fil.com\/fr\/zakkennaaimachines\">\n\t\t\t\t\t\t<span class=\"elementor-button-content-wrapper\">\n\t\t\t\t\t\t\t\t\t<span class=\"elementor-button-text\">plus d'informations<\/span>\n\t\t\t\t\t<\/span>\n\t\t\t\t\t<\/a>\n\t\t\t\t\t\t\t\t<\/div>\n\t\t\t\t\t<\/div>\n\t\t\t\t<\/div>\n\t\t\t\t<\/div>\n\t\t\t\t<\/div>\n\t\t<div class=\"elementor-element elementor-element-b202344 e-con-full e-flex e-con e-parent\" data-id=\"b202344\" data-element_type=\"container\" data-settings=\"{&quot;background_background&quot;:&quot;classic&quot;}\">\n\t\t<div class=\"elementor-element elementor-element-e80b4da e-con-full e-flex e-con e-child\" data-id=\"e80b4da\" data-element_type=\"container\">\n\t\t\t\t<div class=\"elementor-element elementor-element-3f79d2c animated-fast elementor-invisible elementor-widget elementor-widget-image\" data-id=\"3f79d2c\" data-element_type=\"widget\" data-settings=\"{&quot;_animation&quot;:&quot;fadeInDown&quot;}\" data-widget_type=\"image.default\">\n\t\t\t\t\t\t\t\t\t\t\t\t\t\t\t<img loading=\"lazy\" decoding=\"async\" width=\"1500\" height=\"1500\" src=\"https:\/\/delta-fil.com\/wp-content\/uploads\/2023\/03\/Teamleden.003-min.png\" class=\"attachment-full size-full wp-image-2152\" alt=\"\" srcset=\"https:\/\/delta-fil.com\/wp-content\/uploads\/2023\/03\/Teamleden.003-min.png 1500w, https:\/\/delta-fil.com\/wp-content\/uploads\/2023\/03\/Teamleden.003-min-300x300.png 300w, https:\/\/delta-fil.com\/wp-content\/uploads\/2023\/03\/Teamleden.003-min-1024x1024.png 1024w, https:\/\/delta-fil.com\/wp-content\/uploads\/2023\/03\/Teamleden.003-min-150x150.png 150w, https:\/\/delta-fil.com\/wp-content\/uploads\/2023\/03\/Teamleden.003-min-768x768.png 768w, https:\/\/delta-fil.com\/wp-content\/uploads\/2023\/03\/Teamleden.003-min-12x12.png 12w\" sizes=\"auto, (max-width: 1500px) 100vw, 1500px\" \/>\t\t\t\t\t\t\t\t\t\t\t\t\t\t\t<\/div>\n\t\t\t\t<\/div>\n\t\t<div class=\"elementor-element elementor-element-f98a225 e-con-full e-flex e-con e-child\" data-id=\"f98a225\" data-element_type=\"container\">\n\t\t\t\t<div class=\"elementor-element elementor-element-52b9f32 elementor-widget-divider--view-line elementor-widget elementor-widget-divider\" data-id=\"52b9f32\" data-element_type=\"widget\" data-widget_type=\"divider.default\">\n\t\t\t\t\t\t\t<div class=\"elementor-divider\">\n\t\t\t<span class=\"elementor-divider-separator\">\n\t\t\t\t\t\t<\/span>\n\t\t<\/div>\n\t\t\t\t\t\t<\/div>\n\t\t\t\t<div class=\"elementor-element elementor-element-dc1972e elementor-widget elementor-widget-heading\" data-id=\"dc1972e\" data-element_type=\"widget\" data-widget_type=\"heading.default\">\n\t\t\t\t\t<h2 class=\"elementor-heading-title elementor-size-default\">Comment pouvons-nous vous aider?<\/h2>\t\t\t\t<\/div>\n\t\t\t\t<div class=\"elementor-element elementor-element-b32a567 elementor-widget elementor-widget-text-editor\" data-id=\"b32a567\" data-element_type=\"widget\" data-widget_type=\"text-editor.default\">\n\t\t\t\t\t\t\t\t\t<p>Si vous avez des questions sur nos fils pour machine \u00e0 fermer le sac pour voir s\u2019ils sont adapt\u00e9s \u00e0 vos machines \u00e0 coudre, ou si vous voulez connaitre le d\u00e9lai de livraison, nous nous ferons un plaisir de vous r\u00e9pondre personnellement.<\/p>\t\t\t\t\t\t\t\t<\/div>\n\t\t\t\t<div class=\"elementor-element elementor-element-fe8c772 elementor-tablet-align-center elementor-align-left elementor-widget elementor-widget-button\" data-id=\"fe8c772\" data-element_type=\"widget\" id=\"knop\" data-widget_type=\"button.default\">\n\t\t\t\t\t\t\t\t\t\t<a class=\"elementor-button elementor-button-link elementor-size-sm\" href=\"https:\/\/delta-fil.com\/fr\/contact\">\n\t\t\t\t\t\t<span class=\"elementor-button-content-wrapper\">\n\t\t\t\t\t\t\t\t\t<span class=\"elementor-button-text\">contactez-nous<\/span>\n\t\t\t\t\t<\/span>\n\t\t\t\t\t<\/a>\n\t\t\t\t\t\t\t\t<\/div>\n\t\t\t\t<\/div>\n\t\t\t\t<\/div>\n\t\t\t\t<\/div>","protected":false},"excerpt":{"rendered":"<p>bouw industrie Deltafil levert naaigarens die volledig geschikt zijn voor het dichtnaaien van zakken voor bedrijven in de chemische industrie. Onze pluisvrije industri\u00eble zaknaaigarens werken probleemloos op professionele zakkennaaimachines van alle gerenommeerde fabrikanten. Uit voorraad leverbaar! Klik hier Deltafil zaknaaigarens voor de bouwindustrie Deltafil is sinds 1895 een gevestigde naam in de textielindustrie en groeide [&hellip;]<\/p>\n","protected":false},"author":4,"featured_media":9642,"parent":0,"menu_order":0,"comment_status":"closed","ping_status":"closed","template":"elementor_header_footer","meta":{"_acf_changed":false,"footnotes":""},"class_list":["post-2276","page","type-page","status-publish","has-post-thumbnail","hentry"],"mb":[],"acf":[],"mfb_rest_fields":["title","gutenberg_elementor_mode"],"_links":{"self":[{"href":"https:\/\/delta-fil.com\/fr\/wp-json\/wp\/v2\/pages\/2276","targetHints":{"allow":["GET"]}}],"collection":[{"href":"https:\/\/delta-fil.com\/fr\/wp-json\/wp\/v2\/pages"}],"about":[{"href":"https:\/\/delta-fil.com\/fr\/wp-json\/wp\/v2\/types\/page"}],"author":[{"embeddable":true,"href":"https:\/\/delta-fil.com\/fr\/wp-json\/wp\/v2\/users\/4"}],"replies":[{"embeddable":true,"href":"https:\/\/delta-fil.com\/fr\/wp-json\/wp\/v2\/comments?post=2276"}],"version-history":[{"count":75,"href":"https:\/\/delta-fil.com\/fr\/wp-json\/wp\/v2\/pages\/2276\/revisions"}],"predecessor-version":[{"id":11082,"href":"https:\/\/delta-fil.com\/fr\/wp-json\/wp\/v2\/pages\/2276\/revisions\/11082"}],"wp:featuredmedia":[{"embeddable":true,"href":"https:\/\/delta-fil.com\/fr\/wp-json\/wp\/v2\/media\/9642"}],"wp:attachment":[{"href":"https:\/\/delta-fil.com\/fr\/wp-json\/wp\/v2\/media?parent=2276"}],"curies":[{"name":"wp","href":"https:\/\/api.w.org\/{rel}","templated":true}]}}