{"id":9066,"date":"2025-02-19T10:41:40","date_gmt":"2025-02-19T10:41:40","guid":{"rendered":"https:\/\/delta-fil.com\/?page_id=9066"},"modified":"2025-03-20T07:42:41","modified_gmt":"2025-03-20T07:42:41","slug":"carta-crespata","status":"publish","type":"page","link":"https:\/\/delta-fil.com\/it\/carta-crespata","title":{"rendered":"Nastro crespo"},"content":{"rendered":"<div data-elementor-type=\"wp-page\" data-elementor-id=\"9066\" class=\"elementor elementor-9066\" data-elementor-post-type=\"page\">\n\t\t\t\t<div class=\"elementor-element elementor-element-93cae3b e-con-full e-flex e-con e-parent\" data-id=\"93cae3b\" data-element_type=\"container\">\n\t\t<div class=\"elementor-element elementor-element-c92601c e-con-full e-flex e-con e-child\" data-id=\"c92601c\" data-element_type=\"container\">\n\t\t\t\t<div class=\"elementor-element elementor-element-2659bd5 animated-fast elementor-invisible elementor-widget elementor-widget-image\" data-id=\"2659bd5\" data-element_type=\"widget\" data-settings=\"{&quot;_animation&quot;:&quot;fadeInDown&quot;}\" data-widget_type=\"image.default\">\n\t\t\t\t\t\t\t\t\t\t\t\t\t\t\t<img loading=\"lazy\" decoding=\"async\" width=\"1025\" height=\"1152\" src=\"https:\/\/delta-fil.com\/wp-content\/uploads\/2023\/03\/DSC04524-2.webp\" class=\"attachment-full size-full wp-image-2548\" alt=\"Nastro crepe da Deltafil\" srcset=\"https:\/\/delta-fil.com\/wp-content\/uploads\/2023\/03\/DSC04524-2.webp 1025w, https:\/\/delta-fil.com\/wp-content\/uploads\/2023\/03\/DSC04524-2-267x300.webp 267w, https:\/\/delta-fil.com\/wp-content\/uploads\/2023\/03\/DSC04524-2-911x1024.webp 911w, https:\/\/delta-fil.com\/wp-content\/uploads\/2023\/03\/DSC04524-2-768x863.webp 768w, https:\/\/delta-fil.com\/wp-content\/uploads\/2023\/03\/DSC04524-2-11x12.webp 11w\" sizes=\"auto, (max-width: 1025px) 100vw, 1025px\" \/>\t\t\t\t\t\t\t\t\t\t\t\t\t\t\t<\/div>\n\t\t\t\t<div class=\"elementor-element elementor-element-ddb7357 elementor-widget elementor-widget-button\" data-id=\"ddb7357\" data-element_type=\"widget\" id=\"knop\" data-widget_type=\"button.default\">\n\t\t\t\t\t\t\t\t\t\t<a class=\"elementor-button elementor-button-link elementor-size-sm\" href=\"#elementor-action%3Aaction%3Dpopup%3Aopen%26settings%3DeyJpZCI6IjkzNzMiLCJ0b2dnbGUiOmZhbHNlfQ%3D%3D\">\n\t\t\t\t\t\t<span class=\"elementor-button-content-wrapper\">\n\t\t\t\t\t\t\t\t\t<span class=\"elementor-button-text\">richiedete informazioni<\/span>\n\t\t\t\t\t<\/span>\n\t\t\t\t\t<\/a>\n\t\t\t\t\t\t\t\t<\/div>\n\t\t\t\t<div class=\"elementor-element elementor-element-1f0aa43 elementor-widget elementor-widget-button\" data-id=\"1f0aa43\" data-element_type=\"widget\" id=\"knop\" data-widget_type=\"button.default\">\n\t\t\t\t\t\t\t\t\t\t<a class=\"elementor-button elementor-button-link elementor-size-sm\" href=\"tel:+31135432624\">\n\t\t\t\t\t\t<span class=\"elementor-button-content-wrapper\">\n\t\t\t\t\t\t\t\t\t<span class=\"elementor-button-text\">oppure chiamate +31 (0)13 543 26 24<\/span>\n\t\t\t\t\t<\/span>\n\t\t\t\t\t<\/a>\n\t\t\t\t\t\t\t\t<\/div>\n\t\t\t\t<\/div>\n\t\t<div class=\"elementor-element elementor-element-d4803b1 e-con-full e-flex e-con e-child\" data-id=\"d4803b1\" data-element_type=\"container\">\n\t\t<div class=\"elementor-element elementor-element-734b240 e-con-full e-flex e-con e-child\" data-id=\"734b240\" data-element_type=\"container\" data-settings=\"{&quot;background_background&quot;:&quot;classic&quot;}\">\n\t\t\t\t<div class=\"elementor-element elementor-element-0d8f067 elementor-widget elementor-widget-heading\" data-id=\"0d8f067\" data-element_type=\"widget\" data-widget_type=\"heading.default\">\n\t\t\t\t\t<h1 class=\"elementor-heading-title elementor-size-default\">Nastro crespo<\/h1>\t\t\t\t<\/div>\n\t\t\t\t<div class=\"elementor-element elementor-element-71274fd elementor-widget-mobile__width-inherit elementor-widget elementor-widget-heading\" data-id=\"71274fd\" data-element_type=\"widget\" data-widget_type=\"heading.default\">\n\t\t\t\t\t<h3 class=\"elementor-heading-title elementor-size-default\">rotolo di carta crespata - 130 g\/m\u00b2<\/h3>\t\t\t\t<\/div>\n\t\t\t\t<div class=\"elementor-element elementor-element-851a3bd elementor-widget elementor-widget-text-editor\" data-id=\"851a3bd\" data-element_type=\"widget\" data-widget_type=\"text-editor.default\">\n\t\t\t\t\t\t\t\t\t<p>Nastro crespato di qualit\u00e0 superiore in vari colori e formati per la sigillatura di sacchetti a tenuta d'aria e di polvere.<\/p>\t\t\t\t\t\t\t\t<\/div>\n\t\t\t\t<\/div>\n\t\t<div class=\"elementor-element elementor-element-0327257 e-con-full e-flex e-con e-child\" data-id=\"0327257\" data-element_type=\"container\" data-settings=\"{&quot;background_background&quot;:&quot;classic&quot;}\">\n\t\t\t\t<div class=\"elementor-element elementor-element-21ad993 elementor-widget elementor-widget-heading\" data-id=\"21ad993\" data-element_type=\"widget\" data-widget_type=\"heading.default\">\n\t\t\t\t\t<h3 class=\"elementor-heading-title elementor-size-default\">Specifiche nastro crespo<\/h3>\t\t\t\t<\/div>\n\t\t\t\t<div class=\"elementor-element elementor-element-6233ec3 elementor-widget-divider--view-line elementor-widget elementor-widget-divider\" data-id=\"6233ec3\" data-element_type=\"widget\" data-widget_type=\"divider.default\">\n\t\t\t\t\t\t\t<div class=\"elementor-divider\">\n\t\t\t<span class=\"elementor-divider-separator\">\n\t\t\t\t\t\t<\/span>\n\t\t<\/div>\n\t\t\t\t\t\t<\/div>\n\t\t\t\t<div class=\"elementor-element elementor-element-f22d219 elementor-widget elementor-widget-text-editor\" data-id=\"f22d219\" data-element_type=\"widget\" data-widget_type=\"text-editor.default\">\n\t\t\t\t\t\t\t\t\t<p>Deltafil fornisce carta crespata di alta qualit\u00e0 dal peso di 130 g\/m\u00b2. Abbiamo disponibilit\u00e0 di diversi colori: bianco, ecru, giallo, rosso, blu, verde, ecc. e diverse misure: 50 mm, 60 mm. I diametri del rotolo variano da 20 cm a 90 cm. Non trovi la tipologia che cerchi? Faccelo sapere. Saremo lieti di cercarla per te.<\/p>\t\t\t\t\t\t\t\t<\/div>\n\t\t\t\t<\/div>\n\t\t\t\t<\/div>\n\t\t\t\t<\/div>\n\t\t<div class=\"elementor-element elementor-element-9c9883f e-con-full e-flex e-con e-parent\" data-id=\"9c9883f\" data-element_type=\"container\">\n\t\t\t\t<div class=\"elementor-element elementor-element-0ad996d elementor-widget elementor-widget-heading\" data-id=\"0ad996d\" data-element_type=\"widget\" data-widget_type=\"heading.default\">\n\t\t\t\t\t<h2 class=\"elementor-heading-title elementor-size-default\">Nastro crespato e carta crespata di alta qualit\u00e0 da Deltafil<\/h2>\t\t\t\t<\/div>\n\t\t\t\t<\/div>\n\t\t<div class=\"elementor-element elementor-element-7c35971 e-con-full e-flex e-con e-parent\" data-id=\"7c35971\" data-element_type=\"container\">\n\t\t<div class=\"elementor-element elementor-element-a09f7da e-con-full e-flex e-con e-child\" data-id=\"a09f7da\" data-element_type=\"container\">\n\t\t\t\t<div class=\"elementor-element elementor-element-bcd60b0 elementor-widget elementor-widget-text-editor\" data-id=\"bcd60b0\" data-element_type=\"widget\" data-widget_type=\"text-editor.default\">\n\t\t\t\t\t\t\t\t\t<p>Deltafil offre un'ampia gamma di nastri e carte crespate di alta qualit\u00e0, perfetti per sigillare i sacchetti a tenuta d'aria e di polvere. Sono disponibili in vari colori e in diverse larghezze. Questa versatilit\u00e0 vi permette di scegliere il nastro crespato che si adatta perfettamente alle vostre esigenze di imballaggio. La carta crespa di Deltafil soddisfa gli standard pi\u00f9 elevati del settore.<\/p>\t\t\t\t\t\t\t\t<\/div>\n\t\t\t\t<\/div>\n\t\t<div class=\"elementor-element elementor-element-79086f4 e-con-full e-flex e-con e-child\" data-id=\"79086f4\" data-element_type=\"container\">\n\t\t\t\t<div class=\"elementor-element elementor-element-efe74f6 elementor-widget elementor-widget-text-editor\" data-id=\"efe74f6\" data-element_type=\"widget\" data-widget_type=\"text-editor.default\">\n\t\t\t\t\t\t\t\t\t<p>Il nostro team dedicato garantisce che i prodotti di nastro crespo e carta crespa siano fabbricati e confezionati con la massima cura. Comprendiamo l'importanza dell'affidabilit\u00e0 per le vostre applicazioni e ci impegniamo a fornire prodotti di alta qualit\u00e0 che soddisfino le vostre aspettative. Se la qualit\u00e0 desiderata non \u00e8 disponibile come standard, siamo pronti a trovare soluzioni personalizzate per soddisfare le vostre specifiche uniche.<\/p>\t\t\t\t\t\t\t\t<\/div>\n\t\t\t\t<\/div>\n\t\t\t\t<\/div>\n\t\t<div class=\"elementor-element elementor-element-194d6e4 e-con-full e-flex e-con e-parent\" data-id=\"194d6e4\" data-element_type=\"container\">\n\t\t<div class=\"elementor-element elementor-element-55a84c5 e-con-full e-flex e-con e-child\" data-id=\"55a84c5\" data-element_type=\"container\" data-settings=\"{&quot;background_background&quot;:&quot;classic&quot;}\">\n\t\t\t\t<div class=\"elementor-element elementor-element-205c58d animated-fast elementor-invisible elementor-widget elementor-widget-image\" data-id=\"205c58d\" data-element_type=\"widget\" data-settings=\"{&quot;_animation&quot;:&quot;fadeInDown&quot;}\" data-widget_type=\"image.default\">\n\t\t\t\t\t\t\t\t\t\t\t\t\t\t\t<img loading=\"lazy\" decoding=\"async\" width=\"600\" height=\"800\" src=\"https:\/\/delta-fil.com\/wp-content\/uploads\/2023\/03\/Ook-interessant.002.png\" class=\"attachment-full size-full wp-image-2408\" alt=\"crespo\" srcset=\"https:\/\/delta-fil.com\/wp-content\/uploads\/2023\/03\/Ook-interessant.002.png 600w, https:\/\/delta-fil.com\/wp-content\/uploads\/2023\/03\/Ook-interessant.002-225x300.png 225w, https:\/\/delta-fil.com\/wp-content\/uploads\/2023\/03\/Ook-interessant.002-9x12.png 9w\" sizes=\"auto, (max-width: 600px) 100vw, 600px\" \/>\t\t\t\t\t\t\t\t\t\t\t\t\t\t\t<\/div>\n\t\t\t\t<\/div>\n\t\t<div class=\"elementor-element elementor-element-911ef5c e-con-full e-flex e-con e-child\" data-id=\"911ef5c\" data-element_type=\"container\" data-settings=\"{&quot;background_background&quot;:&quot;classic&quot;}\">\n\t\t\t\t<div class=\"elementor-element elementor-element-1f7dc95 elementor-widget-divider--view-line elementor-widget elementor-widget-divider\" data-id=\"1f7dc95\" data-element_type=\"widget\" data-widget_type=\"divider.default\">\n\t\t\t\t\t\t\t<div class=\"elementor-divider\">\n\t\t\t<span class=\"elementor-divider-separator\">\n\t\t\t\t\t\t<\/span>\n\t\t<\/div>\n\t\t\t\t\t\t<\/div>\n\t\t\t\t<div class=\"elementor-element elementor-element-0f39cd0 elementor-widget elementor-widget-heading\" data-id=\"0f39cd0\" data-element_type=\"widget\" data-widget_type=\"heading.default\">\n\t\t\t\t\t<h2 class=\"elementor-heading-title elementor-size-default\">durata e affidabilit\u00e0<\/h2>\t\t\t\t<\/div>\n\t\t\t\t<div class=\"elementor-element elementor-element-2bc9e07 elementor-widget elementor-widget-text-editor\" data-id=\"2bc9e07\" data-element_type=\"widget\" data-widget_type=\"text-editor.default\">\n\t\t\t\t\t\t\t\t\t<p>La nostra carta crespa offre non solo un'eccellente funzionalit\u00e0, ma anche durata e affidabilit\u00e0. Con una grammatura costante di 130 g\/m\u00b2, il nostro materiale \u00e8 adatto a varie applicazioni in diversi settori. Deltafil si impegna a fornire prodotti di alta qualit\u00e0 che soddisfino le vostre aspettative.<\/p>\t\t\t\t\t\t\t\t<\/div>\n\t\t\t\t<\/div>\n\t\t\t\t<\/div>\n\t\t<div class=\"elementor-element elementor-element-b688896 e-con-full animated-fast e-flex elementor-invisible e-con e-parent\" data-id=\"b688896\" data-element_type=\"container\" data-settings=\"{&quot;animation&quot;:&quot;fadeInUp&quot;}\">\n\t\t<div class=\"elementor-element elementor-element-0a906cc e-con-full e-flex e-con e-child\" data-id=\"0a906cc\" data-element_type=\"container\">\n\t\t\t\t<div class=\"elementor-element elementor-element-bbf97a0 elementor-widget-divider--view-line elementor-widget elementor-widget-divider\" data-id=\"bbf97a0\" data-element_type=\"widget\" data-widget_type=\"divider.default\">\n\t\t\t\t\t\t\t<div class=\"elementor-divider\">\n\t\t\t<span class=\"elementor-divider-separator\">\n\t\t\t\t\t\t<\/span>\n\t\t<\/div>\n\t\t\t\t\t\t<\/div>\n\t\t\t\t<\/div>\n\t\t<div class=\"elementor-element elementor-element-f55e0a8 e-con-full e-flex e-con e-child\" data-id=\"f55e0a8\" data-element_type=\"container\">\n\t\t\t\t<div class=\"elementor-element elementor-element-82ad699 elementor-widget elementor-widget-text-editor\" data-id=\"82ad699\" data-element_type=\"widget\" data-widget_type=\"text-editor.default\">\n\t\t\t\t\t\t\t\t\t<p>anche interessarvi<\/p>\t\t\t\t\t\t\t\t<\/div>\n\t\t\t\t<\/div>\n\t\t<div class=\"elementor-element elementor-element-f1d13d0 e-con-full e-flex e-con e-child\" data-id=\"f1d13d0\" data-element_type=\"container\">\n\t\t\t\t<div class=\"elementor-element elementor-element-30c1548 elementor-widget-divider--view-line elementor-widget elementor-widget-divider\" data-id=\"30c1548\" data-element_type=\"widget\" data-widget_type=\"divider.default\">\n\t\t\t\t\t\t\t<div class=\"elementor-divider\">\n\t\t\t<span class=\"elementor-divider-separator\">\n\t\t\t\t\t\t<\/span>\n\t\t<\/div>\n\t\t\t\t\t\t<\/div>\n\t\t\t\t<\/div>\n\t\t\t\t<\/div>\n\t\t<div class=\"elementor-element elementor-element-f3f5f60 e-con-full e-flex e-con e-parent\" data-id=\"f3f5f60\" data-element_type=\"container\" data-settings=\"{&quot;background_background&quot;:&quot;classic&quot;}\">\n\t\t<div class=\"elementor-element elementor-element-627efea e-con-full e-flex e-con e-child\" data-id=\"627efea\" data-element_type=\"container\">\n\t\t\t\t<div class=\"elementor-element elementor-element-2f4f16b elementor-invisible elementor-widget elementor-widget-image\" data-id=\"2f4f16b\" data-element_type=\"widget\" data-settings=\"{&quot;_animation&quot;:&quot;fadeInDown&quot;}\" data-widget_type=\"image.default\">\n\t\t\t\t\t\t\t\t\t\t\t\t\t\t\t<img loading=\"lazy\" decoding=\"async\" width=\"600\" height=\"800\" src=\"https:\/\/delta-fil.com\/wp-content\/uploads\/2023\/03\/colors.001.png\" class=\"attachment-full size-full wp-image-2565\" alt=\"Filati per cucitura tascabile industriale da Deltafil\" srcset=\"https:\/\/delta-fil.com\/wp-content\/uploads\/2023\/03\/colors.001.png 600w, https:\/\/delta-fil.com\/wp-content\/uploads\/2023\/03\/colors.001-225x300.png 225w, https:\/\/delta-fil.com\/wp-content\/uploads\/2023\/03\/colors.001-9x12.png 9w\" sizes=\"auto, (max-width: 600px) 100vw, 600px\" \/>\t\t\t\t\t\t\t\t\t\t\t\t\t\t\t<\/div>\n\t\t\t\t<div class=\"elementor-element elementor-element-606e5b4 elementor-widget elementor-widget-heading\" data-id=\"606e5b4\" data-element_type=\"widget\" data-widget_type=\"heading.default\">\n\t\t\t\t\t<h3 class=\"elementor-heading-title elementor-size-default\">Fili per cucire<\/h3>\t\t\t\t<\/div>\n\t\t\t\t<div class=\"elementor-element elementor-element-458fd61 elementor-widget elementor-widget-text-editor\" data-id=\"458fd61\" data-element_type=\"widget\" data-widget_type=\"text-editor.default\">\n\t\t\t\t\t\t\t\t\t<p>Fili per cucire per macchine chiudi sacco di qualit\u00e0 superiore in poliestere, materiali biodegradabili e polipropilene.<\/p>\t\t\t\t\t\t\t\t<\/div>\n\t\t\t\t<div class=\"elementor-element elementor-element-53c918e elementor-align-center elementor-widget elementor-widget-button\" data-id=\"53c918e\" data-element_type=\"widget\" id=\"knop\" data-widget_type=\"button.default\">\n\t\t\t\t\t\t\t\t\t\t<a class=\"elementor-button elementor-button-link elementor-size-sm\" href=\"https:\/\/delta-fil.com\/it\/prodotti\">\n\t\t\t\t\t\t<span class=\"elementor-button-content-wrapper\">\n\t\t\t\t\t\t\t\t\t<span class=\"elementor-button-text\">Fili per cucire<\/span>\n\t\t\t\t\t<\/span>\n\t\t\t\t\t<\/a>\n\t\t\t\t\t\t\t\t<\/div>\n\t\t\t\t<\/div>\n\t\t<div class=\"elementor-element elementor-element-3029ae4 e-con-full e-flex e-con e-child\" data-id=\"3029ae4\" data-element_type=\"container\">\n\t\t\t\t<div class=\"elementor-element elementor-element-dde8897 elementor-invisible elementor-widget elementor-widget-image\" data-id=\"dde8897\" data-element_type=\"widget\" data-settings=\"{&quot;_animation&quot;:&quot;fadeInDown&quot;,&quot;_animation_delay&quot;:125}\" data-widget_type=\"image.default\">\n\t\t\t\t\t\t\t\t\t\t\t\t\t\t\t<img loading=\"lazy\" decoding=\"async\" width=\"600\" height=\"800\" src=\"https:\/\/delta-fil.com\/wp-content\/uploads\/2023\/03\/vulkoordint.001.png\" class=\"attachment-full size-full wp-image-2533\" alt=\"cordoncino di riempimento\" srcset=\"https:\/\/delta-fil.com\/wp-content\/uploads\/2023\/03\/vulkoordint.001.png 600w, https:\/\/delta-fil.com\/wp-content\/uploads\/2023\/03\/vulkoordint.001-225x300.png 225w, https:\/\/delta-fil.com\/wp-content\/uploads\/2023\/03\/vulkoordint.001-9x12.png 9w\" sizes=\"auto, (max-width: 600px) 100vw, 600px\" \/>\t\t\t\t\t\t\t\t\t\t\t\t\t\t\t<\/div>\n\t\t\t\t<div class=\"elementor-element elementor-element-bb471ca elementor-widget elementor-widget-heading\" data-id=\"bb471ca\" data-element_type=\"widget\" data-widget_type=\"heading.default\">\n\t\t\t\t\t<h3 class=\"elementor-heading-title elementor-size-default\">cordoncino di riempimento<\/h3>\t\t\t\t<\/div>\n\t\t\t\t<div class=\"elementor-element elementor-element-4ed1ac5 elementor-widget elementor-widget-text-editor\" data-id=\"4ed1ac5\" data-element_type=\"widget\" data-widget_type=\"text-editor.default\">\n\t\t\t\t\t\t\t\t\t<p>Stoppino di alta qualit\u00e0 per sigillare le borse contro la polvere.<\/p>\t\t\t\t\t\t\t\t<\/div>\n\t\t\t\t<div class=\"elementor-element elementor-element-5f4e715 elementor-align-center elementor-widget elementor-widget-button\" data-id=\"5f4e715\" data-element_type=\"widget\" id=\"knop\" data-widget_type=\"button.default\">\n\t\t\t\t\t\t\t\t\t\t<a class=\"elementor-button elementor-button-link elementor-size-sm\" href=\"https:\/\/delta-fil.com\/it\/filo-stoppino\/20-8-cotone-4-5-kg-cavo-di-riempimento-2\">\n\t\t\t\t\t\t<span class=\"elementor-button-content-wrapper\">\n\t\t\t\t\t\t\t\t\t<span class=\"elementor-button-text\">cordoncino di riempimento<\/span>\n\t\t\t\t\t<\/span>\n\t\t\t\t\t<\/a>\n\t\t\t\t\t\t\t\t<\/div>\n\t\t\t\t<\/div>\n\t\t<div class=\"elementor-element elementor-element-80c59d2 e-con-full e-flex e-con e-child\" data-id=\"80c59d2\" data-element_type=\"container\">\n\t\t\t\t<div class=\"elementor-element elementor-element-5ddb670 elementor-invisible elementor-widget elementor-widget-image\" data-id=\"5ddb670\" data-element_type=\"widget\" data-settings=\"{&quot;_animation&quot;:&quot;fadeInDown&quot;,&quot;_animation_delay&quot;:250}\" data-widget_type=\"image.default\">\n\t\t\t\t\t\t\t\t\t\t\t\t\t\t\t<img loading=\"lazy\" decoding=\"async\" width=\"600\" height=\"800\" src=\"https:\/\/delta-fil.com\/wp-content\/uploads\/2023\/03\/Ook-interessant.003.png\" class=\"attachment-full size-full wp-image-2409\" alt=\"Macchine chiudi sacco\" srcset=\"https:\/\/delta-fil.com\/wp-content\/uploads\/2023\/03\/Ook-interessant.003.png 600w, https:\/\/delta-fil.com\/wp-content\/uploads\/2023\/03\/Ook-interessant.003-225x300.png 225w, https:\/\/delta-fil.com\/wp-content\/uploads\/2023\/03\/Ook-interessant.003-9x12.png 9w\" sizes=\"auto, (max-width: 600px) 100vw, 600px\" \/>\t\t\t\t\t\t\t\t\t\t\t\t\t\t\t<\/div>\n\t\t\t\t<div class=\"elementor-element elementor-element-03b1bbb elementor-widget elementor-widget-heading\" data-id=\"03b1bbb\" data-element_type=\"widget\" data-widget_type=\"heading.default\">\n\t\t\t\t\t<h3 class=\"elementor-heading-title elementor-size-default\">macchina da cucire<\/h3>\t\t\t\t<\/div>\n\t\t\t\t<div class=\"elementor-element elementor-element-645c6c7 elementor-widget elementor-widget-text-editor\" data-id=\"645c6c7\" data-element_type=\"widget\" data-widget_type=\"text-editor.default\">\n\t\t\t\t\t\t\t\t\t<p>Preziosi consigli sull'acquisto e la manutenzione delle macchine per cucire industriali.<\/p>\t\t\t\t\t\t\t\t<\/div>\n\t\t\t\t<div class=\"elementor-element elementor-element-14b550e elementor-align-center elementor-widget elementor-widget-button\" data-id=\"14b550e\" data-element_type=\"widget\" id=\"knop\" data-widget_type=\"button.default\">\n\t\t\t\t\t\t\t\t\t\t<a class=\"elementor-button elementor-button-link elementor-size-sm\" href=\"https:\/\/delta-fil.com\/it\/macchinas-da-cucire-sacchi\">\n\t\t\t\t\t\t<span class=\"elementor-button-content-wrapper\">\n\t\t\t\t\t\t\t\t\t<span class=\"elementor-button-text\">macchina da cucire<\/span>\n\t\t\t\t\t<\/span>\n\t\t\t\t\t<\/a>\n\t\t\t\t\t\t\t\t<\/div>\n\t\t\t\t<\/div>\n\t\t\t\t<\/div>\n\t\t<div class=\"elementor-element elementor-element-6287211 e-con-full e-flex e-con e-parent\" data-id=\"6287211\" data-element_type=\"container\" data-settings=\"{&quot;background_background&quot;:&quot;classic&quot;}\">\n\t\t<div class=\"elementor-element elementor-element-154c4f1 e-con-full e-flex e-con e-child\" data-id=\"154c4f1\" data-element_type=\"container\">\n\t\t\t\t<div class=\"elementor-element elementor-element-70f6800 animated-fast elementor-invisible elementor-widget elementor-widget-image\" data-id=\"70f6800\" data-element_type=\"widget\" data-settings=\"{&quot;_animation&quot;:&quot;fadeInDown&quot;}\" data-widget_type=\"image.default\">\n\t\t\t\t\t\t\t\t\t\t\t\t\t\t\t<img loading=\"lazy\" decoding=\"async\" width=\"1500\" height=\"1500\" src=\"https:\/\/delta-fil.com\/wp-content\/uploads\/2023\/03\/Teamleden.005-min.png\" class=\"attachment-full size-full wp-image-2154\" alt=\"\" srcset=\"https:\/\/delta-fil.com\/wp-content\/uploads\/2023\/03\/Teamleden.005-min.png 1500w, https:\/\/delta-fil.com\/wp-content\/uploads\/2023\/03\/Teamleden.005-min-300x300.png 300w, https:\/\/delta-fil.com\/wp-content\/uploads\/2023\/03\/Teamleden.005-min-1024x1024.png 1024w, https:\/\/delta-fil.com\/wp-content\/uploads\/2023\/03\/Teamleden.005-min-150x150.png 150w, https:\/\/delta-fil.com\/wp-content\/uploads\/2023\/03\/Teamleden.005-min-768x768.png 768w, https:\/\/delta-fil.com\/wp-content\/uploads\/2023\/03\/Teamleden.005-min-12x12.png 12w\" sizes=\"auto, (max-width: 1500px) 100vw, 1500px\" \/>\t\t\t\t\t\t\t\t\t\t\t\t\t\t\t<\/div>\n\t\t\t\t<\/div>\n\t\t<div class=\"elementor-element elementor-element-4afdd25 e-con-full e-flex e-con e-child\" data-id=\"4afdd25\" data-element_type=\"container\">\n\t\t\t\t<div class=\"elementor-element elementor-element-757cde9 elementor-widget-divider--view-line elementor-widget elementor-widget-divider\" data-id=\"757cde9\" data-element_type=\"widget\" data-widget_type=\"divider.default\">\n\t\t\t\t\t\t\t<div class=\"elementor-divider\">\n\t\t\t<span class=\"elementor-divider-separator\">\n\t\t\t\t\t\t<\/span>\n\t\t<\/div>\n\t\t\t\t\t\t<\/div>\n\t\t\t\t<div class=\"elementor-element elementor-element-c0b831f elementor-widget elementor-widget-heading\" data-id=\"c0b831f\" data-element_type=\"widget\" data-widget_type=\"heading.default\">\n\t\t\t\t\t<h2 class=\"elementor-heading-title elementor-size-default\">Come possiamo aiutarvi?<\/h2>\t\t\t\t<\/div>\n\t\t\t\t<div class=\"elementor-element elementor-element-b302ec0 elementor-widget elementor-widget-text-editor\" data-id=\"b302ec0\" data-element_type=\"widget\" data-widget_type=\"text-editor.default\">\n\t\t\t\t\t\t\t\t\t<p>Avete domande sui nostri fili per cucire? Sono adatti per le vostre macchine per cucire? Siete curiosi di sapere quali sono i nostri tempi di consegna? Saremo lieti di parlare con voi e di rispondere a tutte le vostre domande.<\/p>\t\t\t\t\t\t\t\t<\/div>\n\t\t\t\t<div class=\"elementor-element elementor-element-559dc24 elementor-tablet-align-center elementor-align-left elementor-widget elementor-widget-button\" data-id=\"559dc24\" data-element_type=\"widget\" id=\"knop\" data-widget_type=\"button.default\">\n\t\t\t\t\t\t\t\t\t\t<a class=\"elementor-button elementor-button-link elementor-size-sm\" href=\"https:\/\/delta-fil.com\/it\/contatti\">\n\t\t\t\t\t\t<span class=\"elementor-button-content-wrapper\">\n\t\t\t\t\t\t\t\t\t<span class=\"elementor-button-text\">contattaci<\/span>\n\t\t\t\t\t<\/span>\n\t\t\t\t\t<\/a>\n\t\t\t\t\t\t\t\t<\/div>\n\t\t\t\t<\/div>\n\t\t\t\t<\/div>\n\t\t\t\t<\/div>","protected":false},"excerpt":{"rendered":"<p>richiedi informazioni o chiama il numero +31 (0)13 543 26 24 Nastro di carta crespa nastro di carta crespa - 130 g\/m\u00b2 Nastro di carta crespa di qualit\u00e0 superiore in vari colori e formati per sigillare sacchetti a tenuta d'aria e di polvere. Specifiche nastro crespo Deltafil fornisce carta crespa di alta qualit\u00e0 da 130 g\/m\u00b2. Forniamo vari colori: bianco, ecru, giallo, rosso, blu, verde, ecc. in vari [...]<\/p>","protected":false},"author":1,"featured_media":2548,"parent":0,"menu_order":0,"comment_status":"closed","ping_status":"closed","template":"elementor_header_footer","meta":{"_acf_changed":false,"footnotes":""},"class_list":["post-9066","page","type-page","status-publish","has-post-thumbnail","hentry"],"acf":[],"_links":{"self":[{"href":"https:\/\/delta-fil.com\/it\/wp-json\/wp\/v2\/pages\/9066","targetHints":{"allow":["GET"]}}],"collection":[{"href":"https:\/\/delta-fil.com\/it\/wp-json\/wp\/v2\/pages"}],"about":[{"href":"https:\/\/delta-fil.com\/it\/wp-json\/wp\/v2\/types\/page"}],"author":[{"embeddable":true,"href":"https:\/\/delta-fil.com\/it\/wp-json\/wp\/v2\/users\/1"}],"replies":[{"embeddable":true,"href":"https:\/\/delta-fil.com\/it\/wp-json\/wp\/v2\/comments?post=9066"}],"version-history":[{"count":16,"href":"https:\/\/delta-fil.com\/it\/wp-json\/wp\/v2\/pages\/9066\/revisions"}],"predecessor-version":[{"id":11125,"href":"https:\/\/delta-fil.com\/it\/wp-json\/wp\/v2\/pages\/9066\/revisions\/11125"}],"wp:featuredmedia":[{"embeddable":true,"href":"https:\/\/delta-fil.com\/it\/wp-json\/wp\/v2\/media\/2548"}],"wp:attachment":[{"href":"https:\/\/delta-fil.com\/it\/wp-json\/wp\/v2\/media?parent=9066"}],"curies":[{"name":"wp","href":"https:\/\/api.w.org\/{rel}","templated":true}]}}